{"id":86968,"date":"2023-06-14T14:51:07","date_gmt":"2023-06-14T12:51:07","guid":{"rendered":"https:\/\/univet.hu\/hu\/egyetem\/palyazati-projektek\/horizon\/wheatbiome\/"},"modified":"2023-11-02T12:06:17","modified_gmt":"2023-11-02T11:06:17","slug":"wheatbiome","status":"publish","type":"page","link":"https:\/\/univet.hu\/hu\/egyetem\/palyazati-projektek\/horizon\/wheatbiome\/","title":{"rendered":"WHEATBIOME"},"content":{"rendered":"<p><strong><img loading=\"lazy\" decoding=\"async\" class=\"wp-image-86970 alignright\" src=\"https:\/\/univet.hu\/wp-content\/uploads\/2023\/06\/wheatbiome.png\" alt=\"\" width=\"416\" height=\"88\" \/><\/strong><\/p> <p>&nbsp;<\/p> <p>&nbsp;<\/p> <p>&nbsp;<\/p> <p><strong>Projekt c\u00edme<\/strong>: Unravelling the potential of the wheat microbiome for the development of healthier, more sustainable and resilient wheat-derived food &amp; feed products \/ WHEATBIOME\/<\/p> <p><strong>Projekt azonos\u00edt\u00f3sz\u00e1ma: <\/strong>101084344<\/p> <p><strong>P\u00e1ly\u00e1zati felh\u00edv\u00e1s k\u00f3dja: <\/strong>HORIZON-CL6-2022-FARM2FORK-01-09<\/p> <p><strong>Konzorcium tagjai:<\/strong><\/p> <ol> <li><strong>\u00c1llatorvostudom\u00e1nyi Egyetem<\/strong>, Magyarorsz\u00e1g<\/li> <li>Konzorciumvezet\u0151: Requimte Rede De Quimica e De Tecnologia Associacao (REQUIMTE), Portug\u00e1lia<\/li> <li>Contactica Sl, Spanyolorsz\u00e1g<\/li> <li>Editorial Agricola Espanola Sa, Spanyolorsz\u00e1g<\/li> <li>Instytut Biotechnologii Przemyslu Rolno-Spozywczego Im Prof Waclawa Dabrowskiego \u2013 Panstwowy Instytut Badawczy, Lengyelorsz\u00e1g<\/li> <li>Isanatur Spain Sl, Spanyolorsz\u00e1g<\/li> <li>Szkola Glowna Gospodarstwa Wiejskiego, Lengyelorsz\u00e1g<\/li> <li>UAB-Art21, Litv\u00e1nia<\/li> <li>Universidad De Vigo, Spanyolorsz\u00e1g<\/li> <li>Universidade Do Porto, Portug\u00e1lia<\/li> <li>Universidade Nova De Lisboa, Portug\u00e1lia<\/li> <li>Universitat De Valencia, Spanyolorsz\u00e1g<\/li> <li>Wageningen University &amp; Research, Hollandia<\/li> <\/ol> <p><strong>Projekt teljes k\u00f6lts\u00e9gvet\u00e9se: <\/strong>5 060 547,91 \u20ac<\/p> <p><strong>\u00c1llatorvostudom\u00e1nyi Egyetem \u00e1ltal elnyert t\u00e1mogat\u00e1si \u00f6sszeg: <\/strong>210 500 \u20ac<\/p> <p><strong>T\u00e1mogat\u00e1si intenzit\u00e1s : <\/strong>100%<\/p> <p><strong>Megval\u00f3s\u00edt\u00e1s id\u0151szaka: <\/strong><\/p> <ol start=\"2023\"> <li>janu\u00e1r 1. \u2013 2026. december 31. (48 h\u00f3nap)<\/li> <\/ol> <p>&nbsp;<\/p> <p><strong>Linkedin oldal:<\/strong> <a href=\"https:\/\/www.linkedin.com\/company\/wheatbiome-project\/\">https:\/\/www.linkedin.com\/company\/wheatbiome-project\/<\/a><\/p> <p><strong>Twitter oldal<\/strong>: <a href=\"https:\/\/twitter.com\/wheatbiome\">https:\/\/twitter.com\/wheatbiome<\/a><\/p> <p><strong>Cordis adatlap:<\/strong> <a href=\"https:\/\/cordis.europa.eu\/project\/id\/101084344\">https:\/\/cordis.europa.eu\/project\/id\/101084344<\/a><\/p> <p>&nbsp;<\/p> <p><b>Projekt tartalma<\/b>:<\/p> <p>A WHEATBIOME projekt c\u00e9lja a b\u00faza-mikrobiom \u00e9lelmiszer-feldolgoz\u00e1sban bet\u00f6lt\u00f6tt szerep\u00e9nek vizsg\u00e1lata fenntarthat\u00f3s\u00e1gi f\u00f3kusszal. Ennek el\u0151seg\u00edt\u00e9s\u00e9re a projekt r\u00e9sztvev\u0151i esettanulm\u00e1nyokat k\u00e9sz\u00edtenek \u00e9s laborat\u00f3riumi k\u00eds\u00e9rletekkel vizsg\u00e1lj\u00e1k a talaj-n\u00f6v\u00e9ny mikrobiom egy\u00fcttes hat\u00e1s\u00e1t a b\u00faza min\u0151s\u00e9g\u00e9re, illetve vizsg\u00e1latokat v\u00e9geznek a b\u00faza \u00e9s az emberi mikrobiom k\u00f6z\u00f6tt fell\u00e9p\u0151 k\u00f6lcs\u00f6nhat\u00e1sok vizsg\u00e1lat\u00e1ra. A projekt eredm\u00e9nyek\u00e9nt \u00faj \u00e9lelmiszerek \u00e9s takarm\u00e1nyok ker\u00fclnek kifejleszt\u00e9sre. L\u00e9trej\u00f6n egy \u00faj d\u00f6nt\u00e9st\u00e1mogat\u00f3 rendszer, valamint az eredm\u00e9nyek alapj\u00e1n az \u00e9lelmiszerpazarl\u00e1s cs\u00f6kkent\u00e9s\u00e9re alkalmas \u00faj lehet\u0151s\u00e9geket is igyekszik felt\u00e1rni a projekt.<\/p> <p>&nbsp;<\/p> <p><img loading=\"lazy\" decoding=\"async\" class=\"size-full wp-image-96457 aligncenter\" src=\"https:\/\/univet.hu\/wp-content\/uploads\/2023\/11\/wheatbiome-project.png\" alt=\"\" width=\"413\" height=\"609\" srcset=\"https:\/\/univet.hu\/wp-content\/uploads\/2023\/11\/wheatbiome-project.png 413w, https:\/\/univet.hu\/wp-content\/uploads\/2023\/11\/wheatbiome-project-217x320.png 217w\" sizes=\"auto, (max-width: 413px) 100vw, 413px\" \/><\/p> <p><img loading=\"lazy\" decoding=\"async\" class=\"wp-image-87834 alignright\" src=\"https:\/\/univet.hu\/wp-content\/uploads\/2023\/06\/HU-Az-Eur\u00f3pai-Uni\u00f3-t\u00e1mogat\u00e1s\u00e1val_POS-320x67.jpg\" alt=\"\" width=\"277\" height=\"58\" srcset=\"https:\/\/univet.hu\/wp-content\/uploads\/2023\/06\/HU-Az-Eur\u00f3pai-Uni\u00f3-t\u00e1mogat\u00e1s\u00e1val_POS-320x67.jpg 320w, https:\/\/univet.hu\/wp-content\/uploads\/2023\/06\/HU-Az-Eur\u00f3pai-Uni\u00f3-t\u00e1mogat\u00e1s\u00e1val_POS-768x161.jpg 768w, https:\/\/univet.hu\/wp-content\/uploads\/2023\/06\/HU-Az-Eur\u00f3pai-Uni\u00f3-t\u00e1mogat\u00e1s\u00e1val_POS-960x201.jpg 960w\" sizes=\"auto, (max-width: 277px) 100vw, 277px\" \/><\/p>","protected":false},"excerpt":{"rendered":"<p>&nbsp; &nbsp; &nbsp; Projekt c\u00edme: Unravelling the potential of the wheat microbiome for the development of healthier, more sustainable and resilient wheat-derived food &amp; feed products \/ WHEATBIOME\/ Projekt azonos\u00edt\u00f3sz\u00e1ma: 101084344 P\u00e1ly\u00e1zati felh\u00edv\u00e1s k\u00f3dja: HORIZON-CL6-2022-FARM2FORK-01-09 Konzorcium tagjai: \u00c1llatorvostudom\u00e1nyi Egyetem, Magyarorsz\u00e1g Konzorciumvezet\u0151: Requimte Rede De Quimica e De Tecnologia Associacao (REQUIMTE), Portug\u00e1lia Contactica Sl, Spanyolorsz\u00e1g Editorial<\/p>\n","protected":false},"author":4688,"featured_media":0,"parent":86945,"menu_order":0,"comment_status":"open","ping_status":"open","template":"","meta":{"_acf_changed":false,"footnotes":""},"categories":[],"tags":[],"class_list":["post-86968","page","type-page","status-publish","hentry"],"acf":[],"_links":{"self":[{"href":"https:\/\/univet.hu\/hu\/wp-json\/wp\/v2\/pages\/86968","targetHints":{"allow":["GET"]}}],"collection":[{"href":"https:\/\/univet.hu\/hu\/wp-json\/wp\/v2\/pages"}],"about":[{"href":"https:\/\/univet.hu\/hu\/wp-json\/wp\/v2\/types\/page"}],"author":[{"embeddable":true,"href":"https:\/\/univet.hu\/hu\/wp-json\/wp\/v2\/users\/4688"}],"replies":[{"embeddable":true,"href":"https:\/\/univet.hu\/hu\/wp-json\/wp\/v2\/comments?post=86968"}],"version-history":[{"count":0,"href":"https:\/\/univet.hu\/hu\/wp-json\/wp\/v2\/pages\/86968\/revisions"}],"up":[{"embeddable":true,"href":"https:\/\/univet.hu\/hu\/wp-json\/wp\/v2\/pages\/86945"}],"wp:attachment":[{"href":"https:\/\/univet.hu\/hu\/wp-json\/wp\/v2\/media?parent=86968"}],"wp:term":[{"taxonomy":"category","embeddable":true,"href":"https:\/\/univet.hu\/hu\/wp-json\/wp\/v2\/categories?post=86968"},{"taxonomy":"post_tag","embeddable":true,"href":"https:\/\/univet.hu\/hu\/wp-json\/wp\/v2\/tags?post=86968"}],"curies":[{"name":"wp","href":"https:\/\/api.w.org\/{rel}","templated":true}]}}