{"id":86995,"date":"2023-06-15T10:13:57","date_gmt":"2023-06-15T08:13:57","guid":{"rendered":"https:\/\/univet.hu\/hu\/egyetem\/palyazati-projektek\/horizon\/netpoulsafe\/"},"modified":"2023-06-29T10:10:59","modified_gmt":"2023-06-29T08:10:59","slug":"netpoulsafe","status":"publish","type":"page","link":"https:\/\/univet.hu\/hu\/egyetem\/palyazati-projektek\/horizon\/netpoulsafe\/","title":{"rendered":"NETPOULSAFE"},"content":{"rendered":"<p><strong>Projekt c\u00edme:<\/strong> Networking European poultry actors for enhancing the compliance of biosecurity measures for a sustainable production<\/p> <p><strong>Projekt azonos\u00edt\u00f3sz\u00e1ma:<\/strong> 101000728\u00a0<img loading=\"lazy\" decoding=\"async\" class=\"size-full wp-image-86996 alignright\" src=\"https:\/\/univet.hu\/wp-content\/uploads\/2023\/06\/netpoul.png\" alt=\"\" width=\"297\" height=\"300\" \/><\/p> <p><strong>P\u00e1ly\u00e1zati felh\u00edv\u00e1s k\u00f3dja:<\/strong> H2020-RUR-2018-2020<\/p> <p><strong>Projekt teljes k\u00f6lts\u00e9gvet\u00e9se:<\/strong>\u00a01\u00a0993 348.75\u00a0\u20ac<\/p> <p><span style=\"font-style: inherit;\"><strong>\u00c1llatorvostudom\u00e1nyi Egyetem \u00e1ltal elnyert t\u00e1mogat\u00e1si \u00f6sszeg:<\/strong>\u00a0<\/span>23 250 \u20ac<\/p> <p><strong>Megval\u00f3s\u00edt\u00e1s id\u0151szaka:<\/strong><\/p> <ol start=\"2020\"> <li>okt\u00f3ber 1. \u2013 2023. szeptember 30. (36 h\u00f3nap)<\/li> <\/ol> <p>&nbsp;<\/p> <p>A\u00a0<a href=\"https:\/\/www.netpoulsafe.eu\/\">NetPoulSafe<\/a>\u00a0c\u00e9lja, hogy t\u00e1mogassa az \u00e9rdekelt feleket a biol\u00f3giai biztons\u00e1gi gyakorlatok hat\u00e9kony megval<span data-contrast=\"auto\">\u00f3s\u00edt<\/span><span data-contrast=\"auto\">\u00e1<\/span><span data-contrast=\"auto\">s\u00e1<\/span><span data-contrast=\"auto\">ban. A 2020-ban indult projekt c<\/span><span data-contrast=\"auto\">\u00e9lkit\u0171z\u00e9se<\/span><span data-contrast=\"auto\">, hogy jav\u00edtsa<\/span><span data-contrast=\"auto\">\u00a0<\/span><span data-contrast=\"auto\">h\u00e9t<\/span><span data-contrast=\"auto\">\u00a0<\/span><span data-contrast=\"auto\">nagy baromfiteny\u00e9sz<\/span><span data-contrast=\"auto\">t\u0151 orsz\u00e1gban<\/span><span data-contrast=\"auto\">\u00a0<\/span><span data-contrast=\"auto\">a biol\u00f3giai<\/span><span data-contrast=\"auto\">\u00a0<\/span><span data-contrast=\"auto\">biztons\u00e1gi<\/span><span data-contrast=\"auto\">\u00a0<\/span><span data-contrast=\"auto\">e<\/span><span data-contrast=\"auto\">l\u0151\u00edr\u00e1soknak<\/span><span data-contrast=\"auto\">\u00a0<\/span><span data-contrast=\"auto\">val\u00f3<\/span><span data-contrast=\"auto\">\u00a0<\/span><span data-contrast=\"auto\">megfelel<\/span><span data-contrast=\"auto\">\u00e9<\/span><span data-contrast=\"auto\">st<\/span><span data-contrast=\"auto\">\u00a0<\/span><span data-contrast=\"auto\">a baromfiteny\u00e9szt\u00e9sben<\/span><span data-contrast=\"auto\">\u00a0<\/span><span data-contrast=\"auto\">a m\u00e1r<\/span><span data-contrast=\"auto\">\u00a0<\/span><span data-contrast=\"auto\">bevezetett vagy bevezet\u00e9s<\/span><span data-contrast=\"auto\">\u00a0<\/span><span data-contrast=\"auto\">el\u0151tt<\/span><span data-contrast=\"auto\">\u00a0<\/span><span data-contrast=\"auto\">\u00e1ll<\/span><span data-contrast=\"auto\">\u00f3 elj\u00e1r\u00e1sok<\/span><span data-contrast=\"auto\">\u00a0<\/span><span data-contrast=\"auto\">adatainak \u00f6sszegy\u0171jt\u00e9s\u00e9vel,<\/span><span data-contrast=\"auto\">\u00a0<\/span><span data-contrast=\"auto\">\u00e9rt\u00e9kel\u00e9s\u00e9vel<\/span><span data-contrast=\"auto\">\u00a0<\/span><span data-contrast=\"auto\">\u00e9s<\/span><span data-contrast=\"auto\">\u00a0<\/span><span data-contrast=\"auto\">megoszt\u00e1s\u00e1val.<\/span><\/p> <p><span data-contrast=\"auto\">Tov\u00e1bbi inform\u00e1ci\u00f3k a projekt oldal\u00e1n \u00e9rhet\u0151k el:<\/span>\u00a0<a href=\"https:\/\/www.netpoulsafe.eu\/\">h<\/a><a href=\"https:\/\/www.netpoulsafe.eu\/\">ttps:\/\/www.netpoulsafe.eu\/<\/a><\/p> <p><img loading=\"lazy\" decoding=\"async\" class=\"size-medium wp-image-87834 alignright\" src=\"https:\/\/univet.hu\/wp-content\/uploads\/2023\/06\/HU-Az-Eur\u00f3pai-Uni\u00f3-t\u00e1mogat\u00e1s\u00e1val_POS-320x67.jpg\" alt=\"\" width=\"320\" height=\"67\" srcset=\"https:\/\/univet.hu\/wp-content\/uploads\/2023\/06\/HU-Az-Eur\u00f3pai-Uni\u00f3-t\u00e1mogat\u00e1s\u00e1val_POS-320x67.jpg 320w, https:\/\/univet.hu\/wp-content\/uploads\/2023\/06\/HU-Az-Eur\u00f3pai-Uni\u00f3-t\u00e1mogat\u00e1s\u00e1val_POS-768x161.jpg 768w, https:\/\/univet.hu\/wp-content\/uploads\/2023\/06\/HU-Az-Eur\u00f3pai-Uni\u00f3-t\u00e1mogat\u00e1s\u00e1val_POS-960x201.jpg 960w\" sizes=\"auto, (max-width: 320px) 100vw, 320px\" \/><\/p>","protected":false},"excerpt":{"rendered":"<p>Projekt c\u00edme: Networking European poultry actors for enhancing the compliance of biosecurity measures for a sustainable production Projekt azonos\u00edt\u00f3sz\u00e1ma: 101000728\u00a0 P\u00e1ly\u00e1zati felh\u00edv\u00e1s k\u00f3dja: H2020-RUR-2018-2020 Projekt teljes k\u00f6lts\u00e9gvet\u00e9se:\u00a01\u00a0993 348.75\u00a0\u20ac \u00c1llatorvostudom\u00e1nyi Egyetem \u00e1ltal elnyert t\u00e1mogat\u00e1si \u00f6sszeg:\u00a023 250 \u20ac Megval\u00f3s\u00edt\u00e1s id\u0151szaka: okt\u00f3ber 1. \u2013 2023. szeptember 30. (36 h\u00f3nap) &nbsp; A\u00a0NetPoulSafe\u00a0c\u00e9lja, hogy t\u00e1mogassa az \u00e9rdekelt feleket a biol\u00f3giai<\/p>\n","protected":false},"author":4688,"featured_media":0,"parent":86945,"menu_order":0,"comment_status":"open","ping_status":"open","template":"","meta":{"_acf_changed":false,"footnotes":""},"categories":[],"tags":[],"class_list":["post-86995","page","type-page","status-publish","hentry"],"acf":[],"_links":{"self":[{"href":"https:\/\/univet.hu\/hu\/wp-json\/wp\/v2\/pages\/86995","targetHints":{"allow":["GET"]}}],"collection":[{"href":"https:\/\/univet.hu\/hu\/wp-json\/wp\/v2\/pages"}],"about":[{"href":"https:\/\/univet.hu\/hu\/wp-json\/wp\/v2\/types\/page"}],"author":[{"embeddable":true,"href":"https:\/\/univet.hu\/hu\/wp-json\/wp\/v2\/users\/4688"}],"replies":[{"embeddable":true,"href":"https:\/\/univet.hu\/hu\/wp-json\/wp\/v2\/comments?post=86995"}],"version-history":[{"count":0,"href":"https:\/\/univet.hu\/hu\/wp-json\/wp\/v2\/pages\/86995\/revisions"}],"up":[{"embeddable":true,"href":"https:\/\/univet.hu\/hu\/wp-json\/wp\/v2\/pages\/86945"}],"wp:attachment":[{"href":"https:\/\/univet.hu\/hu\/wp-json\/wp\/v2\/media?parent=86995"}],"wp:term":[{"taxonomy":"category","embeddable":true,"href":"https:\/\/univet.hu\/hu\/wp-json\/wp\/v2\/categories?post=86995"},{"taxonomy":"post_tag","embeddable":true,"href":"https:\/\/univet.hu\/hu\/wp-json\/wp\/v2\/tags?post=86995"}],"curies":[{"name":"wp","href":"https:\/\/api.w.org\/{rel}","templated":true}]}}