{"id":86998,"date":"2023-06-15T10:24:56","date_gmt":"2023-06-15T08:24:56","guid":{"rendered":"https:\/\/univet.hu\/hu\/egyetem\/palyazati-projektek\/horizon\/holifood\/"},"modified":"2023-06-29T10:09:56","modified_gmt":"2023-06-29T08:09:56","slug":"holifood","status":"publish","type":"page","link":"https:\/\/univet.hu\/hu\/egyetem\/palyazati-projektek\/horizon\/holifood\/","title":{"rendered":"HOLiFOOD"},"content":{"rendered":"<p><strong>Projekt c\u00edme:<\/strong> Holistic approach for tackling food systems risks in a changing global environment<\/p> <p><strong>Projekt azonos\u00edt\u00f3sz\u00e1ma:<\/strong> 101059813<\/p> <p><strong>P\u00e1ly\u00e1zati felh\u00edv\u00e1s k\u00f3dja:<\/strong> HORIZON-CL6-2021-FARM2FORK-01<img loading=\"lazy\" decoding=\"async\" class=\"size-full wp-image-86999 alignright\" src=\"https:\/\/univet.hu\/wp-content\/uploads\/2023\/06\/holi.png\" alt=\"\" width=\"300\" height=\"218\" \/><\/p> <p><strong>Projekt teljes k\u00f6lts\u00e9gvet\u00e9se:<\/strong>\u00a06 056 435\u00a0\u20ac<\/p> <p><strong>\u00c1llatorvostudom\u00e1nyi Egyetem \u00e1ltal elnyert t\u00e1mogat\u00e1si \u00f6sszeg:<\/strong>\u00a0230 000 \u20ac<\/p> <p><strong>Megval\u00f3s\u00edt\u00e1s id\u0151szaka:<\/strong><\/p> <ol start=\"2022\"> <li>okt\u00f3ber 1. \u2013 2026. szeptember 30. (48 h\u00f3nap)<\/li> <\/ol> <p>&nbsp;<\/p> <p>A HOLiFOOD \u00e1tfog\u00f3 c\u00e9lja az integr\u00e1lt \u00e9lelmiszer-biztons\u00e1gi kock\u00e1zatelemz\u00e9si keretrendszer fejleszt\u00e9se Eur\u00f3p\u00e1ban annak \u00e9rdek\u00e9ben, hogy<\/p> <ul> <li>megfeleljen a Green Deal politika \u00e1ltal vez\u00e9relt \u00e1talakul\u00e1sokb\u00f3l fakad\u00f3 j\u00f6v\u0151beli kih\u00edv\u00e1soknak, k\u00fcl\u00f6n\u00f6sen az \u00e9ghajlat \u00e1ltal vez\u00e9relt v\u00e1ltoz\u00e1sokkal kapcsolatban,<\/li> <li>hozz\u00e1j\u00e1ruljon az ENSZ fenntarthat\u00f3 fejl\u0151d\u00e9si c\u00e9ljaihoz, tov\u00e1bb\u00e1<\/li> <li>t\u00e1mogassa a val\u00f3ban biztons\u00e1gos \u00e9s fenntarthat\u00f3 \u00e9lelmiszertermel\u00e9s megval\u00f3s\u00edt\u00e1s\u00e1t.<\/li> <\/ul> <p>&nbsp;<\/p> <p>A HOLiFOOD rendszerszeml\u00e9let\u0171 megk\u00f6zel\u00edt\u00e9st alkalmaz, amely figyelembe veszi az \u00e9lelmiszer-el\u0151\u00e1ll\u00edt\u00e1s teljes k\u00f6rnyezet\u00e9t, bele\u00e9rtve a gazdas\u00e1gi, k\u00f6rnyezeti \u00e9s t\u00e1rsadalmi szempontokat is. A projekt h\u00e1rom ell\u00e1t\u00e1si l\u00e1ncot vesz figyelembe (azaz gabonaf\u00e9l\u00e9k [kukorica], h\u00fcvelyesek [lencse] \u00e9s baromfi [csirke]). A projekt mesters\u00e9ges intelligenci\u00e1t (AI) \u00e9s big data technol\u00f3gi\u00e1kat fog alkalmazni az ismert \u00e9s ismeretlen \u00e9lelmiszer-biztons\u00e1gi vesz\u00e9lyekre vonatkoz\u00f3 korai el\u0151rejelz\u0151-, \u00e9s az \u00fajonnan felmer\u00fcl\u0151 kock\u00e1zatok azonos\u00edt\u00f3 rendszereinek fejleszt\u00e9s\u00e9ben. Ezen t\u00falmen\u0151en eszk\u00f6z\u00f6ket, m\u00f3dszereket \u00e9s megk\u00f6zel\u00edt\u00e9seket fejlesztenek ki a vesz\u00e9lyek felder\u00edt\u00e9s\u00e9re, c\u00e9lzott \u00e9s nem c\u00e9lzott, valamint \u00faj holisztikus kock\u00e1zat\u00e9rt\u00e9kel\u00e9si m\u00f3dszereket fejlesztenek ki, amelyekben a kock\u00e1zatok elemz\u00e9se mellett k\u00f6lts\u00e9g-haszon elemz\u00e9sek is t\u00f6rt\u00e9nnek.<\/p> <p>Tov\u00e1bbi inform\u00e1ci\u00f3k\u00e9rt l\u00e1togasson el a projekt honlapj\u00e1ra:\u00a0<a href=\"https:\/\/holifoodproject.eu\/\">https:\/\/holifoodproject.eu\/<\/a><\/p> <p><img loading=\"lazy\" decoding=\"async\" class=\"size-medium wp-image-87834 alignright\" src=\"https:\/\/univet.hu\/wp-content\/uploads\/2023\/06\/HU-Az-Eur\u00f3pai-Uni\u00f3-t\u00e1mogat\u00e1s\u00e1val_POS-320x67.jpg\" alt=\"\" width=\"320\" height=\"67\" srcset=\"https:\/\/univet.hu\/wp-content\/uploads\/2023\/06\/HU-Az-Eur\u00f3pai-Uni\u00f3-t\u00e1mogat\u00e1s\u00e1val_POS-320x67.jpg 320w, https:\/\/univet.hu\/wp-content\/uploads\/2023\/06\/HU-Az-Eur\u00f3pai-Uni\u00f3-t\u00e1mogat\u00e1s\u00e1val_POS-768x161.jpg 768w, https:\/\/univet.hu\/wp-content\/uploads\/2023\/06\/HU-Az-Eur\u00f3pai-Uni\u00f3-t\u00e1mogat\u00e1s\u00e1val_POS-960x201.jpg 960w\" sizes=\"auto, (max-width: 320px) 100vw, 320px\" \/><\/p>","protected":false},"excerpt":{"rendered":"<p>Projekt c\u00edme: Holistic approach for tackling food systems risks in a changing global environment Projekt azonos\u00edt\u00f3sz\u00e1ma: 101059813 P\u00e1ly\u00e1zati felh\u00edv\u00e1s k\u00f3dja: HORIZON-CL6-2021-FARM2FORK-01 Projekt teljes k\u00f6lts\u00e9gvet\u00e9se:\u00a06 056 435\u00a0\u20ac \u00c1llatorvostudom\u00e1nyi Egyetem \u00e1ltal elnyert t\u00e1mogat\u00e1si \u00f6sszeg:\u00a0230 000 \u20ac Megval\u00f3s\u00edt\u00e1s id\u0151szaka: okt\u00f3ber 1. \u2013 2026. szeptember 30. (48 h\u00f3nap) &nbsp; A HOLiFOOD \u00e1tfog\u00f3 c\u00e9lja az integr\u00e1lt \u00e9lelmiszer-biztons\u00e1gi kock\u00e1zatelemz\u00e9si keretrendszer fejleszt\u00e9se<\/p>\n","protected":false},"author":4688,"featured_media":0,"parent":86945,"menu_order":0,"comment_status":"open","ping_status":"open","template":"","meta":{"_acf_changed":false,"footnotes":""},"categories":[],"tags":[],"class_list":["post-86998","page","type-page","status-publish","hentry"],"acf":[],"_links":{"self":[{"href":"https:\/\/univet.hu\/hu\/wp-json\/wp\/v2\/pages\/86998","targetHints":{"allow":["GET"]}}],"collection":[{"href":"https:\/\/univet.hu\/hu\/wp-json\/wp\/v2\/pages"}],"about":[{"href":"https:\/\/univet.hu\/hu\/wp-json\/wp\/v2\/types\/page"}],"author":[{"embeddable":true,"href":"https:\/\/univet.hu\/hu\/wp-json\/wp\/v2\/users\/4688"}],"replies":[{"embeddable":true,"href":"https:\/\/univet.hu\/hu\/wp-json\/wp\/v2\/comments?post=86998"}],"version-history":[{"count":0,"href":"https:\/\/univet.hu\/hu\/wp-json\/wp\/v2\/pages\/86998\/revisions"}],"up":[{"embeddable":true,"href":"https:\/\/univet.hu\/hu\/wp-json\/wp\/v2\/pages\/86945"}],"wp:attachment":[{"href":"https:\/\/univet.hu\/hu\/wp-json\/wp\/v2\/media?parent=86998"}],"wp:term":[{"taxonomy":"category","embeddable":true,"href":"https:\/\/univet.hu\/hu\/wp-json\/wp\/v2\/categories?post=86998"},{"taxonomy":"post_tag","embeddable":true,"href":"https:\/\/univet.hu\/hu\/wp-json\/wp\/v2\/tags?post=86998"}],"curies":[{"name":"wp","href":"https:\/\/api.w.org\/{rel}","templated":true}]}}