{"id":87195,"date":"2023-06-19T09:32:51","date_gmt":"2023-06-19T07:32:51","guid":{"rendered":"https:\/\/univet.hu\/hu\/egyetem\/palyazati-projektek\/horizon\/he-farm\/"},"modified":"2023-06-29T10:08:55","modified_gmt":"2023-06-29T08:08:55","slug":"he-farm","status":"publish","type":"page","link":"https:\/\/univet.hu\/hu\/egyetem\/palyazati-projektek\/horizon\/he-farm\/","title":{"rendered":"HE-FARM"},"content":{"rendered":"<p><strong><img loading=\"lazy\" decoding=\"async\" class=\"size-full wp-image-87002 alignright\" src=\"https:\/\/univet.hu\/wp-content\/uploads\/2023\/06\/farm.png\" alt=\"\" width=\"300\" height=\"100\" \/><\/strong><\/p> <p>&nbsp;<\/p> <p><strong>Projekt c\u00edme<\/strong>: HEALTHY ENVIRONMENTAL-FRIENDLY AND RESILIENT FARM TO FORK<\/p> <p><strong>Projekt azonos\u00edt\u00f3sz\u00e1ma:<\/strong> 101084097<\/p> <p><strong>P\u00e1ly\u00e1zati felh\u00edv\u00e1s k\u00f3dja: <\/strong>HORIZON-CL6-2022-FARM2FORK-01<\/p> <p><strong>Megval\u00f3s\u00edt\u00e1s id\u0151szaka: <\/strong><\/p> <ol start=\"2022\"> <li>november 1. \u2013 2025 okt\u00f3ber 31. (36 h\u00f3nap)<\/li> <\/ol> <p><strong>Projekt teljes k\u00f6lts\u00e9gvet\u00e9se:<\/strong>\u00a04 999 859\u00a0\u20ac<\/p> <p><strong>\u00c1llatorvostudom\u00e1nyi Egyetem \u00e1ltal elnyert t\u00e1mogat\u00e1si \u00f6sszeg:<\/strong>\u00a0561 125 \u20ac<\/p> <p>&nbsp;<\/p> <p>A HE-FARM a Horizont Eur\u00f3pa keret\u00e9ben megval\u00f3sul\u00f3 projekt, amelynek c\u00e9lja olyan m\u00f3dszertan \u00e9s technol\u00f3gi\u00e1k kidolgoz\u00e1sa \u00e9s valid\u00e1l\u00e1sa, melyek<\/p> <ul> <li>k\u00e9pesek a biol\u00f3giai biztons\u00e1g \u00e9rt\u00e9kel\u00e9s\u00e9re, illetve<\/li> <li>el\u0151rejelz\u00e9seket is tesznek a k\u00fcl\u00f6nb\u00f6z\u0151 \u00e1llattart\u00f3 telepeken.<\/li> <\/ul> <p>&nbsp;<\/p> <p>A projekt sor\u00e1n felder\u00edt\u00e9sre ker\u00fclnek a legfontosabb terjed\u00e9si \u00fatvonalak k\u00fcl\u00f6nb\u00f6z\u0151 \u00e1llattart\u00f3 telepeken, \u00edgy \u00faj inform\u00e1ci\u00f3kat szervezve azon mikrob\u00e1kr\u00f3l, melyek kock\u00e1zatosak az \u00e9lelmiszerl\u00e1ncra. Ezen inform\u00e1ci\u00f3k birtok\u00e1ban a biol\u00f3giai biztons\u00e1gi int\u00e9zked\u00e9sek \u00e9s technol\u00f3gi\u00e1k hat\u00e9konys\u00e1g\u00e1nak jav\u00edt\u00e1sa, valamint a beruh\u00e1z\u00e1si \u00e9s m\u0171k\u00f6d\u00e9si k\u00f6lts\u00e9gek megtakar\u00edt\u00e1sa a projekt c\u00e9lja. Ennek \u00e9rdek\u00e9ben a k\u00f6vetkez\u0151ket tervezi a projekt megval\u00f3s\u00edtani: el\u0151rejelz\u0151 szoftverek, k\u00f3rokoz\u00f3k gyors nyomon k\u00f6vet\u00e9se, alacsony toxicit\u00e1s\u00fa biocidek alkalmaz\u00e1sa, hordozhat\u00f3, alacsony m\u0171k\u00f6d\u00e9si k\u00f6lts\u00e9gvet\u00e9s\u0171 mikrobiol\u00f3giai m\u0171szer, hideg plazm\u00e1s v\u00edzfert\u0151tlen\u00edt\u00e9s.<\/p> <p>A h\u00e1rom\u00e9ves projektben 14 partner vesz r\u00e9szt a spanyol Universidad de Alcala vezet\u00e9s\u00e9vel; az \u00c1TE oldal\u00e1r\u00f3l az \u00c1llathigi\u00e9niai, \u00c1llom\u00e1ny-eg\u00e9szs\u00e9gtani Tansz\u00e9k \u00e9s Mobilklinik\u00e1val k\u00f6z\u00f6sen vesz r\u00e9szt a D\u00c9OKFII.<\/p> <p>Tov\u00e1bbi inform\u00e1ci\u00f3k\u00e9rt l\u00e1togasson el a projekt honlapj\u00e1ra:\u00a0<a href=\"https:\/\/dfi.univet.hu\/tevekenysegek\/kutatas\/\">https:\/\/dfi.univet.hu\/tevekenysegek\/kutatas\/<\/a><\/p> <p><img loading=\"lazy\" decoding=\"async\" class=\"size-medium wp-image-87834 alignright\" src=\"https:\/\/univet.hu\/wp-content\/uploads\/2023\/06\/HU-Az-Eur\u00f3pai-Uni\u00f3-t\u00e1mogat\u00e1s\u00e1val_POS-320x67.jpg\" alt=\"\" width=\"320\" height=\"67\" srcset=\"https:\/\/univet.hu\/wp-content\/uploads\/2023\/06\/HU-Az-Eur\u00f3pai-Uni\u00f3-t\u00e1mogat\u00e1s\u00e1val_POS-320x67.jpg 320w, https:\/\/univet.hu\/wp-content\/uploads\/2023\/06\/HU-Az-Eur\u00f3pai-Uni\u00f3-t\u00e1mogat\u00e1s\u00e1val_POS-768x161.jpg 768w, https:\/\/univet.hu\/wp-content\/uploads\/2023\/06\/HU-Az-Eur\u00f3pai-Uni\u00f3-t\u00e1mogat\u00e1s\u00e1val_POS-960x201.jpg 960w\" sizes=\"auto, (max-width: 320px) 100vw, 320px\" \/><\/p>","protected":false},"excerpt":{"rendered":"<p>&nbsp; Projekt c\u00edme: HEALTHY ENVIRONMENTAL-FRIENDLY AND RESILIENT FARM TO FORK Projekt azonos\u00edt\u00f3sz\u00e1ma: 101084097 P\u00e1ly\u00e1zati felh\u00edv\u00e1s k\u00f3dja: HORIZON-CL6-2022-FARM2FORK-01 Megval\u00f3s\u00edt\u00e1s id\u0151szaka: november 1. \u2013 2025 okt\u00f3ber 31. (36 h\u00f3nap) Projekt teljes k\u00f6lts\u00e9gvet\u00e9se:\u00a04 999 859\u00a0\u20ac \u00c1llatorvostudom\u00e1nyi Egyetem \u00e1ltal elnyert t\u00e1mogat\u00e1si \u00f6sszeg:\u00a0561 125 \u20ac &nbsp; A HE-FARM a Horizont Eur\u00f3pa keret\u00e9ben megval\u00f3sul\u00f3 projekt, amelynek c\u00e9lja olyan m\u00f3dszertan \u00e9s technol\u00f3gi\u00e1k<\/p>\n","protected":false},"author":4688,"featured_media":0,"parent":86945,"menu_order":0,"comment_status":"open","ping_status":"open","template":"","meta":{"_acf_changed":false,"footnotes":""},"categories":[],"tags":[],"class_list":["post-87195","page","type-page","status-publish","hentry"],"acf":[],"_links":{"self":[{"href":"https:\/\/univet.hu\/hu\/wp-json\/wp\/v2\/pages\/87195","targetHints":{"allow":["GET"]}}],"collection":[{"href":"https:\/\/univet.hu\/hu\/wp-json\/wp\/v2\/pages"}],"about":[{"href":"https:\/\/univet.hu\/hu\/wp-json\/wp\/v2\/types\/page"}],"author":[{"embeddable":true,"href":"https:\/\/univet.hu\/hu\/wp-json\/wp\/v2\/users\/4688"}],"replies":[{"embeddable":true,"href":"https:\/\/univet.hu\/hu\/wp-json\/wp\/v2\/comments?post=87195"}],"version-history":[{"count":0,"href":"https:\/\/univet.hu\/hu\/wp-json\/wp\/v2\/pages\/87195\/revisions"}],"up":[{"embeddable":true,"href":"https:\/\/univet.hu\/hu\/wp-json\/wp\/v2\/pages\/86945"}],"wp:attachment":[{"href":"https:\/\/univet.hu\/hu\/wp-json\/wp\/v2\/media?parent=87195"}],"wp:term":[{"taxonomy":"category","embeddable":true,"href":"https:\/\/univet.hu\/hu\/wp-json\/wp\/v2\/categories?post=87195"},{"taxonomy":"post_tag","embeddable":true,"href":"https:\/\/univet.hu\/hu\/wp-json\/wp\/v2\/tags?post=87195"}],"curies":[{"name":"wp","href":"https:\/\/api.w.org\/{rel}","templated":true}]}}