{"id":87463,"date":"2023-06-23T13:06:07","date_gmt":"2023-06-23T11:06:07","guid":{"rendered":"https:\/\/univet.hu\/hu\/egyetem\/palyazati-projektek\/nkfih-palyazatok\/otka-projektek\/kkp126998\/"},"modified":"2023-06-23T13:06:07","modified_gmt":"2023-06-23T11:06:07","slug":"kkp-126998-ehseg-hatasa-az-oregedesre","status":"publish","type":"page","link":"https:\/\/univet.hu\/hu\/egyetem\/palyazati-projektek\/nkfih-palyazatok\/otka-projektek\/kkp-126998-ehseg-hatasa-az-oregedesre\/","title":{"rendered":"KKP 126998 &#8211; \u00c9hs\u00e9g hat\u00e1sa az \u00f6reged\u00e9sre"},"content":{"rendered":"<p style=\"margin-top: 0cm; background: white;\"><span style=\"font-family: georgia, palatino, serif;\"><strong><span style=\"color: #1a1a1a;\">T\u00e1mogat\u00e1s \u00f6sszege:<\/span><\/strong><span style=\"color: #1a1a1a;\">\u00a0299.640.000,- Ft<br style=\"box-sizing: inherit;\" \/> <strong style=\"box-sizing: inherit;\">Projekt szakmai vezet\u0151je:<\/strong>\u00a0Dr. R\u00e1cz Bence<\/span><\/span><\/p> <p style=\"margin-top: 0cm; background: white; box-sizing: inherit; margin-bottom: 1rem; font-variant-ligatures: normal; font-variant-caps: normal; orphans: 2; text-align: start; widows: 2; -webkit-text-stroke-width: 0px; text-decoration-thickness: initial; text-decoration-style: initial; text-decoration-color: initial; word-spacing: 0px;\"><span style=\"font-family: georgia, palatino, serif;\"><strong style=\"box-sizing: inherit;\"><span style=\"color: #1a1a1a;\">Megval\u00f3s\u00edt\u00e1s id\u0151szaka:<\/span><\/strong><\/span><\/p> <p style=\"margin-top: 0cm; background: white; box-sizing: inherit; margin-bottom: 1rem; font-variant-ligatures: normal; font-variant-caps: normal; orphans: 2; text-align: start; widows: 2; -webkit-text-stroke-width: 0px; text-decoration-thickness: initial; text-decoration-style: initial; text-decoration-color: initial; word-spacing: 0px;\"><span style=\"font-family: georgia, palatino, serif; color: #1a1a1a;\">2018.12.01. \u2013 2023.12.31.<\/span><\/p> <p style=\"margin-top: 0cm; background: white; box-sizing: inherit; margin-bottom: 1rem; font-variant-ligatures: normal; font-variant-caps: normal; orphans: 2; text-align: start; widows: 2; -webkit-text-stroke-width: 0px; text-decoration-thickness: initial; text-decoration-style: initial; text-decoration-color: initial; word-spacing: 0px;\"><span style=\"font-family: georgia, palatino, serif; color: #1a1a1a;\">\u00a0<\/span><\/p> <p style=\"margin-top: 0cm; background: white; box-sizing: inherit; margin-bottom: 1rem; font-variant-ligatures: normal; font-variant-caps: normal; orphans: 2; text-align: start; widows: 2; -webkit-text-stroke-width: 0px; text-decoration-thickness: initial; text-decoration-style: initial; text-decoration-color: initial; word-spacing: 0px;\"><span style=\"font-family: georgia, palatino, serif; color: #1a1a1a;\">Az \u00c9lvonal \u2013 Kutat\u00f3i Kiv\u00e1l\u00f3s\u00e1gi Program (KKP_17) egy olyan, az \u00e9lvonalbeli felfedez\u0151 kutat\u00e1sokat t\u00e1mogat\u00f3 p\u00e1ly\u00e1zati modell, amely \u2013 jelleg\u00e9ben \u00e9s \u00f6sszeg\u00e9ben \u2013 eddig hi\u00e1nyzott a hazai kutat\u00f3i kiv\u00e1l\u00f3s\u00e1got megc\u00e9lz\u00f3 p\u00e1ly\u00e1zati konstrukci\u00f3k egym\u00e1sra \u00e9p\u00fcl\u0151 rendszer\u00e9b\u0151l. Az \u00c9lvonal \u2013 Kutat\u00f3i Kiv\u00e1l\u00f3s\u00e1gi Program ugyanis a legdinamikusabb alkot\u00e1si szakaszban l\u00e9v\u0151 kiv\u00e1l\u00f3, a nemzetk\u00f6zi tudom\u00e1nyos vil\u00e1g \u00e9lmez\u0151ny\u00e9be tartoz\u00f3, kutat\u00e1saikat magyarorsz\u00e1gi kutat\u00f3helyen megval\u00f3s\u00edtani k\u00edv\u00e1n\u00f3 kutat\u00f3k sz\u00e1m\u00e1ra ker\u00fclt ki\u00edr\u00e1sra.<\/span><\/p> <p style=\"margin-top: 0cm; background: white; box-sizing: inherit; margin-bottom: 1rem; font-variant-ligatures: normal; font-variant-caps: normal; orphans: 2; text-align: start; widows: 2; -webkit-text-stroke-width: 0px; text-decoration-thickness: initial; text-decoration-style: initial; text-decoration-color: initial; word-spacing: 0px;\"><span style=\"font-family: georgia, palatino, serif; color: #1a1a1a;\">A program c\u00e9lja olyan 5 kutat\u00f3i kezdem\u00e9nyez\u00e9s\u0171, \u00edg\u00e9retes kutat\u00e1si projektek megval\u00f3sul\u00e1s\u00e1nak \u00f6szt\u00f6nz\u00e9se, amelyekt\u0151l \u00e1ltal\u00e1ban k\u00fcl\u00f6nb\u00f6z\u0151 term\u00e9szeti \u00e9s t\u00e1rsadalmi jelens\u00e9gek megismer\u00e9se, az emberis\u00e9g ismeretanyag\u00e1nak b\u0151v\u00fcl\u00e9se v\u00e1rhat\u00f3. \u00cdgy k\u00fcl\u00f6n\u00f6sen olyan eredm\u00e9nyek, amelyek nemzetk\u00f6zi szinten a legnagyobb hat\u00e1st v\u00e1ltj\u00e1k ki, megalapozz\u00e1k \u00e9s meghat\u00e1rozz\u00e1k a kutat\u00e1s \u00e9s fejleszt\u00e9s nemzetk\u00f6zi kiv\u00e1l\u00f3s\u00e1gon \u00e9s versenyk\u00e9pess\u00e9gen alapul\u00f3 j\u00f6v\u0151j\u00e9t, mivel azokb\u00f3l \u00faj m\u00f3dszerek \u00e9s elj\u00e1r\u00e1sok kidolgoz\u00e1sa is v\u00e1rhat\u00f3.<\/span><\/p> <p style=\"margin-top: 0cm; background: white; box-sizing: inherit; margin-bottom: 1rem; font-variant-ligatures: normal; font-variant-caps: normal; orphans: 2; text-align: start; widows: 2; -webkit-text-stroke-width: 0px; text-decoration-thickness: initial; text-decoration-style: initial; text-decoration-color: initial; word-spacing: 0px;\"><span style=\"font-family: georgia, palatino, serif;\"><strong style=\"box-sizing: inherit;\"><span style=\"color: #1a1a1a;\">A projekt tartalma:<\/span><\/strong><\/span><\/p> <p style=\"margin-top: 0cm; background: white; box-sizing: inherit; margin-bottom: 1rem; font-variant-ligatures: normal; font-variant-caps: normal; orphans: 2; text-align: start; widows: 2; -webkit-text-stroke-width: 0px; text-decoration-thickness: initial; text-decoration-style: initial; text-decoration-color: initial; word-spacing: 0px;\"><span style=\"font-family: georgia, palatino, serif; color: #1a1a1a;\">A modern orvostudom\u00e1nyban \u00e9s a higi\u00e9ni\u00e1ban el\u00e9rt \u00f3ri\u00e1si fejl\u0151d\u00e9s a m\u00falt sz\u00e1zadban el\u0151seg\u00edtette az emberi hal\u00e1loz\u00e1s akkori okainak drasztikus cs\u00f6kkent\u00e9s\u00e9t. Ezek a fejlem\u00e9nyek azonban rengeteg \u00faj probl\u00e9m\u00e1t hoztak a felsz\u00ednre, mint p\u00e9ld\u00e1ul az \u00f6reged\u00e9ssel kapcsolatos kr\u00f3nikus betegs\u00e9gek megjelen\u00e9se. Az \u00e9letkor az egyetlen legnagyobb kock\u00e1zati t\u00e9nyez\u0151 a kr\u00f3nikus betegs\u00e9gek kialak\u00edt\u00e1s\u00e1ban. Ett\u0151l f\u00fcggetlen\u00fcl, vil\u00e1gszerte \u00e9vente t\u00f6bb milli\u00e1rd eur\u00f3t k\u00f6ltenek egyes kr\u00f3nikus betegs\u00e9gek izol\u00e1lt kezel\u00e9s\u00e9re. Ez az egyes betegs\u00e9gre \u00f6sszpontos\u00edt\u00f3 megk\u00f6zel\u00edt\u00e9s vitathatatlanul \u00faj kezel\u00e9seket eredm\u00e9nyezett, azonban a hossz\u00fa \u00e9lettartam mag\u00e1val hozta azt, hogy egy korral \u00f6sszef\u00fcgg\u0151 kr\u00f3nikus betegs\u00e9g sikeres kezel\u00e9se egy m\u00e1sik megjelen\u00e9s\u00e9t v\u00e1ltotta ki. Cs\u00f6kkentett kal\u00f3ria bevitel el\u0151seg\u00edti az eg\u00e9szs\u00e9g fenntart\u00e1s\u00e1t \u00e9s hosszabb \u00e9lettartamot eredm\u00e9nyez minden eddig analiz\u00e1lt fajban.<\/span><\/p> <p style=\"margin-top: 0cm; background: white; box-sizing: inherit; margin-bottom: 1rem; font-variant-ligatures: normal; font-variant-caps: normal; orphans: 2; text-align: start; widows: 2; -webkit-text-stroke-width: 0px; text-decoration-thickness: initial; text-decoration-style: initial; text-decoration-color: initial; word-spacing: 0px;\"><span style=\"font-family: georgia, palatino, serif; color: #1a1a1a;\">A projekt c\u00e9lja, hogy meg\u00e9rts\u00fck a kal\u00f3ria cs\u00f6kkent\u00e9s hat\u00e1smehanizmus\u00e1t a szervezetre, amin kereszt\u00fcl \u00faj m\u00f3djait tudn\u00e1nk kifejleszteni hosszabb eg\u00e9szs\u00e9gben elt\u00f6lt\u00f6tt \u00e9lethossz t\u00e1mogat\u00e1s\u00e1ra mell\u00e9khat\u00e1sok n\u00e9lk\u00fcl.<\/span><\/p>","protected":false},"excerpt":{"rendered":"<p>T\u00e1mogat\u00e1s \u00f6sszege:\u00a0299.640.000,- Ft Projekt szakmai vezet\u0151je:\u00a0Dr. R\u00e1cz Bence Megval\u00f3s\u00edt\u00e1s id\u0151szaka: 2018.12.01. \u2013 2023.12.31. \u00a0 Az \u00c9lvonal \u2013 Kutat\u00f3i Kiv\u00e1l\u00f3s\u00e1gi Program (KKP_17) egy olyan, az \u00e9lvonalbeli felfedez\u0151 kutat\u00e1sokat t\u00e1mogat\u00f3 p\u00e1ly\u00e1zati modell, amely \u2013 jelleg\u00e9ben \u00e9s \u00f6sszeg\u00e9ben \u2013 eddig hi\u00e1nyzott a hazai kutat\u00f3i kiv\u00e1l\u00f3s\u00e1got megc\u00e9lz\u00f3 p\u00e1ly\u00e1zati konstrukci\u00f3k egym\u00e1sra \u00e9p\u00fcl\u0151 rendszer\u00e9b\u0151l. Az \u00c9lvonal \u2013 Kutat\u00f3i Kiv\u00e1l\u00f3s\u00e1gi Program ugyanis<\/p>\n","protected":false},"author":4688,"featured_media":0,"parent":86876,"menu_order":0,"comment_status":"open","ping_status":"open","template":"","meta":{"_acf_changed":false,"footnotes":""},"categories":[],"tags":[],"class_list":["post-87463","page","type-page","status-publish","hentry"],"acf":[],"_links":{"self":[{"href":"https:\/\/univet.hu\/hu\/wp-json\/wp\/v2\/pages\/87463","targetHints":{"allow":["GET"]}}],"collection":[{"href":"https:\/\/univet.hu\/hu\/wp-json\/wp\/v2\/pages"}],"about":[{"href":"https:\/\/univet.hu\/hu\/wp-json\/wp\/v2\/types\/page"}],"author":[{"embeddable":true,"href":"https:\/\/univet.hu\/hu\/wp-json\/wp\/v2\/users\/4688"}],"replies":[{"embeddable":true,"href":"https:\/\/univet.hu\/hu\/wp-json\/wp\/v2\/comments?post=87463"}],"version-history":[{"count":0,"href":"https:\/\/univet.hu\/hu\/wp-json\/wp\/v2\/pages\/87463\/revisions"}],"up":[{"embeddable":true,"href":"https:\/\/univet.hu\/hu\/wp-json\/wp\/v2\/pages\/86876"}],"wp:attachment":[{"href":"https:\/\/univet.hu\/hu\/wp-json\/wp\/v2\/media?parent=87463"}],"wp:term":[{"taxonomy":"category","embeddable":true,"href":"https:\/\/univet.hu\/hu\/wp-json\/wp\/v2\/categories?post=87463"},{"taxonomy":"post_tag","embeddable":true,"href":"https:\/\/univet.hu\/hu\/wp-json\/wp\/v2\/tags?post=87463"}],"curies":[{"name":"wp","href":"https:\/\/api.w.org\/{rel}","templated":true}]}}