{"id":87844,"date":"2023-06-29T10:37:41","date_gmt":"2023-06-29T08:37:41","guid":{"rendered":"https:\/\/univet.hu\/hu\/egyetem\/palyazati-projektek\/nkfih-palyazatok\/otka-projektek\/fk129055\/"},"modified":"2023-06-29T10:38:38","modified_gmt":"2023-06-29T08:38:38","slug":"fk-129055-a-hegeszteskor-keletkezo-fust-biologiai-hatasainak-vizsgalata-eger-modellen-kulonos-tekintettel-a-volframelektrodas-argon-vedogazas-tig-hegesztesre-az-ozon-es-torium-kibocsatasra","status":"publish","type":"page","link":"https:\/\/univet.hu\/hu\/egyetem\/palyazati-projektek\/nkfih-palyazatok\/otka-projektek\/fk-129055-a-hegeszteskor-keletkezo-fust-biologiai-hatasainak-vizsgalata-eger-modellen-kulonos-tekintettel-a-volframelektrodas-argon-vedogazas-tig-hegesztesre-az-ozon-es-torium-kibocsatasra\/","title":{"rendered":"FK 129055 &#8211; A hegeszt\u00e9skor keletkez\u0151 f\u00fcst biol\u00f3giai hat\u00e1sainak vizsg\u00e1lata eg\u00e9r modellen k\u00fcl\u00f6n\u00f6s tekintettel a volframelektr\u00f3d\u00e1s argon v\u00e9d\u0151g\u00e1zas (TIG) hegeszt\u00e9sre, az \u00f3zon \u00e9s t\u00f3rium kibocs\u00e1t\u00e1sra \u00e9s a &#8222;metal fume fever&#8221; szindr\u00f3m\u00e1ra"},"content":{"rendered":"<p>&nbsp;<\/p> <p><strong>T\u00e1mogat\u00e1s \u00f6sszege:<\/strong> 40.000.000,- Ft<\/p> <p><strong>Projekt szakmai vezet\u0151je:<\/strong> Dr. K\u0151v\u00e1g\u00f3 Csaba<\/p> <p><strong>Megval\u00f3s\u00edt\u00e1si id\u0151szak:<\/strong><\/p> <p>2018. szeptember 01. \u2013 2023. m\u00e1jus 31.<\/p> <p><strong>Projekt tartalma:<\/strong><\/p> <p>A hegeszt\u00e9s a vil\u00e1gon tal\u00e1n legsz\u00e9lesebb k\u00f6rben alkalmazott ipari f\u00e9m munkadarab-egyes\u00edt\u00e9si elj\u00e1r\u00e1s. Az automatiz\u00e1l\u00e1s<br \/> fejleszt\u00e9se ellen\u00e9re a hegeszt\u00e9s jelent\u0151s r\u00e9sz\u00e9t k\u00f6zvetlen emberi munk\u00e1val v\u00e9gzik napjainkban. Mivel ezek az elj\u00e1r\u00e1sok<br \/> magas k\u00e9pzetts\u00e9get ig\u00e9nyelnek, \u00edgy a hegeszt\u0151k igen \u00e9rt\u00e9kes munkaer\u0151t k\u00e9pviselnek a munk\u00e1ltat\u00f3k sz\u00e1m\u00e1ra, melyb\u0151l<br \/> manaps\u00e1g sz\u00e1mos helyen hi\u00e1ny mutatkozik Eur\u00f3p\u00e1ban, mind pedig haz\u00e1nkban. A hegeszt\u00e9s teh\u00e1t jelent\u0151s gazdas\u00e1gi- \u00e9s<br \/> eg\u00e9szs\u00e9g\u00fcgyi befoly\u00e1ssal b\u00edr.<br \/> Kutat\u00e1sunkkal szeretn\u00e9nk adatokat gy\u0171jteni az argon v\u00e9d\u0151g\u00e1zas wolfram elektr\u00f3d\u00e1s hegeszt\u00e9si elj\u00e1r\u00e1s \u00e1ltal kibocs\u00e1tott f\u00fcst<br \/> bel\u00e9gz\u00e9s\u00e9nek kock\u00e1zatair\u00f3l. Az elj\u00e1r\u00e1st kiterjedten alkalmazz\u00e1k rozsdamentes- \u00e9s egy\u00e9b \u00f6tv\u00f6z\u00f6tt ac\u00e9lok, illetve alum\u00ednium<br \/> egyes\u00edt\u00e9s\u00e9re. Ezek az alapanyagok tartalmaznak t\u00fcd\u0151t k\u00e1ros\u00edt\u00f3, m\u00e9rgez\u00e9st vagy ak\u00e1r r\u00e1kot is okozni k\u00e9pes f\u00e9meket pl.<br \/> kr\u00f3m, mang\u00e1n, molibd\u00e9n, tit\u00e1n vagy nikkel. Ez\u00e9rt igen fontos elker\u00fclni ezeknek a k\u00e1ros r\u00e9szecsk\u00e9knek a t\u00falzott m\u00e9rt\u00e9k\u0171<br \/> bel\u00e9legz\u00e9s\u00e9t.<br \/> Az \u00f6nt\u0151l\u00e1z egy influenza-szer\u0171 megbeteged\u00e9se a hegeszt\u0151knek mely a cink tartalm\u00fa f\u00fcst bel\u00e9legz\u00e9se miatt alakul ki. A<br \/> vizsg\u00e1latok ellen\u00e9re a betegs\u00e9g pontos mechanizmusa m\u00e9g mindig ismeretlen. Kutat\u00e1sunkban k\u00eds\u00e9rleti \u00e1llatmodellben<br \/> szeretn\u00e9nk kiv\u00e1ltani \u00e9s r\u00e9szletesen vizsg\u00e1lni ezt a betegs\u00e9get, hogy meg\u00e9rts\u00fck a kiv\u00e1lt\u00f3 okokat \u00e9s a lefoly\u00e1st, ez\u00e1ltal<br \/> megfelel\u0151 munkav\u00e9delmi int\u00e9zked\u00e9seket javasolhassunk a dolgoz\u00f3k eg\u00e9szs\u00e9g\u00e9nek megv\u00e9d\u00e9se \u00e9rdek\u00e9ben.<br \/> \u00d6sszefoglalva, a megval\u00f3s\u00edtani k\u00edv\u00e1nt kutat\u00e1s eredm\u00e9nyeit felhaszn\u00e1lva szeretn\u00e9nk olyan munkaeg\u00e9szs\u00e9g\u00fcgyi-, illetve<br \/> munkav\u00e9delmi el\u0151\u00edr\u00e1sok l\u00e9trehoz\u00e1s\u00e1t seg\u00edteni, melyek a jelenlegin\u00e9l jobba v\u00e9dik a hegeszt\u00e9ssel foglalkoz\u00f3 dolgoz\u00f3k<br \/> eg\u00e9szs\u00e9g\u00e9nek meg\u0151rz\u00e9s\u00e9t.<\/p>","protected":false},"excerpt":{"rendered":"<p>&nbsp; T\u00e1mogat\u00e1s \u00f6sszege: 40.000.000,- Ft Projekt szakmai vezet\u0151je: Dr. K\u0151v\u00e1g\u00f3 Csaba Megval\u00f3s\u00edt\u00e1si id\u0151szak: 2018. szeptember 01. \u2013 2023. m\u00e1jus 31. Projekt tartalma: A hegeszt\u00e9s a vil\u00e1gon tal\u00e1n legsz\u00e9lesebb k\u00f6rben alkalmazott ipari f\u00e9m munkadarab-egyes\u00edt\u00e9si elj\u00e1r\u00e1s. Az automatiz\u00e1l\u00e1s fejleszt\u00e9se ellen\u00e9re a hegeszt\u00e9s jelent\u0151s r\u00e9sz\u00e9t k\u00f6zvetlen emberi munk\u00e1val v\u00e9gzik napjainkban. Mivel ezek az elj\u00e1r\u00e1sok magas k\u00e9pzetts\u00e9get ig\u00e9nyelnek, \u00edgy<\/p>\n","protected":false},"author":4688,"featured_media":0,"parent":86876,"menu_order":0,"comment_status":"open","ping_status":"open","template":"","meta":{"_acf_changed":false,"footnotes":""},"categories":[],"tags":[],"class_list":["post-87844","page","type-page","status-publish","hentry"],"acf":[],"_links":{"self":[{"href":"https:\/\/univet.hu\/hu\/wp-json\/wp\/v2\/pages\/87844","targetHints":{"allow":["GET"]}}],"collection":[{"href":"https:\/\/univet.hu\/hu\/wp-json\/wp\/v2\/pages"}],"about":[{"href":"https:\/\/univet.hu\/hu\/wp-json\/wp\/v2\/types\/page"}],"author":[{"embeddable":true,"href":"https:\/\/univet.hu\/hu\/wp-json\/wp\/v2\/users\/4688"}],"replies":[{"embeddable":true,"href":"https:\/\/univet.hu\/hu\/wp-json\/wp\/v2\/comments?post=87844"}],"version-history":[{"count":0,"href":"https:\/\/univet.hu\/hu\/wp-json\/wp\/v2\/pages\/87844\/revisions"}],"up":[{"embeddable":true,"href":"https:\/\/univet.hu\/hu\/wp-json\/wp\/v2\/pages\/86876"}],"wp:attachment":[{"href":"https:\/\/univet.hu\/hu\/wp-json\/wp\/v2\/media?parent=87844"}],"wp:term":[{"taxonomy":"category","embeddable":true,"href":"https:\/\/univet.hu\/hu\/wp-json\/wp\/v2\/categories?post=87844"},{"taxonomy":"post_tag","embeddable":true,"href":"https:\/\/univet.hu\/hu\/wp-json\/wp\/v2\/tags?post=87844"}],"curies":[{"name":"wp","href":"https:\/\/api.w.org\/{rel}","templated":true}]}}