{"id":880,"date":"2017-06-27T10:56:00","date_gmt":"2017-06-27T08:56:00","guid":{"rendered":"http:\/\/univet.hu\/egyetem\/kutatas\/kutatocsoportok\/allategeszsegugyi-jogi-es-gazdasagtudomanyi-kutatocsoport\/"},"modified":"2025-06-17T09:37:18","modified_gmt":"2025-06-17T07:37:18","slug":"allategeszsegugyi-jogi-es-gazdasagtudomanyi-kutatocsoport","status":"publish","type":"page","link":"https:\/\/univet.hu\/hu\/kutatas\/kutatocsoportok\/allategeszsegugyi-jogi-es-gazdasagtudomanyi-kutatocsoport\/","title":{"rendered":"\u00c1llateg\u00e9szs\u00e9g\u00fcgyi Jogi \u00e9s Gazdas\u00e1gtudom\u00e1nyi Kutat\u00f3csoport"},"content":{"rendered":"<p><strong>KUTAT\u00d3CSOPORT-VEZET\u0150:<\/strong> Dr. \u00d3zsv\u00e1ri L\u00e1szl\u00f3 PhD, MBA<\/p> <p><strong>EL\u00c9RHET\u0150S\u00c9G:<\/strong> <a class=\"decrypt\" rel=\"yyyyyyAvojwfu\/iv\" href=\"javascript:void(0);\">[Kattintson az emailc\u00edmhez]<\/a><\/p> <p><strong>A KUTAT\u00d3CSOPORT TAGJAI:<\/strong><\/p> <p>Egyetemi docens: Dr.\u00d3zsv\u00e1ri L\u00e1szl\u00f3<\/p> <p>Tansz\u00e9ki munkat\u00e1rs: Dr. Csintalan Csaba, Dr. Ivanyos Dorottya, Dr. M\u00e1t\u00e9 Marietta, Dr. Szab\u00e1ra \u00c1gnes, Dr. Szab\u00f3 Erika, Dr. Vetter Szilvia<\/p> <p>Asszisztens: K\u00e1konyi Krisztina<\/p> <p>K\u00fcls\u0151 munkat\u00e1rs: :\u00a0 Dr. Erik Diez, Dr. Farkasn\u00e9 Gyurcs\u00f3 Adrienn, Dr. Fogarassy Csaba, Dr. Kasza Gyula, Dr. S\u00e1tori \u00c1gnes,\u00a0 Dr. Szakos D\u00e1vid<\/p> <p>&nbsp;<\/p> <p><strong>KUTAT\u00c1SI TER\u00dcLETEK:<\/strong><\/p> <p>\u00c1llateg\u00e9szs\u00e9g\u00fcgyi gazdas\u00e1gtan, \u00c1llatorvosi praxismenedzsment, \u00c1llatorvosi kommunik\u00e1ci\u00f3, Agr\u00e1rgazads\u00e1gtan, \u00c1llat-eg\u00e9szs\u00e9g\u00fcgyi igazgat\u00e1stan, Igazs\u00e1g\u00fcgyi \u00e1llatorvostan, EU ismeretek, Vad\u00e1szati jog, \u00f6kon\u00f3mia \u00e9s etika, Viselked\u00e9szavarok \u00e9s kezel\u00e9s\u00fck<\/p> <p>&nbsp;<\/p> <p><strong>SZAKMAI SZERVEZETI TAGS\u00c1G:<\/strong><\/p> <p>Magyar Buiatrikus T\u00e1rsas\u00e1g<\/p> <p>Magyar Zoon\u00f3zis T\u00e1rsas\u00e1g<\/p> <p>Magyar \u00c1llatv\u00e9delmi \u00e9s \u00c1llatj\u00f3l\u00e9ti T\u00e1rsas\u00e1g<\/p> <p>Magyar \u00c1llatorvosok Vil\u00e1gszervezete<\/p> <p>International Society for Economics and Social Sciences of Animal Health<\/p> <p>Magyar \u00c1llatorvosi Kamara<\/p> <p>Magyar Orsz\u00e1gos \u00c1llatorvos Egyes\u00fclet<\/p> <p>&nbsp;<\/p> <p><strong>HOSSZ\u00daT\u00c1V\u00da EGY\u00dcTTM\u0170K\u00d6D\u00c9SEK:<\/strong><\/p> <p>Kaposv\u00e1ri Egyetem<\/p> <p>Sz\u00e9chenyi Istv\u00e1n Egyetem<\/p> <p>Szent Istv\u00e1n Egyetem<\/p> <p>Pallasz Ath\u00e9n\u00e9 Egyetem<\/p> <p>Magyar Tejgazads\u00e1gi K\u00eds\u00e9rleti Int\u00e9zet<\/p> <p>\u00c1llatteny\u00e9szt\u00e9si Teljes\u00edtm\u00e9nyvizsg\u00e1l\u00f3 Kft.<\/p> <p>University of Veterinary Medicine Vienna (Ausztria)<\/p> <p>Royal Veterinary College (Nagy-Britannia)<\/p> <p>University of Bologna (Olaszorsz\u00e1g)<\/p> <p>&nbsp;<\/p> <p><strong>IG\u00c9NYELHET\u0150 SZOLG\u00c1LTAT\u00c1SOK:<\/strong><\/p> <p>Gazdas\u00e1gi, \u00fczletviteli \u00e9s jogi tan\u00e1csad\u00e1s \u00e1llatorvosi praxisoknak, \u00e1llateg\u00e9szs\u00e9g\u00fcgyi v\u00e1llalkoz\u00e1soknak<\/p> <p>Igazs\u00e1g\u00fcgyi szak\u00e9rt\u0151i tev\u00e9kenys\u00e9g \u00e9s szaktan\u00e1csad\u00e1s<\/p> <p>Elm\u00e9leti \u00e9s gyakorlati tov\u00e1bbk\u00e9pz\u00e9sek<\/p> <p>&nbsp;<\/p> <p><strong>P\u00c1LY\u00c1ZATOK:<\/strong><\/p> <p>&nbsp;<\/p> <table style=\"width: 592px;height: 1409px\" border=\"0\" cellspacing=\"0\" cellpadding=\"0\"> <tbody> <tr> <td style=\"height: 63px;width: 164px\"><span style=\"font-size: 14pt\"><strong>T\u00e1mogat\u00f3 szervezet \/forr\u00e1s <\/strong><strong>megnevez\u00e9se<\/strong><\/span><\/td> <td style=\"height: 63px;width: 422px\"><span style=\"font-size: 14pt\"><strong>P\u00e1ly\u00e1zati projekt c\u00edme \u00e9s t\u00e9m\u00e1ja <\/strong><\/span><\/td> <\/tr> <tr> <td style=\"width: 164px\">\u00a0<strong>VP3<\/strong><\/td> <td style=\"width: 422px\"> <p style=\"margin-left: 3.85pt\">Cirkul\u00e1ris modellek prec\u00edzi\u00f3s rendszer-t\u00e1mogat\u00e1sa tejtermel\u0151 gazdas\u00e1gokban (2020-21)<\/p> <\/td> <\/tr> <tr> <td style=\"width: 164px\"><strong>Horizont 2020 SafeConsume<\/strong><\/td> <td style=\"width: 422px\"> <p style=\"margin-left: 3.85pt\">Safer food through changed consumer behavior: Effective tools and products, communication strategies, education and a food safety policy reducing health burden from foodborne illnesses (2017-2022<\/p> <\/td> <\/tr> <tr> <td style=\"width: 164px\"><strong>Int\u00e9zm\u00e9nyi kiv\u00e1l\u00f3s\u00e1gi t\u00e1mogat\u00e1s (IK-UK-2018)<\/strong><\/td> <td style=\"width: 422px\"> <p style=\"margin-left: 3.85pt\">A paratuberkul\u00f3zis fert\u0151z\u00f6tts\u00e9g m\u00e9rt\u00e9ke tejmint\u00e1k vizsg\u00e1lata alapj\u00e1n hazai nagyl\u00e9tsz\u00e1m\u00fa tehen\u00e9szetekben \u00e9s a becs\u00fclt orsz\u00e1gos \u00e9s telepi szint\u0171 gazdas\u00e1gi k\u00e1rok (2018-19)<\/p> <\/td> <\/tr> <tr> <td style=\"width: 164px\"><strong>EFOP-3.6.3-VEKOP-16-2017-00005<\/strong><\/td> <td style=\"width: 422px\"> <p style=\"margin-left: 3.85pt\">Tudom\u00e1nyos ut\u00e1np\u00f3tl\u00e1s er\u0151s\u00edt\u00e9se a hallgat\u00f3k tudom\u00e1nyos m\u0171helyeinek \u00e9s programjainak t\u00e1mogat\u00e1s\u00e1val, a mentor\u00e1l\u00e1s folyamat\u00e1nak kidolgoz\u00e1s\u00e1val \u00a0\u00a0\u00a0\u00a0\u00a0\u00a0\u00a0\u00a0\u00a0 (2017-2021)<\/p> <\/td> <\/tr> <tr> <td style=\"width: 164px\"><strong>EFOP-3.6.2-16-2017-00012 p\u00e1ly\u00e1zat<\/strong><\/td> <td style=\"width: 422px\"> <p style=\"margin-left: 3.85pt\">Funkcion\u00e1lis, eg\u00e9szs\u00e9ges \u00e9s biztons\u00e1gos \u00e9lelmiszer term\u00e9kp\u00e1lya modell kidolgoz\u00e1sa a sz\u00e1nt\u00f3f\u00f6ldt\u0151l az asztalig elv alapj\u00e1n, tematikus kutat\u00e1si h\u00e1l\u00f3zatban (2017-2020)<\/p> <\/td> <\/tr> <tr> <td style=\"width: 164px\"><strong>EFOP-3.6.1-16-2016-00024 p\u00e1ly\u00e1zat<\/strong><\/td> <td style=\"width: 422px\">Intelligens szakosod\u00e1st szolg\u00e1l\u00f3 fejleszt\u00e9sek az \u00c1llatorvostudom\u00e1nyi Egyetem \u00e9s a Sz\u00e9chenyi Istv\u00e1n Egyetem Mez\u0151gazdas\u00e1g- \u00e9s \u00c9lelmiszertudom\u00e1nyi Kar\u00e1nak egy\u00fcttm\u0171k\u00f6d\u00e9s\u00e9ben (2017-2021)<\/td> <\/tr> <tr> <td style=\"height: 63px;width: 164px\">\u00a0<strong>Kutat\u00f3kari t\u00e1mogat\u00e1s (KK-UK-2015) <\/strong><\/td> <td style=\"height: 63px;width: 422px\"> <p style=\"margin-left: 3.85pt\">Tejmint\u00e1kb\u00f3l ELISA m\u00f3dszerrel v\u00e9gzett korai vemhess\u00e9gdiagn\u00f3zis gazdas\u00e1goss\u00e1g\u00e1nak elemz\u00e9se nagy l\u00e9tsz\u00e1m\u00fa tehen\u00e9szetekben (2015-16)<\/p> <\/td> <\/tr> <tr> <td style=\"width: 164px\"><strong>T\u00c1MOP VKSZ<\/strong><\/td> <td style=\"width: 422px\"> <p style=\"margin-left: 3.85pt\">Az akvakult\u00fara \u00e1gazat kit\u00f6r\u00e9si pontjainak komplex, a versenyk\u00e9pess\u00e9get szolg\u00e1l\u00f3 fejleszt\u00e9se\u00a0\u00a0\u00a0 (2014-2017)<\/p> <\/td> <\/tr> <tr> <td style=\"width: 164px\"><strong>NKB kutat\u00e1s <\/strong><\/td> <td style=\"width: 422px\"> <p style=\"margin-left: 3.85pt\">Hazai szarvasmarhatelepek BVDV-fert\u0151z\u00f6tts\u00e9g\u00e9nek legf\u0151bb ok\u00e1t k\u00e9pez\u0151 perzisztensen fert\u0151z\u00f6tt egyedek azonos\u00edt\u00e1sa Idexx BVDV Antigen POC farmteszt seg\u00edts\u00e9g\u00e9vel. Az adott \u00e1llom\u00e1nyra vonatkoz\u00f3 mentes\u00edt\u00e9si terv kidolgoz\u00e1sa \u00e9s ez alapj\u00e1n javaslatt\u00e9tel igazgat\u00e1si int\u00e9zked\u00e9sekre (2012-13)<\/p> <\/td> <\/tr> <tr> <td style=\"width: 164px\"><strong>ERASMUS Lifelong Learning Programme <\/strong><\/td> <td style=\"width: 422px\">Networking to enhance the use of economics in animal health education, policy making and research in Europe and beyond\u00a0\u00a0\u00a0\u00a0\u00a0\u00a0\u00a0\u00a0\u00a0 (2012-2015)<\/td> <\/tr> <tr> <td style=\"height: 42px;width: 164px\"> <p style=\"text-align: left\"><strong>NKB kutat\u00e1s <\/strong><\/p> <\/td> <td style=\"height: 42px;width: 422px\"> <p style=\"margin-left: 3.85pt\">Immunhisztok\u00e9miai vizsg\u00e1latok szerepe az altat\u00e1sok sor\u00e1n bek\u00f6vetkezett hirtelen elhull\u00e1sok igazs\u00e1g\u00fcgyi meg\u00edt\u00e9l\u00e9s\u00e9ben (2011-2012)<\/p> <\/td> <\/tr> <\/tbody> <\/table> <p><strong>MEGB\u00cdZ\u00c1SOK:<\/strong><\/p> <p>Multinacion\u00e1lis \u00e1llatgy\u00f3gy\u00e1szati c\u00e9gek (2010-t\u0151l)<\/p>","protected":false},"excerpt":{"rendered":"<p>KUTAT\u00d3CSOPORT-VEZET\u0150: Dr. \u00d3zsv\u00e1ri L\u00e1szl\u00f3 PhD, MBA EL\u00c9RHET\u0150S\u00c9G: [Kattintson az emailc\u00edmhez] A KUTAT\u00d3CSOPORT TAGJAI: Egyetemi docens: Dr.\u00d3zsv\u00e1ri L\u00e1szl\u00f3 Tansz\u00e9ki munkat\u00e1rs: Dr. Csintalan Csaba, Dr. Ivanyos Dorottya, Dr. M\u00e1t\u00e9 Marietta, Dr. Szab\u00e1ra \u00c1gnes, Dr. Szab\u00f3 Erika, Dr. Vetter Szilvia Asszisztens: K\u00e1konyi Krisztina K\u00fcls\u0151 munkat\u00e1rs: :\u00a0 Dr. Erik Diez, Dr. Farkasn\u00e9 Gyurcs\u00f3 Adrienn, Dr. Fogarassy Csaba, Dr. Kasza<\/p>\n","protected":false},"author":1,"featured_media":0,"parent":870,"menu_order":228,"comment_status":"closed","ping_status":"closed","template":"","meta":{"_acf_changed":false,"footnotes":""},"categories":[],"tags":[],"class_list":["post-880","page","type-page","status-publish","hentry"],"acf":[],"_links":{"self":[{"href":"https:\/\/univet.hu\/hu\/wp-json\/wp\/v2\/pages\/880","targetHints":{"allow":["GET"]}}],"collection":[{"href":"https:\/\/univet.hu\/hu\/wp-json\/wp\/v2\/pages"}],"about":[{"href":"https:\/\/univet.hu\/hu\/wp-json\/wp\/v2\/types\/page"}],"author":[{"embeddable":true,"href":"https:\/\/univet.hu\/hu\/wp-json\/wp\/v2\/users\/1"}],"replies":[{"embeddable":true,"href":"https:\/\/univet.hu\/hu\/wp-json\/wp\/v2\/comments?post=880"}],"version-history":[{"count":1,"href":"https:\/\/univet.hu\/hu\/wp-json\/wp\/v2\/pages\/880\/revisions"}],"predecessor-version":[{"id":186521,"href":"https:\/\/univet.hu\/hu\/wp-json\/wp\/v2\/pages\/880\/revisions\/186521"}],"up":[{"embeddable":true,"href":"https:\/\/univet.hu\/hu\/wp-json\/wp\/v2\/pages\/870"}],"wp:attachment":[{"href":"https:\/\/univet.hu\/hu\/wp-json\/wp\/v2\/media?parent=880"}],"wp:term":[{"taxonomy":"category","embeddable":true,"href":"https:\/\/univet.hu\/hu\/wp-json\/wp\/v2\/categories?post=880"},{"taxonomy":"post_tag","embeddable":true,"href":"https:\/\/univet.hu\/hu\/wp-json\/wp\/v2\/tags?post=880"}],"curies":[{"name":"wp","href":"https:\/\/api.w.org\/{rel}","templated":true}]}}