{"id":88070,"date":"2023-07-05T09:55:09","date_gmt":"2023-07-05T07:55:09","guid":{"rendered":"https:\/\/univet.hu\/hu\/egyetem\/palyazati-projektek\/efsa\/"},"modified":"2023-07-05T10:14:22","modified_gmt":"2023-07-05T08:14:22","slug":"efsa","status":"publish","type":"page","link":"https:\/\/univet.hu\/hu\/egyetem\/palyazati-projektek\/efsa\/","title":{"rendered":"EFSA"},"content":{"rendered":"<p>K\u00fcldet\u00e9s<\/p> <p>Az EFSA k\u00f6zponti eleme az \u00e9lelmiszerl\u00e1nc biztons\u00e1ga a termel\u0151t\u0151l a fogyaszt\u00f3ig. Hozz\u00e1j\u00e1rulunk az emberi \u00e9let \u00e9s eg\u00e9szs\u00e9g v\u00e9delm\u00e9hez, figyelembe v\u00e9ve az \u00e1llatok eg\u00e9szs\u00e9g\u00e9t \u00e9s j\u00f3l\u00e9t\u00e9t, a n\u00f6v\u00e9nyek eg\u00e9szs\u00e9g\u00e9t \u00e9s a k\u00f6rnyezetet.<\/p> <p>F\u00fcggetlen \u00e9s \u00e1tl\u00e1that\u00f3 tudom\u00e1nyos tan\u00e1csokat adunk a politikai d\u00f6nt\u00e9shoz\u00f3knak a partnereinkkel val\u00f3 egy\u00fcttm\u0171k\u00f6d\u00e9s \u00e9s a t\u00e1rsadalommal folytatott ny\u00edlt p\u00e1rbesz\u00e9d r\u00e9v\u00e9n.<\/p>","protected":false},"excerpt":{"rendered":"<p>K\u00fcldet\u00e9s Az EFSA k\u00f6zponti eleme az \u00e9lelmiszerl\u00e1nc biztons\u00e1ga a termel\u0151t\u0151l a fogyaszt\u00f3ig. Hozz\u00e1j\u00e1rulunk az emberi \u00e9let \u00e9s eg\u00e9szs\u00e9g v\u00e9delm\u00e9hez, figyelembe v\u00e9ve az \u00e1llatok eg\u00e9szs\u00e9g\u00e9t \u00e9s j\u00f3l\u00e9t\u00e9t, a n\u00f6v\u00e9nyek eg\u00e9szs\u00e9g\u00e9t \u00e9s a k\u00f6rnyezetet. F\u00fcggetlen \u00e9s \u00e1tl\u00e1that\u00f3 tudom\u00e1nyos tan\u00e1csokat adunk a politikai d\u00f6nt\u00e9shoz\u00f3knak a partnereinkkel val\u00f3 egy\u00fcttm\u0171k\u00f6d\u00e9s \u00e9s a t\u00e1rsadalommal folytatott ny\u00edlt p\u00e1rbesz\u00e9d r\u00e9v\u00e9n.<\/p>\n","protected":false},"author":4688,"featured_media":0,"parent":1058,"menu_order":0,"comment_status":"open","ping_status":"open","template":"","meta":{"_acf_changed":false,"footnotes":""},"categories":[],"tags":[],"class_list":["post-88070","page","type-page","status-publish","hentry"],"acf":[],"_links":{"self":[{"href":"https:\/\/univet.hu\/hu\/wp-json\/wp\/v2\/pages\/88070","targetHints":{"allow":["GET"]}}],"collection":[{"href":"https:\/\/univet.hu\/hu\/wp-json\/wp\/v2\/pages"}],"about":[{"href":"https:\/\/univet.hu\/hu\/wp-json\/wp\/v2\/types\/page"}],"author":[{"embeddable":true,"href":"https:\/\/univet.hu\/hu\/wp-json\/wp\/v2\/users\/4688"}],"replies":[{"embeddable":true,"href":"https:\/\/univet.hu\/hu\/wp-json\/wp\/v2\/comments?post=88070"}],"version-history":[{"count":0,"href":"https:\/\/univet.hu\/hu\/wp-json\/wp\/v2\/pages\/88070\/revisions"}],"up":[{"embeddable":true,"href":"https:\/\/univet.hu\/hu\/wp-json\/wp\/v2\/pages\/1058"}],"wp:attachment":[{"href":"https:\/\/univet.hu\/hu\/wp-json\/wp\/v2\/media?parent=88070"}],"wp:term":[{"taxonomy":"category","embeddable":true,"href":"https:\/\/univet.hu\/hu\/wp-json\/wp\/v2\/categories?post=88070"},{"taxonomy":"post_tag","embeddable":true,"href":"https:\/\/univet.hu\/hu\/wp-json\/wp\/v2\/tags?post=88070"}],"curies":[{"name":"wp","href":"https:\/\/api.w.org\/{rel}","templated":true}]}}