{"id":88087,"date":"2023-07-05T10:22:23","date_gmt":"2023-07-05T08:22:23","guid":{"rendered":"https:\/\/univet.hu\/hu\/egyetem\/palyazati-projektek\/efsa\/eu-fora\/"},"modified":"2023-07-05T10:32:08","modified_gmt":"2023-07-05T08:32:08","slug":"elelmiszerbiztonsagi-kockazatelemzo-szakemberek-osztondij-lehetosege-az-eu-fora-programon-belul","status":"publish","type":"page","link":"https:\/\/univet.hu\/hu\/egyetem\/palyazati-projektek\/efsa\/elelmiszerbiztonsagi-kockazatelemzo-szakemberek-osztondij-lehetosege-az-eu-fora-programon-belul\/","title":{"rendered":"\u00c9lelmiszerbiztons\u00e1gi kock\u00e1zatelemz\u0151 szakemberek \u00f6szt\u00f6nd\u00edj lehet\u0151s\u00e9ge az EU-FORA programon bel\u00fcl"},"content":{"rendered":"<p>&nbsp;<\/p> <p><strong>P\u00e1ly\u00e1zati felh\u00edv\u00e1s k\u00f3dja:<\/strong> GP\/EFSA\/ENCO\/2021\/01<\/p> <p><strong>Projekt\/folyamat k\u00f3dja:<\/strong> AFSCO-13<\/p> <p><strong>Konzorcium tagjai:<\/strong> UNIVERSIDAD POLIT\u00c9CNICA DE CARTAGENA (Spanyolorsz\u00e1g)<\/p> <p><strong>Projekt teljes k\u00f6lts\u00e9gvet\u00e9se:<\/strong> 825 000 EUR<\/p> <p><strong>\u00c1llatorvostudom\u00e1nyi Egyetem \u00e1ltal elnyert t\u00e1mogat\u00e1si \u00f6sszeg:<\/strong> 55 000 EUR<\/p> <p><strong>T\u00e1mogat\u00e1si intenzit\u00e1s:<\/strong> 100%<\/p> <p><strong>Megval\u00f3s\u00edt\u00e1s id\u0151szaka:<\/strong><\/p> <p>2022. szeptember 01- 2023 augusztus 31. (12 H\u00f3nap)<\/p> <p><strong>Project website:<\/strong> EFSA | Science, safe food, sustainability (europa.eu)<\/p> <p><strong>\u00d6sszefoglal\u00f3:<\/strong><\/p> <p>Az EU-FORA \u00f6szt\u00f6nd\u00edjprogram f\u0151 hangs\u00falya a k\u00e9miai \u00e9s mikrobiol\u00f3giai k\u00e9rd\u00e9sekre ir\u00e1nyul kock\u00e1zat\u00e9rt\u00e9kel\u00e9s \u00e9s \u00e1ltal\u00e1nosabban az EFSA hat\u00e1sk\u00f6r\u00e9be tartoz\u00f3 tev\u00e9kenys\u00e9gek, hogy vonzz\u00e1k olyan relev\u00e1ns ter\u00fcletek szakemberei, mint: mez\u0151gazdas\u00e1g, biok\u00e9mia, bioinformatika, biol\u00f3gia, biometria, biotechnol\u00f3gia, k\u00e9mia, \u00e9trendi expoz\u00edci\u00f3, k\u00f6rnyezettudom\u00e1nyok, epidemiol\u00f3gia, \u00e9lelmiszer tudom\u00e1ny, \u00e9lelmiszer-technol\u00f3gia, genetika, eg\u00e9szs\u00e9g \u00e9s \u00e9lelmiszerbiztons\u00e1g, hum\u00e1n gy\u00f3gy\u00e1szat, \u00e9lettudom\u00e1nyok, matematika, mikrobiol\u00f3gia, molekul\u00e1ris biol\u00f3gia, term\u00e9szettudom\u00e1nyok, t\u00e1pl\u00e1lkoz\u00e1studom\u00e1ny, gy\u00f3gyszer\u00e9szet, k\u00f6zeg\u00e9szs\u00e9g\u00fcgy, statisztik\u00e1k, toxikol\u00f3gia, \u00e1llatgy\u00f3gy\u00e1szat vagy kapcsol\u00f3d\u00f3 ter\u00fcletek.<\/p> <p>Az EU-FORA program egy rendszeres, 12 h\u00f3napos tanul\u00e1s \u00e1ltali \u00f6szt\u00f6nd\u00edjat hozot l\u00e9tre melynek c\u00e9ljai a k\u00f6vetkez\u0151k:<br \/> \u2022 vonzza \u00e9s motiv\u00e1lja a p\u00e1lyafut\u00e1suk k\u00f6zep\u00e9n \u00e1ll\u00f3 szakembereket, hogy kock\u00e1zatfelm\u00e9r\u0151v\u00e9 v\u00e1ljanak, ez\u00e1ltal n\u00f6velve a Eur\u00f3p\u00e1ban el\u00e9rhet\u0151 szak\u00e9rt\u0151i csoport;<br \/> \u2022 fokozza a nemzeti \u00e9lelmiszer-biztons\u00e1gi \u00fcgyn\u00f6ks\u00e9gek \u00e9s az EFSA k\u00f6z\u00f6tti cser\u00e9t \u00e9s egy\u00fcttm\u0171k\u00f6d\u00e9st a tag\u00e1llamok r\u00e9szv\u00e9tel\u00e9nek \u00f6szt\u00f6nz\u00e9se a szab\u00e1lyoz\u00e1si kock\u00e1zat\u00e9rt\u00e9kel\u00e9si munk\u00e1ban;<br \/> \u2022 hozz\u00e1j\u00e1rul az \u00e9lelmiszer-biztons\u00e1gi kock\u00e1zat\u00e9rt\u00e9kel\u00e9si gyakorlatok harmoniz\u00e1l\u00e1s\u00e1hoz \u00e9s tov\u00e1bbfejleszt\u00e9s\u00e9hez, valamint m\u00f3dszertanok Eur\u00f3pa-szerte, a k\u00f6z\u00f6s uni\u00f3s kock\u00e1zati kult\u00fara ki\u00e9p\u00edt\u00e9se c\u00e9lj\u00e1b\u00f3l \u00e9rt\u00e9kel\u00e9s;<\/p> <p><img loading=\"lazy\" decoding=\"async\" class=\"size-medium wp-image-88091 alignright\" src=\"https:\/\/univet.hu\/wp-content\/uploads\/2023\/07\/small-EFSA_in-the-middle_CMYK_EN-320x226.jpg\" alt=\"\" width=\"320\" height=\"226\" srcset=\"https:\/\/univet.hu\/wp-content\/uploads\/2023\/07\/small-EFSA_in-the-middle_CMYK_EN-320x226.jpg 320w, https:\/\/univet.hu\/wp-content\/uploads\/2023\/07\/small-EFSA_in-the-middle_CMYK_EN.jpg 640w\" sizes=\"auto, (max-width: 320px) 100vw, 320px\" \/><\/p>","protected":false},"excerpt":{"rendered":"<p>&nbsp; P\u00e1ly\u00e1zati felh\u00edv\u00e1s k\u00f3dja: GP\/EFSA\/ENCO\/2021\/01 Projekt\/folyamat k\u00f3dja: AFSCO-13 Konzorcium tagjai: UNIVERSIDAD POLIT\u00c9CNICA DE CARTAGENA (Spanyolorsz\u00e1g) Projekt teljes k\u00f6lts\u00e9gvet\u00e9se: 825 000 EUR \u00c1llatorvostudom\u00e1nyi Egyetem \u00e1ltal elnyert t\u00e1mogat\u00e1si \u00f6sszeg: 55 000 EUR T\u00e1mogat\u00e1si intenzit\u00e1s: 100% Megval\u00f3s\u00edt\u00e1s id\u0151szaka: 2022. szeptember 01- 2023 augusztus 31. (12 H\u00f3nap) Project website: EFSA | Science, safe food, sustainability (europa.eu) \u00d6sszefoglal\u00f3: Az EU-FORA<\/p>\n","protected":false},"author":4688,"featured_media":0,"parent":88070,"menu_order":0,"comment_status":"open","ping_status":"open","template":"","meta":{"_acf_changed":false,"footnotes":""},"categories":[],"tags":[],"class_list":["post-88087","page","type-page","status-publish","hentry"],"acf":[],"_links":{"self":[{"href":"https:\/\/univet.hu\/hu\/wp-json\/wp\/v2\/pages\/88087","targetHints":{"allow":["GET"]}}],"collection":[{"href":"https:\/\/univet.hu\/hu\/wp-json\/wp\/v2\/pages"}],"about":[{"href":"https:\/\/univet.hu\/hu\/wp-json\/wp\/v2\/types\/page"}],"author":[{"embeddable":true,"href":"https:\/\/univet.hu\/hu\/wp-json\/wp\/v2\/users\/4688"}],"replies":[{"embeddable":true,"href":"https:\/\/univet.hu\/hu\/wp-json\/wp\/v2\/comments?post=88087"}],"version-history":[{"count":0,"href":"https:\/\/univet.hu\/hu\/wp-json\/wp\/v2\/pages\/88087\/revisions"}],"up":[{"embeddable":true,"href":"https:\/\/univet.hu\/hu\/wp-json\/wp\/v2\/pages\/88070"}],"wp:attachment":[{"href":"https:\/\/univet.hu\/hu\/wp-json\/wp\/v2\/media?parent=88087"}],"wp:term":[{"taxonomy":"category","embeddable":true,"href":"https:\/\/univet.hu\/hu\/wp-json\/wp\/v2\/categories?post=88087"},{"taxonomy":"post_tag","embeddable":true,"href":"https:\/\/univet.hu\/hu\/wp-json\/wp\/v2\/tags?post=88087"}],"curies":[{"name":"wp","href":"https:\/\/api.w.org\/{rel}","templated":true}]}}