{"id":88099,"date":"2023-07-05T11:56:02","date_gmt":"2023-07-05T09:56:02","guid":{"rendered":"https:\/\/univet.hu\/hu\/egyetem\/minosegugy\/name\/"},"modified":"2023-07-05T11:58:50","modified_gmt":"2023-07-05T09:58:50","slug":"iso-tanusitvanyok","status":"publish","type":"page","link":"https:\/\/univet.hu\/hu\/egyetem\/minosegugy\/iso-tanusitvanyok\/","title":{"rendered":"ISO tan\u00fas\u00edtv\u00e1nyok"},"content":{"rendered":"<p><a href=\"https:\/\/univet.hu\/wp-content\/uploads\/2023\/07\/Tan\u00fas\u00edtv\u00e1ny_magyar_\u00c1llatorvostudom\u00e1nyi-Egyetem_ISO9001.pdf\">ISO 9001:2015 tan\u00fas\u00edtv\u00e1ny<\/a><\/p>","protected":false},"excerpt":{"rendered":"<p>ISO 9001:2015 tan\u00fas\u00edtv\u00e1ny<\/p>\n","protected":false},"author":4185,"featured_media":0,"parent":1113,"menu_order":0,"comment_status":"open","ping_status":"open","template":"","meta":{"_acf_changed":false,"footnotes":""},"categories":[],"tags":[],"class_list":["post-88099","page","type-page","status-publish","hentry"],"acf":[],"_links":{"self":[{"href":"https:\/\/univet.hu\/hu\/wp-json\/wp\/v2\/pages\/88099","targetHints":{"allow":["GET"]}}],"collection":[{"href":"https:\/\/univet.hu\/hu\/wp-json\/wp\/v2\/pages"}],"about":[{"href":"https:\/\/univet.hu\/hu\/wp-json\/wp\/v2\/types\/page"}],"author":[{"embeddable":true,"href":"https:\/\/univet.hu\/hu\/wp-json\/wp\/v2\/users\/4185"}],"replies":[{"embeddable":true,"href":"https:\/\/univet.hu\/hu\/wp-json\/wp\/v2\/comments?post=88099"}],"version-history":[{"count":0,"href":"https:\/\/univet.hu\/hu\/wp-json\/wp\/v2\/pages\/88099\/revisions"}],"up":[{"embeddable":true,"href":"https:\/\/univet.hu\/hu\/wp-json\/wp\/v2\/pages\/1113"}],"wp:attachment":[{"href":"https:\/\/univet.hu\/hu\/wp-json\/wp\/v2\/media?parent=88099"}],"wp:term":[{"taxonomy":"category","embeddable":true,"href":"https:\/\/univet.hu\/hu\/wp-json\/wp\/v2\/categories?post=88099"},{"taxonomy":"post_tag","embeddable":true,"href":"https:\/\/univet.hu\/hu\/wp-json\/wp\/v2\/tags?post=88099"}],"curies":[{"name":"wp","href":"https:\/\/api.w.org\/{rel}","templated":true}]}}