{"id":88146,"date":"2023-07-06T13:55:51","date_gmt":"2023-07-06T11:55:51","guid":{"rendered":"https:\/\/univet.hu\/hu\/egyetem\/palyazati-projektek\/mta-projektek\/vendegkutato\/"},"modified":"2023-07-06T13:57:13","modified_gmt":"2023-07-06T11:57:13","slug":"vendegkutatoi-program-2023","status":"publish","type":"page","link":"https:\/\/univet.hu\/hu\/egyetem\/palyazati-projektek\/mta-projektek\/vendegkutatoi-program-2023\/","title":{"rendered":"Vend\u00e9gkutat\u00f3i Program 2023"},"content":{"rendered":"<p>&nbsp;<\/p> <p><strong>Projekt c\u00edme:<\/strong> A k\u00e9n-metabolizmus alternat\u00edv \u00fatvonalainak felt\u00e9rk\u00e9pez\u00e9se \u00e9s redox-biol\u00f3giai aspektus\u00e1nak kutat\u00e1sa<\/p> <p><strong>Projekt azonos\u00edt\u00f3:<\/strong> VENDEGKUTATO2023-26<\/p> <p><strong>T\u00e1mogat\u00e1s \u00f6sszege:<\/strong> 15.000.000,- Ft<\/p> <p><strong>T\u00e1mogat\u00e1si intenzit\u00e1s:<\/strong> 100%<\/p> <p><strong>Projekt szakmai vezet\u0151je:<\/strong> Dr. Nagy P\u00e9ter<br \/> <strong>Vend\u00e9gkutat\u00f3:<\/strong> Prof Edward Eric Schmidt (Montana State University, Bozeman, Montana USA)<\/p> <p><strong>Megval\u00f3s\u00edt\u00e1si id\u0151szak:<\/strong><br \/> 2023. j\u00falius 1. &#8211; 2023. december 31. (6 h\u00f3nap)<\/p> <p><strong>Projekt tartalma:<\/strong><br \/> Kutat\u00f3csoportunk a redox homeoszt\u00e1zis k\u00e9n metabolizmussal kapcsolatos, eddig felt\u00e1ratlan aspektusait vizsg\u00e1lja. Eml\u0151s sejtekben ennek k\u00e9t kulcsszerepl\u0151je a NADPH-f\u00fcgg\u0151 tioredoxin-redukt\u00e1z \u00e9s glutation-redukt\u00e1z, mely enzimek l\u00e9tfontoss\u00e1g\u00fa sejtfunkci\u00f3kat ir\u00e1ny\u00edtanak.<br \/> Prof. Edward Schmidt kutat\u00f3csoportja kor\u00e1bban olyan \u00e9letk\u00e9pes eg\u00e9rmodellt hozott l\u00e9tre, amelyek m\u00e1j\u00e1ban a k\u00e9t kulcsenzim egyszerre hi\u00e1nyzik (TR\/GR-null). Ezen \u00e1llatok t\u00fal\u00e9l\u00e9se a transzszulfur\u00e1ci\u00f3s utak metabolikus \u00e1tprogramoz\u00e1s\u00e1n alapul.<br \/> A projekt sor\u00e1n v\u00e1rhat\u00f3an \u00e1tfog\u00f3 ismereteket szerz\u00fcnk a transzszulfur\u00e1ci\u00f3 metabolikus \u00fatvonalak szab\u00e1lyoz\u00e1s\u00e1r\u00f3l \u00e9s enzimeik oxidat\u00edv stressz elleni v\u00e9delemben j\u00e1tszott szerep\u00e9r\u0151l, amelyek kor\u00e1bbi kutat\u00e1saink alapj\u00e1n meghat\u00e1roz\u00f3 jelent\u0151s\u00e9ggel b\u00edrnak r\u00e1kos megbeteged\u00e9sek \u00faj ter\u00e1pi\u00e1s elj\u00e1r\u00e1sainak kidolgoz\u00e1sa szempontj\u00e1b\u00f3l.<\/p>","protected":false},"excerpt":{"rendered":"<p>&nbsp; Projekt c\u00edme: A k\u00e9n-metabolizmus alternat\u00edv \u00fatvonalainak felt\u00e9rk\u00e9pez\u00e9se \u00e9s redox-biol\u00f3giai aspektus\u00e1nak kutat\u00e1sa Projekt azonos\u00edt\u00f3: VENDEGKUTATO2023-26 T\u00e1mogat\u00e1s \u00f6sszege: 15.000.000,- Ft T\u00e1mogat\u00e1si intenzit\u00e1s: 100% Projekt szakmai vezet\u0151je: Dr. Nagy P\u00e9ter Vend\u00e9gkutat\u00f3: Prof Edward Eric Schmidt (Montana State University, Bozeman, Montana USA) Megval\u00f3s\u00edt\u00e1si id\u0151szak: 2023. j\u00falius 1. &#8211; 2023. december 31. (6 h\u00f3nap) Projekt tartalma: Kutat\u00f3csoportunk a redox<\/p>\n","protected":false},"author":4688,"featured_media":0,"parent":88144,"menu_order":0,"comment_status":"open","ping_status":"open","template":"","meta":{"_acf_changed":false,"footnotes":""},"categories":[],"tags":[],"class_list":["post-88146","page","type-page","status-publish","hentry"],"acf":[],"_links":{"self":[{"href":"https:\/\/univet.hu\/hu\/wp-json\/wp\/v2\/pages\/88146","targetHints":{"allow":["GET"]}}],"collection":[{"href":"https:\/\/univet.hu\/hu\/wp-json\/wp\/v2\/pages"}],"about":[{"href":"https:\/\/univet.hu\/hu\/wp-json\/wp\/v2\/types\/page"}],"author":[{"embeddable":true,"href":"https:\/\/univet.hu\/hu\/wp-json\/wp\/v2\/users\/4688"}],"replies":[{"embeddable":true,"href":"https:\/\/univet.hu\/hu\/wp-json\/wp\/v2\/comments?post=88146"}],"version-history":[{"count":0,"href":"https:\/\/univet.hu\/hu\/wp-json\/wp\/v2\/pages\/88146\/revisions"}],"up":[{"embeddable":true,"href":"https:\/\/univet.hu\/hu\/wp-json\/wp\/v2\/pages\/88144"}],"wp:attachment":[{"href":"https:\/\/univet.hu\/hu\/wp-json\/wp\/v2\/media?parent=88146"}],"wp:term":[{"taxonomy":"category","embeddable":true,"href":"https:\/\/univet.hu\/hu\/wp-json\/wp\/v2\/categories?post=88146"},{"taxonomy":"post_tag","embeddable":true,"href":"https:\/\/univet.hu\/hu\/wp-json\/wp\/v2\/tags?post=88146"}],"curies":[{"name":"wp","href":"https:\/\/api.w.org\/{rel}","templated":true}]}}