{"id":88187,"date":"2023-07-07T12:11:50","date_gmt":"2023-07-07T10:11:50","guid":{"rendered":"https:\/\/univet.hu\/?page_id=88187"},"modified":"2023-09-05T16:17:19","modified_gmt":"2023-09-05T14:17:19","slug":"tanevnyito-unnepseg-2023","status":"publish","type":"page","link":"https:\/\/univet.hu\/hu\/tanevnyito-unnepseg-2023\/","title":{"rendered":"Tan\u00e9vnyit\u00f3 \u00fcnneps\u00e9g 2023"},"content":{"rendered":"<p><span class=\"emphasis\">Az esem\u00e9ny \u00e9l\u0151 k\u00f6zvet\u00edt\u00e9se itt n\u00e9zhet\u0151 vissza:<\/span><\/p> <p><iframe loading=\"lazy\" title=\"YouTube video player\" src=\"https:\/\/www.youtube.com\/embed\/e0bXqW8Remw?si=2-lXAYvS61hw7AAO\" width=\"560\" height=\"315\" frameborder=\"0\" allowfullscreen=\"allowfullscreen\"><\/iframe><\/p> <p><strong>Az \u00fcnneps\u00e9gen k\u00e9sz\u00fclt fot\u00f3k\u00e9rt kattintson <a href=\"https:\/\/allatorvosiegyetem.sharepoint.com\/:f:\/s\/kommunikacio\/EhRimQser2VOtek_AEzeHhQBr8GeGL7Hs-jx5nxmmTOB8w?e=1ghnTf\">IDE.<\/a><\/strong><\/p> <p><a href=\"https:\/\/univet.hu\/hu\/2023\/07\/18\/tanevnyito-unnepseg-2023\/ate-41-meghivo-tanevnyito-unnepseg-2\/\" rel=\"attachment wp-att-88744\"><img loading=\"lazy\" decoding=\"async\" class=\"aligncenter size-full wp-image-88744\" src=\"https:\/\/univet.hu\/wp-content\/uploads\/2023\/07\/ATE-41-megh\u00edv\u00f3-tan\u00e9vnyit\u00f3-\u00fcnneps\u00e9g.png\" alt=\"\" width=\"2363\" height=\"1624\" srcset=\"https:\/\/univet.hu\/wp-content\/uploads\/2023\/07\/ATE-41-megh\u00edv\u00f3-tan\u00e9vnyit\u00f3-\u00fcnneps\u00e9g.png 2363w, https:\/\/univet.hu\/wp-content\/uploads\/2023\/07\/ATE-41-megh\u00edv\u00f3-tan\u00e9vnyit\u00f3-\u00fcnneps\u00e9g-320x220.png 320w, https:\/\/univet.hu\/wp-content\/uploads\/2023\/07\/ATE-41-megh\u00edv\u00f3-tan\u00e9vnyit\u00f3-\u00fcnneps\u00e9g-768x528.png 768w, https:\/\/univet.hu\/wp-content\/uploads\/2023\/07\/ATE-41-megh\u00edv\u00f3-tan\u00e9vnyit\u00f3-\u00fcnneps\u00e9g-960x660.png 960w\" sizes=\"auto, (max-width: 2363px) 100vw, 2363px\" \/><\/a><\/p> <p>&nbsp;<\/p> <p><a href=\"https:\/\/univet.hu\/hu\/2023\/07\/18\/tanevnyito-unnepseg-2023\/ate-41-meghivo-tanevnyito-unnepseg-3\/\" target=\"_blank\" rel=\"attachment noopener wp-att-88745\">Megh\u00edv\u00f3 let\u00f6lt\u00e9se pdf-ben.<\/a><\/p>","protected":false},"excerpt":{"rendered":"<p>Az esem\u00e9ny \u00e9l\u0151 k\u00f6zvet\u00edt\u00e9se itt n\u00e9zhet\u0151 vissza: Az \u00fcnneps\u00e9gen k\u00e9sz\u00fclt fot\u00f3k\u00e9rt kattintson IDE. &nbsp; Megh\u00edv\u00f3 let\u00f6lt\u00e9se pdf-ben.<\/p>\n","protected":false},"author":2518,"featured_media":0,"parent":0,"menu_order":0,"comment_status":"closed","ping_status":"closed","template":"","meta":{"_acf_changed":false,"footnotes":""},"categories":[],"tags":[],"class_list":["post-88187","page","type-page","status-publish","hentry"],"acf":[],"_links":{"self":[{"href":"https:\/\/univet.hu\/hu\/wp-json\/wp\/v2\/pages\/88187","targetHints":{"allow":["GET"]}}],"collection":[{"href":"https:\/\/univet.hu\/hu\/wp-json\/wp\/v2\/pages"}],"about":[{"href":"https:\/\/univet.hu\/hu\/wp-json\/wp\/v2\/types\/page"}],"author":[{"embeddable":true,"href":"https:\/\/univet.hu\/hu\/wp-json\/wp\/v2\/users\/2518"}],"replies":[{"embeddable":true,"href":"https:\/\/univet.hu\/hu\/wp-json\/wp\/v2\/comments?post=88187"}],"version-history":[{"count":0,"href":"https:\/\/univet.hu\/hu\/wp-json\/wp\/v2\/pages\/88187\/revisions"}],"wp:attachment":[{"href":"https:\/\/univet.hu\/hu\/wp-json\/wp\/v2\/media?parent=88187"}],"wp:term":[{"taxonomy":"category","embeddable":true,"href":"https:\/\/univet.hu\/hu\/wp-json\/wp\/v2\/categories?post=88187"},{"taxonomy":"post_tag","embeddable":true,"href":"https:\/\/univet.hu\/hu\/wp-json\/wp\/v2\/tags?post=88187"}],"curies":[{"name":"wp","href":"https:\/\/api.w.org\/{rel}","templated":true}]}}