{"id":882,"date":"2017-06-27T11:36:00","date_gmt":"2017-06-27T09:36:00","guid":{"rendered":"http:\/\/univet.hu\/egyetem\/kutatas\/kutatocsoportok\/allatenyesztesi-es-genetikai-kutatocsoport\/"},"modified":"2024-12-12T13:04:21","modified_gmt":"2024-12-12T12:04:21","slug":"allatenyesztesi-es-genetikai-kutatocsoport","status":"publish","type":"page","link":"https:\/\/univet.hu\/hu\/kutatas\/kutatocsoportok\/allatenyesztesi-es-genetikai-kutatocsoport\/","title":{"rendered":"\u00c1llateny\u00e9szt\u00e9si \u00e9s Genetikai Kutat\u00f3csoport"},"content":{"rendered":"<p><strong>KUTAT\u00d3CSOPORT-VEZET\u0150: <\/strong>Dr. G\u00e1sp\u00e1rdy Andr\u00e1s<\/p> <p><strong>EL\u00c9RHET\u0150S\u00c9G:<\/strong> <a class=\"decrypt\" rel=\"hbtqbsez\/boesbtAvojwfu\/iv\" href=\"javascript:void(0);\">[Kattintson az emailc\u00edmhez]<\/a><\/p> <p><strong>A KUTAT\u00d3CSOPORT TAGJAI:<\/strong><br \/> Egyetemi tan\u00e1r: Dr. Z\u00f6ld\u00e1g L\u00e1szl\u00f3<\/p> <p>Egyetemi docens: Dr. G\u00e1sp\u00e1rdy Andr\u00e1s<\/p> <p>Egyetemi adjunktus: Dr. Mar\u00f3ti-Ag\u00f3ts \u00c1kos<\/p> <p>Tudom\u00e1nyos munkat\u00e1rs: Dr. Zenke Petra<\/p> <p>Asszisztens: Keindl \u00c1gnes<\/p> <p>Egy\u00fcttm\u0171k\u00f6d\u0151k: Csapodi Csaba (ELTE), Kaltenecker Endre (MSZTE), Dr. K\u0151r\u00f6si Andrea (MMgM), Dr. S\u00e1f\u00e1r L\u00e1szl\u00f3 (MJKSZ)<\/p> <p>&nbsp;<\/p> <p><strong>KUTAT\u00c1SI TER\u00dcLETEK:<\/strong><\/p> <p><strong>Genotipiz\u00e1l\u00e1s:<\/strong>H\u00e1zi\u00e1llat-popul\u00e1ci\u00f3k \u00e9s fajt\u00e1k biodiverzit\u00e1sa, h\u00e1zi\u00e1llatok teljes\u00edtm\u00e9ny \u00e9s teny\u00e9sz\u00e9rt\u00e9k vizsg\u00e1lata. \u00d6r\u00f6kl\u0151d\u0151 betegs\u00e9gek molekul\u00e1ris diagn\u00f3zisa kuty\u00e1ban \u00e9s macsk\u00e1ban, igazs\u00e1g\u00fcgyi \u00e1llatgenetika, DNS-alap\u00fa egyedazonos\u00edt\u00e1s \u00e9s sz\u00e1rmaz\u00e1sellen\u0151rz\u00e9s. Mintak\u00e9pz\u00e9si elj\u00e1r\u00e1sok, -sz\u00e1m\u00edt\u00e1sok.<\/p> <p><strong>Fenotipiz\u00e1l\u00e1s<\/strong>:A fenot\u00edpus le\u00edr\u00e1sa korszer\u0171 elj\u00e1r\u00e1sokkal, eszk\u00f6z\u00f6kkel. 2D, 3D formaelemz\u00e9s eszk\u00f6zei, nem line\u00e1ris m\u00e9retfelv\u00e9teli elj\u00e1r\u00e1sok. A matematikai jellemz\u00e9s, le\u00edr\u00e1s, \u00f6sszehasonl\u00edt\u00e1s \u00faj eszk\u00f6zei. A geometriai morfometria alkalmaz\u00e1si lehet\u0151s\u00e9gei. A real-time, 3D \u00e1llatmodellek l\u00e9trehoz\u00e1s\u00e1nak eszk\u00f6zei. Az in-silico k\u00fcllemb\u00edr\u00e1lat lehet\u0151s\u00e9gei. K\u00fcllemarchiv\u00e1l\u00e1si eszk\u00f6z\u00f6k. VATECs m\u00f3dszer alkalmaz\u00e1si lehet\u0151s\u00e9gei baromfiakban. Automatikus 3D modellez\u00e9s. CT felv\u00e9telek hasznos\u00edt\u00e1sa sz\u00fcrkemarha kopony\u00e1k vizsg\u00e1lat\u00e1ban. Phenbank.eu l\u00e9trehoz\u00e1sa.<\/p> <p>&nbsp;<\/p> <p><strong>SZAKMAI SZERVEZETI TAGS\u00c1G:<\/strong><\/p> <p>SAVE &#8211; Safeguard for Agricultural Varieties in Europe<\/p> <p>DAGENE &#8211; International Association for the Conservation of Animal Breeds in the Danube Region<\/p> <p>EFABIS &#8211; European Farm Animal Biodiversty Information System<\/p> <p>Magyar Sz\u00fcrke Szarvasmarh\u00e1t Kedvel\u0151k Bar\u00e1ti K\u00f6re<br \/> Magyarorsz\u00e1gi Humboldt-Egyes\u00fclet<br \/> Magyar Genetikusok Egyes\u00fclete<br \/> Budapesti Igazs\u00e1g\u00fcgyi Szak\u00e9rt\u0151i Kamara<br \/> Magyar Orsz\u00e1gos \u00c1llatorvos Egyes\u00fclet<br \/> Magyar Juh- \u00e9s Kecsketeny\u00e9szt\u0151k Sz\u00f6vets\u00e9ge<\/p> <p>M\u00c1SZ, \u00c1llatteny\u00e9szt\u00e9s-t\u00f6rt\u00e9neti Szakbizotts\u00e1g<\/p> <p>&nbsp;<\/p> <p><strong>HOSSZ\u00daT\u00c1V\u00da EGY\u00dcTTM\u0170K\u00d6D\u00c9SEK:<\/strong><br \/> Szent Istv\u00e1n Egyetem<\/p> <p>Nemzeti Agr\u00e1rkutat\u00e1si \u00e9s Innov\u00e1ci\u00f3s K\u00f6zpont (NAIK)<\/p> <p>Kaposv\u00e1ri Egyetem, \u00c1llattudom\u00e1nyi Kar<br \/> University of Veterinary Medicine Vienna (Ausztria)<br \/> Magyar Mez\u0151gazdas\u00e1gi M\u00fazeum<br \/> Magyar Term\u00e9szettudom\u00e1nyi M\u00fazeum<br \/> Haszon\u00e1llat-g\u00e9nmeg\u0151rz\u00e9si K\u00f6zpont<\/p> <p>University of Ljubljana<\/p> <p>University of Zagreb<\/p> <p>&nbsp;<\/p> <p><strong>IG\u00c9NYELHET\u0150 SZOLG\u00c1LTAT\u00c1SOK:<\/strong><\/p> <p>Igazs\u00e1g\u00fcgyi szak\u00e9rt\u0151i tev\u00e9kenys\u00e9g \u00e9s szaktan\u00e1csad\u00e1s<\/p> <p>DNS alap\u00fa egyed \u00e9s fajazonos\u00edt\u00e1s<\/p> <p>Elm\u00e9leti \u00e9s gyakorlati tov\u00e1bbk\u00e9pz\u00e9sek<\/p> <p>Terepi szarvasmarha VATEM m\u00e9r\u00e9sek<\/p> <p>VATEM m\u00e9r\u00e9sek<\/p> <p>Bikakatal\u00f3gus m\u00e9r\u00e9sek<\/p> <p>&nbsp;<\/p> <p><strong>P\u00c1LY\u00c1ZATOK:<\/strong><\/p> <p>&nbsp;<\/p> <table style=\"width: 602px;\" border=\"0\" cellspacing=\"0\" cellpadding=\"0\"> <tbody> <tr> <td style=\"height: 63px; width: 128px;\"><strong>T\u00e1mogat\u00f3 szervezet \/forr\u00e1s megnevez\u00e9se<\/strong><\/td> <td style=\"height: 63px; width: 346px;\"><strong>P\u00e1ly\u00e1zati projekt c\u00edme \u00e9s t\u00e9m\u00e1ja <\/strong><\/td> <td style=\"height: 63px; width: 128px;\"><strong>T\u00e1mogat\u00e1s \u00f6sszege (Ft-ban)<\/strong><\/td> <\/tr> <tr> <td style=\"height: 63px; width: 128px;\"> <p>EMMI Kutat\u00f3kar<\/p> <p>\u00daj kutat\u00e1si t\u00e9ma<\/p> <p>&nbsp;<\/td> <td style=\"height: 63px; width: 346px;\"> <p style=\"margin-left: -3.25pt;\">G\u00e9nrezerv \u00e1llom\u00e1nyok korszer\u0171 fenntart\u00e1s\u00e1t megalapoz\u00f3 popul\u00e1ci\u00f3genetikai kutat\u00e1sok (2014)<\/p> <p>&nbsp;<\/td> <td style=\"height: 63px; width: 128px;\">1.000.000<\/td> <\/tr> <tr> <td style=\"height: 63px; width: 128px;\"> <p>MVH<\/p> <p>&nbsp;<\/td> <td style=\"height: 63px; width: 346px;\"> <p>Genetikai er\u0151forr\u00e1sok meg\u0151rz\u00e9se int\u00e9zked\u00e9s keret\u00e9ben a v\u00e9dett \u0151shonos \u00e9s vesz\u00e9lyeztetett mez\u0151gazdas\u00e1gi \u00e1llatfajt\u00e1k meg\u0151rz\u00e9se (2081807051; 2013-2017)<\/p> <p>&nbsp;<\/td> <td style=\"height: 63px; width: 128px;\">5.000.000<\/td> <\/tr> <tr> <td style=\"height: 63px; width: 128px;\">VEKOP<\/td> <td style=\"height: 63px; width: 346px;\">2017-2021 &#8211; A K\u00e1rp\u00e1t-medencei \u0151shonos haszon\u00e1llatfajok, -fajt\u00e1k \u00e9s -\u00f6kot\u00edpusok XXI. sz\u00e1zadi g\u00e9nbanki strat\u00e9gi\u00e1j\u00e1nak tudom\u00e1nyos megalapoz\u00e1sa \u00e9s fejleszt\u00e9se<\/td> <td style=\"height: 63px; width: 128px;\">100.000.000<\/td> <\/tr> <\/tbody> <\/table> <p>&nbsp;<\/p> <p>&nbsp;<\/p> <p><a title=\"\" href=\"http:\/\/kutatocsoportok.szie.hu\/sites\/default\/files\/styles\/large\/public\/allatteny_es_allatorvosgenetikai_kcs4_0.jpeg?itok=UCJqO3Pi\" rel=\"lightbox[field_k_p][]\"><img decoding=\"async\" style=\"height: 67px; width: 100px;\" src=\"http:\/\/kutatocsoportok.szie.hu\/sites\/default\/files\/styles\/thumbnail\/public\/allatteny_es_allatorvosgenetikai_kcs4_0.jpeg?itok=QG5Vo8cd\" data-replaced=\"true\" \/><\/a><\/p> <p><a title=\"\" href=\"http:\/\/kutatocsoportok.szie.hu\/sites\/default\/files\/styles\/large\/public\/allatteny_es_allatorvosgenetikai_kcs1_0.JPG?itok=6ichHbs0\" rel=\"lightbox[field_k_p][]\"><img decoding=\"async\" style=\"height: 66px; width: 100px;\" src=\"http:\/\/kutatocsoportok.szie.hu\/sites\/default\/files\/styles\/thumbnail\/public\/allatteny_es_allatorvosgenetikai_kcs1_0.JPG?itok=Q-CawOII\" data-replaced=\"true\" \/><\/a><\/p> <p><a title=\"\" href=\"http:\/\/kutatocsoportok.szie.hu\/sites\/default\/files\/styles\/large\/public\/allatteny_es_allatorvosgenetikai_kcs2_0.jpeg?itok=VaKJv06E\" rel=\"lightbox[field_k_p][]\"><img decoding=\"async\" style=\"height: 67px; width: 100px;\" src=\"http:\/\/kutatocsoportok.szie.hu\/sites\/default\/files\/styles\/thumbnail\/public\/allatteny_es_allatorvosgenetikai_kcs2_0.jpeg?itok=WOVV0S9l\" data-replaced=\"true\" \/><\/a><\/p> <p><a title=\"\" href=\"http:\/\/kutatocsoportok.szie.hu\/sites\/default\/files\/styles\/large\/public\/allatteny_es_allatorvosgenetikai_kcs3_0.jpeg?itok=JQYw63rh\" rel=\"lightbox[field_k_p][]\"><img decoding=\"async\" style=\"height: 67px; width: 100px;\" src=\"http:\/\/kutatocsoportok.szie.hu\/sites\/default\/files\/styles\/thumbnail\/public\/allatteny_es_allatorvosgenetikai_kcs3_0.jpeg?itok=WhN8wiSJ\" data-replaced=\"true\" \/><\/a><\/p>","protected":false},"excerpt":{"rendered":"<p>KUTAT\u00d3CSOPORT-VEZET\u0150: Dr. G\u00e1sp\u00e1rdy Andr\u00e1s EL\u00c9RHET\u0150S\u00c9G: [Kattintson az emailc\u00edmhez] A KUTAT\u00d3CSOPORT TAGJAI: Egyetemi tan\u00e1r: Dr. Z\u00f6ld\u00e1g L\u00e1szl\u00f3 Egyetemi docens: Dr. G\u00e1sp\u00e1rdy Andr\u00e1s Egyetemi adjunktus: Dr. Mar\u00f3ti-Ag\u00f3ts \u00c1kos Tudom\u00e1nyos munkat\u00e1rs: Dr. Zenke Petra Asszisztens: Keindl \u00c1gnes Egy\u00fcttm\u0171k\u00f6d\u0151k: Csapodi Csaba (ELTE), Kaltenecker Endre (MSZTE), Dr. K\u0151r\u00f6si Andrea (MMgM), Dr. S\u00e1f\u00e1r L\u00e1szl\u00f3 (MJKSZ) &nbsp; KUTAT\u00c1SI TER\u00dcLETEK: Genotipiz\u00e1l\u00e1s:H\u00e1zi\u00e1llat-popul\u00e1ci\u00f3k \u00e9s fajt\u00e1k<\/p>\n","protected":false},"author":1,"featured_media":0,"parent":870,"menu_order":228,"comment_status":"closed","ping_status":"closed","template":"","meta":{"_acf_changed":false,"footnotes":""},"categories":[],"tags":[],"class_list":["post-882","page","type-page","status-publish","hentry"],"acf":[],"_links":{"self":[{"href":"https:\/\/univet.hu\/hu\/wp-json\/wp\/v2\/pages\/882","targetHints":{"allow":["GET"]}}],"collection":[{"href":"https:\/\/univet.hu\/hu\/wp-json\/wp\/v2\/pages"}],"about":[{"href":"https:\/\/univet.hu\/hu\/wp-json\/wp\/v2\/types\/page"}],"author":[{"embeddable":true,"href":"https:\/\/univet.hu\/hu\/wp-json\/wp\/v2\/users\/1"}],"replies":[{"embeddable":true,"href":"https:\/\/univet.hu\/hu\/wp-json\/wp\/v2\/comments?post=882"}],"version-history":[{"count":0,"href":"https:\/\/univet.hu\/hu\/wp-json\/wp\/v2\/pages\/882\/revisions"}],"up":[{"embeddable":true,"href":"https:\/\/univet.hu\/hu\/wp-json\/wp\/v2\/pages\/870"}],"wp:attachment":[{"href":"https:\/\/univet.hu\/hu\/wp-json\/wp\/v2\/media?parent=882"}],"wp:term":[{"taxonomy":"category","embeddable":true,"href":"https:\/\/univet.hu\/hu\/wp-json\/wp\/v2\/categories?post=882"},{"taxonomy":"post_tag","embeddable":true,"href":"https:\/\/univet.hu\/hu\/wp-json\/wp\/v2\/tags?post=882"}],"curies":[{"name":"wp","href":"https:\/\/api.w.org\/{rel}","templated":true}]}}