{"id":88232,"date":"2023-07-10T11:15:52","date_gmt":"2023-07-10T09:15:52","guid":{"rendered":"https:\/\/univet.hu\/hu\/kutatas\/temak\/new-research-page-2\/"},"modified":"2023-07-10T11:15:52","modified_gmt":"2023-07-10T09:15:52","slug":"antimikrobialis-rezisztencia-kutatocsoport","status":"publish","type":"page","link":"https:\/\/univet.hu\/hu\/kutatas\/temak\/antimikrobialis-rezisztencia-kutatocsoport\/","title":{"rendered":"Antimikrobi\u00e1lis rezisztencia kutat\u00f3csoport"},"content":{"rendered":"<p>Az \u00e1llat- \u00e9s a k\u00f6zeg\u00e9szs\u00e9g\u00fcgy egys\u00e9ges kezel\u00e9s\u00e9vel az antibiotikum-rezisztenci\u00e1val kapcsolatos folyamatok \u00e9s jelens\u00e9gek elemz\u00e9se, jobb meg\u00e9rt\u00e9se, megold\u00e1si lehet\u0151s\u00e9geinek felt\u00e1r\u00e1sa.<br aria-hidden=\"true\" \/>Az antimikrobi\u00e1lis rezisztencia korunk egyik legjelent\u0151sebb k\u00f6zeg\u00e9szs\u00e9g\u00fcgyi probl\u00e9m\u00e1ja, amely mind az agr\u00e1r-\u00e9lelmiszerl\u00e1nc biztons\u00e1g\u00e1t, mind a fenntarthat\u00f3 gazd\u00e1lkod\u00e1st, mind pedig a k\u00f6zeg\u00e9szs\u00e9g\u00fcgyet meghat\u00e1roz\u00f3 t\u00e9nyez\u0151.<br aria-hidden=\"true\" \/>Kutat\u00f3csoportunk farmakodin\u00e1miai \u00e9s farmakokinetikai vizsg\u00e1latok v\u00e9gz\u00e9s\u00e9vel j\u00e1rul hozz\u00e1 az \u00e1llatokban alkalmazott antibiotikumokkal kapcsolatos ismeretanyaghoz.<br aria-hidden=\"true\" \/>Mindezen t\u00falmen\u0151en, az antibiotikum-rezisztenciag\u00e9nek terjed\u00e9s\u00e9t vizsg\u00e1lja az \u00e9lelmiszerl\u00e1ncban, \u00e9s egy\u00e9b, a hum\u00e1n eg\u00e9szs\u00e9g\u00fcgyet befoly\u00e1sol\u00f3 ter\u00fcleteken. Mindemellett, antibiotikum-alternat\u00edv\u00e1k fejleszt\u00e9s\u00e9n is tev\u00e9kenykedik, els\u0151sorban takarm\u00e1nykieg\u00e9sz\u00edt\u0151k, bakteriof\u00e1gok \u00e9s antimikrobi\u00e1lis peptidek vonatkoz\u00e1s\u00e1ban.<\/p>","protected":false},"excerpt":{"rendered":"<p>Az \u00e1llat- \u00e9s a k\u00f6zeg\u00e9szs\u00e9g\u00fcgy egys\u00e9ges kezel\u00e9s\u00e9vel az antibiotikum-rezisztenci\u00e1val kapcsolatos folyamatok \u00e9s jelens\u00e9gek elemz\u00e9se, jobb meg\u00e9rt\u00e9se, megold\u00e1si lehet\u0151s\u00e9geinek felt\u00e1r\u00e1sa.Az antimikrobi\u00e1lis rezisztencia korunk egyik legjelent\u0151sebb k\u00f6zeg\u00e9szs\u00e9g\u00fcgyi probl\u00e9m\u00e1ja, amely mind az agr\u00e1r-\u00e9lelmiszerl\u00e1nc biztons\u00e1g\u00e1t, mind a fenntarthat\u00f3 gazd\u00e1lkod\u00e1st, mind pedig a k\u00f6zeg\u00e9szs\u00e9g\u00fcgyet meghat\u00e1roz\u00f3 t\u00e9nyez\u0151.Kutat\u00f3csoportunk farmakodin\u00e1miai \u00e9s farmakokinetikai vizsg\u00e1latok v\u00e9gz\u00e9s\u00e9vel j\u00e1rul hozz\u00e1 az \u00e1llatokban alkalmazott antibiotikumokkal kapcsolatos ismeretanyaghoz.Mindezen t\u00falmen\u0151en,<\/p>\n","protected":false},"author":6022,"featured_media":0,"parent":874,"menu_order":0,"comment_status":"open","ping_status":"open","template":"","meta":{"_acf_changed":false,"footnotes":""},"categories":[],"tags":[],"class_list":["post-88232","page","type-page","status-publish","hentry"],"acf":[],"_links":{"self":[{"href":"https:\/\/univet.hu\/hu\/wp-json\/wp\/v2\/pages\/88232","targetHints":{"allow":["GET"]}}],"collection":[{"href":"https:\/\/univet.hu\/hu\/wp-json\/wp\/v2\/pages"}],"about":[{"href":"https:\/\/univet.hu\/hu\/wp-json\/wp\/v2\/types\/page"}],"author":[{"embeddable":true,"href":"https:\/\/univet.hu\/hu\/wp-json\/wp\/v2\/users\/6022"}],"replies":[{"embeddable":true,"href":"https:\/\/univet.hu\/hu\/wp-json\/wp\/v2\/comments?post=88232"}],"version-history":[{"count":0,"href":"https:\/\/univet.hu\/hu\/wp-json\/wp\/v2\/pages\/88232\/revisions"}],"up":[{"embeddable":true,"href":"https:\/\/univet.hu\/hu\/wp-json\/wp\/v2\/pages\/874"}],"wp:attachment":[{"href":"https:\/\/univet.hu\/hu\/wp-json\/wp\/v2\/media?parent=88232"}],"wp:term":[{"taxonomy":"category","embeddable":true,"href":"https:\/\/univet.hu\/hu\/wp-json\/wp\/v2\/categories?post=88232"},{"taxonomy":"post_tag","embeddable":true,"href":"https:\/\/univet.hu\/hu\/wp-json\/wp\/v2\/tags?post=88232"}],"curies":[{"name":"wp","href":"https:\/\/api.w.org\/{rel}","templated":true}]}}