{"id":88249,"date":"2023-07-10T15:30:41","date_gmt":"2023-07-10T13:30:41","guid":{"rendered":"https:\/\/univet.hu\/hu\/egyetem\/palyazati-projektek\/nkfih-palyazatok\/tet-tudomany-es-technologia\/bizonyos\/"},"modified":"2023-07-19T17:14:43","modified_gmt":"2023-07-19T15:14:43","slug":"bizonyos-elemek-es-elem-specieszek-meghatarozasa-meret-szerint-elvalasztott-varosi-aeroszol-mintakban-hplc-icpms-ms-technikaval","status":"publish","type":"page","link":"https:\/\/univet.hu\/hu\/egyetem\/palyazati-projektek\/nkfih-palyazatok\/tet-tudomany-es-technologia\/bizonyos-elemek-es-elem-specieszek-meghatarozasa-meret-szerint-elvalasztott-varosi-aeroszol-mintakban-hplc-icpms-ms-technikaval\/","title":{"rendered":"Bizonyos elemek \u00e9s elem specieszek meghat\u00e1roz\u00e1sa m\u00e9ret szerint elv\u00e1lasztott v\u00e1rosi aeroszol mint\u00e1kban (HPLC-)ICPMS\/MS technik\u00e1val"},"content":{"rendered":"<p>&nbsp;<\/p> <p><strong>T\u00e1mogat\u00e1s \u00f6sszege:<\/strong> 2.000.000, &#8211; Ft<\/p> <p><strong>Projekt szakmai vezet\u0151je:<\/strong> Dr. Berlinger Bal\u00e1zs<\/p> <p><strong>Megval\u00f3s\u00edt\u00e1s id\u0151szaka:<\/strong><br \/> 2023. janu\u00e1r 01-2024. december 31.<\/p> <p>&nbsp;<\/p> <p><strong>Projekt tartalma:<\/strong><\/p> <p>Bizonyos elemek, k\u00fcl\u00f6n\u00f6sen \u00e1tmeneti f\u00e9mek \u00e9s szerep\u00fck az eg\u00e9szs\u00e9gk\u00e1rosod\u00e1sok l\u00e9trej\u00f6tt\u00e9ben m\u00e1r j\u00f3 ideje \u00e1ll a k\u00f6rnyezeti sz\u00e1ll\u00f3por r\u00e9szecsk\u00e9k (PM) kutat\u00e1s\u00e1nak gy\u00fajt\u00f3pontj\u00e1ban. A sz\u00e1ll\u00f3por r\u00e9szecsk\u00e9k l\u00e9gutakban t\u00f6rt\u00e9n\u0151 lerak\u00f3d\u00e1sa k\u00f6vetkezt\u00e9ben kialakul\u00f3 eg\u00e9szs\u00e9gi hat\u00e1sok nagys\u00e1ga nagyban f\u00fcgg a kapott d\u00f3zist\u00f3l, a lerak\u00f3d\u00e1s hely\u00e9t\u0151l \u00e9s a szervezet lerak\u00f3dott r\u00e9szecsk\u00e9kre adott v\u00e1lasz\u00e1t\u00f3l. Ez\u00e1ltal a sz\u00e1ll\u00f3por m\u00e9r\u00e9sekben az egyik fontos c\u00e9l a t\u00fcd\u0151ben potenci\u00e1lisan lerak\u00f3d\u00f3 r\u00e9szecsk\u00e9k mennyis\u00e9g\u00e9nek meg\u00e1llap\u00edt\u00e1sa.<br \/> A Grazi Egyetemmel k\u00f6z\u00f6sen megval\u00f3s\u00edtott projektben m\u00e9ret szerint elv\u00e1lasztott v\u00e1rosi aeroszol mint\u00e1k m\u00e9r\u00e9se t\u00f6rt\u00e9nik nagyhat\u00e9konys\u00e1g\u00fa csatolt elemanalitikai technik\u00e1k felhaszn\u00e1l\u00e1s\u00e1val. Annak \u00e9rdek\u00e9ben, hogy hasznos inform\u00e1ci\u00f3kat nyerj\u00fcnk k\u00fcl\u00f6nb\u00f6z\u0151 elemek (f\u0151k\u00e9nt f\u00e9mek) \u00e9s azok n\u00e9h\u00e1ny m\u00f3dosulat\u00e1nak koncentr\u00e1ci\u00f3 szintjeir\u0151l v\u00e1rosi aeroszolok m\u00e9retfrakci\u00f3iban; k\u00fcl\u00f6nb\u00f6z\u0151 elemek \u00e9s n\u00e9h\u00e1ny arz\u00e9n species meghat\u00e1roz\u00e1s\u00e1t v\u00e9gezz\u00fck el t\u00f6bb helysz\u00ednen stacion\u00e1rius kaszk\u00e1d impaktorokkal gy\u0171jt\u00f6tt PM mint\u00e1kban. Az elemek teljes mennyis\u00e9g\u00e9nek meghat\u00e1roz\u00e1s\u00e1hoz mikrohull\u00e1m\u00fa roncsol\u00f3 berendez\u00e9sben t\u00e1rjuk fel a mint\u00e1kat. A szerves arz\u00e9nvegy\u00fcletek, n\u00e9v szerint trimetil-arzin-oxid, dimetil-arzin\u00e1t \u00e9s metil-arzon\u00e1t, tov\u00e1bb\u00e1 az arzen\u00e1t form\u00e1j\u00e1ban m\u00e9rt szervetlen arz\u00e9n meghat\u00e1roz\u00e1s\u00e1hoz kombin\u00e1lt extrakci\u00f3s \u00e9s oxid\u00e1ci\u00f3s elj\u00e1r\u00e1sokat alkalmazunk. Agilent 8900 ICPMS\/MS technik\u00e1val v\u00e9gezz\u00fck el az elemek teljes mennyis\u00e9g\u00e9nek meghat\u00e1roz\u00e1s\u00e1t. Az arz\u00e9n speci\u00e1ci\u00f3s anal\u00edzishez HPLC-vel csatolt ICMS\/MS technik\u00e1t alkalmazunk.<br \/> A k\u00f6z\u00f6s projekt eredm\u00e9nyek\u00e9nt tov\u00e1bbi inform\u00e1ci\u00f3k lesznek el\u00e9rhet\u0151ek elemek koncentr\u00e1ci\u00f3ir\u00f3l \u00e9s azok m\u00e9ret szerinti eloszl\u00e1s\u00e1r\u00f3l v\u00e1rosi aeroszolokban. A m\u00e9r\u00e9si eredm\u00e9nyek alapj\u00e1n jobb becsl\u00e9st adhatunk elemek (\u00e9s azok bizonyos speciesei) v\u00e1rosi leveg\u0151 bel\u00e9gz\u00e9s\u00e9t k\u00f6vet\u0151en emberi l\u00e9gutakban lehets\u00e9gesen lerak\u00f3d\u00f3 mennyis\u00e9geir\u0151l. Az arz\u00e9n specieseket illet\u0151en minden mintav\u00e9teli helyr\u0151l tov\u00e1bbi \u00e9rt\u00e9kes adatokat nyerhet\u00fcnk. Az osloi mint\u00e1k eset\u00e9n rem\u00e9lhet\u0151leg \u00faj betekint\u00e9st kaphatunk az arz\u00e9n biovolatiliz\u00e1ci\u00f3j\u00e1ba.<\/p> <p><img loading=\"lazy\" decoding=\"async\" class=\"size-medium wp-image-87453 alignright\" src=\"https:\/\/univet.hu\/wp-content\/uploads\/2023\/06\/NKFIA_infoblokk_kerettel_program_fekvo_2019_HU-320x136.jpg\" alt=\"\" width=\"320\" height=\"136\" srcset=\"https:\/\/univet.hu\/wp-content\/uploads\/2023\/06\/NKFIA_infoblokk_kerettel_program_fekvo_2019_HU-320x136.jpg 320w, https:\/\/univet.hu\/wp-content\/uploads\/2023\/06\/NKFIA_infoblokk_kerettel_program_fekvo_2019_HU-768x326.jpg 768w, https:\/\/univet.hu\/wp-content\/uploads\/2023\/06\/NKFIA_infoblokk_kerettel_program_fekvo_2019_HU-960x407.jpg 960w\" sizes=\"auto, (max-width: 320px) 100vw, 320px\" \/><\/p>","protected":false},"excerpt":{"rendered":"<p>&nbsp; T\u00e1mogat\u00e1s \u00f6sszege: 2.000.000, &#8211; Ft Projekt szakmai vezet\u0151je: Dr. Berlinger Bal\u00e1zs Megval\u00f3s\u00edt\u00e1s id\u0151szaka: 2023. janu\u00e1r 01-2024. december 31. &nbsp; Projekt tartalma: Bizonyos elemek, k\u00fcl\u00f6n\u00f6sen \u00e1tmeneti f\u00e9mek \u00e9s szerep\u00fck az eg\u00e9szs\u00e9gk\u00e1rosod\u00e1sok l\u00e9trej\u00f6tt\u00e9ben m\u00e1r j\u00f3 ideje \u00e1ll a k\u00f6rnyezeti sz\u00e1ll\u00f3por r\u00e9szecsk\u00e9k (PM) kutat\u00e1s\u00e1nak gy\u00fajt\u00f3pontj\u00e1ban. A sz\u00e1ll\u00f3por r\u00e9szecsk\u00e9k l\u00e9gutakban t\u00f6rt\u00e9n\u0151 lerak\u00f3d\u00e1sa k\u00f6vetkezt\u00e9ben kialakul\u00f3 eg\u00e9szs\u00e9gi hat\u00e1sok nagys\u00e1ga nagyban<\/p>\n","protected":false},"author":4688,"featured_media":0,"parent":88245,"menu_order":0,"comment_status":"open","ping_status":"open","template":"","meta":{"_acf_changed":false,"footnotes":""},"categories":[],"tags":[],"class_list":["post-88249","page","type-page","status-publish","hentry"],"acf":[],"_links":{"self":[{"href":"https:\/\/univet.hu\/hu\/wp-json\/wp\/v2\/pages\/88249","targetHints":{"allow":["GET"]}}],"collection":[{"href":"https:\/\/univet.hu\/hu\/wp-json\/wp\/v2\/pages"}],"about":[{"href":"https:\/\/univet.hu\/hu\/wp-json\/wp\/v2\/types\/page"}],"author":[{"embeddable":true,"href":"https:\/\/univet.hu\/hu\/wp-json\/wp\/v2\/users\/4688"}],"replies":[{"embeddable":true,"href":"https:\/\/univet.hu\/hu\/wp-json\/wp\/v2\/comments?post=88249"}],"version-history":[{"count":0,"href":"https:\/\/univet.hu\/hu\/wp-json\/wp\/v2\/pages\/88249\/revisions"}],"up":[{"embeddable":true,"href":"https:\/\/univet.hu\/hu\/wp-json\/wp\/v2\/pages\/88245"}],"wp:attachment":[{"href":"https:\/\/univet.hu\/hu\/wp-json\/wp\/v2\/media?parent=88249"}],"wp:term":[{"taxonomy":"category","embeddable":true,"href":"https:\/\/univet.hu\/hu\/wp-json\/wp\/v2\/categories?post=88249"},{"taxonomy":"post_tag","embeddable":true,"href":"https:\/\/univet.hu\/hu\/wp-json\/wp\/v2\/tags?post=88249"}],"curies":[{"name":"wp","href":"https:\/\/api.w.org\/{rel}","templated":true}]}}