{"id":88254,"date":"2023-07-10T15:40:03","date_gmt":"2023-07-10T13:40:03","guid":{"rendered":"https:\/\/univet.hu\/hu\/egyetem\/palyazati-projektek\/nkfih-palyazatok\/tet-tudomany-es-technologia\/name\/"},"modified":"2023-07-10T15:40:03","modified_gmt":"2023-07-10T13:40:03","slug":"az-eltero-korulmenyek-kozott-tartott-utonevelt-hizlalas-alatt-allo-pulykak-immunvalaszanak-vizsgalata","status":"publish","type":"page","link":"https:\/\/univet.hu\/hu\/egyetem\/palyazati-projektek\/nkfih-palyazatok\/tet-tudomany-es-technologia\/az-eltero-korulmenyek-kozott-tartott-utonevelt-hizlalas-alatt-allo-pulykak-immunvalaszanak-vizsgalata\/","title":{"rendered":"Az elt\u00e9r\u0151 k\u00f6r\u00fclm\u00e9nyek k\u00f6z\u00f6tt tartott ut\u00f3nevelt (h\u00edzlal\u00e1s alatt \u00e1ll\u00f3) pulyk\u00e1k immunv\u00e1lasz\u00e1nak vizsg\u00e1lata"},"content":{"rendered":"<p>&nbsp;<\/p> <p><strong>T\u00e1mogat\u00e1s \u00f6sszege:<\/strong> 2.000.000, &#8211; Ft<\/p> <p><strong>Projekt szakmai vezet\u0151je:<\/strong> Dr. Kov\u00e1cs L\u00e1szl\u00f3<\/p> <p><strong>Megval\u00f3s\u00edt\u00e1s id\u0151szaka:<\/strong><br \/> 2023. janu\u00e1r 01. -2024. december 31.<\/p> <p><strong>Projekt tartalma:<\/strong><br \/> A kutat\u00f3munka eredm\u00e9nyek\u00e9nt b\u0151vebb ismereteket szerz\u00fcnk az agressz\u00edv viselked\u00e9sform\u00e1k k\u00f6rnyezeti eredet\u0171 okair\u00f3l, valamint azok biol\u00f3giai, termel\u00e9si, k\u00f3r\u00e9lettani \u00e9s \u00e1llatj\u00f3ll\u00e9ti k\u00f6vetkezm\u00e9nyeir\u0151l. A stresszhat\u00e1sra bek\u00f6vetkez\u0151 immunol\u00f3giai v\u00e1ltoz\u00e1sok nemcsak az agressz\u00edv viselked\u00e9sforma megjelen\u00e9s\u00e9nek h\u00e1tter\u00e9r\u0151l szolg\u00e1lhat hasznos inform\u00e1ci\u00f3val sz\u00e1munkra, hanem az agressz\u00edv viselked\u00e9s \u00e1ldozat\u00e1ul es\u0151, elnyomott egyedek \u00e9lettani v\u00e1ltoz\u00e1sait is jobban megismerj\u00fck. Ezen t\u00falmen\u0151en a kortizol szint\u00e9rt felel\u0151s hipotalamusz-agyalapi mirigy-mell\u00e9kvese tengely k\u00f3rsz\u00f6vettani aspektusb\u00f3l t\u00f6rt\u00e9n\u0151 vizsg\u00e1lata is felfedheti sz\u00e1munkra, milyen m\u00e9rt\u00e9k\u0171 v\u00e1ltoz\u00e1sok \u00e1llhatnak az agressz\u00edv viselked\u00e9s \u00e9s az al\u00e1rendelt egyedek viselked\u00e9se h\u00e1tter\u00e9ben. A k\u00f6rnyezeti stresszorokra adott immunol\u00f3giai \u00e9s hematol\u00f3giai v\u00e1laszreakci\u00f3k ismerete el\u0151seg\u00edti az oblig\u00e1t \u00e9s fakultat\u00edv patog\u00e9n mikroorganizmusok \u00e1ltal kiv\u00e1ltott fert\u0151z\u0151 betegs\u00e9gek elleni v\u00e9dekez\u00e9st, p\u00e9ld\u00e1ul a k\u00f6rnyezeti felt\u00e9telrendszer jav\u00edt\u00e1s\u00e1val p\u00e1rosul\u00f3 vakcin\u00e1z\u00e1si programok hat\u00e9konys\u00e1g\u00e1nak n\u00f6vel\u00e9se r\u00e9v\u00e9n. Az \u00e1llatteny\u00e9szt\u00e9st szolg\u00e1l\u00f3 technol\u00f3giafejleszt\u0151 v\u00e1llalkoz\u00e1sok t\u00f6k\u00e9letes\u00edthetik a megfelel\u0151 ist\u00e1ll\u00f3i k\u00f6rnyezet (mikrokl\u00edma, berendez\u00e9sek, monitoring eszk\u00f6z\u00f6k) kialak\u00edt\u00e1s\u00e1t c\u00e9lz\u00f3 fejleszt\u00e9seiket. V\u00e9g\u00fcl de nem utols\u00f3 sorban az eredm\u00e9nyek ismeret\u00e9ben lehet\u0151v\u00e9 v\u00e1lik olyan, a termel\u00e9si k\u00f6rnyezeti felt\u00e9telrendszer nyomon-k\u00f6vet\u00e9s\u00e9re \u00e9s specifikus m\u00f3dos\u00edt\u00e1s\u00e1ra ir\u00e1nyul\u00f3 megel\u0151z\u00e9si strat\u00e9gi\u00e1k kidolgoz\u00e1sa, amelyek m\u00e9rs\u00e9klik, vagy megsz\u00fcntetik a h\u00edz\u00f3pulyka telepeken jelentkez\u0151 k\u00f3ros magatart\u00e1sform\u00e1kat \u00e9s a k\u00f6vetkezm\u00e9nyes gazdas\u00e1gi vesztes\u00e9geket. Mindezen t\u00falmen\u0151en javulhat a nagy\u00fczemi telepek \u00e1llatj\u00f3ll\u00e9ti meg\u00edt\u00e9l\u00e9se, mind szakmai, mind fogyaszt\u00f3i szempontb\u00f3l.<\/p> <p><img loading=\"lazy\" decoding=\"async\" class=\"size-medium wp-image-87453 alignright\" src=\"https:\/\/univet.hu\/wp-content\/uploads\/2023\/06\/NKFIA_infoblokk_kerettel_program_fekvo_2019_HU-320x136.jpg\" alt=\"\" width=\"320\" height=\"136\" srcset=\"https:\/\/univet.hu\/wp-content\/uploads\/2023\/06\/NKFIA_infoblokk_kerettel_program_fekvo_2019_HU-320x136.jpg 320w, https:\/\/univet.hu\/wp-content\/uploads\/2023\/06\/NKFIA_infoblokk_kerettel_program_fekvo_2019_HU-768x326.jpg 768w, https:\/\/univet.hu\/wp-content\/uploads\/2023\/06\/NKFIA_infoblokk_kerettel_program_fekvo_2019_HU-960x407.jpg 960w\" sizes=\"auto, (max-width: 320px) 100vw, 320px\" \/><\/p>","protected":false},"excerpt":{"rendered":"<p>&nbsp; T\u00e1mogat\u00e1s \u00f6sszege: 2.000.000, &#8211; Ft Projekt szakmai vezet\u0151je: Dr. Kov\u00e1cs L\u00e1szl\u00f3 Megval\u00f3s\u00edt\u00e1s id\u0151szaka: 2023. janu\u00e1r 01. -2024. december 31. Projekt tartalma: A kutat\u00f3munka eredm\u00e9nyek\u00e9nt b\u0151vebb ismereteket szerz\u00fcnk az agressz\u00edv viselked\u00e9sform\u00e1k k\u00f6rnyezeti eredet\u0171 okair\u00f3l, valamint azok biol\u00f3giai, termel\u00e9si, k\u00f3r\u00e9lettani \u00e9s \u00e1llatj\u00f3ll\u00e9ti k\u00f6vetkezm\u00e9nyeir\u0151l. A stresszhat\u00e1sra bek\u00f6vetkez\u0151 immunol\u00f3giai v\u00e1ltoz\u00e1sok nemcsak az agressz\u00edv viselked\u00e9sforma megjelen\u00e9s\u00e9nek h\u00e1tter\u00e9r\u0151l szolg\u00e1lhat hasznos<\/p>\n","protected":false},"author":4688,"featured_media":0,"parent":88245,"menu_order":0,"comment_status":"open","ping_status":"open","template":"","meta":{"_acf_changed":false,"footnotes":""},"categories":[],"tags":[],"class_list":["post-88254","page","type-page","status-publish","hentry"],"acf":[],"_links":{"self":[{"href":"https:\/\/univet.hu\/hu\/wp-json\/wp\/v2\/pages\/88254","targetHints":{"allow":["GET"]}}],"collection":[{"href":"https:\/\/univet.hu\/hu\/wp-json\/wp\/v2\/pages"}],"about":[{"href":"https:\/\/univet.hu\/hu\/wp-json\/wp\/v2\/types\/page"}],"author":[{"embeddable":true,"href":"https:\/\/univet.hu\/hu\/wp-json\/wp\/v2\/users\/4688"}],"replies":[{"embeddable":true,"href":"https:\/\/univet.hu\/hu\/wp-json\/wp\/v2\/comments?post=88254"}],"version-history":[{"count":0,"href":"https:\/\/univet.hu\/hu\/wp-json\/wp\/v2\/pages\/88254\/revisions"}],"up":[{"embeddable":true,"href":"https:\/\/univet.hu\/hu\/wp-json\/wp\/v2\/pages\/88245"}],"wp:attachment":[{"href":"https:\/\/univet.hu\/hu\/wp-json\/wp\/v2\/media?parent=88254"}],"wp:term":[{"taxonomy":"category","embeddable":true,"href":"https:\/\/univet.hu\/hu\/wp-json\/wp\/v2\/categories?post=88254"},{"taxonomy":"post_tag","embeddable":true,"href":"https:\/\/univet.hu\/hu\/wp-json\/wp\/v2\/tags?post=88254"}],"curies":[{"name":"wp","href":"https:\/\/api.w.org\/{rel}","templated":true}]}}