{"id":88285,"date":"2023-07-12T08:10:09","date_gmt":"2023-07-12T06:10:09","guid":{"rendered":"https:\/\/univet.hu\/hu\/egyetem\/minosegugy\/name\/"},"modified":"2025-01-07T14:23:53","modified_gmt":"2025-01-07T13:23:53","slug":"mab-akkreditacio","status":"publish","type":"page","link":"https:\/\/univet.hu\/hu\/egyetem\/minosegugy\/mab-akkreditacio\/","title":{"rendered":"MAB Akkredit\u00e1ci\u00f3"},"content":{"rendered":"<p><a href=\"https:\/\/univet.hu\/wp-content\/uploads\/2023\/07\/A\u0301TE-IA-jelente\u0301s-2023.pdf\">MAB Akkredit\u00e1ci\u00f3 2023 &#8211; jelente\u0301s<\/a><\/p> <p><a href=\"https:\/\/univet.hu\/wp-content\/uploads\/2023\/07\/I4166-ATE_ATE_t_20230630_HAT_HU.pdf\">MAB Akkredit\u00e1ci\u00f3 2023 &#8211; hat\u00e1rozat<\/a><\/p> <p><a href=\"https:\/\/univet.hu\/wp-content\/uploads\/2025\/01\/SKM_C250i25010615140.pdf\">MAB Akkredit\u00e1ci\u00f3 2023 &#8211; tan\u00fas\u00edtv\u00e1ny<\/a><\/p>","protected":false},"excerpt":{"rendered":"<p>MAB Akkredit\u00e1ci\u00f3 2023 &#8211; jelente\u0301s MAB Akkredit\u00e1ci\u00f3 2023 &#8211; hat\u00e1rozat MAB Akkredit\u00e1ci\u00f3 2023 &#8211; tan\u00fas\u00edtv\u00e1ny<\/p>\n","protected":false},"author":3837,"featured_media":0,"parent":1113,"menu_order":0,"comment_status":"open","ping_status":"open","template":"","meta":{"_acf_changed":false,"footnotes":""},"categories":[],"tags":[],"class_list":["post-88285","page","type-page","status-publish","hentry"],"acf":[],"_links":{"self":[{"href":"https:\/\/univet.hu\/hu\/wp-json\/wp\/v2\/pages\/88285","targetHints":{"allow":["GET"]}}],"collection":[{"href":"https:\/\/univet.hu\/hu\/wp-json\/wp\/v2\/pages"}],"about":[{"href":"https:\/\/univet.hu\/hu\/wp-json\/wp\/v2\/types\/page"}],"author":[{"embeddable":true,"href":"https:\/\/univet.hu\/hu\/wp-json\/wp\/v2\/users\/3837"}],"replies":[{"embeddable":true,"href":"https:\/\/univet.hu\/hu\/wp-json\/wp\/v2\/comments?post=88285"}],"version-history":[{"count":3,"href":"https:\/\/univet.hu\/hu\/wp-json\/wp\/v2\/pages\/88285\/revisions"}],"predecessor-version":[{"id":172630,"href":"https:\/\/univet.hu\/hu\/wp-json\/wp\/v2\/pages\/88285\/revisions\/172630"}],"up":[{"embeddable":true,"href":"https:\/\/univet.hu\/hu\/wp-json\/wp\/v2\/pages\/1113"}],"wp:attachment":[{"href":"https:\/\/univet.hu\/hu\/wp-json\/wp\/v2\/media?parent=88285"}],"wp:term":[{"taxonomy":"category","embeddable":true,"href":"https:\/\/univet.hu\/hu\/wp-json\/wp\/v2\/categories?post=88285"},{"taxonomy":"post_tag","embeddable":true,"href":"https:\/\/univet.hu\/hu\/wp-json\/wp\/v2\/tags?post=88285"}],"curies":[{"name":"wp","href":"https:\/\/api.w.org\/{rel}","templated":true}]}}