{"id":88293,"date":"2023-07-12T09:28:31","date_gmt":"2023-07-12T07:28:31","guid":{"rendered":"https:\/\/univet.hu\/hu\/egyetem\/szervezeti-egysegek\/name\/"},"modified":"2026-03-23T07:59:15","modified_gmt":"2026-03-23T06:59:15","slug":"elelmiszerlanc-tudomanyi-intezet","status":"publish","type":"page","link":"https:\/\/univet.hu\/hu\/egyetem\/szervezeti-egysegek\/elelmiszerlanc-tudomanyi-intezet\/","title":{"rendered":"\u00c9lelmiszerl\u00e1nc-tudom\u00e1nyi Int\u00e9zet"},"content":{"rendered":"<div class=\"detail-item mb-2\"> <div class=\"detail-item-header\" style=\"padding-left: 80px;\">Titk\u00e1rs\u00e1gvezet\u0151<\/div> <div class=\"detail-item-content fw-bold\" style=\"padding-left: 80px;\"><a href=\"https:\/\/univet.hu\/hu\/egyetem\/munkatarsak\/szaszkay-eszter\/\"><strong>Sz\u00e1szkay Eszter<\/strong><\/a><\/div> <\/div> <div class=\"detail-item mb-2\" style=\"padding-left: 40px;\"> <div class=\"detail-item-header\" style=\"padding-left: 40px;\">Telefon<\/div> <div class=\"detail-item-content fw-bold\" style=\"padding-left: 40px;\"><strong>(1) 478 4150<\/strong><\/div> <\/div> <div class=\"detail-item mb-2\" style=\"padding-left: 40px;\"> <div class=\"detail-item-header\" style=\"padding-left: 40px;\">Mell\u00e9k<\/div> <div class=\"detail-item-content fw-bold\" style=\"padding-left: 40px;\"><strong>(1) 478 4100 \/ 8530<\/strong><\/div> <\/div> <div class=\"detail-item mb-2\" style=\"padding-left: 40px;\"> <div class=\"detail-item-header\" style=\"padding-left: 40px;\">C\u00edm<\/div> <div class=\"detail-item-content fw-bold\" style=\"padding-left: 40px;\"><a title=\"view in google maps\" href=\"https:\/\/www.google.com\/maps\/search\/?api=1&amp;query=1078 Budapest Istv\u00e1n u. 2.\" target=\"_blank\" rel=\"noopener\"> 1078 Budapest Istv\u00e1n u. 2. <\/a><\/div> <\/div> <div class=\"detail-item mb-2\" style=\"padding-left: 40px;\"> <div class=\"detail-item-header\" style=\"padding-left: 40px;\">Postac\u00edm<\/div> <div class=\"detail-item-content fw-bold\" style=\"padding-left: 40px;\"><strong>1400 Budapest Pf. 2<\/strong><\/div> <\/div> <div class=\"detail-item mb-2\" style=\"padding-left: 40px;\"> <div class=\"detail-item-header\" style=\"padding-left: 40px;\">Helysz\u00edn<\/div> <div class=\"detail-item-content fw-bold\" style=\"padding-left: 40px;\"><strong>C \u00e9p\u00fclet II. emelet 2. iroda<\/strong><\/div> <\/div> <p>&nbsp;<\/p>","protected":false},"excerpt":{"rendered":"<p>Titk\u00e1rs\u00e1gvezet\u0151 Sz\u00e1szkay Eszter Telefon (1) 478 4150 Mell\u00e9k (1) 478 4100 \/ 8530 C\u00edm 1078 Budapest Istv\u00e1n u. 2. Postac\u00edm 1400 Budapest Pf. 2 Helysz\u00edn C \u00e9p\u00fclet II. emelet 2. iroda &nbsp;<\/p>\n","protected":false},"author":3837,"featured_media":0,"parent":861,"menu_order":0,"comment_status":"open","ping_status":"open","template":"","meta":{"_acf_changed":false,"footnotes":""},"categories":[58],"tags":[],"class_list":["post-88293","page","type-page","status-publish","hentry","category-szervezeti-egysegek"],"acf":[],"_links":{"self":[{"href":"https:\/\/univet.hu\/hu\/wp-json\/wp\/v2\/pages\/88293","targetHints":{"allow":["GET"]}}],"collection":[{"href":"https:\/\/univet.hu\/hu\/wp-json\/wp\/v2\/pages"}],"about":[{"href":"https:\/\/univet.hu\/hu\/wp-json\/wp\/v2\/types\/page"}],"author":[{"embeddable":true,"href":"https:\/\/univet.hu\/hu\/wp-json\/wp\/v2\/users\/3837"}],"replies":[{"embeddable":true,"href":"https:\/\/univet.hu\/hu\/wp-json\/wp\/v2\/comments?post=88293"}],"version-history":[{"count":5,"href":"https:\/\/univet.hu\/hu\/wp-json\/wp\/v2\/pages\/88293\/revisions"}],"predecessor-version":[{"id":203472,"href":"https:\/\/univet.hu\/hu\/wp-json\/wp\/v2\/pages\/88293\/revisions\/203472"}],"up":[{"embeddable":true,"href":"https:\/\/univet.hu\/hu\/wp-json\/wp\/v2\/pages\/861"}],"wp:attachment":[{"href":"https:\/\/univet.hu\/hu\/wp-json\/wp\/v2\/media?parent=88293"}],"wp:term":[{"taxonomy":"category","embeddable":true,"href":"https:\/\/univet.hu\/hu\/wp-json\/wp\/v2\/categories?post=88293"},{"taxonomy":"post_tag","embeddable":true,"href":"https:\/\/univet.hu\/hu\/wp-json\/wp\/v2\/tags?post=88293"}],"curies":[{"name":"wp","href":"https:\/\/api.w.org\/{rel}","templated":true}]}}