{"id":88299,"date":"2023-07-12T09:45:45","date_gmt":"2023-07-12T07:45:45","guid":{"rendered":"https:\/\/univet.hu\/hu\/egyetem\/szervezeti-egysegek\/name\/"},"modified":"2026-03-23T09:19:20","modified_gmt":"2026-03-23T08:19:20","slug":"kihelyezett-elelmiszerlanc-biztonsagi-tanszek-nebih","status":"publish","type":"page","link":"https:\/\/univet.hu\/hu\/egyetem\/szervezeti-egysegek\/elelmiszerlanc-tudomanyi-intezet\/tanszekek\/kihelyezett-elelmiszerlanc-biztonsagi-tanszek-nebih\/","title":{"rendered":"Kihelyezett  \u00c9lelmiszerl\u00e1nc-biztons\u00e1gi Tansz\u00e9k (N\u00c9BIH)"},"content":{"rendered":"<p><span style=\"font-size: 18pt;\"><a href=\"https:\/\/portal.nebih.gov.hu\/\">N\u00c9BIH weboldala<\/a><\/span><\/p>","protected":false},"excerpt":{"rendered":"<p>N\u00c9BIH weboldala<\/p>\n","protected":false},"author":3837,"featured_media":0,"parent":203477,"menu_order":32,"comment_status":"open","ping_status":"closed","template":"","meta":{"_acf_changed":false,"footnotes":""},"categories":[58],"tags":[],"class_list":["post-88299","page","type-page","status-publish","hentry","category-szervezeti-egysegek"],"acf":[],"_links":{"self":[{"href":"https:\/\/univet.hu\/hu\/wp-json\/wp\/v2\/pages\/88299","targetHints":{"allow":["GET"]}}],"collection":[{"href":"https:\/\/univet.hu\/hu\/wp-json\/wp\/v2\/pages"}],"about":[{"href":"https:\/\/univet.hu\/hu\/wp-json\/wp\/v2\/types\/page"}],"author":[{"embeddable":true,"href":"https:\/\/univet.hu\/hu\/wp-json\/wp\/v2\/users\/3837"}],"replies":[{"embeddable":true,"href":"https:\/\/univet.hu\/hu\/wp-json\/wp\/v2\/comments?post=88299"}],"version-history":[{"count":2,"href":"https:\/\/univet.hu\/hu\/wp-json\/wp\/v2\/pages\/88299\/revisions"}],"predecessor-version":[{"id":199018,"href":"https:\/\/univet.hu\/hu\/wp-json\/wp\/v2\/pages\/88299\/revisions\/199018"}],"up":[{"embeddable":true,"href":"https:\/\/univet.hu\/hu\/wp-json\/wp\/v2\/pages\/203477"}],"wp:attachment":[{"href":"https:\/\/univet.hu\/hu\/wp-json\/wp\/v2\/media?parent=88299"}],"wp:term":[{"taxonomy":"category","embeddable":true,"href":"https:\/\/univet.hu\/hu\/wp-json\/wp\/v2\/categories?post=88299"},{"taxonomy":"post_tag","embeddable":true,"href":"https:\/\/univet.hu\/hu\/wp-json\/wp\/v2\/tags?post=88299"}],"curies":[{"name":"wp","href":"https:\/\/api.w.org\/{rel}","templated":true}]}}