{"id":88317,"date":"2023-07-12T10:23:57","date_gmt":"2023-07-12T08:23:57","guid":{"rendered":"https:\/\/univet.hu\/hu\/egyetem\/szervezeti-egysegek\/elelmiszerlanc-tudomanyi-intezet\/name-2\/"},"modified":"2026-03-23T09:21:44","modified_gmt":"2026-03-23T08:21:44","slug":"mosonmagyarovari-kihelyezett-tejkutato-tanszek-mtki","status":"publish","type":"page","link":"https:\/\/univet.hu\/hu\/egyetem\/szervezeti-egysegek\/elelmiszerlanc-tudomanyi-intezet\/tanszekek\/mosonmagyarovari-kihelyezett-tejkutato-tanszek-mtki\/","title":{"rendered":"Mosonmagyar\u00f3v\u00e1ri Kihelyezett Tejkutat\u00f3 Tansz\u00e9k (MTKI)"},"content":{"rendered":"<p><span style=\"font-size: 18pt;\"><a href=\"https:\/\/www.mtki.hu\/\">MTKI weboldal<\/a><\/span><\/p>","protected":false},"excerpt":{"rendered":"<p>MTKI weboldal<\/p>\n","protected":false},"author":3837,"featured_media":0,"parent":203477,"menu_order":34,"comment_status":"open","ping_status":"closed","template":"","meta":{"_acf_changed":false,"footnotes":""},"categories":[58],"tags":[],"class_list":["post-88317","page","type-page","status-publish","hentry","category-szervezeti-egysegek"],"acf":[],"_links":{"self":[{"href":"https:\/\/univet.hu\/hu\/wp-json\/wp\/v2\/pages\/88317","targetHints":{"allow":["GET"]}}],"collection":[{"href":"https:\/\/univet.hu\/hu\/wp-json\/wp\/v2\/pages"}],"about":[{"href":"https:\/\/univet.hu\/hu\/wp-json\/wp\/v2\/types\/page"}],"author":[{"embeddable":true,"href":"https:\/\/univet.hu\/hu\/wp-json\/wp\/v2\/users\/3837"}],"replies":[{"embeddable":true,"href":"https:\/\/univet.hu\/hu\/wp-json\/wp\/v2\/comments?post=88317"}],"version-history":[{"count":2,"href":"https:\/\/univet.hu\/hu\/wp-json\/wp\/v2\/pages\/88317\/revisions"}],"predecessor-version":[{"id":199019,"href":"https:\/\/univet.hu\/hu\/wp-json\/wp\/v2\/pages\/88317\/revisions\/199019"}],"up":[{"embeddable":true,"href":"https:\/\/univet.hu\/hu\/wp-json\/wp\/v2\/pages\/203477"}],"wp:attachment":[{"href":"https:\/\/univet.hu\/hu\/wp-json\/wp\/v2\/media?parent=88317"}],"wp:term":[{"taxonomy":"category","embeddable":true,"href":"https:\/\/univet.hu\/hu\/wp-json\/wp\/v2\/categories?post=88317"},{"taxonomy":"post_tag","embeddable":true,"href":"https:\/\/univet.hu\/hu\/wp-json\/wp\/v2\/tags?post=88317"}],"curies":[{"name":"wp","href":"https:\/\/api.w.org\/{rel}","templated":true}]}}