{"id":88327,"date":"2023-07-12T11:08:02","date_gmt":"2023-07-12T09:08:02","guid":{"rendered":"https:\/\/univet.hu\/hu\/egyetem\/palyazati-projektek\/horizon\/insscied\/"},"modified":"2023-07-17T09:23:15","modified_gmt":"2023-07-17T07:23:15","slug":"insscide","status":"publish","type":"page","link":"https:\/\/univet.hu\/hu\/egyetem\/palyazati-projektek\/horizon\/insscide\/","title":{"rendered":"InsSciDE"},"content":{"rendered":"<p>&nbsp;<\/p> <p><strong>Projekt c\u00edme:<\/strong> Eur\u00f3pa poz\u00edci\u00f3j\u00e1nak er\u0151s\u00edt\u00e9se a glob\u00e1lis kontextusban: tudom\u00e1nydiplom\u00e1cia \u00e9s interkultur\u00e1lis kapcsolatok<\/p> <p><strong>Projekt azonos\u00edt\u00f3sz\u00e1ma:<\/strong> 770523<br \/> <strong>P\u00e1ly\u00e1zati felh\u00edv\u00e1s k\u00f3dja:<\/strong> H2020-SC6-ENG-GLOBALLY-2016-2017<\/p> <p><strong>Projekt teljes k\u00f6lts\u00e9gvet\u00e9se:<\/strong> 2 499 861.25 \u20ac<br \/> <strong>\u00c1llatorvostudom\u00e1nyi Egyetem \u00e1ltal elnyert t\u00e1mogat\u00e1si \u00f6sszeg:<\/strong> 14 687.50 \u20ac<br \/> <strong>T\u00e1mogat\u00e1si intenzit\u00e1s:<\/strong> 100%<\/p> <p><strong>Megval\u00f3s\u00edt\u00e1s id\u0151szaka:<\/strong><br \/> 2017. december 1. &#8211; 2022. j\u00fanius 30.<\/p> <p><strong>Projekt tartalma:<\/strong><br \/> Az Eur\u00f3pai Bizotts\u00e1g hat\u00e9kony tudom\u00e1nydiplom\u00e1cia (SD) kialak\u00edt\u00e1s\u00e1t szorgalmazza Eur\u00f3p\u00e1ban. Az InsSciDE \u2013 Inventing a Shared Science Diplomacy for Europe \u2013 egy hipot\u00e9zissel v\u00e1laszol erre a felh\u00edv\u00e1sra: a tag\u00e1llamok nagy tapasztalati t\u0151k\u00e9vel rendelkeznek, amelyre t\u00e1maszkodhatnak. A hazai \u00e9s transznacion\u00e1lis kezdem\u00e9nyez\u00e9sek r\u00e9g\u00f3ta haszn\u00e1lj\u00e1k a tudom\u00e1nyt a glob\u00e1lis diplom\u00e1ciai kapcsolatokban, sokf\u00e9le m\u00f3don \u00e9s kontextusban. Ez a gyakorlat azonban t\u00f6redezett, nem ismert, vagy hi\u00e1nyzik bel\u0151le a t\u0151ke\u00e1tt\u00e9tel \u00e9s a konszolid\u00e1ci\u00f3 \u00e1tfog\u00f3 modellje. Az InsSciDE felt\u00e1rja, formaliz\u00e1lja \u00e9s kommunik\u00e1lja ezt az immateri\u00e1lis t\u0151k\u00e9t, kidolgozza fogalmi alapjait, \u00e9s kidolgozza az eszk\u00f6z\u00f6ket, amelyek el\u0151seg\u00edtik az eur\u00f3pai fenntarthat\u00f3 fejl\u0151d\u00e9st \u00e9s vir\u00e1gz\u00e1st. Az els\u0151 k\u00e9rd\u00e9sekt\u0151l a v\u00e9gs\u0151 eszk\u00f6z\u00f6kig \u00e9s k\u00e9pz\u00e9sig ezt a folyamatot a bels\u0151 tudom\u00e1nydiplom\u00e1ci\u00e1b\u00f3l vezetj\u00fck \u2013 k\u00e9z a k\u00e9zben a gyakorlati szakemberekkel, a potenci\u00e1lis gyakorl\u00f3kkal \u00e9s m\u00e1s \u00e9rdekelt felekkel. Azok, akik bevezetik, ir\u00e1ny\u00edtj\u00e1k \u00e9s hasznot h\u00faznak az SD-b\u0151l, a projekt t\u00e1rsfeltal\u00e1l\u00f3i, v\u00e9gfelhaszn\u00e1l\u00f3i \u00e9s nagyk\u00f6vetei, egy kutat\u00f3konzorcium k\u00eds\u00e9ret\u00e9ben, amely az akad\u00e9miai kiv\u00e1l\u00f3s\u00e1got \u00e9s az \u00e9rdekelt felek bevon\u00e1s\u00e1nak magas szint\u0171 kompetenci\u00e1j\u00e1t t\u00e1rs\u00edtja. Egy ambici\u00f3zus kommunik\u00e1ci\u00f3s program bemutatja az InsSciDE-t a nemzetk\u00f6zi k\u00f6z\u00f6ns\u00e9gnek visszajelz\u00e9s c\u00e9lj\u00e1b\u00f3l, sz\u00e9les k\u00f6rben terjeszti az eredm\u00e9nyeket \u00e9s a szellemi term\u00e9keket, \u00e9s biztos\u00edtja azok \u00f6r\u00f6ks\u00e9g\u00e9t.<\/p> <p>Az InsSciDE egy olyan folyamatot dolgoz ki, amelyen kereszt\u00fcl a m\u00faltbeli \u00e9s jelenlegi eur\u00f3pai fenntarthat\u00f3 fejl\u0151d\u00e9sre vonatkoz\u00f3 \u00faj ismeretek el\u0151seg\u00edtik a k\u00f6z\u00f6s szakpolitikai \u00e9s k\u00e9pz\u00e9si eszk\u00f6z\u00f6k kidolgoz\u00e1s\u00e1t. Az InsSciDE \u00f6t egym\u00e1ssal \u00f6sszef\u00fcgg\u0151 c\u00e9lja a k\u00f6vetkez\u0151: A tapasztalat felt\u00e1r\u00e1sa \u00e9s \u00f6sszekapcsol\u00e1sa; elm\u00e9leti \u00e9s strat\u00e9giai keretekbe val\u00f3 felt\u00e9rk\u00e9pez\u00e9s; \u00fatmutat\u00e1st gener\u00e1l; el\u0151seg\u00edti a kapcsolatokat; a tanul\u00e1s terjeszt\u00e9se \u00e9s fenntart\u00e1sa. Nagy amb\u00edci\u00f3it egy 14 elismert kutat\u00f3- \u00e9s k\u00e9pz\u00e9si int\u00e9zetb\u0151l \u00e1ll\u00f3 projektkonzorcium teszi megval\u00f3s\u00edthat\u00f3v\u00e1 11 orsz\u00e1gb\u00f3l Eur\u00f3pa-szerte, valamint az UNESCO; az Eur\u00f3pai Tudom\u00e1nyos Akad\u00e9mi\u00e1k, valamint a tudom\u00e1nyos, technol\u00f3giai \u00e9s innov\u00e1ci\u00f3s diplom\u00e1ciai attas\u00e9k \u00e9s tan\u00e1csad\u00f3k megl\u00e9v\u0151 h\u00e1l\u00f3zatainak kifejezett \u00e9rdekl\u0151d\u00e9se \u00e9s t\u00e1mogat\u00e1sa; valamint egy magas szint\u0171 \u00e9s soksz\u00edn\u0171 tan\u00e1csad\u00f3 test\u00fclet elk\u00f6telezetts\u00e9ge r\u00e9v\u00e9n.<\/p> <p><img loading=\"lazy\" decoding=\"async\" class=\"size-medium wp-image-87834 alignright\" src=\"https:\/\/univet.hu\/wp-content\/uploads\/2023\/06\/HU-Az-Eur\u00f3pai-Uni\u00f3-t\u00e1mogat\u00e1s\u00e1val_POS-320x67.jpg\" alt=\"\" width=\"320\" height=\"67\" srcset=\"https:\/\/univet.hu\/wp-content\/uploads\/2023\/06\/HU-Az-Eur\u00f3pai-Uni\u00f3-t\u00e1mogat\u00e1s\u00e1val_POS-320x67.jpg 320w, https:\/\/univet.hu\/wp-content\/uploads\/2023\/06\/HU-Az-Eur\u00f3pai-Uni\u00f3-t\u00e1mogat\u00e1s\u00e1val_POS-768x161.jpg 768w, https:\/\/univet.hu\/wp-content\/uploads\/2023\/06\/HU-Az-Eur\u00f3pai-Uni\u00f3-t\u00e1mogat\u00e1s\u00e1val_POS-960x201.jpg 960w\" sizes=\"auto, (max-width: 320px) 100vw, 320px\" \/><\/p>","protected":false},"excerpt":{"rendered":"<p>&nbsp; Projekt c\u00edme: Eur\u00f3pa poz\u00edci\u00f3j\u00e1nak er\u0151s\u00edt\u00e9se a glob\u00e1lis kontextusban: tudom\u00e1nydiplom\u00e1cia \u00e9s interkultur\u00e1lis kapcsolatok Projekt azonos\u00edt\u00f3sz\u00e1ma: 770523 P\u00e1ly\u00e1zati felh\u00edv\u00e1s k\u00f3dja: H2020-SC6-ENG-GLOBALLY-2016-2017 Projekt teljes k\u00f6lts\u00e9gvet\u00e9se: 2 499 861.25 \u20ac \u00c1llatorvostudom\u00e1nyi Egyetem \u00e1ltal elnyert t\u00e1mogat\u00e1si \u00f6sszeg: 14 687.50 \u20ac T\u00e1mogat\u00e1si intenzit\u00e1s: 100% Megval\u00f3s\u00edt\u00e1s id\u0151szaka: 2017. december 1. &#8211; 2022. j\u00fanius 30. Projekt tartalma: Az Eur\u00f3pai Bizotts\u00e1g hat\u00e9kony tudom\u00e1nydiplom\u00e1cia<\/p>\n","protected":false},"author":4688,"featured_media":0,"parent":86945,"menu_order":0,"comment_status":"open","ping_status":"open","template":"","meta":{"_acf_changed":false,"footnotes":""},"categories":[],"tags":[],"class_list":["post-88327","page","type-page","status-publish","hentry"],"acf":[],"_links":{"self":[{"href":"https:\/\/univet.hu\/hu\/wp-json\/wp\/v2\/pages\/88327","targetHints":{"allow":["GET"]}}],"collection":[{"href":"https:\/\/univet.hu\/hu\/wp-json\/wp\/v2\/pages"}],"about":[{"href":"https:\/\/univet.hu\/hu\/wp-json\/wp\/v2\/types\/page"}],"author":[{"embeddable":true,"href":"https:\/\/univet.hu\/hu\/wp-json\/wp\/v2\/users\/4688"}],"replies":[{"embeddable":true,"href":"https:\/\/univet.hu\/hu\/wp-json\/wp\/v2\/comments?post=88327"}],"version-history":[{"count":0,"href":"https:\/\/univet.hu\/hu\/wp-json\/wp\/v2\/pages\/88327\/revisions"}],"up":[{"embeddable":true,"href":"https:\/\/univet.hu\/hu\/wp-json\/wp\/v2\/pages\/86945"}],"wp:attachment":[{"href":"https:\/\/univet.hu\/hu\/wp-json\/wp\/v2\/media?parent=88327"}],"wp:term":[{"taxonomy":"category","embeddable":true,"href":"https:\/\/univet.hu\/hu\/wp-json\/wp\/v2\/categories?post=88327"},{"taxonomy":"post_tag","embeddable":true,"href":"https:\/\/univet.hu\/hu\/wp-json\/wp\/v2\/tags?post=88327"}],"curies":[{"name":"wp","href":"https:\/\/api.w.org\/{rel}","templated":true}]}}