{"id":88338,"date":"2023-07-12T14:20:01","date_gmt":"2023-07-12T12:20:01","guid":{"rendered":"https:\/\/univet.hu\/hu\/egyetem\/palyazati-projektek\/ewda\/"},"modified":"2023-07-17T10:02:50","modified_gmt":"2023-07-17T08:02:50","slug":"ewda","status":"publish","type":"page","link":"https:\/\/univet.hu\/hu\/egyetem\/palyazati-projektek\/ewda\/","title":{"rendered":"EWDA"},"content":{"rendered":"<p>&nbsp;<\/p> <p><strong>P\u00e1ly\u00e1zati felh\u00edv\u00e1s k\u00f3dja:<\/strong> EWDA (European Wildlife Disease Association) kis t\u00e1mogat\u00e1s\/t\u00e1mogat\u00e1s a vadon \u00e9l\u0151 \u00e1llatok eg\u00e9szs\u00e9g\u00fcgyi kutat\u00e1s\u00e1hoz \u00e9s oktat\u00e1s\u00e1hoz Kelet-Eur\u00f3p\u00e1ban.<\/p> <p><strong>P\u00e1ly\u00e1zati felh\u00edv\u00e1s c\u00edme:<\/strong> A gazdav\u00e9rliszt hat\u00e1sa a k\u00f3rokoz\u00f3 jelenl\u00e9t\u00e9re \u00e9s diverzit\u00e1s\u00e1ra a denev\u00e9rrel kapcsolatos kullancsokban<\/p> <p><strong>Projekt teljes k\u00f6lts\u00e9gvet\u00e9se:<\/strong> 3000 \u20ac<br \/> \u00c1llatorvostudom\u00e1nyi Egyetem \u00e1ltal elnyert t\u00e1mogat\u00e1si \u00f6sszeg: 3000 \u20ac<br \/> <strong>T\u00e1mogat\u00e1si intenzit\u00e1s:<\/strong> 100%<\/p> <p><strong>Megval\u00f3s\u00edt\u00e1s id\u0151szaka:<\/strong><br \/> 2022. m\u00e1jus 1. &#8211; 2023. december 31.<\/p> <p><strong>Projekt honlap:<\/strong> <a href=\"http:\/\/ewda.org\">http:\/\/ewda.org<\/a><\/p> <p><strong>AZ EWDA KIS T\u00c1MOGAT\u00c1SI PROGRAM C\u00c9LJA:<\/strong><br \/> Az EWDA Kis P\u00e1ly\u00e1zati Program c\u00e9lja: a finansz\u00edroz\u00e1s hi\u00e1nya \u00e1ltal akad\u00e1lyozott kiv\u00e1lasztott tev\u00e9kenys\u00e9gek el\u0151mozd\u00edt\u00e1sa, az EWDA-tags\u00e1g el\u0151nyeinek n\u00f6vel\u00e9se, az EWDA l\u00e1that\u00f3s\u00e1g\u00e1nak n\u00f6vel\u00e9se, valamint az EWDA sz\u00e1m\u00e1ra \u00faj eszk\u00f6z\u00f6k biztos\u00edt\u00e1sa az \u00e1ltal\u00e1nos c\u00e9lok megval\u00f3s\u00edt\u00e1s\u00e1hoz. A WDA k\u00fcldet\u00e9se (\u201ea vadon \u00e9l\u0151 \u00e1llatok eg\u00e9szs\u00e9g\u00e9re \u00e9s betegs\u00e9geire vonatkoz\u00f3 ismeretek megszerz\u00e9se, terjeszt\u00e9se \u00e9s alkalmaz\u00e1sa biol\u00f3gi\u00e1jukkal, meg\u0151rz\u00e9s\u00fckkel, valamint az emberekkel \u00e9s h\u00e1zi\u00e1llatokkal val\u00f3 k\u00f6lcs\u00f6nhat\u00e1sukkal kapcsolatban\u201d).<\/p> <p>A t\u00e1mogat\u00e1sban r\u00e9szes\u00fcl\u0151k finansz\u00edroz\u00e1st kapnak egy olyan projekt megval\u00f3s\u00edt\u00e1s\u00e1ra, amely meghat\u00e1rozott \u00e9s m\u00e9rhet\u0151 c\u00e9lokat tartalmaz, amelyek \u00f6sszhangban vannak az EWDA\/WDA k\u00fcldet\u00e9s\u00e9vel. H\u00e1romf\u00e9le t\u00e1mogat\u00e1st k\u00edn\u00e1lnak:<\/p> <p>1. Vadv\u00e9delmi kutat\u00e1si \u00f6szt\u00f6nd\u00edj<br \/> 2. T\u00e1mogat\u00e1s a vadon \u00e9l\u0151 \u00e1llatok eg\u00e9szs\u00e9g\u00e9nek kutat\u00e1s\u00e1ra \u00e9s oktat\u00e1s\u00e1ra Kelet-Eur\u00f3p\u00e1ban<br \/> 3. Az Amanda Hawkswood Wildlife Health and Welfare Kutat\u00e1si \u00d6szt\u00f6nd\u00edj<\/p> <p><img loading=\"lazy\" decoding=\"async\" class=\"wp-image-88339 alignright\" src=\"https:\/\/univet.hu\/wp-content\/uploads\/2023\/07\/EWDA-logo-final-600dpiDF-320x257.jpg\" alt=\"\" width=\"232\" height=\"186\" srcset=\"https:\/\/univet.hu\/wp-content\/uploads\/2023\/07\/EWDA-logo-final-600dpiDF-320x257.jpg 320w, https:\/\/univet.hu\/wp-content\/uploads\/2023\/07\/EWDA-logo-final-600dpiDF-768x616.jpg 768w, https:\/\/univet.hu\/wp-content\/uploads\/2023\/07\/EWDA-logo-final-600dpiDF-960x771.jpg 960w, https:\/\/univet.hu\/wp-content\/uploads\/2023\/07\/EWDA-logo-final-600dpiDF.jpg 1657w\" sizes=\"auto, (max-width: 232px) 100vw, 232px\" \/><\/p>","protected":false},"excerpt":{"rendered":"<p>&nbsp; P\u00e1ly\u00e1zati felh\u00edv\u00e1s k\u00f3dja: EWDA (European Wildlife Disease Association) kis t\u00e1mogat\u00e1s\/t\u00e1mogat\u00e1s a vadon \u00e9l\u0151 \u00e1llatok eg\u00e9szs\u00e9g\u00fcgyi kutat\u00e1s\u00e1hoz \u00e9s oktat\u00e1s\u00e1hoz Kelet-Eur\u00f3p\u00e1ban. P\u00e1ly\u00e1zati felh\u00edv\u00e1s c\u00edme: A gazdav\u00e9rliszt hat\u00e1sa a k\u00f3rokoz\u00f3 jelenl\u00e9t\u00e9re \u00e9s diverzit\u00e1s\u00e1ra a denev\u00e9rrel kapcsolatos kullancsokban Projekt teljes k\u00f6lts\u00e9gvet\u00e9se: 3000 \u20ac \u00c1llatorvostudom\u00e1nyi Egyetem \u00e1ltal elnyert t\u00e1mogat\u00e1si \u00f6sszeg: 3000 \u20ac T\u00e1mogat\u00e1si intenzit\u00e1s: 100% Megval\u00f3s\u00edt\u00e1s id\u0151szaka: 2022. m\u00e1jus<\/p>\n","protected":false},"author":4688,"featured_media":0,"parent":1058,"menu_order":0,"comment_status":"open","ping_status":"open","template":"","meta":{"_acf_changed":false,"footnotes":""},"categories":[],"tags":[],"class_list":["post-88338","page","type-page","status-publish","hentry"],"acf":[],"_links":{"self":[{"href":"https:\/\/univet.hu\/hu\/wp-json\/wp\/v2\/pages\/88338","targetHints":{"allow":["GET"]}}],"collection":[{"href":"https:\/\/univet.hu\/hu\/wp-json\/wp\/v2\/pages"}],"about":[{"href":"https:\/\/univet.hu\/hu\/wp-json\/wp\/v2\/types\/page"}],"author":[{"embeddable":true,"href":"https:\/\/univet.hu\/hu\/wp-json\/wp\/v2\/users\/4688"}],"replies":[{"embeddable":true,"href":"https:\/\/univet.hu\/hu\/wp-json\/wp\/v2\/comments?post=88338"}],"version-history":[{"count":0,"href":"https:\/\/univet.hu\/hu\/wp-json\/wp\/v2\/pages\/88338\/revisions"}],"up":[{"embeddable":true,"href":"https:\/\/univet.hu\/hu\/wp-json\/wp\/v2\/pages\/1058"}],"wp:attachment":[{"href":"https:\/\/univet.hu\/hu\/wp-json\/wp\/v2\/media?parent=88338"}],"wp:term":[{"taxonomy":"category","embeddable":true,"href":"https:\/\/univet.hu\/hu\/wp-json\/wp\/v2\/categories?post=88338"},{"taxonomy":"post_tag","embeddable":true,"href":"https:\/\/univet.hu\/hu\/wp-json\/wp\/v2\/tags?post=88338"}],"curies":[{"name":"wp","href":"https:\/\/api.w.org\/{rel}","templated":true}]}}