{"id":88399,"date":"2023-07-13T14:18:01","date_gmt":"2023-07-13T12:18:01","guid":{"rendered":"https:\/\/univet.hu\/hu\/egyetem\/palyazati-projektek\/nkfih-palyazatok\/tet-tudomany-es-technologia\/marokkoi\/"},"modified":"2023-07-13T14:18:56","modified_gmt":"2023-07-13T12:18:56","slug":"a-helyi-klimatikus-viszonyok-es-a-hostressz-hatasa-a-kiskerodzok-szaporodasbiologia-teljesitmenyere","status":"publish","type":"page","link":"https:\/\/univet.hu\/hu\/egyetem\/palyazati-projektek\/nkfih-palyazatok\/tet-tudomany-es-technologia\/a-helyi-klimatikus-viszonyok-es-a-hostressz-hatasa-a-kiskerodzok-szaporodasbiologia-teljesitmenyere\/","title":{"rendered":"A helyi klimatikus viszonyok \u00e9s a h\u0151stressz hat\u00e1sa a kisk\u00e9r\u0151dz\u0151k szaporod\u00e1sbiol\u00f3gia teljes\u00edtm\u00e9ny\u00e9re"},"content":{"rendered":"<p>&nbsp;<\/p> <p><strong>Projekt azonos\u00edt\u00f3:<\/strong> 2018-2.1.10-T\u00c9T-MC-2018-00011<\/p> <p><strong>T\u00e1mogat\u00e1s \u00f6sszege:<\/strong> 1.359.000, \u2013 Ft<\/p> <p><strong>Projekt szakmai vezet\u0151je:<\/strong> Dr. Horv\u00e1th Andr\u00e1s, PhD, egyetemi adjunktus<\/p> <p><strong>Megval\u00f3s\u00edt\u00e1s id\u0151szaka:<\/strong> 2019. m\u00e1jus 01. &#8211; 2021. \u00e1prilis 30.<\/p> <p>&nbsp;<\/p> <p><strong>A projekt tartalma:<\/strong><\/p> <p>A glob\u00e1lis felmeleged\u00e9s k\u00f6vetkezm\u00e9nyek\u00e9nt a h\u0151stressz kiemelked\u0151 jelent\u0151s\u00e9g\u0171 a haszon\u00e1llatok szaporod\u00e1sbiol\u00f3gi\u00e1j\u00e1ban. A h\u0151stressznek a tejel\u0151 szarvasmarh\u00e1k term\u00e9keny\u00fcl\u00e9s\u00e9re kifejtett negat\u00edv hat\u00e1sa sz\u00e1mos form\u00e1ban ismert. Ez a juhok eset\u00e9ben is fontos, hiszen nagyban f\u00fcggenek a sz\u00e1raz, f\u00e9lsz\u00e1raz ter\u00fcletek legeltet\u00e9si felt\u00e9teleit\u0151l \u00e9s a ny\u00e1ri magas h\u0151m\u00e9rs\u00e9klett\u0151l.<\/p> <p>A kutat\u00f3k a projektben azt k\u00edv\u00e1nj\u00e1k megvizsg\u00e1lni, hogy a h\u0151stressz milyen hat\u00e1ssal van az INRA180 t\u00edpus\u00fa kosok szaporod\u00e1sbiol\u00f3giai param\u00e9tereire.<\/p> <p>A projekt a maga nem\u00e9ben egyed\u00fcl\u00e1ll\u00f3an k\u00f6zel\u00edti meg a kosoknak a sz\u00e9ls\u0151s\u00e9ges marokk\u00f3i id\u0151j\u00e1r\u00e1si viszonyokhoz val\u00f3 alkalmazkod\u00f3 k\u00e9pess\u00e9g\u00e9t.<\/p> <p><img loading=\"lazy\" decoding=\"async\" class=\"size-medium wp-image-88282 alignright\" src=\"https:\/\/univet.hu\/wp-content\/uploads\/2023\/07\/NKFIA_infoblokk_kerettel_program_fekvo_2019_HU-1-320x136.jpg\" alt=\"\" width=\"320\" height=\"136\" srcset=\"https:\/\/univet.hu\/wp-content\/uploads\/2023\/07\/NKFIA_infoblokk_kerettel_program_fekvo_2019_HU-1-320x136.jpg 320w, https:\/\/univet.hu\/wp-content\/uploads\/2023\/07\/NKFIA_infoblokk_kerettel_program_fekvo_2019_HU-1-768x326.jpg 768w, https:\/\/univet.hu\/wp-content\/uploads\/2023\/07\/NKFIA_infoblokk_kerettel_program_fekvo_2019_HU-1-960x407.jpg 960w\" sizes=\"auto, (max-width: 320px) 100vw, 320px\" \/><\/p>","protected":false},"excerpt":{"rendered":"<p>&nbsp; Projekt azonos\u00edt\u00f3: 2018-2.1.10-T\u00c9T-MC-2018-00011 T\u00e1mogat\u00e1s \u00f6sszege: 1.359.000, \u2013 Ft Projekt szakmai vezet\u0151je: Dr. Horv\u00e1th Andr\u00e1s, PhD, egyetemi adjunktus Megval\u00f3s\u00edt\u00e1s id\u0151szaka: 2019. m\u00e1jus 01. &#8211; 2021. \u00e1prilis 30. &nbsp; A projekt tartalma: A glob\u00e1lis felmeleged\u00e9s k\u00f6vetkezm\u00e9nyek\u00e9nt a h\u0151stressz kiemelked\u0151 jelent\u0151s\u00e9g\u0171 a haszon\u00e1llatok szaporod\u00e1sbiol\u00f3gi\u00e1j\u00e1ban. A h\u0151stressznek a tejel\u0151 szarvasmarh\u00e1k term\u00e9keny\u00fcl\u00e9s\u00e9re kifejtett negat\u00edv hat\u00e1sa sz\u00e1mos form\u00e1ban ismert. Ez<\/p>\n","protected":false},"author":4688,"featured_media":0,"parent":88245,"menu_order":0,"comment_status":"open","ping_status":"open","template":"","meta":{"_acf_changed":false,"footnotes":""},"categories":[],"tags":[],"class_list":["post-88399","page","type-page","status-publish","hentry"],"acf":[],"_links":{"self":[{"href":"https:\/\/univet.hu\/hu\/wp-json\/wp\/v2\/pages\/88399","targetHints":{"allow":["GET"]}}],"collection":[{"href":"https:\/\/univet.hu\/hu\/wp-json\/wp\/v2\/pages"}],"about":[{"href":"https:\/\/univet.hu\/hu\/wp-json\/wp\/v2\/types\/page"}],"author":[{"embeddable":true,"href":"https:\/\/univet.hu\/hu\/wp-json\/wp\/v2\/users\/4688"}],"replies":[{"embeddable":true,"href":"https:\/\/univet.hu\/hu\/wp-json\/wp\/v2\/comments?post=88399"}],"version-history":[{"count":0,"href":"https:\/\/univet.hu\/hu\/wp-json\/wp\/v2\/pages\/88399\/revisions"}],"up":[{"embeddable":true,"href":"https:\/\/univet.hu\/hu\/wp-json\/wp\/v2\/pages\/88245"}],"wp:attachment":[{"href":"https:\/\/univet.hu\/hu\/wp-json\/wp\/v2\/media?parent=88399"}],"wp:term":[{"taxonomy":"category","embeddable":true,"href":"https:\/\/univet.hu\/hu\/wp-json\/wp\/v2\/categories?post=88399"},{"taxonomy":"post_tag","embeddable":true,"href":"https:\/\/univet.hu\/hu\/wp-json\/wp\/v2\/tags?post=88399"}],"curies":[{"name":"wp","href":"https:\/\/api.w.org\/{rel}","templated":true}]}}