{"id":88418,"date":"2023-07-14T08:41:37","date_gmt":"2023-07-14T06:41:37","guid":{"rendered":"https:\/\/univet.hu\/hu\/egyetem\/palyazati-projektek\/agrarminiszterium-projektek\/icrad\/"},"modified":"2023-07-26T16:56:19","modified_gmt":"2023-07-26T14:56:19","slug":"icrad","status":"publish","type":"page","link":"https:\/\/univet.hu\/hu\/egyetem\/palyazati-projektek\/agrarminiszterium-projektek\/icrad\/","title":{"rendered":"CAE-RAPID"},"content":{"rendered":"<p><strong>Projekt neve:<\/strong> Gyorsteszt kifejleszt\u00e9se kecske arthritis-encephalitis (CAE) helysz\u00edni szerol\u00f3giai diagnosztik\u00e1j\u00e1hoz egyedi tejmint\u00e1k felhaszn\u00e1l\u00e1s\u00e1val (CAE-RAPID ID39)<\/p> <p><strong>Projekt sz\u00e1ma:<\/strong> Azonos\u00edt\u00f3: 39<br \/> <strong>Felh\u00edv\u00e1s:<\/strong> H2020-ERA-NET T\u00e1mogat\u00e1si meg\u00e1llapod\u00e1s sz\u00e1ma 862605 ICRAD<br \/> A fert\u0151z\u0151 \u00e1llatbetegs\u00e9gek kutat\u00e1s\u00e1nak nemzetk\u00f6zi koordin\u00e1ci\u00f3ja (ICRAD)<\/p> <p><strong>Teljes k\u00f6lts\u00e9gvet\u00e9s:<\/strong> 784 000 \u20ac<br \/> <strong>Az \u00c1llatorvostudom\u00e1nyi Egyetem k\u00f6lts\u00e9gvet\u00e9se:<\/strong> 140 000 \u20ac<br \/> <strong>Finansz\u00edroz\u00e1si ar\u00e1ny:<\/strong> 100%<\/p> <p><strong>Id\u0151tartam:<\/strong> 2021. m\u00e1rcius 1-t\u0151l 2024. febru\u00e1r 29-ig<\/p> <p><strong>Partnerint\u00e9zm\u00e9nyek:<\/strong><br \/> Vars\u00f3i \u00c9lettudom\u00e1nyi Egyetem-SGGW<br \/> <em>\u00c1llatorvostudom\u00e1nyi Egyetem (UVMB)<\/em><br \/> Litv\u00e1n Eg\u00e9szs\u00e9gtudom\u00e1nyi Egyetem (LSMU)<br \/> Norv\u00e9g \u00c9lettudom\u00e1nyi Egyetem<br \/> Berni Egyetem<\/p> <p><strong>A projekt \u00f6sszefoglal\u00e1sa<\/strong><br \/> A CAE-RAPID c\u00e9lja egy gyorsteszt kifejleszt\u00e9se a CAE v\u00edrus kimutat\u00e1s\u00e1ra. E c\u00e9l el\u00e9r\u00e9se \u00e9rdek\u00e9ben a CAE-RAPID konzorciuma 5 partnert (kutat\u00f3int\u00e9zetet) egyes\u00edt 5 k\u00fcl\u00f6nb\u00f6z\u0151 orsz\u00e1gban. A CAE vil\u00e1gszerte elterjedt, \u00e9s a kecsk\u00e9k mozg\u00e1sk\u00e9pess\u00e9g\u00e9re, j\u00f3ll\u00e9t\u00e9re \u00e9s termel\u00e9kenys\u00e9g\u00e9re gyakorolt jelent\u0151s negat\u00edv hat\u00e1sa miatt jelenleg az eur\u00f3pai orsz\u00e1gokban a kecsketeny\u00e9szt\u00e9s egyik f\u0151 vesz\u00e9lyforr\u00e1s\u00e1nak tekintik. A betegs\u00e9g \u00e1llom\u00e1nyba bejut\u00e1s\u00e1nak \u00e9s terjed\u00e9s\u00e9nek f\u0151 \u00fatja a t\u00fcnetmentesen fert\u0151z\u00f6tt kecske behurcol\u00e1sa. Ez\u00e9rt a megel\u0151z\u00e9s elengedhetetlen a hat\u00e9kony CAE-elleni v\u00e9dekez\u00e9shez.<\/p> <p>A CAE-diagnosztika legnagyobb kih\u00edv\u00e1sa a fert\u0151z\u0151d\u00e9s \u00e9s az els\u0151 nyilv\u00e1nval\u00f3 t\u00fcnetek megjelen\u00e9se k\u00f6z\u00f6tt eltelt hossz\u00fa lappang\u00e1si id\u0151b\u0151l ered. Ez id\u0151 alatt a betegs\u00e9g t\u00fcnetmentesen terjed a kecsk\u00e9k k\u00f6z\u00f6tt, \u00e9s amikor a gazd\u00e1lkod\u00f3 r\u00e1j\u00f6n, hogy valami baj van, \u00e1ltal\u00e1ban az \u00e1llom\u00e1nyban l\u00e9v\u0151 kecsk\u00e9k jelent\u0151s r\u00e9sze m\u00e1r fert\u0151z\u00f6tt. Jelenleg a CAE diagnosztika alapja a szerol\u00f3giai teszt. Annak ellen\u00e9re, hogy ezek tesztek nagyon pontosak, az \u00e1ruk, bele\u00e9rtve a v\u00e9rminta gy\u0171jt\u00e9s\u00e9hez \u00e9s laborat\u00f3riumba sz\u00e1ll\u00edt\u00e1s\u00e1hoz sz\u00fcks\u00e9ges \u00e1llatorvosi munk\u00e1t, valamint a laborat\u00f3riumi eredm\u00e9nyekhez sz\u00fcks\u00e9ges id\u0151t, akad\u00e1lyozz\u00e1k a rutinszer\u0171 haszn\u00e1latukat.<\/p> <p>A CAE-RAPID c\u00e9lja a CAE egy\u00e9ni diagnosztik\u00e1j\u00e1nak jav\u00edt\u00e1sa az\u00e1ltal, hogy k\u00f6nnyen hozz\u00e1f\u00e9rhet\u0151, gyors \u00e9s megb\u00edzhat\u00f3 eszk\u00f6zt biztos\u00edtson a fert\u0151z\u00e9s kiz\u00e1r\u00e1s\u00e1hoz, ill. korai felismer\u00e9s\u00e9hez. Az SRLV elleni antitestek tejcseppekben, sz\u00e9rumban vagy teljes v\u00e9rben t\u00f6rt\u00e9n\u0151 kimutat\u00e1s\u00e1ra szolg\u00e1l\u00f3 gyorstesztet k\u00e9t alapvet\u0151 helyzetben kell alkalmazni. Egyr\u00e9szt a t\u00fcnetmentes kecsk\u00e9k helysz\u00edni gyors sz\u0171r\u00e9s\u00e9re, amelyeket v\u00e1s\u00e1rolni vagy az \u00e1llom\u00e1nyba bevinni sz\u00e1nd\u00e9koznak. M\u00e1sr\u00e9szt olyan kecsk\u00e9k helysz\u00edni gyors sz\u0171r\u00e9s\u00e9re, amelyekben az els\u0151 klinikai t\u00fcnetek megjelentek. \u00cdgy a kifejlesztend\u0151 helysz\u00edni diagnosztikai m\u00f3dszerrel szemben elv\u00e1r\u00e1s, hogy maximaliz\u00e1lja a szenzitivit\u00e1st \u00e9s a negat\u00edv predikt\u00edv \u00e9rt\u00e9ket, vagyis, hogy a negat\u00edv eredm\u00e9nyt mutat\u00f3 kecske biztons\u00e1gosan bevihet\u0151 legyen az \u00e1llom\u00e1nyba vagy megtarthat\u00f3 legyen az \u00e1llom\u00e1nyban. A pozit\u00edv eredm\u00e9nyeknek a laborat\u00f3riumi ellen\u0151rz\u00e9sre lesz sz\u00fcks\u00e9g.<\/p> <p>A rendk\u00edv\u00fcl megb\u00edzhat\u00f3, pontos \u00e9s k\u00f6nnyen haszn\u00e1lhat\u00f3 helysz\u00edni vizsg\u00e1lat kifejleszt\u00e9se \u00e9rdek\u00e9ben a legelterjedtebb SRLV genot\u00edpusokat \u00e9s alt\u00edpusokat a CAE \u00e1ltal \u00e9rintett kecske\u00e1llom\u00e1nyokban v\u00e9gzett nagyszab\u00e1s\u00fa virol\u00f3giai felm\u00e9r\u00e9s sor\u00e1n azonos\u00edtj\u00e1k. Ezut\u00e1n elk\u00e9sz\u00edtik \u00e9s \u00e9rt\u00e9kelik a legoptim\u00e1lisabb v\u00edrusantig\u00e9nt, amely k\u00e9pes kimutatni az SRLV lehet\u0151 legsz\u00e9lesebb spektruma elleni antitesteket t\u00f6bb laborat\u00f3riumi immunenzimatikus teszt (WP1) kidolgoz\u00e1s\u00e1val \u00e9s \u00f6sszehasonl\u00edt\u00e1s\u00e1val. A legoptim\u00e1lisabb antig\u00e9n alapj\u00e1n az immunkromatogr\u00e1fi\u00e1s gyorstesztet (WP2) egy c\u00e9g gy\u00e1rtja le. A projekt legnagyobb r\u00e9sz\u00e9t a CAE-RAPID teszt laborat\u00f3riumi \u00e9s telepi k\u00f6r\u00fclm\u00e9nyek k\u00f6z\u00f6tti valid\u00e1l\u00e1s\u00e1nak szentelik.<\/p> <p>El\u0151sz\u00f6r (WP3) 600 SRLV-fert\u0151z\u00f6tt (t\u00fcnetmentes \u00e9s t\u00fcnetmentes) kecsk\u00e9t\u0151l \u00e9s 1000 nem fert\u0151z\u00f6tt kecsk\u00e9t\u0151l vesznek v\u00e9r- \u00e9s tejmint\u00e1kat lengyel kecske\u00e1llom\u00e1nyokban, illetve hivatalosan CAE-mentesnek elismert norv\u00e9g \u00e1llom\u00e1nyokban.<\/p> <p>A val\u00f3ban fert\u0151z\u00f6tt \u00e9s val\u00f3ban nem fert\u0151z\u00f6tt mint\u00e1kat a gyorsteszt szenzitivit\u00e1s\u00e1nak \u00e9s specificit\u00e1s\u00e1nak meghat\u00e1roz\u00e1s\u00e1ra v\u00e9r- \u00e9s tejmint\u00e1kon v\u00e9gzik, 95%-os konfidencia \u00e9rt\u00e9k mellett. A szenzitivit\u00e1st a t\u00fcnetekkel j\u00e1r\u00f3 \u00e9s t\u00fcnetmentes kecsk\u00e9k eset\u00e9ben k\u00fcl\u00f6n kell megbecs\u00fclni, hogy \u00e9rt\u00e9kelni lehessen a CAE-RAPID teszt alkalmaz\u00e1s\u00e1nak k\u00e9t v\u00e1rhat\u00f3 indik\u00e1ci\u00f3j\u00e1t.<\/p> <p>Ezut\u00e1n (WP4) a CAE-RAPID tesztet nagyj\u00e1b\u00f3l 500 kecsk\u00e9n v\u00e9gzik telepi k\u00f6r\u00fclm\u00e9nyek k\u00f6z\u00f6tt olyan szem\u00e9lyek, akik nem vettek r\u00e9szt a projekt kor\u00e1bbi szakaszaiban, \u00e9s nem ismerik a tesztelt egyedek val\u00f3di fert\u0151z\u00f6tts\u00e9gi \u00e1llapot\u00e1t, hogy ellen\u0151rizz\u00e9k a teszt diagnosztikai teljes\u00edtm\u00e9ny\u00e9t \u00e9s megb\u00edzhat\u00f3s\u00e1g\u00e1t egy vak pr\u00f3ba sor\u00e1n.<\/p> <p><img loading=\"lazy\" decoding=\"async\" class=\"size-medium wp-image-88421 alignright\" src=\"https:\/\/univet.hu\/wp-content\/uploads\/2023\/07\/ICRAD-logo-320x172.jpg\" alt=\"\" width=\"320\" height=\"172\" srcset=\"https:\/\/univet.hu\/wp-content\/uploads\/2023\/07\/ICRAD-logo-320x172.jpg 320w, https:\/\/univet.hu\/wp-content\/uploads\/2023\/07\/ICRAD-logo.jpg 406w\" sizes=\"auto, (max-width: 320px) 100vw, 320px\" \/><\/p>","protected":false},"excerpt":{"rendered":"<p>Projekt neve: Gyorsteszt kifejleszt\u00e9se kecske arthritis-encephalitis (CAE) helysz\u00edni szerol\u00f3giai diagnosztik\u00e1j\u00e1hoz egyedi tejmint\u00e1k felhaszn\u00e1l\u00e1s\u00e1val (CAE-RAPID ID39) Projekt sz\u00e1ma: Azonos\u00edt\u00f3: 39 Felh\u00edv\u00e1s: H2020-ERA-NET T\u00e1mogat\u00e1si meg\u00e1llapod\u00e1s sz\u00e1ma 862605 ICRAD A fert\u0151z\u0151 \u00e1llatbetegs\u00e9gek kutat\u00e1s\u00e1nak nemzetk\u00f6zi koordin\u00e1ci\u00f3ja (ICRAD) Teljes k\u00f6lts\u00e9gvet\u00e9s: 784 000 \u20ac Az \u00c1llatorvostudom\u00e1nyi Egyetem k\u00f6lts\u00e9gvet\u00e9se: 140 000 \u20ac Finansz\u00edroz\u00e1si ar\u00e1ny: 100% Id\u0151tartam: 2021. m\u00e1rcius 1-t\u0151l 2024. febru\u00e1r 29-ig<\/p>\n","protected":false},"author":4688,"featured_media":0,"parent":88414,"menu_order":0,"comment_status":"open","ping_status":"open","template":"","meta":{"_acf_changed":false,"footnotes":""},"categories":[],"tags":[],"class_list":["post-88418","page","type-page","status-publish","hentry"],"acf":[],"_links":{"self":[{"href":"https:\/\/univet.hu\/hu\/wp-json\/wp\/v2\/pages\/88418","targetHints":{"allow":["GET"]}}],"collection":[{"href":"https:\/\/univet.hu\/hu\/wp-json\/wp\/v2\/pages"}],"about":[{"href":"https:\/\/univet.hu\/hu\/wp-json\/wp\/v2\/types\/page"}],"author":[{"embeddable":true,"href":"https:\/\/univet.hu\/hu\/wp-json\/wp\/v2\/users\/4688"}],"replies":[{"embeddable":true,"href":"https:\/\/univet.hu\/hu\/wp-json\/wp\/v2\/comments?post=88418"}],"version-history":[{"count":0,"href":"https:\/\/univet.hu\/hu\/wp-json\/wp\/v2\/pages\/88418\/revisions"}],"up":[{"embeddable":true,"href":"https:\/\/univet.hu\/hu\/wp-json\/wp\/v2\/pages\/88414"}],"wp:attachment":[{"href":"https:\/\/univet.hu\/hu\/wp-json\/wp\/v2\/media?parent=88418"}],"wp:term":[{"taxonomy":"category","embeddable":true,"href":"https:\/\/univet.hu\/hu\/wp-json\/wp\/v2\/categories?post=88418"},{"taxonomy":"post_tag","embeddable":true,"href":"https:\/\/univet.hu\/hu\/wp-json\/wp\/v2\/tags?post=88418"}],"curies":[{"name":"wp","href":"https:\/\/api.w.org\/{rel}","templated":true}]}}