{"id":88423,"date":"2023-07-14T08:51:26","date_gmt":"2023-07-14T06:51:26","guid":{"rendered":"https:\/\/univet.hu\/hu\/egyetem\/palyazati-projektek\/agrarminiszterium-projektek\/techpepcon\/"},"modified":"2023-07-17T09:54:49","modified_gmt":"2023-07-17T07:54:49","slug":"techpepcon","status":"publish","type":"page","link":"https:\/\/univet.hu\/hu\/egyetem\/palyazati-projektek\/agrarminiszterium-projektek\/techpepcon\/","title":{"rendered":"TechPEPCon"},"content":{"rendered":"<p>&nbsp;<\/p> <p><strong>Projekt neve:<\/strong> \u00c9lvonalbeli technol\u00f3gi\u00e1k alkalmaz\u00e1sa a k\u00f3rokoz\u00f3k, a k\u00f6rnyezet \u00e9s a sert\u00e9sek sz\u0171r\u00e9s\u00e9re a sert\u00e9s\u00e1llom\u00e1nyok jobb betegs\u00e9g ellen\u0151rz\u00e9se \u00e9rdek\u00e9ben (TechPEPCon ID45)<\/p> <p><strong>Projektsz\u00e1ma:<\/strong> ID:45<br \/> <strong>Felh\u00edv\u00e1s:<\/strong> H2020-ERA-NET T\u00e1mogat\u00e1si meg\u00e1llapod\u00e1s sz\u00e1ma 862605 ICRAD<br \/> A fert\u0151z\u0151 \u00e1llatbetegs\u00e9gek kutat\u00e1s\u00e1nak nemzetk\u00f6zi koordin\u00e1ci\u00f3ja (ICRAD)<\/p> <p><strong>Teljes k\u00f6lts\u00e9gvet\u00e9s:<\/strong> 1 085 000 \u20ac<br \/> <strong>Az \u00c1llatorvostudom\u00e1nyi Egyetem k\u00f6lts\u00e9gvet\u00e9se:<\/strong> 97 000 \u20ac<br \/> <strong>Finansz\u00edroz\u00e1si ar\u00e1ny:<\/strong> 100%<\/p> <p><strong>Id\u0151tartam:<\/strong> 2021. m\u00e1rcius 1-t\u0151l 2024. febru\u00e1r 29-ig<\/p> <p><strong>Partnerint\u00e9zm\u00e9nyek:<\/strong><br \/> Genti Egyetem (UGent)<br \/> Vars\u00f3i \u00c9lettudom\u00e1nyi Egyetem-SGGW<br \/> <em>\u00c1llatorvostudom\u00e1nyi Egyetem, Budapest (UVMB)<\/em><br \/> Istituto Zooprofilattico Sperimentale della Lombardia e dell&#8217;Emilia Romagna &#8222;Bruno Ubertini&#8221; (IZSLER)<\/p> <p><strong>A projekt honlapja:<\/strong>\u00a0<a href=\"http:\/\/techpepcon.ugent.be\">http:\/\/techpepcon.ugent.be<\/a><\/p> <p><strong>\u00d6sszefoglal\u00f3:<\/strong><br \/> A sert\u00e9s\u00e1gazat rendk\u00edv\u00fcl gyorsan fejl\u0151d\u00f6tt az elm\u00falt \u00e9vtizedekben. Az \u00e1llatok sz\u00e1ma exponenci\u00e1lisan n\u0151tt mind a telepeken, mind az egyes r\u00e9gi\u00f3kban. Emellett az el\u0151\u00e1llat-sz\u00e1ll\u00edt\u00e1s m\u00e9rt\u00e9ke is vil\u00e1gszerte megn\u00f6vekedett, tov\u00e1bb\u00e1 a takarm\u00e1ny-\u00f6sszetev\u0151k globaliz\u00e1ci\u00f3ja egy teljesen nyitott piachoz vezetett. Mindezen t\u00e9nyez\u0151k a fert\u0151z\u0151 \u00e1gensek folyamatos \u00e9s gyors terjed\u00e9se r\u00e9v\u00e9n nagyon vesz\u00e9lyes helyzetet teremtettek.<\/p> <p>Mind a j\u00e1rv\u00e1nyos, mind az end\u00e9mi\u00e1s fert\u0151z\u00e9sek terjed\u00e9se felgyorsult. A v\u00edrusfert\u0151z\u00e9sek elleni vil\u00e1gszint\u0171 v\u00e9dekez\u00e9s ter\u00e9n nagyon fontos hi\u00e1nyoss\u00e1gok k\u00f6z\u00e9 tartozik (1) a betegs\u00e9gek korai st\u00e1diumban t\u00f6rt\u00e9n\u0151 felismer\u00e9se, (2) a k\u00f3rokoz\u00f3k \u00e9s k\u00f3rokoz\u00f3csoportok gyors azonos\u00edt\u00e1sa \u00e9s (3) a sert\u00e9start\u00f3k meggy\u0151z\u00e9se a megfelel\u0151 biol\u00f3giai biztons\u00e1g fontoss\u00e1g\u00e1r\u00f3l. A m\u00faltban ezen probl\u00e9m\u00e1k megold\u00e1sa a technikai korl\u00e1tok miatt nem volt lehets\u00e9ges.<\/p> <p>Az elm\u00falt \u00e9vekben tapasztalt technol\u00f3giai fejl\u0151d\u00e9s miatt ezek a hi\u00e1nyoss\u00e1gok orvosolhat\u00f3ak. \u00dajszer\u0171 technol\u00f3gi\u00e1kat fogunk alkalmazni, hogy v\u00e1laszt adjunk ezekre a probl\u00e9m\u00e1kra:<\/p> <p>(1) A klinikai t\u00fcnetek gyors felismer\u00e9s\u00e9t olyan \u00e9rz\u00e9kel\u0151kkel v\u00e9gezz\u00fck, amelyek r\u00f6gz\u00edtik a k\u00f6rnyezeti k\u00f6r\u00fclm\u00e9nyeket \u00e9s az \u00e1llatok fiziol\u00f3giai \u00e1llapot\u00e1t (kereskedelmi forgalomban kaphat\u00f3, Healthy Climate Monitor)<\/p> <p>(2) A k\u00f3rokoz\u00f3k gyors azonos\u00edt\u00e1sa az UGent partner \u00e1ltal kifejlesztett platform seg\u00edts\u00e9g\u00e9vel t\u00f6rt\u00e9nik. Egy \u00faj mintavev\u0151vel mint\u00e1t vesz\u00fcnk \u00e9l\u0151 \u00e9s elhullott \u00e1llatokb\u00f3l, amelyek tiszt\u00edt\u00e1sa pedig m\u00e1r a helysz\u00ednen megt\u00f6rt\u00e9nik. Az \u00edgy kapott mint\u00e1kat Nanopore szekven\u00e1l\u00f3 eszk\u00f6zzel vizsg\u00e1ljuk. A bels\u0151 kontrollok \u00e9s az intelligens szoftverplatform haszn\u00e1lat\u00e1val az \u00f6sszes, mint\u00e1ban tal\u00e1lhat\u00f3 v\u00edrus ak\u00e1r \u00f3r\u00e1kon bel\u00fcl azonos\u00edthat\u00f3 \u00e9s sz\u00e1mszer\u0171s\u00edthet\u0151 (Theuns et al., 2018). A bakt\u00e9riumok \u00e9s virulenciag\u00e9nek azonos\u00edt\u00e1sa is lehets\u00e9ges, m\u00e1r folyamatban van az antibiotikum-rezisztenciag\u00e9nek kimutat\u00e1s\u00e1nak optimaliz\u00e1l\u00e1sa. Ez a rendk\u00edv\u00fcl gyors \u00e9s hat\u00e9kony diagnosztikai eszk\u00f6z megv\u00e1ltoztathatja az eg\u00e9sz diagnosztikai vil\u00e1got. A vizsg\u00e1latok kivitelez\u00e9s\u00e9hez nincs sz\u00fcks\u00e9g sejtkult\u00far\u00e1k, folyad\u00e9kkult\u00far\u00e1k \u00e9s primer k\u00e9szletek el\u0151zetes kiv\u00e1laszt\u00e1s\u00e1ra.<\/p> <p>(3) A sert\u00e9s\u00e1llom\u00e1nyok biol\u00f3giai biztons\u00e1gi, j\u00e1rv\u00e1nyv\u00e9delmi szintj\u00e9nek pontos \u00e9s megism\u00e9telhet\u0151 m\u00e9r\u00e9ssel t\u00f6rt\u00e9n\u0151 meghat\u00e1roz\u00e1s\u00e1ra kock\u00e1zatalap\u00fa, k\u00e9rd\u0151\u00edves pontoz\u00e1si rendszert (Biocheck.UGent) fogunk haszn\u00e1lni.<\/p> <p>Ha mindezeket az \u00faj technol\u00f3gi\u00e1kat \u00f6sszevetj\u00fck, k\u00e9pesek lehet\u00fcnk a betegs\u00e9gek klasszikus h\u00e1romoldal\u00fa modellj\u00e9nek teljes sor\u00e1t \u00f6ssze\u00e1ll\u00edtani: (1) az \u00e1llati (korai klinikai t\u00fcnetek felismer\u00e9se), (2) a k\u00f3rokoz\u00f3i (gyors azonos\u00edt\u00e1s) \u00e9s (3) a k\u00f6rnyezeti param\u00e9tereket (biol\u00f3giai biztons\u00e1gi int\u00e9zked\u00e9sek).<\/p> <p>A WP1-ben a k\u00f3rokoz\u00f3k kering\u00e9s\u00e9t \u00e9s a rejtett probl\u00e9m\u00e1kat egy longitudin\u00e1lis vizsg\u00e1lat sor\u00e1n azonos\u00edtjuk \u00fan. &#8222;eg\u00e9szs\u00e9ges&#8221; st\u00e1tusz\u00fa gazdas\u00e1gokban, a szenzort az \u00faj diagnosztikai nanopore szekven\u00e1l\u00e1si platformmal kombin\u00e1lva. Tudjuk, hogy ezekben a gazdas\u00e1gokban v\u00edrus- \u00e9s bakt\u00e9riumcirkul\u00e1ci\u00f3 is el\u0151fordul, \u00e9s az \u00e1ltalunk alkalmazott \u00e9rz\u00e9kenyebb szenzorral kider\u00edtj\u00fck, hogy el\u0151zetesen kimutathat\u00f3ak-e rejtett klinikai t\u00fcnetek. A biol\u00f3giai biztons\u00e1gi ellen\u0151rz\u00e9ssel kombin\u00e1lva a k\u00fcls\u0151 \u00e9s bels\u0151 j\u00e1rv\u00e1nyv\u00e9delem hat\u00e9konys\u00e1ga jav\u00edthat\u00f3.<\/p> <p>A WP2-ben egy klinikai t\u00fcnetekben megnyilv\u00e1nul\u00f3, j\u00e1rv\u00e1nyszer\u0171en jelentkez\u0151 megbeteged\u00e9sek sor\u00e1n vizsg\u00e1ljuk meg, az \u00faj diagnosztikai nanopore platform seg\u00edts\u00e9g\u00e9vel, hogy mely k\u00f3rokoz\u00f3k fordulnak el\u0151 az \u00e9rintett \u00e1llatokban. A klinikai t\u00fcneteket az \u00faj szenzor r\u00f6gz\u00edti. Az eredm\u00e9nyek alapj\u00e1n bizonyos klinikai k\u00e9peket \u00f6sszekapcsolhatunk a fert\u0151z\u00e9sben r\u00e9szt vev\u0151 egyes k\u00f3rokoz\u00f3kkal vagy azok csoportjaival. Ez k\u00f3rokoz\u00f3-specifikus kezel\u00e9sekhez \u00e9s megel\u0151z\u00e9si elj\u00e1r\u00e1sokhoz vezet. A k\u00e9rd\u0151\u00edves biobiztons\u00e1gi ellen\u0151rz\u00e9ssel kombin\u00e1lva ezeket itt is k\u00e9pesek lesz\u00fcnk n\u00f6velni a j\u00e1rv\u00e1nyv\u00e9delem hat\u00e9konys\u00e1g\u00e1t.<\/p> <p>A WP3-ban a WP1 \u00e9s WP2 \u00faj v\u00edrusos \u00e9s bakteri\u00e1lis genot\u00edpusait \u00e9s komplexeit genetikailag tov\u00e1bb jellemezz\u00fck. K\u00e9t \u00faj v\u00edrusgenot\u00edpus \u00e1llatk\u00eds\u00e9rletben elv\u00e9gzett mesters\u00e9ges fert\u0151z\u00e9se sor\u00e1n a klinikai k\u00f3rk\u00e9p jellemezhet\u0151.<\/p> <p>A WP4 keret\u00e9ben az el\u0151z\u0151ekben megfigyelt v\u00edrusos j\u00e1rv\u00e1nyok t\u00e9rbeli \u00e9s id\u0151beli nyomon k\u00f6vet\u00e9se k\u00f6vetkezik, amely a sert\u00e9s\u00e1gazat gyors riaszt\u00e1si \u00e9s biztons\u00e1gi rendszerek\u00e9nt funkcion\u00e1l majd.<\/p> <p>A program teljesen m\u0171k\u00f6d\u0151k\u00e9pes szolg\u00e1ltat\u00f3 laborat\u00f3riumok l\u00e9trej\u00f6tt\u00e9vel z\u00e1rul, amelyek \u00e9lvonalbeli technol\u00f3gi\u00e1t haszn\u00e1lnak majd a rutin diagnosztik\u00e1ban a sert\u00e9start\u00f3k t\u00e1mogat\u00e1s\u00e1ra. Az \u00edgy felhalmozott tud\u00e1st ezt k\u00f6vet\u0151en m\u00e1s eur\u00f3pai laborat\u00f3riumokkal is megosztjuk. A v\u00edrusos end\u00e9mi\u00e1k \u00e9s j\u00e1rv\u00e1nyok t\u00e9rbeli \u00e9s id\u0151beli nyomon k\u00f6vet\u00e9s\u00e9t v\u00e1rhat\u00f3an nagyra \u00e9rt\u00e9kelik a sert\u00e9start\u00f3k, \u00e1llatorvosok, d\u00f6nt\u00e9shoz\u00f3k \u00e9s gy\u00f3gyszeripari v\u00e1llalatok is.<\/p> <p><img loading=\"lazy\" decoding=\"async\" class=\"size-medium wp-image-88421 alignright\" src=\"https:\/\/univet.hu\/wp-content\/uploads\/2023\/07\/ICRAD-logo-320x172.jpg\" alt=\"\" width=\"320\" height=\"172\" srcset=\"https:\/\/univet.hu\/wp-content\/uploads\/2023\/07\/ICRAD-logo-320x172.jpg 320w, https:\/\/univet.hu\/wp-content\/uploads\/2023\/07\/ICRAD-logo.jpg 406w\" sizes=\"auto, (max-width: 320px) 100vw, 320px\" \/><\/p>","protected":false},"excerpt":{"rendered":"<p>&nbsp; Projekt neve: \u00c9lvonalbeli technol\u00f3gi\u00e1k alkalmaz\u00e1sa a k\u00f3rokoz\u00f3k, a k\u00f6rnyezet \u00e9s a sert\u00e9sek sz\u0171r\u00e9s\u00e9re a sert\u00e9s\u00e1llom\u00e1nyok jobb betegs\u00e9g ellen\u0151rz\u00e9se \u00e9rdek\u00e9ben (TechPEPCon ID45) Projektsz\u00e1ma: ID:45 Felh\u00edv\u00e1s: H2020-ERA-NET T\u00e1mogat\u00e1si meg\u00e1llapod\u00e1s sz\u00e1ma 862605 ICRAD A fert\u0151z\u0151 \u00e1llatbetegs\u00e9gek kutat\u00e1s\u00e1nak nemzetk\u00f6zi koordin\u00e1ci\u00f3ja (ICRAD) Teljes k\u00f6lts\u00e9gvet\u00e9s: 1 085 000 \u20ac Az \u00c1llatorvostudom\u00e1nyi Egyetem k\u00f6lts\u00e9gvet\u00e9se: 97 000 \u20ac Finansz\u00edroz\u00e1si ar\u00e1ny: 100% Id\u0151tartam:<\/p>\n","protected":false},"author":4688,"featured_media":0,"parent":88414,"menu_order":0,"comment_status":"open","ping_status":"open","template":"","meta":{"_acf_changed":false,"footnotes":""},"categories":[],"tags":[],"class_list":["post-88423","page","type-page","status-publish","hentry"],"acf":[],"_links":{"self":[{"href":"https:\/\/univet.hu\/hu\/wp-json\/wp\/v2\/pages\/88423","targetHints":{"allow":["GET"]}}],"collection":[{"href":"https:\/\/univet.hu\/hu\/wp-json\/wp\/v2\/pages"}],"about":[{"href":"https:\/\/univet.hu\/hu\/wp-json\/wp\/v2\/types\/page"}],"author":[{"embeddable":true,"href":"https:\/\/univet.hu\/hu\/wp-json\/wp\/v2\/users\/4688"}],"replies":[{"embeddable":true,"href":"https:\/\/univet.hu\/hu\/wp-json\/wp\/v2\/comments?post=88423"}],"version-history":[{"count":0,"href":"https:\/\/univet.hu\/hu\/wp-json\/wp\/v2\/pages\/88423\/revisions"}],"up":[{"embeddable":true,"href":"https:\/\/univet.hu\/hu\/wp-json\/wp\/v2\/pages\/88414"}],"wp:attachment":[{"href":"https:\/\/univet.hu\/hu\/wp-json\/wp\/v2\/media?parent=88423"}],"wp:term":[{"taxonomy":"category","embeddable":true,"href":"https:\/\/univet.hu\/hu\/wp-json\/wp\/v2\/categories?post=88423"},{"taxonomy":"post_tag","embeddable":true,"href":"https:\/\/univet.hu\/hu\/wp-json\/wp\/v2\/tags?post=88423"}],"curies":[{"name":"wp","href":"https:\/\/api.w.org\/{rel}","templated":true}]}}