{"id":88438,"date":"2023-07-14T09:21:28","date_gmt":"2023-07-14T07:21:28","guid":{"rendered":"https:\/\/univet.hu\/?page_id=88438"},"modified":"2026-02-10T03:54:38","modified_gmt":"2026-02-10T02:54:38","slug":"bajnok-marta","status":"publish","type":"page","link":"https:\/\/univet.hu\/hu\/egyetem\/munkatarsak\/bajnok-marta\/","title":{"rendered":"Bajnok M\u00e1rta"},"content":{"rendered":"<p style=\"text-align: center;\"><span style=\"font-size: 14pt;\">Bemutatkoz\u00e1s<\/span><\/p> <p>2009 \u00f3ta dolgoztam egyetemi kutat\u00f3k\u00e9nt \u00e9s oktat\u00f3k\u00e9nt a Szent Istv\u00e1n Egyetemen (k\u00e9s\u0151bb Magyar Agr\u00e1r- \u00e9s \u00c9lettudom\u00e1nyi Egyetem) Gyepgazd\u00e1lkod\u00e1si Csoportj\u00e1ban. F\u0151bb kutat\u00e1si ter\u00fcleteim: Takarm\u00e1nyc\u00e9l\u00fa, term\u00e9szetv\u00e9delmi \u00e9s \u00f6kol\u00f3giai hasznos\u00edt\u00e1s\u00fa gyepek fenntart\u00e1sa \u00e9s hasznos\u00edt\u00e1sa.<\/p> <p>Tudom\u00e1nyos fokozat: Ph.D. (2011)<\/p> <p><strong>F\u0151bb kutat\u00e1si ter\u00fcletek<\/strong><\/p> <ul> <li>Takarm\u00e1nyc\u00e9l\u00fa, term\u00e9szetv\u00e9delmi, \u00f6kol\u00f3giai gyepgazd\u00e1lkod\u00e1s<\/li> <\/ul> <p><strong>El\u0151rehalad\u00e1s<\/strong><\/p> <p>SZIE N\u00f6v\u00e9nytermeszt\u00e9si Int\u00e9zet: tudom\u00e1nyos munkat\u00e1rs 2009-2019<\/p> <p>SZIE \/ MATE \u00c1llatteny\u00e9szt\u00e9studom\u00e1nyi Int\u00e9zet: egyetemi adjunktus 2019-2023<\/p> <p><strong>Eddigi szakdolgozat\/TDK hallgat\u00f3k sz\u00e1ma:<\/strong><\/p> <p>Szakdolgozat:5<\/p> <p>TDK dolgozat: 1<\/p> <p><strong>Publik\u00e1ci\u00f3s lista<\/strong> (TOP10) \u00e9s<a href=\"https:\/\/m2.mtmt.hu\/api\/publication?format=html&amp;labelLang=hun&amp;sort=publishedYear,desc&amp;cond=authors;eq;10024880\"> MTMT link<\/a><\/p> <p>1. F\u0171r\u00e9sz, A.; Szentes, Sz.; Wagenhoffer, Zs.; Viszl\u00f3, L.; Szalai, F.; Fintha, G.; Penksza, P.; Turcs\u00e1nyi-J\u00e1rdi, I.; Bajnok, M.; Tasi, J. (2023). A magyar h\u00e1zibivaly (Bubalus bubalis) legeltet\u00e9s, mint \u00e9l\u0151helykezel\u00e9si \u00e9s inv\u00e1zi\u00f3s fajok elleni alkalmaz\u00e1si lehet\u0151s\u00e9g GYEPGAZD\u00c1LKOD\u00c1SI K\u00d6ZLEM\u00c9NYEK 21 : 1 pp. 47-53.7 p.<\/p> <p>2. Bajnok, M., Tasi, J., &amp; T\u00f6r\u00f6k, G. (2019). A gyep gy\u00f6k\u00e9rz\u00f3n\u00e1j\u00e1nak szell\u0151ztet\u00e9se. Els\u0151 eredm\u00e9nyek. GYEPGAZD\u00c1LKOD\u00c1SI K\u00d6ZLEM\u00c9NYEK, 17(2), 3\u20139.<\/p> <p>3. Bajnok, M., Hal\u00e1sz, A., Sz\u00edjgy\u00e1rt\u00f3, A., &amp; Tasi, J. (2018). A ter\u00fclethaszn\u00e1lat hat\u00e1sa felhagyott sz\u00e1nt\u00f3 gyepesed\u00e9si folyamat\u00e1ra. GYEPGAZD\u00c1LKOD\u00c1SI K\u00d6ZLEM\u00c9NYEK, 16(1), 3\u201310.<\/p> <p>4. Bajnok, M., Hal\u00e1sz, A., T\u00f6r\u00f6k, G., &amp; Tasi, J. (2018). K\u00fcl\u00f6nb\u00f6z\u0151 t\u00edpus\u00fa gyepek makro- \u00e9s mikroelem tartalm\u00e1nak alakul\u00e1sa a hasznos\u00edt\u00e1si gyakoris\u00e1g f\u00fcggv\u00e9ny\u00e9ben. ANIMAL WELFARE ETOL\u00d3GIA \u00c9S TART\u00c1STECHNOL\u00d3GIA \/ ANIMAL WELFARE ETHOLOGY AND HOUSING SYSTEMS, 13(1), 1\u201311<\/p> <p>5. Bajnok, M., Szem\u00e1n, L., &amp; Tasi, J. (2010). The effect of pre-utilisation and the harvest time of the quantity and quality of fodder by extensive pasture usage. ACTA AGRONOMICA HUNGARICA<\/p> <p>6. Bajnok, M., Buchgraber, K., Szentes, S., &amp; Tasi, J. (2009). Effects of the frequency of grassland utilization on the composition of vegetation in different grasslands. T\u00c1J\u00d6KOL\u00d3GIAI LAPOK \/ JOURNAL OF LANDSCAPE ECOLOGY, 7(2), 403\u2013408.<\/p> <p>7. Tasi J.; M, Bajnok ; Sz, Szentes ; K, Penksza (2009). The distribution of precipitation as a sterss coefficient on harvest amounts of different grasslands. CEREAL RESEARCH COMMUNICATIONS, 37(Suppl), 109\u2013112.<\/p> <p>8. Bajnok, M., Harcsa, M., Gy\u00f6rgy, A., &amp; Barcs\u00e1k, Z. (2008). Sward renovation with enhancing of soil fertility. CEREAL RESEARCH COMMUNICATIONS, 36, 263\u2013266.<\/p> <p>9. Bajnok, M., Harcsa, M., Gy\u00f6rgy, A., &amp; Barcs\u00e1k, Z. (2008). Sward renovation with enhancing of soil fertility. CEREAL RESEARCH COMMUNICATIONS, 36, 263\u2013266.<\/p> <p>10. Bajnok, M. (2003). Zur Problematik der Energie-Sch\u00e4tzung bei Winterweidefutter. JOURNAL OF AGRONOMY AND CROP SCIENCE \/ ZEITSCHRIFT F\u00dcR ACKER- UND PFLANZENBAU, 15, 314\u2013315.<\/p> <p>&nbsp;<\/p>","protected":false},"excerpt":{"rendered":"<p>Bemutatkoz\u00e1s 2009 \u00f3ta dolgoztam egyetemi kutat\u00f3k\u00e9nt \u00e9s oktat\u00f3k\u00e9nt a Szent Istv\u00e1n Egyetemen (k\u00e9s\u0151bb Magyar Agr\u00e1r- \u00e9s \u00c9lettudom\u00e1nyi Egyetem) Gyepgazd\u00e1lkod\u00e1si Csoportj\u00e1ban. F\u0151bb kutat\u00e1si ter\u00fcleteim: Takarm\u00e1nyc\u00e9l\u00fa, term\u00e9szetv\u00e9delmi \u00e9s \u00f6kol\u00f3giai hasznos\u00edt\u00e1s\u00fa gyepek fenntart\u00e1sa \u00e9s hasznos\u00edt\u00e1sa. Tudom\u00e1nyos fokozat: Ph.D. (2011) F\u0151bb kutat\u00e1si ter\u00fcletek Takarm\u00e1nyc\u00e9l\u00fa, term\u00e9szetv\u00e9delmi, \u00f6kol\u00f3giai gyepgazd\u00e1lkod\u00e1s El\u0151rehalad\u00e1s SZIE N\u00f6v\u00e9nytermeszt\u00e9si Int\u00e9zet: tudom\u00e1nyos munkat\u00e1rs 2009-2019 SZIE \/ MATE \u00c1llatteny\u00e9szt\u00e9studom\u00e1nyi Int\u00e9zet:<\/p>\n","protected":false},"author":5824,"featured_media":0,"parent":858,"menu_order":0,"comment_status":"closed","ping_status":"closed","template":"","meta":{"_acf_changed":false,"footnotes":""},"categories":[],"tags":[],"class_list":["post-88438","page","type-page","status-publish","hentry"],"acf":[],"_links":{"self":[{"href":"https:\/\/univet.hu\/hu\/wp-json\/wp\/v2\/pages\/88438","targetHints":{"allow":["GET"]}}],"collection":[{"href":"https:\/\/univet.hu\/hu\/wp-json\/wp\/v2\/pages"}],"about":[{"href":"https:\/\/univet.hu\/hu\/wp-json\/wp\/v2\/types\/page"}],"author":[{"embeddable":true,"href":"https:\/\/univet.hu\/hu\/wp-json\/wp\/v2\/users\/5824"}],"replies":[{"embeddable":true,"href":"https:\/\/univet.hu\/hu\/wp-json\/wp\/v2\/comments?post=88438"}],"version-history":[{"count":1,"href":"https:\/\/univet.hu\/hu\/wp-json\/wp\/v2\/pages\/88438\/revisions"}],"predecessor-version":[{"id":199261,"href":"https:\/\/univet.hu\/hu\/wp-json\/wp\/v2\/pages\/88438\/revisions\/199261"}],"up":[{"embeddable":true,"href":"https:\/\/univet.hu\/hu\/wp-json\/wp\/v2\/pages\/858"}],"wp:attachment":[{"href":"https:\/\/univet.hu\/hu\/wp-json\/wp\/v2\/media?parent=88438"}],"wp:term":[{"taxonomy":"category","embeddable":true,"href":"https:\/\/univet.hu\/hu\/wp-json\/wp\/v2\/categories?post=88438"},{"taxonomy":"post_tag","embeddable":true,"href":"https:\/\/univet.hu\/hu\/wp-json\/wp\/v2\/tags?post=88438"}],"curies":[{"name":"wp","href":"https:\/\/api.w.org\/{rel}","templated":true}]}}