{"id":88440,"date":"2023-07-14T09:24:57","date_gmt":"2023-07-14T07:24:57","guid":{"rendered":"https:\/\/univet.hu\/?page_id=88440"},"modified":"2026-02-10T03:57:14","modified_gmt":"2026-02-10T02:57:14","slug":"szentes-szilard","status":"publish","type":"page","link":"https:\/\/univet.hu\/hu\/egyetem\/munkatarsak\/szentes-szilard\/","title":{"rendered":"Szentes Szil\u00e1rd"},"content":{"rendered":"<p style=\"text-align: center;\"><span style=\"font-size: 14pt;\">Bemutatkoz\u00e1s<\/span><\/p> <p>2009-ben okleveles agr\u00e1rm\u00e9rn\u00f6kk\u00e9nt v\u00e9geztem a Szent Istv\u00e1n Egyetemen G\u00f6d\u00f6ll\u0151n. M\u00e9g ebben az \u00e9vben felv\u00e9telt nyertem az egyetem N\u00f6v\u00e9nytudom\u00e1nyi Doktori Iskol\u00e1j\u00e1ba, ahol 2016-ban v\u00e9dtem meg a sz\u00fcrke feny\u00e9rf\u0171 hazai elterjed\u00e9s\u00e9t, argo\u00f6kol\u00f3giai hat\u00e1sait \u00e9s visszaszor\u00edt\u00e1si lehet\u0151s\u00e9geit vizsg\u00e1l\u00f3 disszert\u00e1ci\u00f3mat summa cum laude min\u0151s\u00edt\u00e9ssel. 2022-ben 2023-ban csatlakoztam az \u00c1llatorvostudom\u00e1nyi Egyetem Takarm\u00e1nyoz\u00e1si Oszt\u00e1ly\u00e1hoz, mint tudom\u00e1nyos munkat\u00e1rs. Tudom\u00e1nyos foly\u00f3iratcikkeim sz\u00e1ma 69, melyekre 1278 hivatkozt\u00e1s esett, Hirsch-indexem: 21, kumulat\u00edv impakt faktorom: 58,892. (2023.07.25)4<\/p> <p>K\u00e9pzetts\u00e9g: PhD. doktori fokozat<\/p> <p>Tudom\u00e1nyos fokozat: PhD.<\/p> <p><strong>F\u0151bb kutat\u00e1si ter\u00fcletek<\/strong><\/p> <ul> <li>K\u00fcl\u00f6nb\u00f6z\u0151 \u00e1llatfajok legeltet\u00e9s\u00e9nek \u00e9s legeltet\u00e9si m\u00f3dok hat\u00e1s\u00e1nak vizsg\u00e1lata a gyepek bels\u0151 szerkezet\u00e9re.<\/li> <li>Inv\u00e1zi\u00f3s \u00e9s lok\u00e1lisan felszaporod\u00f3 p\u00e1zsitf\u00fcvek agro\u00f6kol\u00f3giai \u00e9s mikroc\u00f6nol\u00f3giai hat\u00e1sainak vizsg\u00e1lata.<\/li> <li>Gyepalkot\u00f3k takarm\u00e1nyoz\u00e1si vizsg\u00e1lata fenol\u00f3giai fejletts\u00e9g\u00fck f\u00fcggv\u00e9ny\u00e9ben.<\/li> <li>C4-es p\u00e1zsitf\u0171 fajok \u00f6kol\u00f3gi\u00e1ja.<\/li> <li>Mezsgy\u00e9k n\u00f6v\u00e9nyzet\u00e9nek term\u00e9szetv\u00e9delmi c\u00e9l\u00fa vizsg\u00e1lata.<\/li> <\/ul> <p><strong>El\u0151rehalad\u00e1s:<\/strong><\/p> <p>2023- tudom\u00e1nyos munkat\u00e1rs \u00c1TE \u2013 Takarm\u00e1nyoz\u00e1si Oszt\u00e1ly<\/p> <p><strong>Szakmai szervezeti tags\u00e1g:<\/strong><\/p> <table style=\"height: 80px;\" width=\"653\"> <tbody> <tr style=\"height: 39px;\"> <td style=\"width: 210.333px; height: 39px; text-align: center;\"><strong>Bizotts\u00e1g neve<\/strong><\/td> <td style=\"width: 210.333px; height: 39px; text-align: center;\"><strong>Id\u0151<\/strong><\/td> <td style=\"width: 210.333px; height: 39px; text-align: center;\"><strong>Tags\u00e1g<\/strong><\/td> <\/tr> <tr style=\"height: 41px;\"> <td style=\"width: 210.333px; height: 41px; text-align: center;\">Magyar Biol\u00f3giai T\u00e1rsas\u00e1g Botanikai Szakoszt\u00e1lya<\/td> <td style=\"width: 210.333px; height: 41px; text-align: center;\">2009<\/td> <td style=\"width: 210.333px; height: 41px; text-align: center;\">tag<\/td> <\/tr> <\/tbody> <\/table> <p>&nbsp;<\/p> <p><strong>Eddigi szakdolgozat\/TDK hallgat\u00f3k sz\u00e1ma:<\/strong><\/p> <ul> <li>2 BSc szakdolgozat<\/li> <li>3 MSc diplomadolgozat<\/li> <li>7 TDK dolgozat<\/li> <\/ul> <p>PhD hallgat\u00f3k sz\u00e1ma: &#8211;<\/p> <p><strong>Publik\u00e1ci\u00f3s lista<\/strong> (TOP10)<\/p> <p>MTMT link: <a href=\"https:\/\/m2.mtmt.hu\/gui2\/?type=authors&amp;mode=browse&amp;sel=10027719&amp;view=pubTable\">https:\/\/m2.mtmt.hu\/gui2\/?type=authors&amp;mode=browse&amp;sel=10027719&amp;view=pubTable<\/a><\/p> <p>1. Kotowski M., Kotowska D., Bir\u00f3 M., Babai D., Sharifian A., Szentes Sz., \u0141uczaj \u0141., Moln\u00e1r Zs. (2023): Change in European Forage and Fodder Plant Indicator Sets over the Past 250 Years. RANGELAND ECOLOGY &amp; MANAGEMENT, 88: 159-173. 2. F\u0171r\u00e9sz, A ; Penksza, K ; Sipos, L ; Turcs\u00e1nyi-J\u00e1rdi, I ; Szentes, Sz ; Fintha, G ; Penksza, P ; Viszl\u00f3, L ; Szalai, F ; Wagenhoffer, Zs. (2023): Examination of the Effects of Domestic Water Buffalo (Bubalus bubalis) Grazing on Wetland and Dry Grassland Habitats. PLANTS-BASEL 12: 11: 2184<\/p> <p>3. H\u00e1zi J., Penksza K., Barczi A. , Szentes Sz., P\u00e1pay G. (2022): Mowing on Biomass Composition in Pannonian Dry Grasslands. AGRONOMY 12: 5: 11072.<\/p> <p>4. Szentes Sz., Sutyinszki Zs., Kiss T., F\u0171r\u00e9sz A., Sal\u00e1ta D., Hark\u00e1nyin\u00e9 Sz\u00e9kely Zs., Penksza K. (2022): Verges as<\/p> <p>Fragments of Loess Grasslands in the Carpathian Basin and their Festuca Species. DIVERSITY-BASEL 14: 7: 510<\/p> <p>5. Fraser L. H., Jentsch A., Sternberg M., Zobel M., Cahill J., Beierkuhnlein C., Bartha S., Bennett J. A., Boldgiv B., Brown L. R., Cabido M., D., Campetella G., Carlyle C. N., Chelli S., Cserg\u0151 A. M., Diaz S., Enrico L., Ensing D., Fidelis A., Garris H. W., Henry H. A. L., H\u00f6hn M., Klironomos J., Koorem K., Lawrence- Lodge R., ManningP., Mitchell R. J., Moora M., Pillar V. D., Stotz G. C., Sugiyama S., Szentes Sz., Tungalag R., Undrakhbold S., Wellstein C., Zupo T. (2015): Worldwide evidence of a unimodal relationship between productivity and plant species richness. SCIENCE 349: 6245: 302-305.<\/p> <p>6. Bartha S. , Szentes Sz., Horv\u00e1th A , H\u00e1zi J , Zimmermann Z , Moln\u00e1r Cs., Dancza I., Marg\u00f3czi K , P\u00e1l R., Purger D., Schmidt D., \u00d3v\u00e1ri M., Komoly C., Sutyinszki Zs., Szab\u00f3 G., Csath\u00f3 A. I., Juh\u00e1sz M., Penksza K., Moln\u00e1r Zs. (2014): Impact of midsuccessional dominant species on the diversity and progress of succession in regenerating temperate grasslands. APPLIED VEGETATION SCIENCE 17: 2pp. 201-213. 7. Penksza, K ; H\u00e1zi, J ; T\u00f3th, A ; Wichmann, B ; Pajor, F ; Gyuricza, Cs ; P\u00f3ti, P ; Szentes, Sz (2013): Elt\u00e9r\u0151 hasznos\u00edt\u00e1s\u00fa sz\u00fcrkemarha legel\u0151 szezon\u00e1lis t\u00e1pl\u00e1l\u00f3anyag tartalom alakul\u00e1sa, fajdiverzit\u00e1s v\u00e1ltoz\u00e1sa \u00e9s ennek hat\u00e1sa a biomassza mennyis\u00e9g\u00e9re \u00e9s \u00f6sszet\u00e9tel\u00e9re pannon nedves gyepben N\u00d6V\u00c9NYTERMEL\u00c9S 62: 73-94.<\/p> <p>8. Szentes Sz., Sutyinszki Zs., Szab\u00f3 G., Zimmermann Z., H\u00e1zi J., Wichmann B., Hufn\u00e1gel L., Penksza K., Bartha S. (2012): Grazed Pannonian grassland beta-diversity changes due to C4 yellow bluestem. CENTRAL EUROPEAN JOURNAL OF BIOLOGY 7: 6: 1055-1065.<\/p> <p>9. H\u00e1zi J, Bartha S, Szentes S, Wichmann B, Penksza K (2011): Seminatural grassland management by mowing of Calamagrostis epigejos in Hungary. PLANT BIOSYSTEMS 145: 699-707. 10. Szentes, Sz ; Ken\u00e9z, \u00c1 ; Sal\u00e1ta, D ; Szab\u00f3, M ; Penksza, K (2007): Comparative researches and evaluations on grassland management and nature conservation in natural grasslands of the Transdanubian mountain range. CEREAL RESEARCH COMMUNICATIONS 35: 2: 1161-1164.<\/p> <p>&nbsp;<\/p> <p><strong>Fogad\u00f3\u00f3ra<\/strong>: emailen t\u00f6rt\u00e9n\u0151 el\u0151zetes egyeztet\u00e9s alapj\u00e1n<\/p>","protected":false},"excerpt":{"rendered":"<p>Bemutatkoz\u00e1s 2009-ben okleveles agr\u00e1rm\u00e9rn\u00f6kk\u00e9nt v\u00e9geztem a Szent Istv\u00e1n Egyetemen G\u00f6d\u00f6ll\u0151n. M\u00e9g ebben az \u00e9vben felv\u00e9telt nyertem az egyetem N\u00f6v\u00e9nytudom\u00e1nyi Doktori Iskol\u00e1j\u00e1ba, ahol 2016-ban v\u00e9dtem meg a sz\u00fcrke feny\u00e9rf\u0171 hazai elterjed\u00e9s\u00e9t, argo\u00f6kol\u00f3giai hat\u00e1sait \u00e9s visszaszor\u00edt\u00e1si lehet\u0151s\u00e9geit vizsg\u00e1l\u00f3 disszert\u00e1ci\u00f3mat summa cum laude min\u0151s\u00edt\u00e9ssel. 2022-ben 2023-ban csatlakoztam az \u00c1llatorvostudom\u00e1nyi Egyetem Takarm\u00e1nyoz\u00e1si Oszt\u00e1ly\u00e1hoz, mint tudom\u00e1nyos munkat\u00e1rs. Tudom\u00e1nyos foly\u00f3iratcikkeim sz\u00e1ma<\/p>\n","protected":false},"author":5824,"featured_media":0,"parent":858,"menu_order":0,"comment_status":"closed","ping_status":"closed","template":"","meta":{"_acf_changed":false,"footnotes":""},"categories":[],"tags":[],"class_list":["post-88440","page","type-page","status-publish","hentry"],"acf":[],"_links":{"self":[{"href":"https:\/\/univet.hu\/hu\/wp-json\/wp\/v2\/pages\/88440","targetHints":{"allow":["GET"]}}],"collection":[{"href":"https:\/\/univet.hu\/hu\/wp-json\/wp\/v2\/pages"}],"about":[{"href":"https:\/\/univet.hu\/hu\/wp-json\/wp\/v2\/types\/page"}],"author":[{"embeddable":true,"href":"https:\/\/univet.hu\/hu\/wp-json\/wp\/v2\/users\/5824"}],"replies":[{"embeddable":true,"href":"https:\/\/univet.hu\/hu\/wp-json\/wp\/v2\/comments?post=88440"}],"version-history":[{"count":1,"href":"https:\/\/univet.hu\/hu\/wp-json\/wp\/v2\/pages\/88440\/revisions"}],"predecessor-version":[{"id":199382,"href":"https:\/\/univet.hu\/hu\/wp-json\/wp\/v2\/pages\/88440\/revisions\/199382"}],"up":[{"embeddable":true,"href":"https:\/\/univet.hu\/hu\/wp-json\/wp\/v2\/pages\/858"}],"wp:attachment":[{"href":"https:\/\/univet.hu\/hu\/wp-json\/wp\/v2\/media?parent=88440"}],"wp:term":[{"taxonomy":"category","embeddable":true,"href":"https:\/\/univet.hu\/hu\/wp-json\/wp\/v2\/categories?post=88440"},{"taxonomy":"post_tag","embeddable":true,"href":"https:\/\/univet.hu\/hu\/wp-json\/wp\/v2\/tags?post=88440"}],"curies":[{"name":"wp","href":"https:\/\/api.w.org\/{rel}","templated":true}]}}