{"id":88442,"date":"2023-07-14T09:28:16","date_gmt":"2023-07-14T07:28:16","guid":{"rendered":"https:\/\/univet.hu\/?page_id=88442"},"modified":"2026-02-10T03:55:21","modified_gmt":"2026-02-10T02:55:21","slug":"karpati-edina","status":"publish","type":"page","link":"https:\/\/univet.hu\/hu\/egyetem\/munkatarsak\/karpati-edina\/","title":{"rendered":"K\u00e1rp\u00e1ti Edina"},"content":{"rendered":"<p><strong>Bemutatkoz\u00e1s<\/strong><\/p> <p>Az \u00c1llatorvostudom\u00e1nyi Egyetemen 2021 \u00f3ta tev\u00e9kenykedem, mint PhD-hallgat\u00f3 Dr. G\u00e1sp\u00e1rdy Andr\u00e1s t\u00e1rst\u00e9mavezet\u00e9se mellett. Munk\u00e1m sor\u00e1n els\u0151sorban gazdas\u00e1gi \u00e1llatokkal foglalkozom. Jelenleg a hazai rackajuh v\u00e1ltozatok eredeti tulajdons\u00e1gainak a meg\u0151rz\u00e9s\u00e9hez \u00e9s a genetikai diverzit\u00e1suk fenntart\u00e1s\u00e1hoz folytatok \u00e1tfog\u00f3 vizsg\u00e1latokat, valamint egy \u00e9lettani alapkutat\u00e1st is v\u00e9gzek a juhfajban, ami a szaporod\u00e1sbiol\u00f3giai \u00e9s sz\u00fcl\u00e9szeti tudom\u00e1nyter\u00fcleteken hasznos.<\/p> <p>A haszon\u00e1llatok mellett term\u00e9szetesen a t\u00e1rs\u00e1llatok is az \u00e9rdekl\u0151d\u00e9sem szerves r\u00e9sz\u00e9t k\u00e9pezik, k\u00fcl\u00f6n\u00f6s tekintettel a macsk\u00e1kra.<\/p> <p><strong>Tudom\u00e1nyos fokozat: <\/strong>PhD folyamatban<\/p> <p><strong>F\u0151bb kutat\u00e1si ter\u00fcletek:<\/strong><\/p> <p>1) a hazai racka juhok (hortob\u00e1gyi magyar racka \u00e9s gyimesi racka) teljes pedigr\u00e9 anal\u00edzis\u00e9nek elv\u00e9gz\u00e9se,<\/p> <p>2) a hazai racka juhok anyai genetikai h\u00e1tter\u00e9nek meg\u00e1llap\u00edt\u00e1sa a mtDNS kontrollr\u00e9gi\u00f3 alapj\u00e1n,<\/p> <p>3) anyajuhok v\u00e9rplazma melatonin szintj\u00e9nek nyomon k\u00f6vet\u00e9se a vemhess\u00e9g k\u00fcl\u00f6nb\u00f6z\u0151 f\u00e1zisaiban \u00e9s az ell\u00e9s idej\u00e9n.<\/p> <p><strong>Szakmai szervezeti tags\u00e1g:<\/strong><\/p> <table style=\"height: 172px;\" width=\"931\"> <tbody> <tr> <td style=\"width: 304.062px;\">Bizotts\u00e1g neve<\/td> <td style=\"width: 304.062px;\">Id\u0151<\/td> <td style=\"width: 304.075px;\">Tiszts\u00e9g<\/td> <\/tr> <tr> <td style=\"width: 304.062px;\">DAGENE &#8211; Dunamenti \u00c1llatfajt\u00e1k G\u00e9nmeg\u0151rz\u0151 Nemzetk\u00f6zi Egyes\u00fclete<\/td> <td style=\"width: 304.062px;\">2022-<\/td> <td style=\"width: 304.075px;\">tag<\/td> <\/tr> <tr> <td style=\"width: 304.062px;\">Magyar Labor\u00e1llat-tudom\u00e1nyi Egyes\u00fclet<\/td> <td style=\"width: 304.062px;\">2022-<\/td> <td style=\"width: 304.075px;\">tag<\/td> <\/tr> <\/tbody> <\/table> <p><strong>Eddigi szakdolgozat\/TDK hallgat\u00f3k sz\u00e1ma:<\/strong><\/p> <ul> <li><strong>Szakdolgozat: 3<\/strong><\/li> <li><strong>TDK dolgozat: 2<\/strong><\/li> <\/ul> <p><strong>Publik\u00e1ci\u00f3s lista (TOP10) \u00e9s MTMT link:<\/strong><\/p> <table style=\"height: 867px;\" width=\"935\"> <tbody> <tr> <td style=\"width: 926.6px;\"> <p><strong>1. <\/strong>Sch\u00fctz L, Guly\u00e1s L, Wagenhoffer Zs, S\u00e1f\u00e1r L, Becskei Zs, G\u00e1sp\u00e1rdy A, K\u00e1rp\u00e1ti E (2023): Bestimmung des Generationsintervalls in der Gyimeser Racka und seine Bedeutung bei gef\u00e4hrdeten Schafrassen. Danubian Animal Genetic Resources, 8(1): 21-28. doi.org\/10.59913\/dagr.2023.12256<\/p> <p><strong>\u00a0<\/strong><\/td> <\/tr> <tr> <td style=\"width: 926.6px;\"> <p><strong>2. <\/strong>K\u00e1rp\u00e1ti E, Guly\u00e1s L, G\u00e1sp\u00e1rdy A (2023): Az \u00e1tlagos belteny\u00e9sztetts\u00e9g k\u00e9tf\u00e9le m\u00f3don val\u00f3 meghat\u00e1roz\u00e1sa a gyimesi racka p\u00e9ld\u00e1j\u00e1n kereszt\u00fcl (Determining the average inbreeding coefficient in two ways using the example of the Gyimesi Racka). AWETH, 19(1): 47-54. doi.org\/10.17205\/SZIE.AWETH.2023.1.047<\/p> <p><strong>\u00a0<\/strong><\/td> <\/tr> <tr> <td style=\"width: 926.6px;\"> <p><strong>3. <\/strong>K\u00e1rp\u00e1ti Edina, F\u00fcrlinger D\u00f3ra, M\u00f3cz\u00e1n\u00e9 Plesk\u00f3 Anik\u00f3, Guly\u00e1s L\u00e1szl\u00f3, G\u00e1sp\u00e1rdy Andr\u00e1s, Becskei Zsolt (2022): Various approaches to influence melatonin level in sheep reproduction. Review. Veterinarski Glasnik, 77(1): 16-34. https:\/\/doi.org\/10.2298\/VETGL220308007K<\/p> <p><strong>\u00a0<\/strong><\/td> <\/tr> <tr> <td style=\"width: 926.6px;\"> <p><strong>4.<\/strong> K\u00e1rp\u00e1ti E, Becskei Zs, G\u00e1sp\u00e1rdy A, S\u00e1f\u00e1r L, Guly\u00e1s L (2022): Der Status der Homozygotie des Gyimeser Zackelschafes in Ungarn auf der Grundlage einer vorl\u00e4ufigen Analyse der Herdbuchdaten (Homozygosity status of Gyimes Racka in Hungary based on preliminary analysis of pedigree data). Danubian Animal Genetic Resources, 7(2): 57-63.<\/p> <p><strong>\u00a0<\/strong><\/td> <\/tr> <tr> <td style=\"width: 926.6px;\"><strong>5.<\/strong> K\u00e1rp\u00e1ti E, Guly\u00e1s L, G\u00e1sp\u00e1rdy A (2022): A melatonin szint szab\u00e1lyoz\u00e1s\u00e1nak sokr\u00e9t\u0171lehet\u0151s\u00e9gei a juh szaporod\u00e1s\u00e1ban (Various possibilities for regulating melatonin levels in sheep reproduction). In: Magyar Buiatrikus T\u00e1rsas\u00e1g XXX. Jubileumi Nemzetk\u00f6zi Kongresszusa. Szerk.: Szenci Ott\u00f3. 2022. m\u00e1rcius 20-23. Eger. Proceedings pp. 140-147. ISBN: 978-615-81413-2-1. A\/3 nyomda, Budapest<\/td> <\/tr> <\/tbody> <\/table> <p>&nbsp;<\/p>","protected":false},"excerpt":{"rendered":"<p>Bemutatkoz\u00e1s Az \u00c1llatorvostudom\u00e1nyi Egyetemen 2021 \u00f3ta tev\u00e9kenykedem, mint PhD-hallgat\u00f3 Dr. G\u00e1sp\u00e1rdy Andr\u00e1s t\u00e1rst\u00e9mavezet\u00e9se mellett. Munk\u00e1m sor\u00e1n els\u0151sorban gazdas\u00e1gi \u00e1llatokkal foglalkozom. Jelenleg a hazai rackajuh v\u00e1ltozatok eredeti tulajdons\u00e1gainak a meg\u0151rz\u00e9s\u00e9hez \u00e9s a genetikai diverzit\u00e1suk fenntart\u00e1s\u00e1hoz folytatok \u00e1tfog\u00f3 vizsg\u00e1latokat, valamint egy \u00e9lettani alapkutat\u00e1st is v\u00e9gzek a juhfajban, ami a szaporod\u00e1sbiol\u00f3giai \u00e9s sz\u00fcl\u00e9szeti tudom\u00e1nyter\u00fcleteken hasznos. A haszon\u00e1llatok mellett<\/p>\n","protected":false},"author":5824,"featured_media":0,"parent":858,"menu_order":0,"comment_status":"closed","ping_status":"closed","template":"","meta":{"_acf_changed":false,"footnotes":""},"categories":[],"tags":[],"class_list":["post-88442","page","type-page","status-publish","hentry"],"acf":[],"_links":{"self":[{"href":"https:\/\/univet.hu\/hu\/wp-json\/wp\/v2\/pages\/88442","targetHints":{"allow":["GET"]}}],"collection":[{"href":"https:\/\/univet.hu\/hu\/wp-json\/wp\/v2\/pages"}],"about":[{"href":"https:\/\/univet.hu\/hu\/wp-json\/wp\/v2\/types\/page"}],"author":[{"embeddable":true,"href":"https:\/\/univet.hu\/hu\/wp-json\/wp\/v2\/users\/5824"}],"replies":[{"embeddable":true,"href":"https:\/\/univet.hu\/hu\/wp-json\/wp\/v2\/comments?post=88442"}],"version-history":[{"count":1,"href":"https:\/\/univet.hu\/hu\/wp-json\/wp\/v2\/pages\/88442\/revisions"}],"predecessor-version":[{"id":199314,"href":"https:\/\/univet.hu\/hu\/wp-json\/wp\/v2\/pages\/88442\/revisions\/199314"}],"up":[{"embeddable":true,"href":"https:\/\/univet.hu\/hu\/wp-json\/wp\/v2\/pages\/858"}],"wp:attachment":[{"href":"https:\/\/univet.hu\/hu\/wp-json\/wp\/v2\/media?parent=88442"}],"wp:term":[{"taxonomy":"category","embeddable":true,"href":"https:\/\/univet.hu\/hu\/wp-json\/wp\/v2\/categories?post=88442"},{"taxonomy":"post_tag","embeddable":true,"href":"https:\/\/univet.hu\/hu\/wp-json\/wp\/v2\/tags?post=88442"}],"curies":[{"name":"wp","href":"https:\/\/api.w.org\/{rel}","templated":true}]}}