{"id":88541,"date":"2023-07-14T13:56:17","date_gmt":"2023-07-14T11:56:17","guid":{"rendered":"https:\/\/univet.hu\/hu\/egyetem\/palyazati-projektek\/nkfih-palyazatok\/kdp\/"},"modified":"2025-02-12T13:10:04","modified_gmt":"2025-02-12T12:10:04","slug":"kdp-kooperativ-doktori-program-doktori-hallgatoi-osztondij","status":"publish","type":"page","link":"https:\/\/univet.hu\/hu\/egyetem\/palyazati-projektek\/nkfih-palyazatok\/kdp-kooperativ-doktori-program-doktori-hallgatoi-osztondij\/","title":{"rendered":"KDP &#8211; Kooperat\u00edv Doktori Program, Doktori Hallgat\u00f3i \u00d6szt\u00f6nd\u00edj"},"content":{"rendered":"<p>&nbsp;<\/p> <p>A Kooperat\u00edv Doktori Program c\u00e9lja, hogy a kutat\u00e1s-fejleszt\u00e9s \u00e9s innov\u00e1ci\u00f3 ter\u00fclet\u00e9n tov\u00e1bb b\u0151v\u00edtse azon munkav\u00e1llal\u00f3k l\u00e9tsz\u00e1m\u00e1t \u2013 els\u0151dlegesen a kib\u0151v\u00edtett STEM (matematikai, term\u00e9szettudom\u00e1nyi, m\u0171szaki, informatikai, agr\u00e1rtudom\u00e1nyi, orvos- \u00e9s eg\u00e9szs\u00e9gtudom\u00e1nyi \u00e9s m\u0171v\u00e9szeti) ter\u00fcleteken \u2013, akik szakmai ismereteiket a legfrissebb tudom\u00e1nyos kutat\u00e1si eredm\u00e9nyekkel k\u00edv\u00e1nj\u00e1k gyarap\u00edtani, \u00e9s elk\u00f6telezettek tud\u00e1suk t\u00e1rsadalmi, gazdas\u00e1gi hasznos\u00edt\u00e1s\u00e1ban.<\/p> <p>A Kooperat\u00edv Doktori Program kit\u0171z\u00f6tt c\u00e9ljainak el\u00e9r\u00e9se \u00e9rdek\u00e9ben, a doktori hallgat\u00f3k a fogad\u00f3 fels\u0151oktat\u00e1si int\u00e9zm\u00e9ny keretein bel\u00fcl, egy ipari partnerrel egy\u00fcttm\u0171k\u00f6d\u00e9sben dolgozz\u00e1k fel kutat\u00e1si t\u00e9m\u00e1jukat. Ezen kooperat\u00edv munka el\u0151seg\u00edti a hallgat\u00f3 kutat\u00e1si terv\u00e9ben kit\u0171z\u00f6tt c\u00e9ljainak eredm\u00e9nyesebb megval\u00f3sul\u00e1s\u00e1t, tov\u00e1bb\u00e1 a kutat\u00e1sok ipari kapcsol\u00f3d\u00e1s\u00e1t, innov\u00e1ci\u00f3s \u00f6kosziszt\u00e9m\u00e1ba val\u00f3 illeszked\u00e9s\u00e9t.<\/p> <p>&nbsp;<\/p> <p><span style=\"text-decoration: underline\">Az egyetemi KDP koordin\u00e1tor el\u00e9rhet\u0151s\u00e9ge:<\/span><\/p> <p>Udvarias Csilla<img loading=\"lazy\" decoding=\"async\" class=\"size-medium wp-image-88282 alignright\" src=\"https:\/\/univet.hu\/wp-content\/uploads\/2023\/07\/NKFIA_infoblokk_kerettel_program_fekvo_2019_HU-1-320x136.jpg\" alt=\"\" width=\"320\" height=\"136\" srcset=\"https:\/\/univet.hu\/wp-content\/uploads\/2023\/07\/NKFIA_infoblokk_kerettel_program_fekvo_2019_HU-1-320x136.jpg 320w, https:\/\/univet.hu\/wp-content\/uploads\/2023\/07\/NKFIA_infoblokk_kerettel_program_fekvo_2019_HU-1-768x326.jpg 768w, https:\/\/univet.hu\/wp-content\/uploads\/2023\/07\/NKFIA_infoblokk_kerettel_program_fekvo_2019_HU-1-960x407.jpg 960w\" sizes=\"auto, (max-width: 320px) 100vw, 320px\" \/><br \/> Innov\u00e1ci\u00f3s \u00e9s P\u00e1ly\u00e1zati Igazgat\u00f3s\u00e1g, E\/2. \u00e9p., II. emelet.<br \/> e-mail: <a class=\"decrypt\" rel=\"vewbsjbt\/dtjmmbAvojwfu\/iv\" href=\"javascript:void(0);\">[Kattintson az emailc\u00edmhez]<\/a><br \/> telefonsz\u00e1m: +36-1-478-41-00\/8387-es mell\u00e9k<\/p>","protected":false},"excerpt":{"rendered":"<p>&nbsp; A Kooperat\u00edv Doktori Program c\u00e9lja, hogy a kutat\u00e1s-fejleszt\u00e9s \u00e9s innov\u00e1ci\u00f3 ter\u00fclet\u00e9n tov\u00e1bb b\u0151v\u00edtse azon munkav\u00e1llal\u00f3k l\u00e9tsz\u00e1m\u00e1t \u2013 els\u0151dlegesen a kib\u0151v\u00edtett STEM (matematikai, term\u00e9szettudom\u00e1nyi, m\u0171szaki, informatikai, agr\u00e1rtudom\u00e1nyi, orvos- \u00e9s eg\u00e9szs\u00e9gtudom\u00e1nyi \u00e9s m\u0171v\u00e9szeti) ter\u00fcleteken \u2013, akik szakmai ismereteiket a legfrissebb tudom\u00e1nyos kutat\u00e1si eredm\u00e9nyekkel k\u00edv\u00e1nj\u00e1k gyarap\u00edtani, \u00e9s elk\u00f6telezettek tud\u00e1suk t\u00e1rsadalmi, gazdas\u00e1gi hasznos\u00edt\u00e1s\u00e1ban. A Kooperat\u00edv Doktori Program kit\u0171z\u00f6tt<\/p>\n","protected":false},"author":4688,"featured_media":0,"parent":45583,"menu_order":0,"comment_status":"open","ping_status":"open","template":"","meta":{"_acf_changed":false,"footnotes":""},"categories":[],"tags":[],"class_list":["post-88541","page","type-page","status-publish","hentry"],"acf":[],"_links":{"self":[{"href":"https:\/\/univet.hu\/hu\/wp-json\/wp\/v2\/pages\/88541","targetHints":{"allow":["GET"]}}],"collection":[{"href":"https:\/\/univet.hu\/hu\/wp-json\/wp\/v2\/pages"}],"about":[{"href":"https:\/\/univet.hu\/hu\/wp-json\/wp\/v2\/types\/page"}],"author":[{"embeddable":true,"href":"https:\/\/univet.hu\/hu\/wp-json\/wp\/v2\/users\/4688"}],"replies":[{"embeddable":true,"href":"https:\/\/univet.hu\/hu\/wp-json\/wp\/v2\/comments?post=88541"}],"version-history":[{"count":2,"href":"https:\/\/univet.hu\/hu\/wp-json\/wp\/v2\/pages\/88541\/revisions"}],"predecessor-version":[{"id":175794,"href":"https:\/\/univet.hu\/hu\/wp-json\/wp\/v2\/pages\/88541\/revisions\/175794"}],"up":[{"embeddable":true,"href":"https:\/\/univet.hu\/hu\/wp-json\/wp\/v2\/pages\/45583"}],"wp:attachment":[{"href":"https:\/\/univet.hu\/hu\/wp-json\/wp\/v2\/media?parent=88541"}],"wp:term":[{"taxonomy":"category","embeddable":true,"href":"https:\/\/univet.hu\/hu\/wp-json\/wp\/v2\/categories?post=88541"},{"taxonomy":"post_tag","embeddable":true,"href":"https:\/\/univet.hu\/hu\/wp-json\/wp\/v2\/tags?post=88541"}],"curies":[{"name":"wp","href":"https:\/\/api.w.org\/{rel}","templated":true}]}}