{"id":88547,"date":"2023-07-14T14:02:26","date_gmt":"2023-07-14T12:02:26","guid":{"rendered":"https:\/\/univet.hu\/hu\/egyetem\/palyazati-projektek\/nkfih-palyazatok\/kdp-kooperativ-doktori-program-doktori-hallgatoi-osztondij\/kdp2021\/"},"modified":"2023-07-17T10:10:46","modified_gmt":"2023-07-17T08:10:46","slug":"kdp-2021","status":"publish","type":"page","link":"https:\/\/univet.hu\/hu\/egyetem\/palyazati-projektek\/nkfih-palyazatok\/kdp-kooperativ-doktori-program-doktori-hallgatoi-osztondij\/kdp-2021\/","title":{"rendered":"KDP-2021"},"content":{"rendered":"<p>&nbsp;<\/p> <p>A p\u00e1ly\u00e1zat c\u00e9lja, hogy a PhD-hallgat\u00f3k tanulm\u00e1nyaik sor\u00e1n ipari tapasztalatokat is szerezzenek, \u00e9s bekapcsol\u00f3dhassanak ipari kutat\u00e1sokba, mik\u00f6zben a program szorosabbra f\u0171zi az egyetemek \u00e9s a v\u00e1llalatok kapcsolat\u00e1t az\u00e1ltal, hogy \u00f6szt\u00f6nzi a c\u00e9geket PhD-hallgat\u00f3k legal\u00e1bb f\u00e9l munkaid\u0151ben t\u00f6rt\u00e9n\u0151 foglalkoztat\u00e1s\u00e1ra. A KDP teh\u00e1t azok sz\u00e1m\u00e1ra biztos\u00edt t\u00e1mogat\u00e1st, akik doktori hallgat\u00f3i st\u00e1tuszuk mellett fels\u0151oktat\u00e1si int\u00e9zm\u00e9nyen k\u00edv\u00fcl, els\u0151sorban v\u00e1llalatokn\u00e1l v\u00e9geznek kutat\u00f3munk\u00e1t, ami el\u0151seg\u00edti t\u00f6bbek k\u00f6z\u00f6tt tudom\u00e1nyos eredm\u00e9nyeik gyakorlati hasznosul\u00e1s\u00e1t. A Kooperat\u00edv Doktori Programban a PhD-hallgat\u00f3 az ipari szerepl\u0151t\u0151l, m\u00edg a hallgat\u00f3 egyetemi t\u00e9mavezet\u0151je, valamint a v\u00e1llalati szak\u00e9rt\u0151 (aki a munk\u00e1ltat\u00f3n\u00e1l fogja mentor\u00e1lni a hallgat\u00f3t) a p\u00e1ly\u00e1zati t\u00e1mogat\u00e1s terh\u00e9re r\u00e9szes\u00fcl rendszeres d\u00edjaz\u00e1sban<\/p> <p><strong>A felh\u00edv\u00e1s el\u00e9r\u00e9se: <\/strong><\/p> <p><a href=\"https:\/\/nkfih.gov.hu\/palyazoknak\/nkfi-alap\/kdp-2021\">https:\/\/nkfih.gov.hu\/palyazoknak\/nkfi-alap\/kdp-2021<\/a><\/p>","protected":false},"excerpt":{"rendered":"<p>&nbsp; A p\u00e1ly\u00e1zat c\u00e9lja, hogy a PhD-hallgat\u00f3k tanulm\u00e1nyaik sor\u00e1n ipari tapasztalatokat is szerezzenek, \u00e9s bekapcsol\u00f3dhassanak ipari kutat\u00e1sokba, mik\u00f6zben a program szorosabbra f\u0171zi az egyetemek \u00e9s a v\u00e1llalatok kapcsolat\u00e1t az\u00e1ltal, hogy \u00f6szt\u00f6nzi a c\u00e9geket PhD-hallgat\u00f3k legal\u00e1bb f\u00e9l munkaid\u0151ben t\u00f6rt\u00e9n\u0151 foglalkoztat\u00e1s\u00e1ra. A KDP teh\u00e1t azok sz\u00e1m\u00e1ra biztos\u00edt t\u00e1mogat\u00e1st, akik doktori hallgat\u00f3i st\u00e1tuszuk mellett fels\u0151oktat\u00e1si int\u00e9zm\u00e9nyen k\u00edv\u00fcl, els\u0151sorban<\/p>\n","protected":false},"author":4688,"featured_media":0,"parent":88541,"menu_order":0,"comment_status":"open","ping_status":"open","template":"","meta":{"_acf_changed":false,"footnotes":""},"categories":[],"tags":[],"class_list":["post-88547","page","type-page","status-publish","hentry"],"acf":[],"_links":{"self":[{"href":"https:\/\/univet.hu\/hu\/wp-json\/wp\/v2\/pages\/88547","targetHints":{"allow":["GET"]}}],"collection":[{"href":"https:\/\/univet.hu\/hu\/wp-json\/wp\/v2\/pages"}],"about":[{"href":"https:\/\/univet.hu\/hu\/wp-json\/wp\/v2\/types\/page"}],"author":[{"embeddable":true,"href":"https:\/\/univet.hu\/hu\/wp-json\/wp\/v2\/users\/4688"}],"replies":[{"embeddable":true,"href":"https:\/\/univet.hu\/hu\/wp-json\/wp\/v2\/comments?post=88547"}],"version-history":[{"count":0,"href":"https:\/\/univet.hu\/hu\/wp-json\/wp\/v2\/pages\/88547\/revisions"}],"up":[{"embeddable":true,"href":"https:\/\/univet.hu\/hu\/wp-json\/wp\/v2\/pages\/88541"}],"wp:attachment":[{"href":"https:\/\/univet.hu\/hu\/wp-json\/wp\/v2\/media?parent=88547"}],"wp:term":[{"taxonomy":"category","embeddable":true,"href":"https:\/\/univet.hu\/hu\/wp-json\/wp\/v2\/categories?post=88547"},{"taxonomy":"post_tag","embeddable":true,"href":"https:\/\/univet.hu\/hu\/wp-json\/wp\/v2\/tags?post=88547"}],"curies":[{"name":"wp","href":"https:\/\/api.w.org\/{rel}","templated":true}]}}