{"id":88549,"date":"2023-07-14T14:04:40","date_gmt":"2023-07-14T12:04:40","guid":{"rendered":"https:\/\/univet.hu\/hu\/egyetem\/palyazati-projektek\/nkfih-palyazatok\/kdp-kooperativ-doktori-program-doktori-hallgatoi-osztondij\/nvkdp\/"},"modified":"2023-07-17T19:22:08","modified_gmt":"2023-07-17T17:22:08","slug":"nvkdp-2021","status":"publish","type":"page","link":"https:\/\/univet.hu\/hu\/egyetem\/palyazati-projektek\/nkfih-palyazatok\/kdp-kooperativ-doktori-program-doktori-hallgatoi-osztondij\/nvkdp-2021\/","title":{"rendered":"NVKDP-2021"},"content":{"rendered":"<p>&nbsp;<\/p> <p>A Kooperat\u00edv Doktori Program Nemzetv\u00e9delmi Alprogram (NVKDP) c\u00e9lja, hogy a nemzetstrat\u00e9giai \u00e1gazatra f\u00f3kusz\u00e1lva c\u00e9lzottan t\u00e1mogassa az tudom\u00e1nyos \u00e9letutakat \u00e9s a hazai kutat\u00f3i ut\u00e1np\u00f3tl\u00e1st, akik szakmai ismereteiket a legfrissebb tudom\u00e1nyos kutat\u00e1si eredm\u00e9nyekkel k\u00edv\u00e1nj\u00e1k gyarap\u00edtani, \u00e9s elk\u00f6telezettek tud\u00e1suk nemzetv\u00e9delmi ter\u00fcleten\u00a0val\u00f3 hasznos\u00edt\u00e1s\u00e1ban.<\/p> <p><strong>A felh\u00edv\u00e1s el\u00e9r\u00e9se:<\/strong><br \/> <a href=\"https:\/\/nkfih.gov.hu\/palyazoknak\/nkfi-alap\/kooperativ-doktori-program-nemzetvedelmi-alprogram-nvkdp-2021\/palyazati-kiiras\">https:\/\/nkfih.gov.hu\/palyazoknak\/nkfi-alap\/kooperativ-doktori-program-nemzetvedelmi-alprogram-nvkdp-2021\/palyazati-kiiras<\/a><\/p> <p><strong>T\u00e1mogat\u00e1s \u00f6sszege:<\/strong>\u00a035.780.000, \u2013 Ft<br \/> <strong>Megval\u00f3s\u00edt\u00e1si id\u0151szaka:<\/strong>\u00a02022.02.01-2025.08.31.<\/p>","protected":false},"excerpt":{"rendered":"<p>&nbsp; A Kooperat\u00edv Doktori Program Nemzetv\u00e9delmi Alprogram (NVKDP) c\u00e9lja, hogy a nemzetstrat\u00e9giai \u00e1gazatra f\u00f3kusz\u00e1lva c\u00e9lzottan t\u00e1mogassa az tudom\u00e1nyos \u00e9letutakat \u00e9s a hazai kutat\u00f3i ut\u00e1np\u00f3tl\u00e1st, akik szakmai ismereteiket a legfrissebb tudom\u00e1nyos kutat\u00e1si eredm\u00e9nyekkel k\u00edv\u00e1nj\u00e1k gyarap\u00edtani, \u00e9s elk\u00f6telezettek tud\u00e1suk nemzetv\u00e9delmi ter\u00fcleten\u00a0val\u00f3 hasznos\u00edt\u00e1s\u00e1ban. A felh\u00edv\u00e1s el\u00e9r\u00e9se: https:\/\/nkfih.gov.hu\/palyazoknak\/nkfi-alap\/kooperativ-doktori-program-nemzetvedelmi-alprogram-nvkdp-2021\/palyazati-kiiras T\u00e1mogat\u00e1s \u00f6sszege:\u00a035.780.000, \u2013 Ft Megval\u00f3s\u00edt\u00e1si id\u0151szaka:\u00a02022.02.01-2025.08.31.<\/p>\n","protected":false},"author":4688,"featured_media":0,"parent":88541,"menu_order":0,"comment_status":"open","ping_status":"open","template":"","meta":{"_acf_changed":false,"footnotes":""},"categories":[],"tags":[],"class_list":["post-88549","page","type-page","status-publish","hentry"],"acf":[],"_links":{"self":[{"href":"https:\/\/univet.hu\/hu\/wp-json\/wp\/v2\/pages\/88549","targetHints":{"allow":["GET"]}}],"collection":[{"href":"https:\/\/univet.hu\/hu\/wp-json\/wp\/v2\/pages"}],"about":[{"href":"https:\/\/univet.hu\/hu\/wp-json\/wp\/v2\/types\/page"}],"author":[{"embeddable":true,"href":"https:\/\/univet.hu\/hu\/wp-json\/wp\/v2\/users\/4688"}],"replies":[{"embeddable":true,"href":"https:\/\/univet.hu\/hu\/wp-json\/wp\/v2\/comments?post=88549"}],"version-history":[{"count":0,"href":"https:\/\/univet.hu\/hu\/wp-json\/wp\/v2\/pages\/88549\/revisions"}],"up":[{"embeddable":true,"href":"https:\/\/univet.hu\/hu\/wp-json\/wp\/v2\/pages\/88541"}],"wp:attachment":[{"href":"https:\/\/univet.hu\/hu\/wp-json\/wp\/v2\/media?parent=88549"}],"wp:term":[{"taxonomy":"category","embeddable":true,"href":"https:\/\/univet.hu\/hu\/wp-json\/wp\/v2\/categories?post=88549"},{"taxonomy":"post_tag","embeddable":true,"href":"https:\/\/univet.hu\/hu\/wp-json\/wp\/v2\/tags?post=88549"}],"curies":[{"name":"wp","href":"https:\/\/api.w.org\/{rel}","templated":true}]}}