{"id":88552,"date":"2023-07-14T14:09:25","date_gmt":"2023-07-14T12:09:25","guid":{"rendered":"https:\/\/univet.hu\/hu\/egyetem\/palyazati-projektek\/nkfih-palyazatok\/kdp-kooperativ-doktori-program-doktori-hallgatoi-osztondij\/kdp2023\/"},"modified":"2023-07-17T10:13:55","modified_gmt":"2023-07-17T08:13:55","slug":"kdp-2023","status":"publish","type":"page","link":"https:\/\/univet.hu\/hu\/egyetem\/palyazati-projektek\/nkfih-palyazatok\/kdp-kooperativ-doktori-program-doktori-hallgatoi-osztondij\/kdp-2023\/","title":{"rendered":"KDP-2023"},"content":{"rendered":"<p>A p\u00e1ly\u00e1zat c\u00e9lja, hogy a PhD-hallgat\u00f3k tanulm\u00e1nyaik sor\u00e1n ipari tapasztalatokat is szerezzenek, \u00e9s bekapcsol\u00f3dhassanak ipari kutat\u00e1sokba, mik\u00f6zben a program szorosabbra f\u0171zi az egyetemek \u00e9s a v\u00e1llalatok kapcsolat\u00e1t az\u00e1ltal, hogy \u00f6szt\u00f6nzi a c\u00e9geket PhD-hallgat\u00f3k legal\u00e1bb f\u00e9l munkaid\u0151ben t\u00f6rt\u00e9n\u0151 foglalkoztat\u00e1s\u00e1ra. A KDP teh\u00e1t azok sz\u00e1m\u00e1ra biztos\u00edt t\u00e1mogat\u00e1st, akik doktori hallgat\u00f3i st\u00e1tuszuk mellett fels\u0151oktat\u00e1si int\u00e9zm\u00e9nyen k\u00edv\u00fcl, els\u0151sorban v\u00e1llalatokn\u00e1l v\u00e9geznek kutat\u00f3munk\u00e1t, ami el\u0151seg\u00edti t\u00f6bbek k\u00f6z\u00f6tt tudom\u00e1nyos eredm\u00e9nyeik gyakorlati hasznosul\u00e1s\u00e1t. A Kooperat\u00edv Doktori Programban a PhD-hallgat\u00f3 az ipari szerepl\u0151t\u0151l, m\u00edg a hallgat\u00f3 egyetemi t\u00e9mavezet\u0151je, valamint a v\u00e1llalati szak\u00e9rt\u0151 (aki a munk\u00e1ltat\u00f3n\u00e1l fogja mentor\u00e1lni a hallgat\u00f3t) a p\u00e1ly\u00e1zati t\u00e1mogat\u00e1s terh\u00e9re r\u00e9szes\u00fcl rendszeres d\u00edjaz\u00e1sban<\/p> <p><strong>A KDP aktu\u00e1lis, 2023. \u00e9vi P\u00e1ly\u00e1zati felh\u00edv\u00e1sa meghirdet\u00e9sre ker\u00fclt, a tov\u00e1bbi r\u00e9szletek itt \u00e9rhet\u0151ek el:<\/strong><br \/> <a href=\"https:\/\/nkfih.gov.hu\/palyazoknak\/nkfi-alap\/kooperativ-doktori-program-kdp-2023\/palyazati-felhivas\">https:\/\/nkfih.gov.hu\/palyazoknak\/nkfi-alap\/kooperativ-doktori-program-kdp-2023\/palyazati-felhivas<\/a><\/p> <p>N\u00e9h\u00e1ny fontos inform\u00e1ci\u00f3 a bead\u00e1ssal kapcsolatosan:<br \/> a. <strong>Bead\u00e1si hat\u00e1rid\u0151:<\/strong> 2023.06.19-2023.07.20., 12:00 \u00f3ra.<br \/> b. <strong>Beny\u00fajt\u00e1s:<\/strong> kiz\u00e1r\u00f3lag elektronikusan, a <a href=\"https:\/\/kfivelemeny.nkfih.gov.hu\/\">https:\/\/kfivelemeny.nkfih.gov.hu\/<\/a> fel\u00fcleten (itt a hallgat\u00f3nak el\u0151zetesen regisztr\u00e1lnia kell).<br \/> c. <strong>Ig\u00e9nyelhet\u0151 t\u00e1mogat\u00e1s:<\/strong> A hallgat\u00f3 sz\u00e1m\u00e1ra 400 000,- Ft\/h\u00f3\/f\u0151 \u00f6szt\u00f6nd\u00edj ig\u00e9nyelhet\u0151. Az \u00f6szt\u00f6nd\u00edjast seg\u00edt\u0151, a p\u00e1ly\u00e1zat megval\u00f3s\u00edt\u00e1s\u00e1ban k\u00f6zrem\u0171k\u00f6d\u0151 egyetemi t\u00e9mavezet\u0151 \u00e9s a v\u00e1llalati szak\u00e9rt\u0151 d\u00edjaz\u00e1s\u00e1ra k\u00fcl\u00f6n-k\u00fcl\u00f6n havonta 120 000 forint ford\u00edthat\u00f3, amely a b\u00e9rk\u00f6lts\u00e9g mellett tartalmazza a j\u00e1rul\u00e9kot, k\u00f6zterheket is.<br \/> d. <strong>T\u00e1mogat\u00e1sra jogosultak:<\/strong><\/p> <p>&#8211; Azon doktori hallgat\u00f3i jogviszonyban \u00e1ll\u00f3 hallgat\u00f3k, akik doktori tanulm\u00e1nyaikat a 2022. \u00e9vben kezdt\u00e9k meg \u00e9s a komplex vizsg\u00e1t a 2023\/2024-es tan\u00e9v kezdet\u00e9ig m\u00e9g nem teljes\u00edtik, illetve azok, akik doktori tanulm\u00e1nyaikat a 2023\/2024-es tan\u00e9vben kezdik meg.<br \/> &#8211; Mindemellett l\u00e9nyeges, hogy a KDP \u00f6szt\u00f6nd\u00edjas jogviszony id\u0151szaka alatt a hallgat\u00f3knak az \u00e1ltaluk v\u00e1lasztott partnerszervezetn\u00e9l rendelkezni\u00fck kell munkaviszonnyal vagy munkav\u00e9gz\u00e9sre ir\u00e1nyul\u00f3 egy\u00e9b jogviszonnyal, amely\u00e9rt d\u00edjaz\u00e1sra jogosultak.<br \/> e. <strong>Nem r\u00e9szes\u00fclhet KDP \u00f6szt\u00f6nd\u00edjban<\/strong> az a szem\u00e9ly,<br \/> &#8211; aki a KDP \u00f6szt\u00f6nd\u00edjas id\u0151szak alatt<br \/> \u2022 \u00daj Nemzeti Kiv\u00e1l\u00f3s\u00e1g Program \u00f6szt\u00f6nd\u00edjban,<br \/> \u2022 Stipendium Hungaricum \u00d6szt\u00f6nd\u00edjban vagy<br \/> \u2022 a ,,Nemzet Fiatal Tehets\u00e9gei\u00e9rt \u00d6szt\u00f6nd\u00edj\u201d c\u00edm\u0171 p\u00e1ly\u00e1zaton \u00f6szt\u00f6nd\u00edjban<br \/> r\u00e9szes\u00fcl;<br \/> &#8211; aki valamelyik kor\u00e1bbi KDP felh\u00edv\u00e1s keret\u00e9ben t\u00e1mogat\u00e1sban r\u00e9szes\u00fclt, \u00e9s az \u00f6szt\u00f6nd\u00edjas jogviszonya a jelen p\u00e1ly\u00e1zati ki\u00edr\u00e1s p\u00e1ly\u00e1zati id\u0151szak\u00e1ban is fenn fog \u00e1llni.<br \/> f. A PhD-hallgat\u00f3 munk\u00e1ltat\u00f3ja nem csak c\u00e9g, hanem \u00e1llami int\u00e9zm\u00e9ny, vagy non-profit szervezet is lehet, de k\u00f6lts\u00e9gvet\u00e9si kutat\u00f3hely, vagy m\u00e1sik fels\u0151oktat\u00e1si int\u00e9zm\u00e9ny nem, vagy csak kiv\u00e9teles esetben (r\u00e9szletek a felh\u00edv\u00e1sban).<br \/> g. <strong>P\u00e1ly\u00e1zat futamideje:<\/strong> 24, 31, 36, 43 h\u00f3nap. Az \u00f6szt\u00f6nd\u00edjas jogviszony kezdete: 2024.02.01.<\/p> <p>&nbsp;<\/p>","protected":false},"excerpt":{"rendered":"<p>A p\u00e1ly\u00e1zat c\u00e9lja, hogy a PhD-hallgat\u00f3k tanulm\u00e1nyaik sor\u00e1n ipari tapasztalatokat is szerezzenek, \u00e9s bekapcsol\u00f3dhassanak ipari kutat\u00e1sokba, mik\u00f6zben a program szorosabbra f\u0171zi az egyetemek \u00e9s a v\u00e1llalatok kapcsolat\u00e1t az\u00e1ltal, hogy \u00f6szt\u00f6nzi a c\u00e9geket PhD-hallgat\u00f3k legal\u00e1bb f\u00e9l munkaid\u0151ben t\u00f6rt\u00e9n\u0151 foglalkoztat\u00e1s\u00e1ra. A KDP teh\u00e1t azok sz\u00e1m\u00e1ra biztos\u00edt t\u00e1mogat\u00e1st, akik doktori hallgat\u00f3i st\u00e1tuszuk mellett fels\u0151oktat\u00e1si int\u00e9zm\u00e9nyen k\u00edv\u00fcl, els\u0151sorban v\u00e1llalatokn\u00e1l<\/p>\n","protected":false},"author":4688,"featured_media":0,"parent":88541,"menu_order":0,"comment_status":"open","ping_status":"open","template":"","meta":{"_acf_changed":false,"footnotes":""},"categories":[],"tags":[],"class_list":["post-88552","page","type-page","status-publish","hentry"],"acf":[],"_links":{"self":[{"href":"https:\/\/univet.hu\/hu\/wp-json\/wp\/v2\/pages\/88552","targetHints":{"allow":["GET"]}}],"collection":[{"href":"https:\/\/univet.hu\/hu\/wp-json\/wp\/v2\/pages"}],"about":[{"href":"https:\/\/univet.hu\/hu\/wp-json\/wp\/v2\/types\/page"}],"author":[{"embeddable":true,"href":"https:\/\/univet.hu\/hu\/wp-json\/wp\/v2\/users\/4688"}],"replies":[{"embeddable":true,"href":"https:\/\/univet.hu\/hu\/wp-json\/wp\/v2\/comments?post=88552"}],"version-history":[{"count":0,"href":"https:\/\/univet.hu\/hu\/wp-json\/wp\/v2\/pages\/88552\/revisions"}],"up":[{"embeddable":true,"href":"https:\/\/univet.hu\/hu\/wp-json\/wp\/v2\/pages\/88541"}],"wp:attachment":[{"href":"https:\/\/univet.hu\/hu\/wp-json\/wp\/v2\/media?parent=88552"}],"wp:term":[{"taxonomy":"category","embeddable":true,"href":"https:\/\/univet.hu\/hu\/wp-json\/wp\/v2\/categories?post=88552"},{"taxonomy":"post_tag","embeddable":true,"href":"https:\/\/univet.hu\/hu\/wp-json\/wp\/v2\/tags?post=88552"}],"curies":[{"name":"wp","href":"https:\/\/api.w.org\/{rel}","templated":true}]}}