{"id":88570,"date":"2023-07-14T14:46:24","date_gmt":"2023-07-14T12:46:24","guid":{"rendered":"https:\/\/univet.hu\/hu\/egyetem\/palyazati-projektek\/kulturalis-es-innovacios-miniszterium-projektek\/odr\/"},"modified":"2023-07-14T14:46:24","modified_gmt":"2023-07-14T12:46:24","slug":"odr-orszagos-dokumentum-ellato-rendszer-mukodesenek-tamogatasa","status":"publish","type":"page","link":"https:\/\/univet.hu\/hu\/egyetem\/palyazati-projektek\/kulturalis-es-innovacios-miniszterium-projektek\/odr-orszagos-dokumentum-ellato-rendszer-mukodesenek-tamogatasa\/","title":{"rendered":"ODR &#8211; Orsz\u00e1gos Dokumentum-Ell\u00e1t\u00f3 rendszer m\u0171k\u00f6d\u00e9s\u00e9nek t\u00e1mogat\u00e1sa"},"content":{"rendered":"<p>&nbsp;<\/p> <p>A Kultur\u00e1lis \u00e9s Innov\u00e1ci\u00f3s Miniszt\u00e9rium fejezeti kezel\u00e9s\u0171 el\u0151ir\u00e1nyzata terh\u00e9re \u00e9vente t\u00e1mogatja a szolg\u00e1ltat\u00f3 k\u00f6nyvt\u00e1rak az Orsz\u00e1gos Dokumentum-ell\u00e1t\u00e1si Rendszerben (ODR) ny\u00fajtott szolg\u00e1ltat\u00e1sait, tov\u00e1bb\u00e1 az orsz\u00e1gos lel\u0151hely-nyilv\u00e1ntart\u00e1s fejleszt\u00e9s\u00e9t \u00e9s m\u0171k\u00f6d\u00e9s\u00e9t.<\/p> <p>Az \u00c1llatorvostudom\u00e1nyi Egyetem az elm\u00falt \u00e9vekben sikeresen p\u00e1ly\u00e1zott az ODR szolg\u00e1ltat\u00f3 k\u00f6nyvt\u00e1rai r\u00e9sz\u00e9re ki\u00edrt, megh\u00edv\u00e1sos p\u00e1ly\u00e1zataira.<\/p> <p><strong>Az elnyert t\u00e1mogat\u00e1sok \u00e9vente:<\/strong><\/p> <p>T\u00e1mogatott tev\u00e9kenys\u00e9g id\u0151tartama: 2016.09.01-2017.06.30.<br \/> T\u00e1mogat\u00e1si \u00f6sszeg: 400.000, &#8211; Ft<\/p> <p>T\u00e1mogatott tev\u00e9kenys\u00e9g id\u0151tartama: 2017.12.01-2018.06.30.<br \/> T\u00e1mogat\u00e1si \u00f6sszeg: 250.000, &#8211; Ft<\/p> <p>T\u00e1mogatott tev\u00e9kenys\u00e9g id\u0151tartama: 2018.10.01-2019.06.30.<br \/> T\u00e1mogat\u00e1si \u00f6sszeg: 250.000, &#8211; Ft<\/p> <p>T\u00e1mogatott tev\u00e9kenys\u00e9g id\u0151tartama: 2019.10.01-2020.06.30.<br \/> T\u00e1mogat\u00e1si \u00f6sszeg: 300.000, &#8211; Ft<\/p> <p>T\u00e1mogatott tev\u00e9kenys\u00e9g id\u0151tartama: 2020.10.01-2021.05.31.<br \/> T\u00e1mogat\u00e1si \u00f6sszeg: 600.000, &#8211; Ft<\/p> <p>T\u00e1mogatott tev\u00e9kenys\u00e9g id\u0151tartama: 2021.06.01-2022.05.31.<br \/> T\u00e1mogat\u00e1si \u00f6sszeg: 1.100.000, &#8211; Ft<\/p> <p>T\u00e1mogatott tev\u00e9kenys\u00e9g id\u0151tartama: 2022.06.01-2023.05.31.<br \/> T\u00e1mogat\u00e1si \u00f6sszeg: 1.600.000, &#8211; Ft<\/p>","protected":false},"excerpt":{"rendered":"<p>&nbsp; A Kultur\u00e1lis \u00e9s Innov\u00e1ci\u00f3s Miniszt\u00e9rium fejezeti kezel\u00e9s\u0171 el\u0151ir\u00e1nyzata terh\u00e9re \u00e9vente t\u00e1mogatja a szolg\u00e1ltat\u00f3 k\u00f6nyvt\u00e1rak az Orsz\u00e1gos Dokumentum-ell\u00e1t\u00e1si Rendszerben (ODR) ny\u00fajtott szolg\u00e1ltat\u00e1sait, tov\u00e1bb\u00e1 az orsz\u00e1gos lel\u0151hely-nyilv\u00e1ntart\u00e1s fejleszt\u00e9s\u00e9t \u00e9s m\u0171k\u00f6d\u00e9s\u00e9t. Az \u00c1llatorvostudom\u00e1nyi Egyetem az elm\u00falt \u00e9vekben sikeresen p\u00e1ly\u00e1zott az ODR szolg\u00e1ltat\u00f3 k\u00f6nyvt\u00e1rai r\u00e9sz\u00e9re ki\u00edrt, megh\u00edv\u00e1sos p\u00e1ly\u00e1zataira. Az elnyert t\u00e1mogat\u00e1sok \u00e9vente: T\u00e1mogatott tev\u00e9kenys\u00e9g id\u0151tartama: 2016.09.01-2017.06.30. T\u00e1mogat\u00e1si \u00f6sszeg:<\/p>\n","protected":false},"author":4688,"featured_media":0,"parent":88568,"menu_order":0,"comment_status":"open","ping_status":"open","template":"","meta":{"_acf_changed":false,"footnotes":""},"categories":[],"tags":[],"class_list":["post-88570","page","type-page","status-publish","hentry"],"acf":[],"_links":{"self":[{"href":"https:\/\/univet.hu\/hu\/wp-json\/wp\/v2\/pages\/88570","targetHints":{"allow":["GET"]}}],"collection":[{"href":"https:\/\/univet.hu\/hu\/wp-json\/wp\/v2\/pages"}],"about":[{"href":"https:\/\/univet.hu\/hu\/wp-json\/wp\/v2\/types\/page"}],"author":[{"embeddable":true,"href":"https:\/\/univet.hu\/hu\/wp-json\/wp\/v2\/users\/4688"}],"replies":[{"embeddable":true,"href":"https:\/\/univet.hu\/hu\/wp-json\/wp\/v2\/comments?post=88570"}],"version-history":[{"count":0,"href":"https:\/\/univet.hu\/hu\/wp-json\/wp\/v2\/pages\/88570\/revisions"}],"up":[{"embeddable":true,"href":"https:\/\/univet.hu\/hu\/wp-json\/wp\/v2\/pages\/88568"}],"wp:attachment":[{"href":"https:\/\/univet.hu\/hu\/wp-json\/wp\/v2\/media?parent=88570"}],"wp:term":[{"taxonomy":"category","embeddable":true,"href":"https:\/\/univet.hu\/hu\/wp-json\/wp\/v2\/categories?post=88570"},{"taxonomy":"post_tag","embeddable":true,"href":"https:\/\/univet.hu\/hu\/wp-json\/wp\/v2\/tags?post=88570"}],"curies":[{"name":"wp","href":"https:\/\/api.w.org\/{rel}","templated":true}]}}