{"id":88581,"date":"2023-07-14T20:12:58","date_gmt":"2023-07-14T18:12:58","guid":{"rendered":"https:\/\/univet.hu\/?page_id=88581"},"modified":"2023-07-14T20:12:58","modified_gmt":"2023-07-14T18:12:58","slug":"adatkezelesi-tajekoztato-kisallatklinika","status":"publish","type":"page","link":"https:\/\/univet.hu\/hu\/adatkezelesi-tajekoztato-kisallatklinika\/","title":{"rendered":"Adatkezel\u00e9si t\u00e1j\u00e9koztat\u00f3 &#8211; Kis\u00e1llatklinika"},"content":{"rendered":"<p><a href=\"https:\/\/univet.hu\/wp-content\/uploads\/2023\/07\/\u00c1TE-Klinikai-adatkezel\u00e9si-t\u00e1j\u00e9koztat\u00f3_0601.pdf\">ADATKEZEL\u00c9SI T\u00c1J\u00c9KOZTAT\u00d3\u00a0 AZ \u00c1LLATORVOSTUDOM\u00c1NYI EGYETEM KIS\u00c1LLATKLINIK\u00c1J\u00c1NAK \u00c1LLATORVOSI SZOLG\u00c1LTAT\u00c1SAIT IG\u00c9NYBE VEV\u0150K R\u00c9SZ\u00c9RE<\/a><\/p>","protected":false},"excerpt":{"rendered":"<p>ADATKEZEL\u00c9SI T\u00c1J\u00c9KOZTAT\u00d3\u00a0 AZ \u00c1LLATORVOSTUDOM\u00c1NYI EGYETEM KIS\u00c1LLATKLINIK\u00c1J\u00c1NAK \u00c1LLATORVOSI SZOLG\u00c1LTAT\u00c1SAIT IG\u00c9NYBE VEV\u0150K R\u00c9SZ\u00c9RE<\/p>\n","protected":false},"author":5,"featured_media":0,"parent":0,"menu_order":0,"comment_status":"closed","ping_status":"closed","template":"","meta":{"_acf_changed":false,"footnotes":""},"categories":[],"tags":[],"class_list":["post-88581","page","type-page","status-publish","hentry"],"acf":[],"_links":{"self":[{"href":"https:\/\/univet.hu\/hu\/wp-json\/wp\/v2\/pages\/88581","targetHints":{"allow":["GET"]}}],"collection":[{"href":"https:\/\/univet.hu\/hu\/wp-json\/wp\/v2\/pages"}],"about":[{"href":"https:\/\/univet.hu\/hu\/wp-json\/wp\/v2\/types\/page"}],"author":[{"embeddable":true,"href":"https:\/\/univet.hu\/hu\/wp-json\/wp\/v2\/users\/5"}],"replies":[{"embeddable":true,"href":"https:\/\/univet.hu\/hu\/wp-json\/wp\/v2\/comments?post=88581"}],"version-history":[{"count":0,"href":"https:\/\/univet.hu\/hu\/wp-json\/wp\/v2\/pages\/88581\/revisions"}],"wp:attachment":[{"href":"https:\/\/univet.hu\/hu\/wp-json\/wp\/v2\/media?parent=88581"}],"wp:term":[{"taxonomy":"category","embeddable":true,"href":"https:\/\/univet.hu\/hu\/wp-json\/wp\/v2\/categories?post=88581"},{"taxonomy":"post_tag","embeddable":true,"href":"https:\/\/univet.hu\/hu\/wp-json\/wp\/v2\/tags?post=88581"}],"curies":[{"name":"wp","href":"https:\/\/api.w.org\/{rel}","templated":true}]}}