{"id":88687,"date":"2023-07-17T13:33:58","date_gmt":"2023-07-17T11:33:58","guid":{"rendered":"https:\/\/univet.hu\/?page_id=88687"},"modified":"2026-02-10T03:54:42","modified_gmt":"2026-02-10T02:54:42","slug":"barabas-dora","status":"publish","type":"page","link":"https:\/\/univet.hu\/hu\/egyetem\/munkatarsak\/barabas-dora\/","title":{"rendered":"Barab\u00e1s D\u00f3ra"},"content":{"rendered":"<p>M\u00e1r nagyon kor\u00e1n k\u00f6rvonalaz\u00f3dott f\u0151 \u00e9rdekl\u0151d\u00e9si k\u00f6r\u00f6m, az \u00e1llatvil\u00e1g. Mellette az orvosl\u00e1s ir\u00e1nti lelkesed\u00e9sem is hamar jelentkezett. Ez a nagyszer\u0171 p\u00e1ros\u00edt\u00e1s terelt r\u00f6g\u00f6s \u00faton az \u00e1llatorvosi asszisztensi szakma fel\u00e9, ami mellett hossz\u00fa \u00e9vek \u00f3ta elk\u00f6teleztem magam, \u00e9s hivat\u00e1somm\u00e1 v\u00e1lt. A szakm\u00e1n bel\u00fcl legink\u00e1bb az egzotikus \u00e1llatok gy\u00f3gy\u00edt\u00e1sa vonz, ez\u00e9rt azt mondhatom, hogy \u00e9n a munkahelyemen minden nap a hobbimnak \u00e9lek<\/p>","protected":false},"excerpt":{"rendered":"<p>M\u00e1r nagyon kor\u00e1n k\u00f6rvonalaz\u00f3dott f\u0151 \u00e9rdekl\u0151d\u00e9si k\u00f6r\u00f6m, az \u00e1llatvil\u00e1g. Mellette az orvosl\u00e1s ir\u00e1nti lelkesed\u00e9sem is hamar jelentkezett. Ez a nagyszer\u0171 p\u00e1ros\u00edt\u00e1s terelt r\u00f6g\u00f6s \u00faton az \u00e1llatorvosi asszisztensi szakma fel\u00e9, ami mellett hossz\u00fa \u00e9vek \u00f3ta elk\u00f6teleztem magam, \u00e9s hivat\u00e1somm\u00e1 v\u00e1lt. A szakm\u00e1n bel\u00fcl legink\u00e1bb az egzotikus \u00e1llatok gy\u00f3gy\u00edt\u00e1sa vonz, ez\u00e9rt azt mondhatom, hogy \u00e9n a munkahelyemen<\/p>\n","protected":false},"author":5824,"featured_media":0,"parent":858,"menu_order":0,"comment_status":"closed","ping_status":"closed","template":"","meta":{"_acf_changed":false,"footnotes":""},"categories":[],"tags":[],"class_list":["post-88687","page","type-page","status-publish","hentry"],"acf":[],"_links":{"self":[{"href":"https:\/\/univet.hu\/hu\/wp-json\/wp\/v2\/pages\/88687","targetHints":{"allow":["GET"]}}],"collection":[{"href":"https:\/\/univet.hu\/hu\/wp-json\/wp\/v2\/pages"}],"about":[{"href":"https:\/\/univet.hu\/hu\/wp-json\/wp\/v2\/types\/page"}],"author":[{"embeddable":true,"href":"https:\/\/univet.hu\/hu\/wp-json\/wp\/v2\/users\/5824"}],"replies":[{"embeddable":true,"href":"https:\/\/univet.hu\/hu\/wp-json\/wp\/v2\/comments?post=88687"}],"version-history":[{"count":2,"href":"https:\/\/univet.hu\/hu\/wp-json\/wp\/v2\/pages\/88687\/revisions"}],"predecessor-version":[{"id":181640,"href":"https:\/\/univet.hu\/hu\/wp-json\/wp\/v2\/pages\/88687\/revisions\/181640"}],"up":[{"embeddable":true,"href":"https:\/\/univet.hu\/hu\/wp-json\/wp\/v2\/pages\/858"}],"wp:attachment":[{"href":"https:\/\/univet.hu\/hu\/wp-json\/wp\/v2\/media?parent=88687"}],"wp:term":[{"taxonomy":"category","embeddable":true,"href":"https:\/\/univet.hu\/hu\/wp-json\/wp\/v2\/categories?post=88687"},{"taxonomy":"post_tag","embeddable":true,"href":"https:\/\/univet.hu\/hu\/wp-json\/wp\/v2\/tags?post=88687"}],"curies":[{"name":"wp","href":"https:\/\/api.w.org\/{rel}","templated":true}]}}