{"id":88694,"date":"2023-07-17T13:42:45","date_gmt":"2023-07-17T11:42:45","guid":{"rendered":"https:\/\/univet.hu\/?page_id=88694"},"modified":"2026-02-10T03:57:13","modified_gmt":"2026-02-10T02:57:13","slug":"szatloszki-zsofia","status":"publish","type":"page","link":"https:\/\/univet.hu\/hu\/egyetem\/munkatarsak\/szatloszki-zsofia\/","title":{"rendered":"Szatl\u00f3szki Zs\u00f3fia"},"content":{"rendered":"<p>2022 okt\u00f3ber\u00e9t\u0151l dolgozom \u00e1llatorvosi asszisztensk\u00e9nt. Maximalista vagyok \u00e9s szeretem, ha elismernek, \u00edgy mindenemmel arra t\u00f6rekszem, hogy az orvosom szeressen velem egy\u00fctt dolgozni, illetve hogy a kezeimbe ker\u00fcl\u0151 \u00e1llatoknak a lehet\u0151 legjobbat tudjam ny\u00fajtani egy tiszta k\u00f6rnyezetben.<\/p> <p>Az \u00e1llatokat a saj\u00e1tomk\u00e9nt tekintem a vizsg\u00e1latok alatt. Az a c\u00e9lom, hogy a lehet\u0151 legkevesebb stresszel t\u00e1vozzanak t\u0151l\u00fcnk, amennyire lehet. Az egzotikus \u00e1llatokn\u00e1l k\u00fcl\u00f6n\u00f6sen odafigyelek erre.<\/p>","protected":false},"excerpt":{"rendered":"<p>2022 okt\u00f3ber\u00e9t\u0151l dolgozom \u00e1llatorvosi asszisztensk\u00e9nt. Maximalista vagyok \u00e9s szeretem, ha elismernek, \u00edgy mindenemmel arra t\u00f6rekszem, hogy az orvosom szeressen velem egy\u00fctt dolgozni, illetve hogy a kezeimbe ker\u00fcl\u0151 \u00e1llatoknak a lehet\u0151 legjobbat tudjam ny\u00fajtani egy tiszta k\u00f6rnyezetben. Az \u00e1llatokat a saj\u00e1tomk\u00e9nt tekintem a vizsg\u00e1latok alatt. Az a c\u00e9lom, hogy a lehet\u0151 legkevesebb stresszel t\u00e1vozzanak t\u0151l\u00fcnk, amennyire<\/p>\n","protected":false},"author":5824,"featured_media":0,"parent":858,"menu_order":0,"comment_status":"closed","ping_status":"closed","template":"","meta":{"_acf_changed":false,"footnotes":""},"categories":[],"tags":[],"class_list":["post-88694","page","type-page","status-publish","hentry"],"acf":[],"_links":{"self":[{"href":"https:\/\/univet.hu\/hu\/wp-json\/wp\/v2\/pages\/88694","targetHints":{"allow":["GET"]}}],"collection":[{"href":"https:\/\/univet.hu\/hu\/wp-json\/wp\/v2\/pages"}],"about":[{"href":"https:\/\/univet.hu\/hu\/wp-json\/wp\/v2\/types\/page"}],"author":[{"embeddable":true,"href":"https:\/\/univet.hu\/hu\/wp-json\/wp\/v2\/users\/5824"}],"replies":[{"embeddable":true,"href":"https:\/\/univet.hu\/hu\/wp-json\/wp\/v2\/comments?post=88694"}],"version-history":[{"count":1,"href":"https:\/\/univet.hu\/hu\/wp-json\/wp\/v2\/pages\/88694\/revisions"}],"predecessor-version":[{"id":181677,"href":"https:\/\/univet.hu\/hu\/wp-json\/wp\/v2\/pages\/88694\/revisions\/181677"}],"up":[{"embeddable":true,"href":"https:\/\/univet.hu\/hu\/wp-json\/wp\/v2\/pages\/858"}],"wp:attachment":[{"href":"https:\/\/univet.hu\/hu\/wp-json\/wp\/v2\/media?parent=88694"}],"wp:term":[{"taxonomy":"category","embeddable":true,"href":"https:\/\/univet.hu\/hu\/wp-json\/wp\/v2\/categories?post=88694"},{"taxonomy":"post_tag","embeddable":true,"href":"https:\/\/univet.hu\/hu\/wp-json\/wp\/v2\/tags?post=88694"}],"curies":[{"name":"wp","href":"https:\/\/api.w.org\/{rel}","templated":true}]}}