{"id":88706,"date":"2023-07-17T15:29:33","date_gmt":"2023-07-17T13:29:33","guid":{"rendered":"https:\/\/univet.hu\/hu\/egyetem\/palyazati-projektek\/horizon\/horeca\/"},"modified":"2025-09-22T16:18:56","modified_gmt":"2025-09-22T14:18:56","slug":"horeca-foodwaste-red","status":"publish","type":"page","link":"https:\/\/univet.hu\/hu\/egyetem\/palyazati-projektek\/horizon\/horeca-foodwaste-red\/","title":{"rendered":"HORECA-FOODWASTE-RED"},"content":{"rendered":"<p>&nbsp;<\/p> <p><strong>P\u00e1ly\u00e1zat c\u00edme:<\/strong> Az \u00e9lelmiszer-pazarl\u00e1s cs\u00f6kkent\u00e9se \u00e9s a vend\u00e9gl\u00e1t\u00e1s \u00e9s az \u00e9lelmiszer-szolg\u00e1ltat\u00e1si \u00e1gazat szerepl\u0151inek elemz\u00e9se (HORECA-FOODWASTE-RED)<\/p> <p>&nbsp;<\/p> <p>&nbsp;<\/p> <p><iframe loading=\"lazy\" title=\"Horeca-Foodwaste-Red | Projekt bemutat\u00f3\" width=\"1280\" height=\"720\" src=\"https:\/\/www.youtube.com\/embed\/f1_Z7kvCQrw?feature=oembed\" frameborder=\"0\" allow=\"accelerometer; autoplay; clipboard-write; encrypted-media; gyroscope; picture-in-picture; web-share\" referrerpolicy=\"strict-origin-when-cross-origin\" allowfullscreen><\/iframe><\/p> <p><strong>Projekt azonos\u00edt\u00f3sz\u00e1ma:<\/strong> 101112149<br \/> <strong>P\u00e1ly\u00e1zati felh\u00edv\u00e1s:<\/strong> SMP-FOOD-2022-FWStakeholders-AG<\/p> <p><strong>Konzorciumvezet\u0151:<\/strong> ALIMENTIS KFT (ALIM)<br \/> <strong>Konzorciumi tagok:<\/strong><br \/> Magyar \u00c9lelmiszerbank Egyes\u00fclet<br \/> InDeRe \u00c9lelmez\u00e9skutat\u00f3 \u00e9s Innov\u00e1ci\u00f3s Int\u00e9zet Nonprofit Kft.<br \/> Munch Europe Kft.<br \/> <strong>T\u00e1rsult Partner:<\/strong><br \/> \u00c1LLATORVOSTUDOM\u00c1NYI EGYETEM (ATE)<\/p> <p><strong>Elnyert t\u00e1mogat\u00e1si \u00f6sszeg:<\/strong> 380.331,50\u00a0\u20ac<br \/> <strong>T\u00e1mogat\u00e1si intenzit\u00e1s:<\/strong> 50%<\/p> <p style=\"text-align: center\"><strong><i>A Projekt a Kultur\u00e1lis \u00e9s Innov\u00e1ci\u00f3s Miniszt\u00e9rium Nemzeti Kutat\u00e1si, Fejleszt\u00e9si \u00e9s Innov\u00e1ci\u00f3s Alapb\u00f3l ny\u00fajtott t\u00e1mogat\u00e1s\u00e1val, a Nemzeti Kutat\u00e1si, Fejleszt\u00e9si \u00e9s Innov\u00e1ci\u00f3s Hivatal \u00e1ltal kibocs\u00e1tott 2020-2.1.1-ED-2024-00290 azonos\u00edt\u00f3sz\u00e1m\u00fa t\u00e1mogat\u00f3i okirat alapj\u00e1n val\u00f3sult meg.<\/i><\/strong><\/p> <p><strong>Megval\u00f3s\u00edt\u00e1s id\u0151szaka:<\/strong><br \/> 2023. janu\u00e1r 01. \u2013 2024. december 31.<\/p> <p><strong>Projekt tartalma:<\/strong><br \/> A projekt c\u00e9lja a vend\u00e9gl\u00e1t\u00e1s \u00e9s k\u00f6z\u00e9tkeztet\u00e9s szektorban keletkez\u0151 \u00e9lelmiszer hullad\u00e9kok cs\u00f6kkent\u00e9se. A projekt egyik pill\u00e9re a szektorban keletkezett \u00e9lelmiszer feleslegek \u00fajra oszt\u00e1s\u00e1t seg\u00edti el\u0151 egy \u00faj k\u00f6z\u00f6ss\u00e9gi modellen kereszt\u00fcl. Az \u00e9ttermi \u00e9lelmiszer felesleg r\u00e1szorul\u00f3khoz t\u00f6rt\u00e9n\u0151 eljuttat\u00e1sa egy applik\u00e1ci\u00f3n kereszt\u00fcl fog megval\u00f3sulni, ezzel cs\u00f6kkentve az adom\u00e1nyoz\u00f3kra nehezed\u0151 logisztikai terhet. Ezzel p\u00e1rhuzamosan a projekt megfelel\u0151 sokkol\u00e1si technika alkalmaz\u00e1s\u00e1val k\u00edv\u00e1nja fejleszteni az \u00e9tkeztet\u0151k \u00e1ltal felaj\u00e1nlott adom\u00e1nyok hat\u00e9kony \u00e9s biztons\u00e1gos elsz\u00e1ll\u00edt\u00e1s\u00e1t. A projekt m\u00e1sik \u00e1ga az iskolai \u00e9tkeztet\u00e9sben keletkez\u0151 t\u00e1ny\u00e9rhullad\u00e9k cs\u00f6kkent\u00e9s\u00e9t c\u00e9lozza, amelynek keret\u00e9ben az iskol\u00e1kban keletkez\u0151 \u00e9lelmiszer hullad\u00e9kok felm\u00e9r\u00e9se, majd k\u00fcl\u00f6nb\u00f6z\u0151 cs\u00f6kkent\u00e9si gyakorlatok kidolgoz\u00e1sa \u00e9s tesztel\u00e9se, valamint ezek hat\u00e9konys\u00e1g\u00e1nak m\u00e9r\u00e9se fog megt\u00f6rt\u00e9nni.<\/p> <p>&nbsp;<\/p> <p><a href=\"https:\/\/univet.hu\/en\/about\/project-proposals\/horizon\/horeca-foodwaste-red\/projektek-42-x-29-7cm-42-x-29-7cm-worksheet-3\/\" rel=\"attachment wp-att-96476\"><img loading=\"lazy\" decoding=\"async\" class=\"size-large wp-image-96476 aligncenter\" src=\"https:\/\/univet.hu\/wp-content\/uploads\/2023\/11\/PROJEKTEK-42-\u00d7-29.7cm-42-\u00d7-29.7cm-Worksheet-3-679x960.jpg\" alt=\"\" width=\"640\" height=\"905\" srcset=\"https:\/\/univet.hu\/wp-content\/uploads\/2023\/11\/PROJEKTEK-42-\u00d7-29.7cm-42-\u00d7-29.7cm-Worksheet-3-679x960.jpg 679w, https:\/\/univet.hu\/wp-content\/uploads\/2023\/11\/PROJEKTEK-42-\u00d7-29.7cm-42-\u00d7-29.7cm-Worksheet-3-226x320.jpg 226w, https:\/\/univet.hu\/wp-content\/uploads\/2023\/11\/PROJEKTEK-42-\u00d7-29.7cm-42-\u00d7-29.7cm-Worksheet-3-768x1086.jpg 768w, https:\/\/univet.hu\/wp-content\/uploads\/2023\/11\/PROJEKTEK-42-\u00d7-29.7cm-42-\u00d7-29.7cm-Worksheet-3.jpg 1414w\" sizes=\"auto, (max-width: 640px) 100vw, 640px\" \/><\/a><\/p> <p><img loading=\"lazy\" decoding=\"async\" class=\"size-medium wp-image-87834 alignright\" src=\"https:\/\/univet.hu\/wp-content\/uploads\/2023\/06\/HU-Az-Eur\u00f3pai-Uni\u00f3-t\u00e1mogat\u00e1s\u00e1val_POS-320x67.jpg\" alt=\"\" width=\"320\" height=\"67\" srcset=\"https:\/\/univet.hu\/wp-content\/uploads\/2023\/06\/HU-Az-Eur\u00f3pai-Uni\u00f3-t\u00e1mogat\u00e1s\u00e1val_POS-320x67.jpg 320w, https:\/\/univet.hu\/wp-content\/uploads\/2023\/06\/HU-Az-Eur\u00f3pai-Uni\u00f3-t\u00e1mogat\u00e1s\u00e1val_POS-768x161.jpg 768w, https:\/\/univet.hu\/wp-content\/uploads\/2023\/06\/HU-Az-Eur\u00f3pai-Uni\u00f3-t\u00e1mogat\u00e1s\u00e1val_POS-960x201.jpg 960w\" sizes=\"auto, (max-width: 320px) 100vw, 320px\" \/><\/p>","protected":false},"excerpt":{"rendered":"<p>&nbsp; P\u00e1ly\u00e1zat c\u00edme: Az \u00e9lelmiszer-pazarl\u00e1s cs\u00f6kkent\u00e9se \u00e9s a vend\u00e9gl\u00e1t\u00e1s \u00e9s az \u00e9lelmiszer-szolg\u00e1ltat\u00e1si \u00e1gazat szerepl\u0151inek elemz\u00e9se (HORECA-FOODWASTE-RED) &nbsp; &nbsp; Projekt azonos\u00edt\u00f3sz\u00e1ma: 101112149 P\u00e1ly\u00e1zati felh\u00edv\u00e1s: SMP-FOOD-2022-FWStakeholders-AG Konzorciumvezet\u0151: ALIMENTIS KFT (ALIM) Konzorciumi tagok: Magyar \u00c9lelmiszerbank Egyes\u00fclet InDeRe \u00c9lelmez\u00e9skutat\u00f3 \u00e9s Innov\u00e1ci\u00f3s Int\u00e9zet Nonprofit Kft. Munch Europe Kft. T\u00e1rsult Partner: \u00c1LLATORVOSTUDOM\u00c1NYI EGYETEM (ATE) Elnyert t\u00e1mogat\u00e1si \u00f6sszeg: 380.331,50\u00a0\u20ac T\u00e1mogat\u00e1si intenzit\u00e1s: 50%<\/p>\n","protected":false},"author":4688,"featured_media":0,"parent":86945,"menu_order":0,"comment_status":"open","ping_status":"open","template":"","meta":{"_acf_changed":false,"footnotes":""},"categories":[],"tags":[],"class_list":["post-88706","page","type-page","status-publish","hentry"],"acf":[],"_links":{"self":[{"href":"https:\/\/univet.hu\/hu\/wp-json\/wp\/v2\/pages\/88706","targetHints":{"allow":["GET"]}}],"collection":[{"href":"https:\/\/univet.hu\/hu\/wp-json\/wp\/v2\/pages"}],"about":[{"href":"https:\/\/univet.hu\/hu\/wp-json\/wp\/v2\/types\/page"}],"author":[{"embeddable":true,"href":"https:\/\/univet.hu\/hu\/wp-json\/wp\/v2\/users\/4688"}],"replies":[{"embeddable":true,"href":"https:\/\/univet.hu\/hu\/wp-json\/wp\/v2\/comments?post=88706"}],"version-history":[{"count":1,"href":"https:\/\/univet.hu\/hu\/wp-json\/wp\/v2\/pages\/88706\/revisions"}],"predecessor-version":[{"id":190988,"href":"https:\/\/univet.hu\/hu\/wp-json\/wp\/v2\/pages\/88706\/revisions\/190988"}],"up":[{"embeddable":true,"href":"https:\/\/univet.hu\/hu\/wp-json\/wp\/v2\/pages\/86945"}],"wp:attachment":[{"href":"https:\/\/univet.hu\/hu\/wp-json\/wp\/v2\/media?parent=88706"}],"wp:term":[{"taxonomy":"category","embeddable":true,"href":"https:\/\/univet.hu\/hu\/wp-json\/wp\/v2\/categories?post=88706"},{"taxonomy":"post_tag","embeddable":true,"href":"https:\/\/univet.hu\/hu\/wp-json\/wp\/v2\/tags?post=88706"}],"curies":[{"name":"wp","href":"https:\/\/api.w.org\/{rel}","templated":true}]}}