{"id":88730,"date":"2023-07-18T08:18:43","date_gmt":"2023-07-18T06:18:43","guid":{"rendered":"https:\/\/univet.hu\/hu\/felveteli\/name\/"},"modified":"2025-12-13T08:35:50","modified_gmt":"2025-12-13T07:35:50","slug":"felveteli-2026","status":"publish","type":"page","link":"https:\/\/univet.hu\/hu\/felveteli\/felveteli-2026\/","title":{"rendered":"FELV\u00c9TELI 2026"},"content":{"rendered":"<p><strong>\u00a0<\/strong><\/p> <p><strong>Tov\u00e1bbi inform\u00e1ci\u00f3k\u00e9rt kattintson:<\/strong> <a href=\"https:\/\/www.felvi.hu\/felveteli\/pontszamitas2026\">Felvi.hu &#8211; Pontsz\u00e1m\u00edt\u00e1s 2026<\/a><\/p> <p>&nbsp;<\/p> <p style=\"text-align: center\"><span style=\"color: #ff0000\"><strong>\u00c1llatorvosi szak sz\u00f3beli felv\u00e9teli vizsga<\/strong><\/span><\/p> <p style=\"text-align: center\"><strong>AZ \u00c1LLATORVOSTUDOM\u00c1NYI EGYETEM 2026. \u00c9VI SZ\u00d3BELI FELV\u00c9TELI ELJ\u00c1R\u00c1SRENDJE<\/strong><\/p> <p>&nbsp;<\/p> <p>A sz\u00f3beli motiv\u00e1ci\u00f3s besz\u00e9lget\u00e9sre <strong>2026 j\u00falius\u00e1nak elej\u00e9n<\/strong> ker\u00fcl sor az \u00c1llatorvostudom\u00e1nyi Egyetemen. A konkr\u00e9t napokat k\u00e9s\u0151bb tessz\u00fck k\u00f6zz\u00e9, melyr\u0151l a felv\u00e9teliz\u0151k e-mailben is r\u00e9szletes t\u00e1j\u00e9koztat\u00e1st kapnak.<\/p> <p>A felv\u00e9teli sz\u00f3beli id\u0151pontj\u00e1t a jelentkez\u0151k <strong>a j\u00fanius v\u00e9g\u00e9n megjelen\u0151 linken kereszt\u00fcl<\/strong> foglalhatj\u00e1k le. Az id\u0151pontfoglal\u00e1shoz kapcsol\u00f3d\u00f3 r\u00e9szletes \u00fatmutat\u00f3t az egyetem ugyanekkor k\u00fcldi ki.<\/p> <p><strong>\u00c1llatorvosi szak sz\u00f3beli felv\u00e9teli vizsga: <\/strong><\/p> <p>A sz\u00f3beli felv\u00e9teli motiv\u00e1ci\u00f3s besz\u00e9lget\u00e9s <strong>k\u00f6telez\u0151<\/strong> eleme a felv\u00e9teli elj\u00e1r\u00e1snak. Ennek c\u00e9lja, hogy felm\u00e9rje a jelentkez\u0151 szak ir\u00e1nti \u00e9rdekl\u0151d\u00e9s\u00e9t, motiv\u00e1ci\u00f3j\u00e1t, p\u00e1lyaalkalmass\u00e1g\u00e1t, logikai gondolkod\u00e1s\u00e1t \u00e9s kommunik\u00e1ci\u00f3s k\u00e9szs\u00e9g\u00e9t. A sz\u00f3beli vizsg\u00e1n <strong>legfeljebb 60 pont<\/strong> szerezhet\u0151, amelyet m\u00e1s jogc\u00edmen kapott pontokkal <strong>nem lehet kiv\u00e1ltani.<\/strong><\/p> <p>A vizsga eredm\u00e9ny\u00e9t az \u00c1llatorvostudom\u00e1nyi Egyetemen zajl\u00f3 meghallgat\u00e1s sor\u00e1n el\u00e9rt pontsz\u00e1m alapj\u00e1n \u00e1llap\u00edtj\u00e1k meg. A bizotts\u00e1g el\u0151tt lehet\u0151s\u00e9g van kor\u00e1bbi munkatapasztalat vagy \u00f6nk\u00e9ntes szakmai gyakorlat igazol\u00e1s\u00e1nak bemutat\u00e1s\u00e1ra, azonban ezek hi\u00e1nya nem befoly\u00e1solja a vizsga sikeress\u00e9g\u00e9t.<\/p> <p>A felv\u00e9teli folyamat lebonyol\u00edt\u00e1s\u00e1hoz t\u00f6bb bizotts\u00e1g egyidej\u0171 m\u0171k\u00f6d\u00e9s\u00e9re van sz\u00fcks\u00e9g, mivel egy bizotts\u00e1g naponta legfeljebb 15 jelentkez\u0151t tud meghallgatni. Emiatt a sz\u00f3beli vizsg\u00e1k t\u00f6bb napon kereszt\u00fcl zajlanak. Minden bizotts\u00e1g h\u00e1rom tagb\u00f3l \u00e1ll \u2013 egy eln\u00f6kb\u0151l \u00e9s k\u00e9t bizotts\u00e1gi tagb\u00f3l \u2013 tov\u00e1bb\u00e1 egy titk\u00e1rb\u00f3l (PhD-hallgat\u00f3b\u00f3l), aki az adminisztrat\u00edv feladatokat l\u00e1tja el.<\/p> <p><strong>Felv\u00e9telihez megadott szakirodalmak, melyb\u0151l egyet kell v\u00e1lasztani:<\/strong><\/p> <ul> <li><a href=\"https:\/\/univet.hu\/wp-content\/uploads\/2025\/12\/mal_2021_07_439-447.pdf\">Szakos, D., \u00d3zsvari, L., &amp; Kasza, G. (2021). Mit\u0151l lesz \u201eeg\u00e9szs\u00e9ges\u201d az \u00e9lelmiszer? \u2013 k\u00fcl\u00f6nb\u00f6z\u0151 korcsoport\u00fa fogyaszt\u00f3k v\u00e9lem\u00e9ny\u00e9nek elemz\u00e9se funkcion\u00e1lis term\u00e9kp\u00e1lya tervez\u00e9shez. Magyar \u00c1llatorvosok Lapja, 143(7), 439-447.<\/a><\/li> <li><a href=\"https:\/\/univet.hu\/wp-content\/uploads\/2025\/01\/613-622_sertes_palkovicsne.pdf\">Palkovicsn\u00e9 P\u00e9zsa N., Kov\u00e1cs D., Somogyi Z., R\u00e1cz B., Farkas O.: Probiotikumok hat\u00e1s\u00e1nak vizsg\u00e1lata sert\u00e9sekben Irodalmi \u00f6sszefoglal\u00f3<\/a><\/li> <li><a href=\"https:\/\/univet.hu\/wp-content\/uploads\/2025\/01\/299-310_Jarvanytan_Nemesanszky.pdf\">Nemes\u00e1nszky A., Kors\u00f3s G., Kiss A., Fodor K.: Az emberek hozz\u00e1\u00e1ll\u00e1sa a zoonotikus megbeteged\u00e9sekhez a COVID-19-vil\u00e1gj\u00e1rv\u00e1ny kapcs\u00e1n<\/a><\/li> <li><a href=\"https:\/\/univet.hu\/wp-content\/uploads\/2025\/12\/mal_2022_01_3-12.pdf\">Vetter Sz., Vizi V., \u00d3zsv\u00e1ri L.: A magyarorsz\u00e1gi kutyatart\u00e1si szok\u00e1sok a COVID-19-vil\u00e1gj\u00e1rv\u00e1nyban \u2013 2021-es orsz\u00e1gos reprezentat\u00edv felm\u00e9r\u00e9s el\u0151zetes eredm\u00e9nyei<\/a><\/li> <li>Hornok S.: \u00d6sszefoglal\u00f3 \u2013 Kedvtel\u00e9sb\u0151l tartott \u00e1llatok parazit\u00f3zisai:\u00a0<a href=\"https:\/\/univet.hu\/wp-content\/uploads\/2025\/07\/A-kutyak-szivfergessege.pdf\">A kuty\u00e1k sz\u00edvf\u00e9rgess\u00e9ge<\/a>,\u00a0<a href=\"https:\/\/univet.hu\/wp-content\/uploads\/2025\/07\/A-kullancsokrol-altalaban.pdf\">A kullancsokr\u00f3l \u00e1ltal\u00e1ban<\/a>,\u00a0<a href=\"https:\/\/univet.hu\/wp-content\/uploads\/2025\/07\/A-bolhakrol-altalaban.pdf\">A bolh\u00e1kr\u00f3l \u00e1ltal\u00e1ban<\/a>\u00a0(mindh\u00e1rom pdf.)<\/li> <\/ul> <p>&nbsp;<\/p> <p><a href=\"https:\/\/univet.hu\/wp-content\/uploads\/2025\/07\/Felhivas_kep-es-hangfelvetel-keszitese-2025.pdf\">Felh\u00edv\u00e1s: k\u00e9p-\u00e9s hangfelv\u00e9tel k\u00e9sz\u00edt\u00e9se<\/a><\/p> <p>&nbsp;<\/p> <p style=\"text-align: center\"><span style=\"color: #ff0000\"><strong>Kutat\u00f3 zool\u00f3gus szak sz\u00f3beli felv\u00e9teli vizsga<\/strong><\/span><\/p> <p style=\"text-align: center\"><strong>\u00c1llatorvostudom\u00e1nyi Egyetem<br \/> K<\/strong><strong>utat\u00f3 zool\u00f3gus szak<br \/> <\/strong><strong>2026.\u00a0\u00e9vi sz\u00f3beli felv\u00e9teli elj\u00e1r\u00e1srend<\/strong><\/p> <p>&nbsp;<\/p> <p>A sz\u00f3beli motiv\u00e1ci\u00f3s besz\u00e9lget\u00e9sre <strong>2026 j\u00falius\u00e1nak elej\u00e9n<\/strong> ker\u00fcl sor az \u00c1llatorvostudom\u00e1nyi Egyetemen. A konkr\u00e9t napokat k\u00e9s\u0151bb tessz\u00fck k\u00f6zz\u00e9, melyr\u0151l a felv\u00e9teliz\u0151k e-mailben is r\u00e9szletes t\u00e1j\u00e9koztat\u00e1st kapnak.<\/p> <p>A felv\u00e9teli sz\u00f3beli id\u0151pontj\u00e1t a jelentkez\u0151k <strong>a j\u00fanius v\u00e9g\u00e9n megjelen\u0151 linken kereszt\u00fcl<\/strong> foglalhatj\u00e1k le. Az id\u0151pontfoglal\u00e1shoz kapcsol\u00f3d\u00f3 r\u00e9szletes \u00fatmutat\u00f3t az egyetem ugyanekkor k\u00fcldi ki.<\/p> <p><strong>Kutat\u00f3 zool\u00f3gus szak sz\u00f3beli felv\u00e9teli vizsga<\/strong><\/p> <p>A sz\u00f3beli felv\u00e9teli motiv\u00e1ci\u00f3s besz\u00e9lget\u00e9s <strong>k\u00f6telez\u0151<\/strong> eleme a felv\u00e9teli elj\u00e1r\u00e1snak. Ennek c\u00e9lja, hogy felm\u00e9rje a jelentkez\u0151 szak ir\u00e1nti \u00e9rdekl\u0151d\u00e9s\u00e9t, motiv\u00e1ci\u00f3j\u00e1t, p\u00e1lyaalkalmass\u00e1g\u00e1t, logikai gondolkod\u00e1s\u00e1t \u00e9s kommunik\u00e1ci\u00f3s k\u00e9szs\u00e9g\u00e9t. A sz\u00f3beli vizsg\u00e1n <strong>legfeljebb 60 pont<\/strong> szerezhet\u0151, amelyet m\u00e1s jogc\u00edmen kapott pontokkal <strong>nem lehet kiv\u00e1ltani<\/strong>.<\/p> <p>A vizsga eredm\u00e9ny\u00e9t az \u00c1llatorvostudom\u00e1nyi Egyetemen zajl\u00f3, bizotts\u00e1g el\u0151tti meghallgat\u00e1s sor\u00e1n el\u00e9rt pontsz\u00e1m alapj\u00e1n \u00e1llap\u00edtj\u00e1k meg. A felv\u00e9teli bizotts\u00e1g h\u00e1rom tagb\u00f3l (egy eln\u00f6k \u00e9s k\u00e9t tag), tov\u00e1bb\u00e1 egy titk\u00e1rb\u00f3l (PhD hallgat\u00f3) \u00e1ll.<\/p> <p>&nbsp;<\/p> <p><strong>A sz\u00f3beli felv\u00e9teli vizsg\u00e1n adhat\u00f3 pontok<\/strong><\/p> <table width=\"351\"> <tbody> <tr> <td width=\"273\"><strong>Jogc\u00edm<\/strong><\/td> <td width=\"78\"><strong>El\u00e9rhet\u0151 pontsz\u00e1m<\/strong><\/td> <\/tr> <tr> <td width=\"273\">Motiv\u00e1ci\u00f3s besz\u00e9lget\u00e9s, amely a jel\u00f6lt szak ir\u00e1nti \u00e9rdekl\u0151d\u00e9s\u00e9t, logikai gondolkod\u00e1s\u00e1t felm\u00e9r\u0151 vizsga<\/td> <td width=\"78\">20<\/td> <\/tr> <tr> <td width=\"273\">\u00c1ltal\u00e1nos biol\u00f3giai alapm\u0171velts\u00e9get felm\u00e9r\u0151 vizsga<\/td> <td width=\"78\">20<\/td> <\/tr> <tr> <td width=\"273\">Kommunik\u00e1ci\u00f3s k\u00e9szs\u00e9get (magyar \u00e9s angol nyelven) felm\u00e9r\u0151 vizsga<\/td> <td width=\"78\">20<\/td> <\/tr> <tr> <td width=\"273\"><strong>\u00d6sszesen<\/strong><\/td> <td width=\"78\"><strong>60<\/strong><\/td> <\/tr> <\/tbody> <\/table> <p>&nbsp;<\/p> <p><strong>Motiv\u00e1ci\u00f3s besz\u00e9lget\u00e9s, amely a jel\u00f6lt szak ir\u00e1nti \u00e9rdekl\u0151d\u00e9s\u00e9t, logikai gondolkod\u00e1s\u00e1t felm\u00e9r\u0151 vizsga<\/strong><\/p> <p>Sz\u00f3beli elbesz\u00e9lget\u00e9s, 20 pont<\/p> <p>A jel\u00f6lt az <a href=\"https:\/\/www.oktatas.hu\/pub_bin\/dload\/kozoktatas\/erettsegi\/vizsgakovetelmenyek2024\/bio_2024_e.pdf\">\u00e9retts\u00e9gi k\u00f6vetelm\u00e9nyrendszer<\/a> 1.1.1. (Vizsg\u00e1lati szempontok \u00e9s jellemz\u0151k) \u00e9s 1.1.2. (Vizsg\u00e1l\u00f3 m\u00f3dszerek) pontjai, illetve a <em>Gy\u0171jtem\u00e9ny a Biol\u00f3gia emelt szint\u0171 oktat\u00e1s\u00e1hoz <\/em>c\u00edm\u0171 gy\u0171jtem\u00e9nyben szerepl\u0151 k\u00eds\u00e9rletek, felfedez\u00e9sek, modellek ismertet\u00e9s\u00e9re, az ezt k\u00f6vet\u0151 k\u00f6tetlen szakmai besz\u00e9lget\u00e9s alatt m\u00e9rt meg\u00e9rt\u00e9s\u00e9re kap pontsz\u00e1mot. A jel\u00f6ltnek az al\u00e1bbi k\u00eds\u00e9rletekb\u0151l, felfedez\u00e9sekb\u0151l, modellekb\u0151l kell a bizotts\u00e1g \u00e1ltal v\u00e1lasztott egyet ismertetnie.<\/p> <p>&nbsp;<\/p> <p>Baranyai J\u00f3zsef, B\u00e1n S\u00e1ndor, Veres G\u00e1bor, Vizkievicz Andr\u00e1s: Gy\u0171jtem\u00e9ny a Biol\u00f3gia emelt szint\u0171 oktat\u00e1s\u00e1hoz &#8211; 9. \u00e9vfolyam, 10. \u00e9vfolyam (let\u00f6lthet\u0151: <a href=\"https:\/\/www.tankonyvkatalogus.hu\/tankonyv\/OH-BIO910E\">https:\/\/www.tankonyvkatalogus.hu\/tankonyv\/OH-BIO910E<\/a> ):<\/p> <ol> <li>Ismertesse a Donders f\u00e9le t\u00fcd\u0151modellt, magyar\u00e1zza el, mi\u00e9rt alkalmas a l\u00e9gz\u0151mozg\u00e1s modellez\u00e9s\u00e9re, 64. old.<\/li> <li>Ismertesse a stresszorok felfedez\u00e9s\u00e9t (Selye J\u00e1nos) \u00e9s a stressz mint \u00e1llapot fiziol\u00f3giai megjelen\u00e9seit, 144-145. old.<\/li> <li>Ismertesse az emberi viselked\u00e9s alapjait, 150-153. old.<\/li> <li>DNS szemikonzervat\u00edv kett\u0151z\u0151d\u00e9s\u00e9nek bizony\u00edt\u00e1sa, 209-210. old.<\/li> <li>Ismertesse a term\u00e9szetes szelekci\u00f3 alapjait \u00f6kol\u00f3giai \u00e9s genetikai megfigyel\u00e9sekb\u0151l kiindulva, 250-254. old.<\/li> <\/ol> <p>Baranyai J\u00f3zsef, Ker\u00e9nyi Zolt\u00e1n, Szab\u00f3 Bence Farkas, Veres G\u00e1bor, Vizkievicz Andr\u00e1s: Gy\u0171jtem\u00e9ny a Biol\u00f3gia emelt szint\u0171 oktat\u00e1s\u00e1hoz &#8211; 11. \u00e9vfolyam, 12. \u00e9vfolyam (let\u00f6lthet\u0151: <a href=\"https:\/\/www.tankonyvkatalogus.hu\/tankonyv\/OH-BIO1112E\">https:\/\/www.tankonyvkatalogus.hu\/tankonyv\/OH-BIO1112E<\/a> ):<\/p> <ol> <li>Spallanzani k\u00eds\u00e9rlete \u0151snemz\u00e9s ellen\u0151rz\u00e9s\u00e9re, 9-12. old.<\/li> <li>A DNS \u00f6r\u00f6k\u00edt\u0151 szerep\u00e9nek bizony\u00edt\u00e1sa (Griffith \u00e9s Avery), 70. old.<\/li> <li>Fotoszint\u00e9zis vizsg\u00e1lata v\u00edzin\u00f6v\u00e9nyen, 84. old.<\/li> <li>Ismertesse a szukcesszi\u00f3 folyamat\u00e1t, 194-197. old.<\/li> <li>Jellemezzen egy magyarorsz\u00e1gi f\u00e1s\/f\u00e1tlan t\u00e1rsul\u00e1st (lehet kl\u00edmazon\u00e1lis, vagy intrazon\u00e1lis is), 200-205. old.<\/li> <\/ol> <p><strong>Motiv\u00e1lts\u00e1g<\/strong> \u2013 5 pont<\/p> <ul> <li>C\u00e9ljait k\u00e9pes \u00e1ltal\u00e1nosan megfogalmazni \u2013 1 pont<\/li> <li>K\u00e9pes konkr\u00e9tan megfogalmazni a c\u00e9ljait \u2013 2-3 pont<\/li> <li>A motiv\u00e1lts\u00e1g\u00e1nak term\u00e9szet\u00e9t vagy eredet\u00e9t k\u00e9pes \u00f6sszetett mondatokban megfogalmazni, konkr\u00e9t tapasztalataira vagy lexik\u00e1lis tud\u00e1s\u00e1ra alapozni \u2013 4-5 pont<\/li> <\/ul> <p><strong>Szakmai felk\u00e9sz\u00fclts\u00e9g<\/strong> \u2013 10 pont<\/p> <ul> <li>A zool\u00f3gus\/kutat\u00f3i foglalkoz\u00e1sr\u00f3l mint szakm\u00e1r\u00f3l kialakult fogalomk\u00e9pe van, ismeri a biol\u00f3gia\/zool\u00f3gia k\u00fcl\u00f6nb\u00f6z\u0151 szakter\u00fcleteit \u2013 1-3 pont<\/li> <li>Az el\u0151zetesen megadott tanulm\u00e1nyokat feldolgozta, k\u00e9pes azok tartalm\u00e1t visszaadni \u2013 4-5 pont<\/li> <li>Az el\u0151zetesen megadott tanulm\u00e1nyokat feldolgozta, azokr\u00f3l besz\u00e9lget\u00e9st, vit\u00e1t k\u00e9pes kezdem\u00e9nyezni \u2013 6-7 pont<\/li> <li>Az el\u0151zetesen megadott tanulm\u00e1nyokkal kapcsolatban k\u00e9pes saj\u00e1t \u00e1ll\u00e1spontj\u00e1nak, v\u00e9lem\u00e9ny\u00e9nek indokl\u00e1s\u00e1ra, arr\u00f3l h\u00e1tt\u00e9r-inform\u00e1ci\u00f3t meg tud osztani, k\u00e9pes a kritikus elemz\u00e9s\u00e9re \u2013 8-10 pont<\/li> <\/ul> <p><strong>Kritikai gondolkod\u00e1s<\/strong> \u2013 5 pont<\/p> <ul> <li>K\u00e9pes az alapvet\u0151 megismer\u00e9si folyamatokra, k\u00e9pes \u00f6sszef\u00fcgg\u00e9seket levonni \u2013 1 pont<\/li> <li>K\u00e9pes k\u00e9rd\u00e9seket megfogalmazni az \u00e9rdekl\u0151d\u00e9s\u00e9nek megfelel\u0151 t\u00e9m\u00e1kban \u20132-3 pont<\/li> <li>\u00d6n\u00e1ll\u00f3 v\u00e9lem\u00e9nye van, illetve nyitott m\u00e1s szakmai v\u00e9lem\u00e9ny\u00e9re \u00e9s azt k\u00e9pes szintetiz\u00e1lni \u2013 4-5 pont<\/li> <\/ul> <p>&nbsp;<\/p> <p><strong>\u00c1ltal\u00e1nos biol\u00f3giai alapm\u0171velts\u00e9get felm\u00e9r\u0151 vizsga<\/strong><\/p> <p>\u00cdr\u00e1sbeli vizsga, 20 pont<\/p> <p>A jel\u00f6lt a 2021\/22-es \u00e9s a 2022\/23-as tan\u00e9v OKTV els\u0151 fordul\u00f3 I. kateg\u00f3ria feladatlapjaiban (let\u00f6lthet\u0151: <a href=\"https:\/\/www.oktatas.hu\/pub_bin\/dload\/kozoktatas\/tanulmanyi_versenyek\/oktv\/oktv2022_2023_1ford\/bio1_flap1f_oktv_2223.pdf\">https:\/\/www.oktatas.hu\/pub_bin\/dload\/kozoktatas\/tanulmanyi_versenyek\/oktv\/oktv2022_2023_1ford\/bio1_flap1f_oktv_2223.pdf<\/a> \u00e9s <a href=\"https:\/\/www.oktatas.hu\/pub_bin\/dload\/kozoktatas\/tanulmanyi_versenyek\/oktv\/oktv2021_2022_1ford\/bio12_flap1f_oktv_2122.pdf\">https:\/\/www.oktatas.hu\/pub_bin\/dload\/kozoktatas\/tanulmanyi_versenyek\/oktv\/oktv2021_2022_1ford\/bio12_flap1f_oktv_2122.pdf<\/a>) szerepl\u0151 k\u00e9rd\u00e9sekb\u0151l \u00f6ssze\u00e1ll\u00edtott 50 k\u00e9rd\u00e9ses teszt adatsort t\u00f6lt ki.<\/p> <table width=\"264\"> <tbody> <tr> <td width=\"125\">Teszt pontsz\u00e1ma<\/td> <td width=\"139\">Felv\u00e9teli pontsz\u00e1m<\/td> <\/tr> <tr> <td width=\"125\">49-50<\/td> <td width=\"139\">20<\/td> <\/tr> <tr> <td width=\"125\">47-48<\/td> <td width=\"139\">19<\/td> <\/tr> <tr> <td width=\"125\">45-46<\/td> <td width=\"139\">18<\/td> <\/tr> <tr> <td width=\"125\">43-44<\/td> <td width=\"139\">17<\/td> <\/tr> <tr> <td width=\"125\">41-42<\/td> <td width=\"139\">16<\/td> <\/tr> <tr> <td width=\"125\">39-40<\/td> <td width=\"139\">15<\/td> <\/tr> <tr> <td width=\"125\">37-38<\/td> <td width=\"139\">14<\/td> <\/tr> <tr> <td width=\"125\">35-36<\/td> <td width=\"139\">13<\/td> <\/tr> <tr> <td width=\"125\">33-34<\/td> <td width=\"139\">12<\/td> <\/tr> <tr> <td width=\"125\">31-32<\/td> <td width=\"139\">11<\/td> <\/tr> <tr> <td width=\"125\">29-30<\/td> <td width=\"139\">10<\/td> <\/tr> <tr> <td width=\"125\">26-28<\/td> <td width=\"139\">9<\/td> <\/tr> <tr> <td width=\"125\">23-25<\/td> <td width=\"139\">8<\/td> <\/tr> <tr> <td width=\"125\">20-22<\/td> <td width=\"139\">7<\/td> <\/tr> <tr> <td width=\"125\">17-19<\/td> <td width=\"139\">6<\/td> <\/tr> <tr> <td width=\"125\">14-16<\/td> <td width=\"139\">5<\/td> <\/tr> <tr> <td width=\"125\">11-13<\/td> <td width=\"139\">4<\/td> <\/tr> <tr> <td width=\"125\">8-10<\/td> <td width=\"139\">3<\/td> <\/tr> <tr> <td width=\"125\">5-7<\/td> <td width=\"139\">2<\/td> <\/tr> <tr> <td width=\"125\">1-4<\/td> <td width=\"139\">1<\/td> <\/tr> <\/tbody> <\/table> <p>&nbsp;<\/p> <p><strong>Kommunik\u00e1ci\u00f3s k\u00e9szs\u00e9get (magyar \u00e9s angol nyelven) felm\u00e9r\u0151 vizsga<\/strong><\/p> <p>Sz\u00f3beli elbesz\u00e9lget\u00e9s, 20 pont<\/p> <p><strong>Magyar nyelv\u0171 kommunik\u00e1ci\u00f3s k\u00e9szs\u00e9g<\/strong> \u2013 5 pont<\/p> <ul> <li>A jel\u00f6lt megfelel\u0151en kapcsolatba l\u00e9p a Bizotts\u00e1ggal \u2013 1 pont<\/li> <li>A jel\u00f6lttel a p\u00e1rbesz\u00e9d g\u00f6rd\u00fcl\u00e9keny, akt\u00edv r\u00e9sztvev\u0151je a besz\u00e9lget\u00e9snek \u2013 2-3 pont<\/li> <li>A jel\u00f6lt proakt\u00edvan vesz r\u00e9szt a szakmai besz\u00e9lget\u00e9sben, adekv\u00e1t v\u00e1laszokat \u00e9s k\u00e9rd\u00e9seket fogalmaz meg \u2013 4-5 pont<\/li> <\/ul> <p><strong>Angol nyelv\u0171 kommunik\u00e1ci\u00f3s k\u00e9szs\u00e9g<\/strong> \u2013 15 pont<\/p> <ul> <li>A jel\u00f6lt megfelel\u0151en kapcsolatba l\u00e9p a Bizotts\u00e1ggal \u2013 1 pont<\/li> <li>A jel\u00f6lt zavar\u00f3 mennyis\u00e9g\u0171 hiba n\u00e9lk\u00fcl besz\u00e9l a Bizotts\u00e1ggal \u2013 2-3 pont<\/li> <li>A jel\u00f6lttel a p\u00e1rbesz\u00e9d g\u00f6rd\u00fcl\u00e9keny, akt\u00edv r\u00e9sztvev\u0151je a besz\u00e9lget\u00e9snek \u2013 4-5 pont<\/li> <li>A jel\u00f6lt proakt\u00edvan vesz r\u00e9szt a szakmai besz\u00e9lget\u00e9sben, adekv\u00e1t v\u00e1laszokat \u00e9s k\u00e9rd\u00e9seket fogalmaz meg \u2013 6-7 pont<\/li> <li>K\u00e9pes megfelel\u0151 k\u00f6vetkeztet\u00e9seket, \u00f6sszef\u00fcgg\u00e9seket levonni egy el\u0151re ismertetett szakmai anyag kapcs\u00e1n \u2013 8-9 pont<\/li> <li>K\u00e9pes k\u00e9rd\u00e9seket megfogalmazni az \u00e9rdekl\u0151d\u00e9s\u00e9nek megfelel\u0151 t\u00e9m\u00e1kban \u2013 10-11 pont<\/li> <li>\u00d6n\u00e1ll\u00f3 v\u00e9lem\u00e9ny van, illetve nyitott m\u00e1s szakmai v\u00e9lem\u00e9ny\u00e9re \u00e9s azt k\u00e9pes szintetiz\u00e1lni \u2013 12-15 pont<\/li> <\/ul> <p>&nbsp;<\/p> <p>&nbsp;<\/p>","protected":false},"excerpt":{"rendered":"<p>\u00a0 Tov\u00e1bbi inform\u00e1ci\u00f3k\u00e9rt kattintson: Felvi.hu &#8211; Pontsz\u00e1m\u00edt\u00e1s 2026 &nbsp; \u00c1llatorvosi szak sz\u00f3beli felv\u00e9teli vizsga AZ \u00c1LLATORVOSTUDOM\u00c1NYI EGYETEM 2026. \u00c9VI SZ\u00d3BELI FELV\u00c9TELI ELJ\u00c1R\u00c1SRENDJE &nbsp; A sz\u00f3beli motiv\u00e1ci\u00f3s besz\u00e9lget\u00e9sre 2026 j\u00falius\u00e1nak elej\u00e9n ker\u00fcl sor az \u00c1llatorvostudom\u00e1nyi Egyetemen. A konkr\u00e9t napokat k\u00e9s\u0151bb tessz\u00fck k\u00f6zz\u00e9, melyr\u0151l a felv\u00e9teliz\u0151k e-mailben is r\u00e9szletes t\u00e1j\u00e9koztat\u00e1st kapnak. A felv\u00e9teli sz\u00f3beli id\u0151pontj\u00e1t a jelentkez\u0151k<\/p>\n","protected":false},"author":2518,"featured_media":0,"parent":1222,"menu_order":0,"comment_status":"open","ping_status":"open","template":"","meta":{"_acf_changed":false,"footnotes":""},"categories":[],"tags":[],"class_list":["post-88730","page","type-page","status-publish","hentry"],"acf":[],"_links":{"self":[{"href":"https:\/\/univet.hu\/hu\/wp-json\/wp\/v2\/pages\/88730","targetHints":{"allow":["GET"]}}],"collection":[{"href":"https:\/\/univet.hu\/hu\/wp-json\/wp\/v2\/pages"}],"about":[{"href":"https:\/\/univet.hu\/hu\/wp-json\/wp\/v2\/types\/page"}],"author":[{"embeddable":true,"href":"https:\/\/univet.hu\/hu\/wp-json\/wp\/v2\/users\/2518"}],"replies":[{"embeddable":true,"href":"https:\/\/univet.hu\/hu\/wp-json\/wp\/v2\/comments?post=88730"}],"version-history":[{"count":19,"href":"https:\/\/univet.hu\/hu\/wp-json\/wp\/v2\/pages\/88730\/revisions"}],"predecessor-version":[{"id":197259,"href":"https:\/\/univet.hu\/hu\/wp-json\/wp\/v2\/pages\/88730\/revisions\/197259"}],"up":[{"embeddable":true,"href":"https:\/\/univet.hu\/hu\/wp-json\/wp\/v2\/pages\/1222"}],"wp:attachment":[{"href":"https:\/\/univet.hu\/hu\/wp-json\/wp\/v2\/media?parent=88730"}],"wp:term":[{"taxonomy":"category","embeddable":true,"href":"https:\/\/univet.hu\/hu\/wp-json\/wp\/v2\/categories?post=88730"},{"taxonomy":"post_tag","embeddable":true,"href":"https:\/\/univet.hu\/hu\/wp-json\/wp\/v2\/tags?post=88730"}],"curies":[{"name":"wp","href":"https:\/\/api.w.org\/{rel}","templated":true}]}}