{"id":888,"date":"2017-06-27T10:16:00","date_gmt":"2017-06-27T08:16:00","guid":{"rendered":"http:\/\/univet.hu\/egyetem\/kutatas\/kutatocsoportok\/anatomiai-es-fejlodestani-kutatocsoport\/"},"modified":"2018-02-22T09:43:23","modified_gmt":"2018-02-22T08:43:23","slug":"anatomiai-es-fejlodestani-kutatocsoport","status":"publish","type":"page","link":"https:\/\/univet.hu\/hu\/kutatas\/kutatocsoportok\/anatomiai-es-fejlodestani-kutatocsoport\/","title":{"rendered":"Anat\u00f3miai \u00e9s Fejl\u0151d\u00e9stani Kutat\u00f3csoport"},"content":{"rendered":"<p>ANAT&Oacute;MIAI &Eacute;S FEJL\u0150D&Eacute;STANI KUTAT&Oacute;CSOPORT<\/p> <p>&nbsp;<\/p> <p><strong>KUTAT&Oacute;CSOPORT VEZET\u0150: <\/strong>Prof. Dr. S&oacute;tonyi P&eacute;ter, egyetemi tan&aacute;r<\/p> <p><strong>EL&Eacute;RHET\u0150S&Eacute;G:<\/strong> <a class=\"decrypt\" rel=\"tpupozj\/qfufsAvojwfu\/iv\" href=\"javascript:void(0);\">[Kattintson az emailc\u00edmhez]<\/a><\/p> <p><strong>A KUTAT&Oacute;CSOPORT TAGJAI:<\/strong><\/p> <p>Egyetemi tan&aacute;r: Dr. S&oacute;tonyi P&eacute;ter<\/p> <p>Egyetemi docens: Dr. Gerics Bal&aacute;zs, Dr. Szalay Ferenc<\/p> <p>Egyetemi adjunktus: Dr. Heinzlmann Andrea, Dr. Nov&aacute;k-Hazai Diana, Dr. Reinitz L&aacute;szl&oacute;<\/p> <p>Asszisztens: Magyar T&uuml;nde, Kesz\u0151ce Anik&oacute;<\/p> <p>PhD hallgat&oacute;: Lor&aacute;szk&oacute; G&aacute;bor<\/p> <p>&nbsp;<\/p> <p><strong>KUTAT&Aacute;SI TER&Uuml;LETEK:<\/strong><\/p> <p>&Aacute;ltal&aacute;nos anat&oacute;mia, Fejl\u0151d&eacute;stan, &Ouml;sszehasonl&iacute;t&oacute; anat&oacute;mia, Neuroanat&oacute;mia, Hypothalamicus szab&aacute;lyoz&aacute;s funkci&oacute;inak vizsg&aacute;lata, A sz&iacute;v norm&aacute;lis &eacute;s patol&oacute;gi&aacute;s fejl\u0151d&eacute;se, A subarachnoidealis t&eacute;r t&eacute;rfogati viszonyai, Anat&oacute;mia&aacute;br&aacute;zol&aacute;s technika, Seb&eacute;szeti felt&aacute;r&oacute; anat&oacute;mia, Keresztmetszeti CT &eacute;s MRI anat&oacute;miai vizsg&aacute;latok, L&oacute; mozg&aacute;sszervi vizsg&aacute;latok<\/p> <p>&nbsp;<\/p> <p><strong>SZAKMAI SZERVEZETI TAGS&Aacute;G:&nbsp;&nbsp;&nbsp;&nbsp; <\/strong><\/p> <p>Magyar Anat&oacute;mus T&aacute;rsas&aacute;g&nbsp;&nbsp;<\/p> <p>Magyar &Aacute;llatorvosok Vil&aacute;gszervezete<\/p> <p>Nomina Anatomica Veterinaria<\/p> <p>European Association of Veterinary Anatomists<\/p> <p>World Association of Veterinary Anatomists<\/p> <p>&nbsp;<\/p> <p><strong>HOSSZ&Uacute;T&Aacute;V&Uacute; EGY&Uuml;TTM\u0170K&Ouml;D&Eacute;SEK:<\/strong><\/p> <p>Semmelweis Egyetem, Hum&aacute;nmorfol&oacute;giai &eacute;s Fejl\u0151d&eacute;sbiol&oacute;giai Int&eacute;zet<\/p> <p>Semmelweis Egyetem, Eg&eacute;szs&eacute;gtudom&aacute;nyi &eacute;s Sportorvosi Tansz&eacute;k<\/p> <p>Kaposv&aacute;ri Egyetem, &Aacute;llattudom&aacute;nyi Kar<\/p> <p>P&eacute;csi Tudom&aacute;nyegyetem<\/p> <p>University of Veterinary Medicine Vienna (Ausztria)<\/p> <p>Yale University (USA)<\/p> <p>&nbsp;<\/p> <p><strong>IG&Eacute;NYELHET\u0150 SZOLG&Aacute;LTAT&Aacute;SOK:<\/strong><\/p> <p>anat&oacute;miai, fejl\u0151d&eacute;stani &eacute;s biol&oacute;giai oktat&oacute;vide&oacute;k &eacute;s anim&aacute;ci&oacute;k k&eacute;sz&iacute;t&eacute;se<\/p> <p>elektronmikroszk&oacute;pos &eacute;s immunhisztok&eacute;miai vizsg&aacute;latok<\/p> <p>sz&ouml;vettani vizsg&aacute;latok<\/p> <p>elm&eacute;leti &eacute;s gyakorlati tov&aacute;bbk&eacute;pz&eacute;sek<\/p> <p>anat&oacute;miai prepar&aacute;tumok k&eacute;sz&iacute;t&eacute;se<\/p> <p>Anat&oacute;miai Tanul&oacute;m&uacute;zeumi t&aacute;rlatvezet&eacute;s<\/p> <p>&nbsp;<\/p> <p><strong>P&Aacute;LY&Aacute;ZATOK:<\/strong><\/p> <p>NTP OKA<\/p> <p>Anat&oacute;miai Tanul&oacute;m&uacute;zeum &eacute;s Tehets&eacute;gkutat&oacute; program<\/p> <p><a href=\"http:\/\/kutatocsoportok.szie.hu\/sites\/default\/files\/styles\/large\/public\/Kep05_1.jpg?itok=1bie23R9\" rel=\"lightbox[field_k_p][]\" title=\"\"><img decoding=\"async\" src=\"http:\/\/kutatocsoportok.szie.hu\/sites\/default\/files\/styles\/thumbnail\/public\/Kep05_1.jpg?itok=JnPitYFG\" data-replaced=\"true\" style=\"height:75px; width:100px\" \/><\/a><\/p>","protected":false},"excerpt":{"rendered":"<p>ANAT&Oacute;MIAI &Eacute;S FEJL\u0150D&Eacute;STANI KUTAT&Oacute;CSOPORT &nbsp; KUTAT&Oacute;CSOPORT VEZET\u0150: Prof. Dr. S&oacute;tonyi P&eacute;ter, egyetemi tan&aacute;r EL&Eacute;RHET\u0150S&Eacute;G: [Kattintson az emailc\u00edmhez] A KUTAT&Oacute;CSOPORT TAGJAI: Egyetemi tan&aacute;r: Dr. S&oacute;tonyi P&eacute;ter Egyetemi docens: Dr. Gerics Bal&aacute;zs, Dr. Szalay Ferenc Egyetemi adjunktus: Dr. Heinzlmann Andrea, Dr. Nov&aacute;k-Hazai Diana, Dr. Reinitz L&aacute;szl&oacute; Asszisztens: Magyar T&uuml;nde, Kesz\u0151ce Anik&oacute; PhD hallgat&oacute;: Lor&aacute;szk&oacute; G&aacute;bor &nbsp; KUTAT&Aacute;SI<\/p>\n","protected":false},"author":1,"featured_media":0,"parent":870,"menu_order":228,"comment_status":"closed","ping_status":"closed","template":"","meta":{"_acf_changed":false,"footnotes":""},"categories":[],"tags":[],"class_list":["post-888","page","type-page","status-publish","hentry"],"acf":[],"_links":{"self":[{"href":"https:\/\/univet.hu\/hu\/wp-json\/wp\/v2\/pages\/888","targetHints":{"allow":["GET"]}}],"collection":[{"href":"https:\/\/univet.hu\/hu\/wp-json\/wp\/v2\/pages"}],"about":[{"href":"https:\/\/univet.hu\/hu\/wp-json\/wp\/v2\/types\/page"}],"author":[{"embeddable":true,"href":"https:\/\/univet.hu\/hu\/wp-json\/wp\/v2\/users\/1"}],"replies":[{"embeddable":true,"href":"https:\/\/univet.hu\/hu\/wp-json\/wp\/v2\/comments?post=888"}],"version-history":[{"count":0,"href":"https:\/\/univet.hu\/hu\/wp-json\/wp\/v2\/pages\/888\/revisions"}],"up":[{"embeddable":true,"href":"https:\/\/univet.hu\/hu\/wp-json\/wp\/v2\/pages\/870"}],"wp:attachment":[{"href":"https:\/\/univet.hu\/hu\/wp-json\/wp\/v2\/media?parent=888"}],"wp:term":[{"taxonomy":"category","embeddable":true,"href":"https:\/\/univet.hu\/hu\/wp-json\/wp\/v2\/categories?post=888"},{"taxonomy":"post_tag","embeddable":true,"href":"https:\/\/univet.hu\/hu\/wp-json\/wp\/v2\/tags?post=888"}],"curies":[{"name":"wp","href":"https:\/\/api.w.org\/{rel}","templated":true}]}}