{"id":88817,"date":"2023-07-18T15:09:09","date_gmt":"2023-07-18T13:09:09","guid":{"rendered":"https:\/\/univet.hu\/hu\/egyetem\/palyazati-projektek\/horizon\/trace4eu\/"},"modified":"2023-07-18T15:13:35","modified_gmt":"2023-07-18T13:13:35","slug":"trace4eu","status":"publish","type":"page","link":"https:\/\/univet.hu\/hu\/egyetem\/palyazati-projektek\/horizon\/trace4eu\/","title":{"rendered":"TRACE4EU"},"content":{"rendered":"<p>&nbsp;<\/p> <p><strong>Projekt c\u00edme:<\/strong> Nyomon k\u00f6vethet\u0151s\u00e9gi referenciaarchitekt\u00fara-konform EBSI az Eur\u00f3pai Uni\u00f3 sz\u00e1m\u00e1ra<\/p> <p><b>Projekt azonos\u00edt\u00f3sz\u00e1ma:\u00a0<\/b>101102743<br \/> <strong>P\u00e1ly\u00e1zati felh\u00edv\u00e1s k\u00f3dja:\u00a0<\/strong>DIGITAL-2022-DEPLOY-02<\/p> <p><strong>Megval\u00f3s\u00edt\u00e1s id\u0151szaka:<\/strong><br \/> 2023.05.01. &#8211; 2025.04.30.<\/p> <p><strong>Projekt teljes k\u00f6lts\u00e9gvet\u00e9se:\u00a0<\/strong>3 512 015.54 \u20ac<\/p> <p><strong>Konzorciumvezet\u0151:<\/strong><br \/> 1.MINISTRSTVO ZA GOSPODARSKI RAZVOJ IN TEHNOLOGIJO Szlov\u00e9nia<\/p> <p><strong>Konzorciumi tagok:<\/strong><br \/> 2 GovPart GmbH N\u00e9metorsz\u00e1g<br \/> 3 msg systems AG N\u00e9metorsz\u00e1g<br \/> 4 Fachgebiet Service-centric Networking N\u00e9metorsz\u00e1g<br \/> 5 INFOCERT SPA Olaszorsz\u00e1g<br \/> 6 VALIDATED ID SL Spanyolorsz\u00e1g<br \/> 7 LUXEMBOURG INSTITUTE OF SCIENCE AND TECHNOLOGY Luxemburg<br \/> 8 ARCHIPELS Franciaorsz\u00e1g<br \/> 9 HOCHSCHULE FUR ANGEWANDTE WISSENSCHAFTEN N\u00e9metorsz\u00e1g<br \/> 10 DANUBE TECH GMBH Ausztris<br \/> 11 Spherity GmbH N\u00e9metorsz\u00e1g<br \/> 12 UNIVERSITA DEGLI STUDI DI PADOVA Olaszorsz\u00e1g<br \/> 13 TALLINNA TEHNIKA\u00dcLIKOOL \u00c9sztorsz\u00e1g<br \/> 14 DIGICITI NETWORKS OU \u00c9sztorsz\u00e1g<br \/> 15 NEUMANN JANOS NONPROFIT KOZHASZNU KORLATOLT Magyarorsz\u00e1g<br \/> 16 RUDER BOSKOVIC INSTITUTE Horv\u00e1torsz\u00e1g<br \/> 17 AC GOLDMAN SOLUTIONS&amp;SERVICES GSS LTD Ciprus<br \/> 18 ALLATORVOSTUDOMANYI EGYETEM Magyarorsz\u00e1g<br \/> 19 Intesi Group SpA Olaszorsz\u00e1g<br \/> 20 NORGES TEKNISK-NATURVITENSKAPELIGE UNIVERSITET Norv\u00e9gia<br \/> 21 UNISOT AS Norv\u00e9gia<br \/> 22 FISKERIDIREKTORATET Norv\u00e9gia<br \/> 23 NATIONAL INFRASTRUCTURES FOR RESEARCH AND TECHNOLOGY Hollandia<br \/> 24 INTERNET IDENTITY SECURITY AND PRIVACY SOLUTIONS<br \/> 25 Maritech AS Norv\u00e9gia<br \/> 26 HASHNET DISTRIBUIRANE TEHNOLOGIJE DOO Szlov\u00e9nia<br \/> 27. SMART INNOVATION NORWAY AS Norv\u00e9gia<\/p> <p><strong>T\u00e1rsult Partnerek:<\/strong><br \/> 28 Minechain GmbH N\u00e9metorsz\u00e1g<br \/> 29 WEB3 DIGITAL WALLET, Franciaorsz\u00e1g<br \/> 30 FABRICA NACIONAL DE MONEDA Y TIMBRE-REAL Spanyolorsz\u00e1g<br \/> 31 DIGITALISERINGSDIREKTORATET Norv\u00e9gia<br \/> 32 INFRACHAIN ASBL Luxemburg<br \/> 33 Central State Office for the Development of Digital Society Horv\u00e1torsz\u00e1g<br \/> 34 SMART INNOVATION NORWAY AS Norv\u00e9gia<br \/> 35 University of Veterinary Medicine Budapest, Magyarorsz\u00e1g<\/p> <p>&nbsp;<\/p> <p><strong>Absztrakt<\/strong><\/p> <p>Az adatok, dokumentumok \u00e9s fizikai \u00e1ruk nyomon k\u00f6vethet\u0151s\u00e9ge sz\u00e1mos ter\u00fcleten elengedhetetlen. Ez\u00e9rt a nyomon k\u00f6vethet\u0151s\u00e9g felhaszn\u00e1l\u00e1si esete az egyik els\u0151 volt, amelyet az EBP fejlesztett ki (2018-t\u00f3l). A nyomon k\u00f6vethet\u0151s\u00e9g haszn\u00e1lati esetei \u00e9s alkalmaz\u00e1sai lehet\u0151v\u00e9 teszik az EBSI \u00e9s m\u00e1s blokkl\u00e1nc alap\u00fa elektronikus f\u0151k\u00f6nyvek haszn\u00e1lat\u00e1t \u00e9s alkalmaz\u00e1s\u00e1t sz\u00e1mos ter\u00fcleten. A projekt \u00e1ltal\u00e1nos c\u00e9lja egy \u201eerny\u0151architekt\u00fara\u201d l\u00e9trehoz\u00e1sa, amely a megl\u00e9v\u0151 EBSI-szolg\u00e1ltat\u00e1sokon alapul. Az architekt\u00fara megteremti az alapot a nyomon k\u00f6vethet\u0151s\u00e9gi alkalmaz\u00e1si forgat\u00f3k\u00f6nyvek megval\u00f3s\u00edt\u00e1s\u00e1hoz. Ezenk\u00edv\u00fcl a TRACE4EU a p\u00e1neur\u00f3pai \u00e9rdekelt felekkel val\u00f3 egy\u00fcttm\u0171k\u00f6d\u00e9sre \u00e9s az EBSI \u00f6kosziszt\u00e9ma tov\u00e1bbfejleszt\u00e9s\u00e9re vonatkoz\u00f3 aj\u00e1nl\u00e1sok el\u0151mozd\u00edt\u00e1s\u00e1ra \u00f6sszpontos\u00edt. Ennek eredm\u00e9nyek\u00e9nt a TRACE4EU jelent\u0151sen befoly\u00e1solhatja a hagyom\u00e1nyos ipar\u00e1gakat, \u00e9s hozz\u00e1j\u00e1rulhat a hat\u00e9konyabb, termel\u00e9kenyebb, versenyk\u00e9pesebb \u00e9s rugalmasabb ipar\u00e1gakra val\u00f3 \u00e1t\u00e1ll\u00e1shoz. Er\u0151s\u00edteni fogja az \u00e1tl\u00e1that\u00f3s\u00e1got az eur\u00f3pai t\u00e9rs\u00e9gben a polg\u00e1rok sz\u00e1m\u00e1ra, akik a j\u00f6v\u0151beni nyomon k\u00f6vethet\u0151s\u00e9gi megval\u00f3s\u00edt\u00e1sok r\u00e9v\u00e9n jobban \u00e9s proakt\u00edvan nyomon k\u00f6vethetik az \u00e1ruk \u00e9s adatok \u00e1raml\u00e1s\u00e1t. Az erny\u0151architekt\u00fara t\u00f6bb forgat\u00f3k\u00f6nyv\u00f6n v\u00e9gzett munk\u00e1b\u00f3l sz\u00e1rmazik, bele\u00e9rtve a helyi \u00e9s hat\u00e1rokon \u00e1tny\u00fal\u00f3 k\u00f6rnyezetben m\u0171k\u00f6d\u0151 t\u00e1rgyi \u00e9s immateri\u00e1lis javak nyomon k\u00f6vethet\u0151s\u00e9gi alkalmaz\u00e1saira vonatkoz\u00f3 k\u00f6vetelm\u00e9nyek elemz\u00e9s\u00e9t.<\/p> <p><img loading=\"lazy\" decoding=\"async\" class=\"size-medium wp-image-87834 alignright\" src=\"https:\/\/univet.hu\/wp-content\/uploads\/2023\/06\/HU-Az-Eur\u00f3pai-Uni\u00f3-t\u00e1mogat\u00e1s\u00e1val_POS-320x67.jpg\" alt=\"\" width=\"320\" height=\"67\" srcset=\"https:\/\/univet.hu\/wp-content\/uploads\/2023\/06\/HU-Az-Eur\u00f3pai-Uni\u00f3-t\u00e1mogat\u00e1s\u00e1val_POS-320x67.jpg 320w, https:\/\/univet.hu\/wp-content\/uploads\/2023\/06\/HU-Az-Eur\u00f3pai-Uni\u00f3-t\u00e1mogat\u00e1s\u00e1val_POS-768x161.jpg 768w, https:\/\/univet.hu\/wp-content\/uploads\/2023\/06\/HU-Az-Eur\u00f3pai-Uni\u00f3-t\u00e1mogat\u00e1s\u00e1val_POS-960x201.jpg 960w\" sizes=\"auto, (max-width: 320px) 100vw, 320px\" \/><\/p>","protected":false},"excerpt":{"rendered":"<p>&nbsp; Projekt c\u00edme: Nyomon k\u00f6vethet\u0151s\u00e9gi referenciaarchitekt\u00fara-konform EBSI az Eur\u00f3pai Uni\u00f3 sz\u00e1m\u00e1ra Projekt azonos\u00edt\u00f3sz\u00e1ma:\u00a0101102743 P\u00e1ly\u00e1zati felh\u00edv\u00e1s k\u00f3dja:\u00a0DIGITAL-2022-DEPLOY-02 Megval\u00f3s\u00edt\u00e1s id\u0151szaka: 2023.05.01. &#8211; 2025.04.30. Projekt teljes k\u00f6lts\u00e9gvet\u00e9se:\u00a03 512 015.54 \u20ac Konzorciumvezet\u0151: 1.MINISTRSTVO ZA GOSPODARSKI RAZVOJ IN TEHNOLOGIJO Szlov\u00e9nia Konzorciumi tagok: 2 GovPart GmbH N\u00e9metorsz\u00e1g 3 msg systems AG N\u00e9metorsz\u00e1g 4 Fachgebiet Service-centric Networking N\u00e9metorsz\u00e1g 5 INFOCERT SPA Olaszorsz\u00e1g<\/p>\n","protected":false},"author":4688,"featured_media":0,"parent":86945,"menu_order":0,"comment_status":"open","ping_status":"open","template":"","meta":{"_acf_changed":false,"footnotes":""},"categories":[],"tags":[],"class_list":["post-88817","page","type-page","status-publish","hentry"],"acf":[],"_links":{"self":[{"href":"https:\/\/univet.hu\/hu\/wp-json\/wp\/v2\/pages\/88817","targetHints":{"allow":["GET"]}}],"collection":[{"href":"https:\/\/univet.hu\/hu\/wp-json\/wp\/v2\/pages"}],"about":[{"href":"https:\/\/univet.hu\/hu\/wp-json\/wp\/v2\/types\/page"}],"author":[{"embeddable":true,"href":"https:\/\/univet.hu\/hu\/wp-json\/wp\/v2\/users\/4688"}],"replies":[{"embeddable":true,"href":"https:\/\/univet.hu\/hu\/wp-json\/wp\/v2\/comments?post=88817"}],"version-history":[{"count":0,"href":"https:\/\/univet.hu\/hu\/wp-json\/wp\/v2\/pages\/88817\/revisions"}],"up":[{"embeddable":true,"href":"https:\/\/univet.hu\/hu\/wp-json\/wp\/v2\/pages\/86945"}],"wp:attachment":[{"href":"https:\/\/univet.hu\/hu\/wp-json\/wp\/v2\/media?parent=88817"}],"wp:term":[{"taxonomy":"category","embeddable":true,"href":"https:\/\/univet.hu\/hu\/wp-json\/wp\/v2\/categories?post=88817"},{"taxonomy":"post_tag","embeddable":true,"href":"https:\/\/univet.hu\/hu\/wp-json\/wp\/v2\/tags?post=88817"}],"curies":[{"name":"wp","href":"https:\/\/api.w.org\/{rel}","templated":true}]}}