{"id":88927,"date":"2023-07-24T10:50:03","date_gmt":"2023-07-24T08:50:03","guid":{"rendered":"https:\/\/univet.hu\/hu\/egyetem\/munkatarsak\/bozso_dorottya\/"},"modified":"2026-02-10T03:54:48","modified_gmt":"2026-02-10T02:54:48","slug":"bozso-dorottya-2","status":"publish","type":"page","link":"https:\/\/univet.hu\/hu\/egyetem\/munkatarsak\/bozso-dorottya-2\/","title":{"rendered":"Bozs\u00f3 Dorottya"},"content":{"rendered":"<div class=\"x_elementToProof\"><b data-olk-copy-source=\"MessageBody\">Bozs\u00f3 Dorottya<\/b>\u00a0biol\u00f3gia alapk\u00e9pz\u00e9s\u00e9t az\u00a0<b>E\u00f6tv\u00f6s Lor\u00e1nd Tudom\u00e1nyegyetem Term\u00e9szettudom\u00e1nyi Kar\u00e1n<\/b>\u00a0v\u00e9gezte, majd tanulm\u00e1nyait neurobiol\u00f3gia specializ\u00e1ci\u00f3n folytatta. 2023-ban szerezte meg biol\u00f3gus MSc. \u00e9s biol\u00f3gia tan\u00e1ri diplom\u00e1j\u00e1t. Emellett \u00e1llatteny\u00e9szt\u0151- \u00e9s \u00e1llateg\u00e9szs\u00e9g\u00fcgyi technikusi v\u00e9gzetts\u00e9ggel is rendelkezik.<\/div> <div id=\"x_Signature\" class=\"x_elementToProof\"> <div class=\"x_elementToProof\">Kor\u00e1bbi kutat\u00e1sai sor\u00e1n az autizmus neurobiol\u00f3giai \u00e9s viselked\u00e9ses h\u00e1tter\u00e9t vizsg\u00e1lta zebrapinty modellen, valamint k\u00e1b\u00edt\u00f3szerek \u00e9lettani hat\u00e1sait tanulm\u00e1nyozta.<\/div> <div class=\"x_elementToProof\">PhD tanulm\u00e1nyait 2025 febru\u00e1rj\u00e1ban kezdte meg az\u00a0<b>\u00c1llatorvostudom\u00e1nyi Egyetemen<\/b>. Jelenlegi kutat\u00e1sainak k\u00f6z\u00e9ppontj\u00e1ban a h\u00e1zimacsk\u00e1k korai szocializ\u00e1ci\u00f3ja, a matern\u00e1lis hat\u00e1sok, valamint a k\u00e9s\u0151bbi viselked\u00e9sprobl\u00e9m\u00e1k kialakul\u00e1sa \u00e1ll. Kiemelten fontosnak tartja az \u00e1llatj\u00f3ll\u00e9ti \u00e9s \u00e1llatv\u00e9delmi szempontok \u00e9rv\u00e9nyes\u00edt\u00e9s\u00e9t mind a kutat\u00e1sban, mind az oktat\u00e1sban. Sz\u00edvesen fogad olyan szakdolgoz\u00f3 \u00e9s TDK-hallgat\u00f3kat, akiket a macsk\u00e1k, a viselked\u00e9sbiol\u00f3gia \u00e9s az \u00e1llatv\u00e9delem gyakorlati \u00e9s elm\u00e9leti k\u00e9rd\u00e9sei egyar\u00e1nt \u00e9rdekelnek.<\/div> <div class=\"x_elementToProof\"><b>Oktatott t\u00e1rgyak:<\/b><\/div> <ul data-end=\"1515\" data-start=\"1318\"> <li> <div class=\"x_elementToProof\" role=\"presentation\">Labor\u00e1llat-tudom\u00e1ny \u00e9s bioetika (magyar \u00e9s angol nyelven)<\/div> <\/li> <li> <div class=\"x_elementToProof\" role=\"presentation\">\u00c1llatv\u00e9delem (magyar, angol \u00e9s n\u00e9met nyelven)<\/div> <\/li> <li> <div class=\"x_elementToProof\" role=\"presentation\">Labor\u00e1llat-tudom\u00e1ny \u00e9s \u00e1llatv\u00e9delem posztgradu\u00e1lis kurzus (magyar \u00e9s angol nyelven)<\/div> <\/li> <\/ul> <div>Publik\u00e1ci\u00f3s lista<\/div> <div><a href=\"https:\/\/m2.mtmt.hu\/gui2\/?type=authors&amp;mode=browse&amp;sel=10089284\">MTMT<\/a><\/div> <\/div>","protected":false},"excerpt":{"rendered":"<p>Bozs\u00f3 Dorottya\u00a0biol\u00f3gia alapk\u00e9pz\u00e9s\u00e9t az\u00a0E\u00f6tv\u00f6s Lor\u00e1nd Tudom\u00e1nyegyetem Term\u00e9szettudom\u00e1nyi Kar\u00e1n\u00a0v\u00e9gezte, majd tanulm\u00e1nyait neurobiol\u00f3gia specializ\u00e1ci\u00f3n folytatta. 2023-ban szerezte meg biol\u00f3gus MSc. \u00e9s biol\u00f3gia tan\u00e1ri diplom\u00e1j\u00e1t. Emellett \u00e1llatteny\u00e9szt\u0151- \u00e9s \u00e1llateg\u00e9szs\u00e9g\u00fcgyi technikusi v\u00e9gzetts\u00e9ggel is rendelkezik. Kor\u00e1bbi kutat\u00e1sai sor\u00e1n az autizmus neurobiol\u00f3giai \u00e9s viselked\u00e9ses h\u00e1tter\u00e9t vizsg\u00e1lta zebrapinty modellen, valamint k\u00e1b\u00edt\u00f3szerek \u00e9lettani hat\u00e1sait tanulm\u00e1nyozta. PhD tanulm\u00e1nyait 2025 febru\u00e1rj\u00e1ban kezdte meg az\u00a0\u00c1llatorvostudom\u00e1nyi Egyetemen.<\/p>\n","protected":false},"author":5824,"featured_media":0,"parent":858,"menu_order":0,"comment_status":"open","ping_status":"open","template":"","meta":{"_acf_changed":false,"footnotes":""},"categories":[],"tags":[],"class_list":["post-88927","page","type-page","status-publish","hentry"],"acf":[],"_links":{"self":[{"href":"https:\/\/univet.hu\/hu\/wp-json\/wp\/v2\/pages\/88927","targetHints":{"allow":["GET"]}}],"collection":[{"href":"https:\/\/univet.hu\/hu\/wp-json\/wp\/v2\/pages"}],"about":[{"href":"https:\/\/univet.hu\/hu\/wp-json\/wp\/v2\/types\/page"}],"author":[{"embeddable":true,"href":"https:\/\/univet.hu\/hu\/wp-json\/wp\/v2\/users\/5824"}],"replies":[{"embeddable":true,"href":"https:\/\/univet.hu\/hu\/wp-json\/wp\/v2\/comments?post=88927"}],"version-history":[{"count":4,"href":"https:\/\/univet.hu\/hu\/wp-json\/wp\/v2\/pages\/88927\/revisions"}],"predecessor-version":[{"id":197904,"href":"https:\/\/univet.hu\/hu\/wp-json\/wp\/v2\/pages\/88927\/revisions\/197904"}],"up":[{"embeddable":true,"href":"https:\/\/univet.hu\/hu\/wp-json\/wp\/v2\/pages\/858"}],"wp:attachment":[{"href":"https:\/\/univet.hu\/hu\/wp-json\/wp\/v2\/media?parent=88927"}],"wp:term":[{"taxonomy":"category","embeddable":true,"href":"https:\/\/univet.hu\/hu\/wp-json\/wp\/v2\/categories?post=88927"},{"taxonomy":"post_tag","embeddable":true,"href":"https:\/\/univet.hu\/hu\/wp-json\/wp\/v2\/tags?post=88927"}],"curies":[{"name":"wp","href":"https:\/\/api.w.org\/{rel}","templated":true}]}}