{"id":88942,"date":"2023-07-24T11:26:18","date_gmt":"2023-07-24T09:26:18","guid":{"rendered":"https:\/\/univet.hu\/?page_id=88942"},"modified":"2026-04-01T09:33:04","modified_gmt":"2026-04-01T07:33:04","slug":"andocs-gabor","status":"publish","type":"page","link":"https:\/\/univet.hu\/hu\/egyetem\/munkatarsak\/andocs-gabor\/","title":{"rendered":"And\u00f3cs G\u00e1bor"},"content":{"rendered":"<p><strong>Bemutatkoz\u00e1s<\/strong><\/p> <p>Dr. Andocs G\u00e1bor multidiszciplin\u00e1ris kutat\u00f3-\u00e1llatorvos, akinek p\u00e1lyafut\u00e1sa az \u00e1llatorvostudom\u00e1ny, az orvostudom\u00e1ny, a daganatbiol\u00f3gia, a tumorimmunol\u00f3gia, a komparat\u00edv onkol\u00f3gia, a biomedikai k\u00e9palkot\u00e1s \u00e9s az orvostechnikai eszk\u00f6zfejleszt\u00e9s ter\u00fcleteit kapcsolja \u00f6ssze.<\/p> <p>T\u00f6bb mint 20 \u00e9ves akad\u00e9miai \u00e9s ipari kutat\u00e1si tapasztalattal sz\u00e9les k\u00f6r\u0171 szak\u00e9rtelmet \u00e9p\u00edtett ki a transzl\u00e1ci\u00f3s daganatkutat\u00e1s ter\u00fclet\u00e9n, bele\u00e9rtve az in vitro \u00e9s in vivo tumormodelleket, az \u00e1llatk\u00eds\u00e9rleteket, a molekul\u00e1ris biol\u00f3gi\u00e1t, az izot\u00f3palap\u00fa technik\u00e1kat, valamint az onkol\u00f3giai c\u00e9l\u00fa ter\u00e1pi\u00e1s innov\u00e1ci\u00f3t. Munk\u00e1ss\u00e1ga kiterjed a radiobiol\u00f3gi\u00e1ra, a farmakokinetik\u00e1ra, az \u00e1llatorvosi klinikai onkol\u00f3gi\u00e1ra, tov\u00e1bb\u00e1 a plazma- \u00e9s elektrohipertermi\u00e1n alapul\u00f3 orvosi alkalmaz\u00e1sok fejleszt\u00e9s\u00e9re is.<\/p> <p>PhD-fokozat\u00e1t a Toyamai Egyetem Orvostudom\u00e1nyi Kar\u00e1n szerezte. K\u00f6zel t\u00edz\u00e9ves, a Tateyama Kagaku v\u00e1llalatn\u00e1l \u00e9s a hozz\u00e1 kapcsol\u00f3d\u00f3 jap\u00e1n egyetemeken v\u00e9gzett munk\u00e1ja sor\u00e1n meghat\u00e1roz\u00f3 szerepet j\u00e1tszott innovat\u00edv onkol\u00f3giai orvostechnikai eszk\u00f6z\u00f6k tervez\u00e9s\u00e9ben, protot\u00edpus-fejleszt\u00e9s\u00e9ben, tesztel\u00e9s\u00e9ben \u00e9s preklinikai alkalmaz\u00e1s\u00e1ban, szoros egy\u00fcttm\u0171k\u00f6d\u00e9sben m\u00e9rn\u00f6k\u00f6kkel, klinikusokkal \u00e9s kutat\u00f3kkal.<\/p> <p>Jelenleg kutat\u00f3k\u00e9nt dolgozik az \u00c1llatorvostudom\u00e1nyi Egyetemen, a Mikrobiol\u00f3giai \u00e9s J\u00e1rv\u00e1nytani Tansz\u00e9k Immunol\u00f3giai Kutat\u00f3csoportj\u00e1ban, ahol f\u0151 kutat\u00e1si ter\u00fcletei a tumorimmunol\u00f3gia, a ter\u00e1pi\u00e1s daganatvakcin\u00e1ci\u00f3 \u00e9s a gy\u00f3gy\u00e1szati plazmaalkalmaz\u00e1sok.<\/p> <p>&nbsp;<\/p> <p><strong>El\u0151rehalad\u00e1s<\/strong><\/p> <p>2021-t\u0151l \u00c1LLATORVOSTUDOM\u00c1NYI EGYETEM, BUDAPEST<\/p> <p>2023-t\u00f3l, Mikrobiol\u00f3giai \u00e9s Fert\u0151z\u0151 Betegs\u00e9gek Tansz\u00e9ke, Immunol\u00f3giai Kutat\u00f3csoport, Kutat\u00f3<\/p> <p>2021-2023, Anat\u00f3miai \u00e9s Sz\u00f6vettani Tansz\u00e9k, Redoxbiol\u00f3giai Laborat\u00f3rium, Kutat\u00f3<\/p> <p>2012-2021 TATEYAMA KAGAKU CSOPORT | TOYAMA, JAP\u00c1N |<\/p> <p>2014-2021 Toyama Egyetem, Orvostudom\u00e1nyi \u00e9s Gy\u00f3gyszer\u00e9szeti Tudom\u00e1nyok Doktori Iskol\u00e1ja, Kutat\u00f3<\/p> <p>2012-2014 Totori Egyetem, \u00c1llatorvostudom\u00e1nyi Kar, Seb\u00e9szeti \u00e9s Onkol\u00f3giai Tansz\u00e9k, Kutat\u00f3<\/p> <p>2006-2012 ONCOTERM KFT. | BUDAPEST | 2006-2012 Szabad\u00fasz\u00f3 kutat\u00f3 &#8211; \u00e1llatorvos<\/p> <p>2005-2006 CEVA PHYLAXIA, VETERINARY BIOLOGICALS CO. KFT. | BUDAPEST| Tudom\u00e1nyos munkat\u00e1rs<\/p> <p>2002-2005 SANOFI-SYNTHELABO, CHINOIN | BUDAPEST | Tudom\u00e1nyos munkat\u00e1rs<\/p> <p>1999-2002 ORSZ\u00c1GOS SUG\u00c1RBIOL\u00d3GIAI \u00c9S SUG\u00c1RHIGI\u00c9NIAI KUTAT\u00d3INT\u00c9ZET | BUDAPEST | Kutat\u00f3 \u00e1llatorvos<\/p> <p>1999-2001 BUDAFOKI KIS\u00c1LLATKLINIKA | BUDAPEST | Klasszikus \u00e1llatorvos (r\u00e9szmunkaid\u0151)<\/p> <p>&nbsp;<\/p> <p><strong>Eddigi szakdolgozat\/TDK\/PhD hallgat\u00f3k sz\u00e1ma:<\/strong><\/p> <p>1TDK hallgat\u00f3<\/p> <p>1 szakdolgozat hallgat\u00f3<\/p> <p>4 szakdolgozat\/TDK hallgat\u00f3 (folyamatban)<\/p> <p>3 PhD hallgat\u00f3 (folyamatban)<\/p> <p>&nbsp;<\/p> <p><strong>Publik\u00e1ci\u00f3s lista (Top10)<\/strong><\/p> <p>MTMT:\u00a0\u00a0https:\/\/m2.mtmt.hu\/gui2\/?type=authors&amp;mode=browse&amp;sel=authors10079479<\/p> <p>&nbsp;<\/p> <p><strong>Szabadalom:<\/strong><\/p> <p>Tumor vaccination (EP 2 703 001 A1, US 20150217099A1)<\/p> <p>Shape adapting electrode for electromagnetic energy transfer (WO 2015\/114038 Al)<\/p> <p>Non-contact , non invasive treatment device (PCT\/HU2024\/050109)<\/p>","protected":false},"excerpt":{"rendered":"<p>Bemutatkoz\u00e1s Dr. Andocs G\u00e1bor multidiszciplin\u00e1ris kutat\u00f3-\u00e1llatorvos, akinek p\u00e1lyafut\u00e1sa az \u00e1llatorvostudom\u00e1ny, az orvostudom\u00e1ny, a daganatbiol\u00f3gia, a tumorimmunol\u00f3gia, a komparat\u00edv onkol\u00f3gia, a biomedikai k\u00e9palkot\u00e1s \u00e9s az orvostechnikai eszk\u00f6zfejleszt\u00e9s ter\u00fcleteit kapcsolja \u00f6ssze. T\u00f6bb mint 20 \u00e9ves akad\u00e9miai \u00e9s ipari kutat\u00e1si tapasztalattal sz\u00e9les k\u00f6r\u0171 szak\u00e9rtelmet \u00e9p\u00edtett ki a transzl\u00e1ci\u00f3s daganatkutat\u00e1s ter\u00fclet\u00e9n, bele\u00e9rtve az in vitro \u00e9s in vivo tumormodelleket,<\/p>\n","protected":false},"author":5824,"featured_media":0,"parent":858,"menu_order":0,"comment_status":"closed","ping_status":"closed","template":"","meta":{"_acf_changed":false,"footnotes":""},"categories":[],"tags":[],"class_list":["post-88942","page","type-page","status-publish","hentry"],"acf":[],"_links":{"self":[{"href":"https:\/\/univet.hu\/hu\/wp-json\/wp\/v2\/pages\/88942","targetHints":{"allow":["GET"]}}],"collection":[{"href":"https:\/\/univet.hu\/hu\/wp-json\/wp\/v2\/pages"}],"about":[{"href":"https:\/\/univet.hu\/hu\/wp-json\/wp\/v2\/types\/page"}],"author":[{"embeddable":true,"href":"https:\/\/univet.hu\/hu\/wp-json\/wp\/v2\/users\/5824"}],"replies":[{"embeddable":true,"href":"https:\/\/univet.hu\/hu\/wp-json\/wp\/v2\/comments?post=88942"}],"version-history":[{"count":3,"href":"https:\/\/univet.hu\/hu\/wp-json\/wp\/v2\/pages\/88942\/revisions"}],"predecessor-version":[{"id":204638,"href":"https:\/\/univet.hu\/hu\/wp-json\/wp\/v2\/pages\/88942\/revisions\/204638"}],"up":[{"embeddable":true,"href":"https:\/\/univet.hu\/hu\/wp-json\/wp\/v2\/pages\/858"}],"wp:attachment":[{"href":"https:\/\/univet.hu\/hu\/wp-json\/wp\/v2\/media?parent=88942"}],"wp:term":[{"taxonomy":"category","embeddable":true,"href":"https:\/\/univet.hu\/hu\/wp-json\/wp\/v2\/categories?post=88942"},{"taxonomy":"post_tag","embeddable":true,"href":"https:\/\/univet.hu\/hu\/wp-json\/wp\/v2\/tags?post=88942"}],"curies":[{"name":"wp","href":"https:\/\/api.w.org\/{rel}","templated":true}]}}