{"id":88945,"date":"2023-07-24T11:30:05","date_gmt":"2023-07-24T09:30:05","guid":{"rendered":"https:\/\/univet.hu\/?page_id=88945"},"modified":"2026-03-30T11:34:18","modified_gmt":"2026-03-30T09:34:18","slug":"foldi-dora","status":"publish","type":"page","link":"https:\/\/univet.hu\/hu\/egyetem\/munkatarsak\/foldi-dora\/","title":{"rendered":"F\u00f6ldi D\u00f3ra"},"content":{"rendered":"<p><strong>Bemutatkoz\u00e1s<\/strong><\/p> <p>Dr. F\u00f6ldi D\u00f3ra 2022-ben szerzett \u00e1llatorvosi diplom\u00e1t az \u00c1llatorvostudom\u00e1nyi Egyetemen. Szakdolgozat\u00e1ban a hepatitis E v\u00edrus \u00e9s a kuty\u00e1k j\u00e1rv\u00e1nytani szerep\u00e9nek vizsg\u00e1lat\u00e1val foglalkozott a J\u00e1rv\u00e1nytani \u00e9s Mikrobiol\u00f3giai Tansz\u00e9ken, ahol kutat\u00f3munk\u00e1j\u00e1t k\u00e9s\u0151bb is folytatta. Ugyanebben az \u00e9vben kezdte meg PhD tanulm\u00e1nyait, \u00e9s jelenleg is az egyetem J\u00e1rv\u00e1nytani \u00e9s Mikrobiol\u00f3giai Tansz\u00e9k immunol\u00f3gia csoportj\u00e1ban dolgozik.<\/p> <p>PhD-kutat\u00e1s\u00e1nak k\u00f6z\u00e9ppontj\u00e1ban a daganatter\u00e1pia \u00e1ll, k\u00fcl\u00f6n\u00f6s tekintettel a kis molekulat\u00f6meg\u0171 vegy\u00fcletek immunmodul\u00e1l\u00f3 hat\u00e1s\u00e1nak vizsg\u00e1lat\u00e1ra. Emellett foglalkozik vakcinafejleszt\u00e9ssel \u00e9s vakcinagy\u00e1rt\u00e1si technol\u00f3gi\u00e1k fejleszt\u00e9s\u00e9vel is, amely ter\u00fcleten h\u00e1rom \u00e9ven kereszt\u00fcl egy\u00fcttm\u0171k\u00f6d\u00f6tt a CEVA Phylaxia Zrt.-vel.<\/p> <p><strong>El\u0151halad\u00e1s<\/strong><\/p> <p>2022: \u00c1llatorvostudom\u00e1nyi Egyetem\u00a0PhD hallgat\u00f3, tansz\u00e9ki \u00e1llatorvos<\/p> <p>2023: \u00c1llatorvostudom\u00e1nyi Egyetem, egyetemi tan\u00e1rseg\u00e9d<\/p> <p>&nbsp;<\/p> <p><strong>Publik\u00e1ci\u00f3k<\/strong><\/p> <p>Guly\u00e1s D., F\u00f6ldi D., Kov\u00e1cs G., D\u00e9nes B., L\u0151rincz M. (2024): A k\u00fcl\u00f6nb\u00f6z\u0151 immunol\u00f3giai alap\u00fa ter\u00e1pi\u00e1k alkalmaz\u00e1sa a daganatok elleni k\u00fczdelemben: Irodalmi \u00f6sszefoglal\u00f3. <em>Magyar \u00c1llatorvosok Lapja<\/em>\u00a0146(3): 167\u2013180.<\/p>","protected":false},"excerpt":{"rendered":"<p>Bemutatkoz\u00e1s Dr. F\u00f6ldi D\u00f3ra 2022-ben szerzett \u00e1llatorvosi diplom\u00e1t az \u00c1llatorvostudom\u00e1nyi Egyetemen. Szakdolgozat\u00e1ban a hepatitis E v\u00edrus \u00e9s a kuty\u00e1k j\u00e1rv\u00e1nytani szerep\u00e9nek vizsg\u00e1lat\u00e1val foglalkozott a J\u00e1rv\u00e1nytani \u00e9s Mikrobiol\u00f3giai Tansz\u00e9ken, ahol kutat\u00f3munk\u00e1j\u00e1t k\u00e9s\u0151bb is folytatta. Ugyanebben az \u00e9vben kezdte meg PhD tanulm\u00e1nyait, \u00e9s jelenleg is az egyetem J\u00e1rv\u00e1nytani \u00e9s Mikrobiol\u00f3giai Tansz\u00e9k immunol\u00f3gia csoportj\u00e1ban dolgozik. PhD-kutat\u00e1s\u00e1nak k\u00f6z\u00e9ppontj\u00e1ban a<\/p>\n","protected":false},"author":5824,"featured_media":0,"parent":858,"menu_order":0,"comment_status":"closed","ping_status":"closed","template":"","meta":{"_acf_changed":false,"footnotes":""},"categories":[],"tags":[],"class_list":["post-88945","page","type-page","status-publish","hentry"],"acf":[],"_links":{"self":[{"href":"https:\/\/univet.hu\/hu\/wp-json\/wp\/v2\/pages\/88945","targetHints":{"allow":["GET"]}}],"collection":[{"href":"https:\/\/univet.hu\/hu\/wp-json\/wp\/v2\/pages"}],"about":[{"href":"https:\/\/univet.hu\/hu\/wp-json\/wp\/v2\/types\/page"}],"author":[{"embeddable":true,"href":"https:\/\/univet.hu\/hu\/wp-json\/wp\/v2\/users\/5824"}],"replies":[{"embeddable":true,"href":"https:\/\/univet.hu\/hu\/wp-json\/wp\/v2\/comments?post=88945"}],"version-history":[{"count":3,"href":"https:\/\/univet.hu\/hu\/wp-json\/wp\/v2\/pages\/88945\/revisions"}],"predecessor-version":[{"id":204500,"href":"https:\/\/univet.hu\/hu\/wp-json\/wp\/v2\/pages\/88945\/revisions\/204500"}],"up":[{"embeddable":true,"href":"https:\/\/univet.hu\/hu\/wp-json\/wp\/v2\/pages\/858"}],"wp:attachment":[{"href":"https:\/\/univet.hu\/hu\/wp-json\/wp\/v2\/media?parent=88945"}],"wp:term":[{"taxonomy":"category","embeddable":true,"href":"https:\/\/univet.hu\/hu\/wp-json\/wp\/v2\/categories?post=88945"},{"taxonomy":"post_tag","embeddable":true,"href":"https:\/\/univet.hu\/hu\/wp-json\/wp\/v2\/tags?post=88945"}],"curies":[{"name":"wp","href":"https:\/\/api.w.org\/{rel}","templated":true}]}}