{"id":88994,"date":"2023-07-24T13:43:27","date_gmt":"2023-07-24T11:43:27","guid":{"rendered":"https:\/\/univet.hu\/?page_id=88994"},"modified":"2025-07-25T14:09:54","modified_gmt":"2025-07-25T12:09:54","slug":"elso-evfolyam-facebook-csoport","status":"publish","type":"page","link":"https:\/\/univet.hu\/hu\/oktatas\/tanulmanyi-osztaly\/golyaknak\/elso-evfolyam-facebook-csoport\/","title":{"rendered":"Els\u0151 \u00e9vfolyam Facebook csoport"},"content":{"rendered":"<p>Kedves G\u00f3ly\u00e1k!<\/p> <p>Az al\u00e1bbi linkre kattintva eljuttok az \u00e9vfolyamotok Facebook csoportj\u00e1hoz.<\/p> <p><a href=\"https:\/\/www.facebook.com\/groups\/1906831280103945\/?ref=share\">Kattints ide!<\/a><\/p> <p>Mindenk\u00e9ppen jelentkezzetek, hogy le ne maradjatok a G\u00f3lyatal\u00e1lkoz\u00f3ra \u00e9s G\u00f3lyat\u00e1borra val\u00f3 jelentkez\u00e9sr\u0151l, az ezekkel kapcsolatos tudnival\u00f3kr\u00f3l!<\/p>","protected":false},"excerpt":{"rendered":"<p>Kedves G\u00f3ly\u00e1k! Az al\u00e1bbi linkre kattintva eljuttok az \u00e9vfolyamotok Facebook csoportj\u00e1hoz. Kattints ide! Mindenk\u00e9ppen jelentkezzetek, hogy le ne maradjatok a G\u00f3lyatal\u00e1lkoz\u00f3ra \u00e9s G\u00f3lyat\u00e1borra val\u00f3 jelentkez\u00e9sr\u0151l, az ezekkel kapcsolatos tudnival\u00f3kr\u00f3l!<\/p>\n","protected":false},"author":2961,"featured_media":0,"parent":66339,"menu_order":37,"comment_status":"closed","ping_status":"closed","template":"","meta":{"_acf_changed":false,"footnotes":""},"categories":[],"tags":[],"class_list":["post-88994","page","type-page","status-publish","hentry"],"acf":[],"_links":{"self":[{"href":"https:\/\/univet.hu\/hu\/wp-json\/wp\/v2\/pages\/88994","targetHints":{"allow":["GET"]}}],"collection":[{"href":"https:\/\/univet.hu\/hu\/wp-json\/wp\/v2\/pages"}],"about":[{"href":"https:\/\/univet.hu\/hu\/wp-json\/wp\/v2\/types\/page"}],"author":[{"embeddable":true,"href":"https:\/\/univet.hu\/hu\/wp-json\/wp\/v2\/users\/2961"}],"replies":[{"embeddable":true,"href":"https:\/\/univet.hu\/hu\/wp-json\/wp\/v2\/comments?post=88994"}],"version-history":[{"count":1,"href":"https:\/\/univet.hu\/hu\/wp-json\/wp\/v2\/pages\/88994\/revisions"}],"predecessor-version":[{"id":188277,"href":"https:\/\/univet.hu\/hu\/wp-json\/wp\/v2\/pages\/88994\/revisions\/188277"}],"up":[{"embeddable":true,"href":"https:\/\/univet.hu\/hu\/wp-json\/wp\/v2\/pages\/66339"}],"wp:attachment":[{"href":"https:\/\/univet.hu\/hu\/wp-json\/wp\/v2\/media?parent=88994"}],"wp:term":[{"taxonomy":"category","embeddable":true,"href":"https:\/\/univet.hu\/hu\/wp-json\/wp\/v2\/categories?post=88994"},{"taxonomy":"post_tag","embeddable":true,"href":"https:\/\/univet.hu\/hu\/wp-json\/wp\/v2\/tags?post=88994"}],"curies":[{"name":"wp","href":"https:\/\/api.w.org\/{rel}","templated":true}]}}