{"id":890,"date":"2017-06-27T10:19:00","date_gmt":"2017-06-27T08:19:00","guid":{"rendered":"http:\/\/univet.hu\/egyetem\/kutatas\/kutatocsoportok\/andrologiai-asszisztalt-reprodukcios-kutatocsoport\/"},"modified":"2026-04-27T14:33:53","modified_gmt":"2026-04-27T12:33:53","slug":"andrologiai-asszisztalt-reprodukcios-kutatocsoport","status":"publish","type":"page","link":"https:\/\/univet.hu\/hu\/kutatas\/kutatocsoportok\/andrologiai-asszisztalt-reprodukcios-kutatocsoport\/","title":{"rendered":"Androl\u00f3giai \u00e9s Assziszt\u00e1lt Reprodukci\u00f3s Kutat\u00f3csoport"},"content":{"rendered":"<table width=\"1095\"> <tbody> <tr> <td width=\"306\"><strong>KUTAT\u00d3CSOPORT NEVE<\/strong><\/td> <td width=\"789\">Androl\u00f3giai \u00e9s assziszt\u00e1lt reprodukci\u00f3s kutat\u00f3csoport<\/td> <\/tr> <tr> <td><strong>Kutat\u00f3csoport vezet\u0151je<\/strong><\/td> <td><\/td> <\/tr> <tr> <td>neve<\/td> <td>Dr. Cseh S\u00e1ndor<\/td> <\/tr> <tr> <td>tudom\u00e1nyos fokozata<\/td> <td>MTA Doktor<\/td> <\/tr> <tr> <td>szervezeti egys\u00e9ge<\/td> <td>Sz\u00fcl\u00e9szeti Tansz\u00e9k \u00e9s Haszon\u00e1llatgy\u00f3gy\u00e1szati Klinika<\/td> <\/tr> <tr> <td>email-c\u00edme<\/td> <td><a class=\"decrypt\" rel=\"dtfi\/tboepsAvojwfu\/iv\" href=\"javascript:void(0);\">[Kattintson az emailc\u00edmhez]<\/a><\/td> <\/tr> <tr> <td rowspan=\"7\"><strong>Kutat\u00f3csoport tagjai<\/strong><\/td> <td>Dr. Vincze Bogl\u00e1rka egyet. docens, PhD<\/td> <\/tr> <tr> <td>Dr. Bacsa M\u00f3nika PhD hallgat\u00f3<\/td> <\/tr> <tr> <td>Dr. Somosk\u0151i Bence tud f\u0151munkat\u00e1rs, PhD<\/td> <\/tr> <tr> <td>Dr. T\u00f6r\u00f6k D\u00f3ra tud munkat\u00e1rs, PhD<\/td> <\/tr> <tr> <td>Dr. Csepreghy Anna PhD hallgat\u00f3<\/td> <\/tr> <tr> <td>Bord\u00e1s Lilla PhD hallgat\u00f3<\/td> <\/tr> <tr> <td><\/td> <\/tr> <tr> <td><strong>Kutat\u00e1si t\u00e9m\u00e1k r\u00f6vid le\u00edr\u00e1sa<\/strong><\/td> <td width=\"789\">\u2022in vitro embri\u00f3termel\u00e9s<br \/> \u2022preantralis follikulusok in vitro teny\u00e9szt\u00e9se \u00e9s m\u00e9lyh\u0171t\u00e9se<br \/> \u2022ejakul\u00e1lt \u00e9s mell\u00e9khere eredet\u0171 kutya spermiumok m\u00e9lyh\u0171t\u00e9se; a tradicion\u00e1lis tulajdons\u00e1gok (morfol\u00f3gia, mozg\u00e1s, \u00e9letk\u00e9pess\u00e9g \u00e9s koncentr\u00e1ci\u00f3), valamint a DNS integrit\u00e1s \u00e9rt\u00e9kel\u00e9se fagyasztott \u00e9s nem fagyasztott mell\u00e9khere eredet\u0171 kutya spermiumokban<br \/> \u2022endoszk\u00f3p assziszt\u00e1lt transzcervik\u00e1lis intrauterin term\u00e9keny\u00edt\u00e9s kuty\u00e1ban<br \/> \u2022egzotikus h\u00fcll\u0151k mell\u00e9khere eredet\u0171 fagyasztott \u00e9s nem fagyasztott spermiumainak le\u00edr\u00e1sa\/jellemz\u00e9se<\/td> <\/tr> <tr> <td width=\"306\"><strong>A kutat\u00f3csoportnak az elm\u00falt 5 \u00e9vben megjelent, kiemelked\u0151 5 nemzetk\u00f6zi publik\u00e1ci\u00f3ja<\/strong><\/td> <td><\/td> <\/tr> <tr> <td rowspan=\"5\" width=\"306\"><strong>2022 \u00e9s 2025 j\u00fanius k\u00f6z\u00f6tt: 4 db Q1 \u00e9s 1 db D1; Total (2021-25): 1 db D1, 5 db Q1 \u00e9s 4 db Q2<\/strong><\/td> <td width=\"789\">1.Somosk\u0151i, Bence &#x2709; ; T\u00f6r\u00f6k, D\u00f3ra* ; Lacalandra, Giovanni M. ; Bord\u00e1s, Lilla ; Cseh, S\u00e1ndor In vitro culture of canine preantral follicles after slow freezing ANIMAL REPRODUCTION SCIENCE 278 Paper: 107860 (2025); Q1<\/td> <\/tr> <tr> <td width=\"789\">2.Somosk\u0151i, Bence &#x2709; ; Bord\u00e1s, Lilla ; Uno, Fusa ; Kisp\u00e1l, D\u00f3ra** ; M\u00fcller, Linda** ; T\u00f6r\u00f6k, D\u00f3ra** ; Cseh, S\u00e1ndor Effects of different cryopreservation methods on canine isolated preantral follicleshttps:\/\/m2.mtmt.hu\/frontend\/resources\/images\/open.png ANIMAL REPRODUCTION SCIENCE 258 Paper: 107361 (2023); Q1<\/td> <\/tr> <tr> <td width=\"789\">3.Bord\u00e1s, Lilla &#x2709; ; Somosk\u0151i, Bence &#x2709; ; T\u00f6r\u00f6k, D\u00f3ra ; Vincze, Bogl\u00e1rka N\u00f3ra ; Cseh, S\u00e1ndor<br \/> Post-thaw viability of mouse preantral follicles after cryopreservation with cryotube freezing and OPS vitrification procedures REPRODUCTIVE BIOLOGY 23 : 2 Paper: 100752 (2023) Q1<\/td> <\/tr> <tr> <td width=\"789\">4.Temerario, Letizia &#x2709; ; Monaco, Davide ; Mastrorocco, Antonella ; Martino, Nicola Antonio ; Cseh, Sandor ; Lacalandra, Giovanni Michele ; Ciani, Elena ; Dell&#8217;Aquila, Maria Elena New Strategies for Conservation of Gentile di Puglia Sheep Breed, an Autochthonous Capital of Millennial Tradition in Southern Italy ANIMALS 13 : 14 Paper: 2371 , 18 p. (2023); Q1<\/td> <\/tr> <tr> <td width=\"789\">5.Gupta, P.S.P. &#x2709; ; Kaushik, Kalpana ; Johnson, P.; Krishna, Kavya ; Nandi, S.; Mondal, S.; Nikhil kumar Tej, J. ; Somoskoi, B. ; Cseh, S. Effect of different vitrification protocols on post thaw viability and gene expression of ovine preantral follicles. THERIOGENOLOGY 178 pp. 1-7., 7 p. (2022); D1<\/td> <\/tr> <tr> <td rowspan=\"5\" width=\"306\"><strong>A kutat\u00f3csoport elnyert, akt\u00edv vagy 5 \u00e9vn\u00e9l nem r\u00e9gebbi hazai illetve nemzetk\u00f6zi p\u00e1ly\u00e1zatai<\/strong><\/td> <td width=\"789\">FK_134887 sz. projekt; \u201eFiatal kutat\u00f3i kiv\u00e1l\u00f3s\u00e1gi program (FK_20)\u201d<\/td> <\/tr> <tr> <td>Bolyai J\u00e1nos Kutat\u00e1si \u00d6szt\u00f6nd\u00edj (BO\/00399\/24\/4)<\/td> <\/tr> <tr> <td width=\"789\">A TKP2020-NKA-01 sz. projekt; T\u00e9mater\u00fcleti Kiv\u00e1l\u00f3s\u00e1gi Program 2020 (2020-4.1.1-TKP2020)<\/td> <\/tr> <tr> <td width=\"789\">\u00c1llatorvostudom\u00e1nyi Egyetem tudom\u00e1nyos kutat\u00e1si alap (SRF-002).\u00c1llatorvostudom\u00e1nyi Egyetem Strat\u00e9giai Kutat\u00e1si Alapja (SRF-001).<\/td> <\/tr> <tr> <td width=\"789\"><\/td> <\/tr> <tr> <td><strong>Nemzetk\u00f6zi kapcsolatok \u00e9s egy\u00fcttm\u0171k\u00f6d\u00e9sek<\/strong><\/td> <td width=\"789\">University of Bari Aldo Moro, University of Veterinary Medicine Vienna, University of Veterinary Medicine Karditsa, European College of Animal Reproduction,<\/td> <\/tr> <tr> <td><strong>Ipari kapcsolatok \u00e9s egy\u00fcttm\u0171k\u00f6d\u00e9sek<\/strong><\/td> <td width=\"789\">Richter Gedeon Nyrt, Dunamenti REK, SE V\u00e1rosmajori Kardiol\u00f3giai Int\u00e9zete, Magyar Embriol\u00f3gusok T\u00e1rsas\u00e1ga, Szaporod\u00e1sbiol\u00f3giai T\u00e1rsas\u00e1g, SE Androl\u00f3giai Int\u00e9zet, P\u00e9csi Tudom\u00e1ny Egyetem, SE Assziszt\u00e1lt Reprodukci\u00f3s Oszt\u00e1ly, Szegedi Tudom\u00e1nyegyetem<\/td> <\/tr> <\/tbody> <\/table> <p><\/p>","protected":false},"excerpt":{"rendered":"<p>KUTAT\u00d3CSOPORT NEVE Androl\u00f3giai \u00e9s assziszt\u00e1lt reprodukci\u00f3s kutat\u00f3csoport Kutat\u00f3csoport vezet\u0151je neve Dr. Cseh S\u00e1ndor tudom\u00e1nyos fokozata MTA Doktor szervezeti egys\u00e9ge Sz\u00fcl\u00e9szeti Tansz\u00e9k \u00e9s Haszon\u00e1llatgy\u00f3gy\u00e1szati Klinika email-c\u00edme [Kattintson az emailc\u00edmhez] Kutat\u00f3csoport tagjai Dr. Vincze Bogl\u00e1rka egyet. docens, PhD Dr. Bacsa M\u00f3nika PhD hallgat\u00f3 Dr. Somosk\u0151i Bence tud f\u0151munkat\u00e1rs, PhD Dr. T\u00f6r\u00f6k D\u00f3ra tud munkat\u00e1rs, PhD Dr. Csepreghy<\/p>\n","protected":false},"author":1,"featured_media":0,"parent":870,"menu_order":228,"comment_status":"closed","ping_status":"closed","template":"","meta":{"_acf_changed":false,"footnotes":""},"categories":[],"tags":[],"class_list":["post-890","page","type-page","status-publish","hentry"],"acf":[],"_links":{"self":[{"href":"https:\/\/univet.hu\/hu\/wp-json\/wp\/v2\/pages\/890","targetHints":{"allow":["GET"]}}],"collection":[{"href":"https:\/\/univet.hu\/hu\/wp-json\/wp\/v2\/pages"}],"about":[{"href":"https:\/\/univet.hu\/hu\/wp-json\/wp\/v2\/types\/page"}],"author":[{"embeddable":true,"href":"https:\/\/univet.hu\/hu\/wp-json\/wp\/v2\/users\/1"}],"replies":[{"embeddable":true,"href":"https:\/\/univet.hu\/hu\/wp-json\/wp\/v2\/comments?post=890"}],"version-history":[{"count":6,"href":"https:\/\/univet.hu\/hu\/wp-json\/wp\/v2\/pages\/890\/revisions"}],"predecessor-version":[{"id":206367,"href":"https:\/\/univet.hu\/hu\/wp-json\/wp\/v2\/pages\/890\/revisions\/206367"}],"up":[{"embeddable":true,"href":"https:\/\/univet.hu\/hu\/wp-json\/wp\/v2\/pages\/870"}],"wp:attachment":[{"href":"https:\/\/univet.hu\/hu\/wp-json\/wp\/v2\/media?parent=890"}],"wp:term":[{"taxonomy":"category","embeddable":true,"href":"https:\/\/univet.hu\/hu\/wp-json\/wp\/v2\/categories?post=890"},{"taxonomy":"post_tag","embeddable":true,"href":"https:\/\/univet.hu\/hu\/wp-json\/wp\/v2\/tags?post=890"}],"curies":[{"name":"wp","href":"https:\/\/api.w.org\/{rel}","templated":true}]}}