{"id":89061,"date":"2023-07-24T16:27:44","date_gmt":"2023-07-24T14:27:44","guid":{"rendered":"https:\/\/univet.hu\/hu\/oktatas\/kurzusok\/new-course-page-2\/"},"modified":"2023-08-28T12:08:52","modified_gmt":"2023-08-28T10:08:52","slug":"gyakorlati-husvizsgalat","status":"publish","type":"page","link":"https:\/\/univet.hu\/hu\/oktatas\/kurzusok\/gyakorlati-husvizsgalat\/","title":{"rendered":"Gyakorlati h\u00fasvizsg\u00e1lat"},"content":{"rendered":"<p><strong>A tant\u00e1rgy c\u00e9lja<\/strong><\/p> <p>Az \u00e1llatorvos egyik fontos feladata, hogy az \u00e1llati eredet\u0171 \u00e9lelmiszerek biztons\u00e1goss\u00e1g\u00e1t megalapoz\u00f3 h\u00fasb\u00edr\u00e1lati d\u00f6nt\u00e9st hozzon. A v\u00e1g\u00f3h\u00eddi h\u00fasvizsg\u00e1lat az els\u0151napi kompetenci\u00e1k k\u00f6z\u00f6tt az emelt szint\u0171 (hat\u00f3s\u00e1gi) elv\u00e1r\u00e1sok k\u00f6z\u00f6tt szerepel. Egyre ink\u00e1bb sz\u00fcks\u00e9g lesz a v\u00e1g\u00f3h\u00eddi h\u00fasvizsg\u00e1latot v\u00e9gz\u0151 szakemberekre Eur\u00f3pa-szerte, \u00edgy ezzel a fakult\u00e1ci\u00f3val szeretn\u00e9nk olyan ismereteket \u00e1tadni, amelyek lehet\u0151s\u00e9get biztos\u00edtanak a hallgat\u00f3k sz\u00e1m\u00e1ra, \u00e1llatorvos fel\u00fcgyelete mellett, h\u00fasvizsg\u00e1lati d\u00f6nt\u00e9s el\u0151k\u00e9sz\u00edt\u00e9s\u00e9ben val\u00f3 k\u00f6zrem\u0171k\u00f6d\u00e9sre. A h\u00fasvizsg\u00e1lat manu\u00e1lis k\u00e9szs\u00e9g\u00e9nek gyakorlatban t\u00f6rt\u00e9n\u0151 elsaj\u00e1t\u00edt\u00e1sa egy\u00fattal kieg\u00e9sz\u00edti az anat\u00f3miai \u00e9s k\u00f3rbonctani k\u00e9pz\u00e9st, megalapozza az \u00e9lelmiszer-higi\u00e9nia tant\u00e1rgyat, felk\u00e9sz\u00edti a hallgat\u00f3kat, hogy m\u00e1r a 9. \u00e9s 10. f\u00e9l\u00e9v el\u0151tt akt\u00edv szakmai gyakorlatot szerezzenek a v\u00e1g\u00f3h\u00eddon.<\/p> <p>&nbsp;<\/p> <p><strong>A tant\u00e1rgy oktat\u00f3i<\/strong><\/p> <ul> <li>Dr. S\u00fcth Mikl\u00f3s<\/li> <li>Dr. B\u00faza L\u00e1szl\u00f3<\/li> <li>Dr. Kocsner Tibor<\/li> <li>Dr. Pleva D\u00e1niel<\/li> <\/ul> <p>&nbsp;<\/p> <p><strong>A tant\u00e1rgy tematik\u00e1ja<\/strong><\/p> <table> <tbody> <tr> <td width=\"114\">Oktat\u00e1si h\u00e9t<\/td> <td width=\"510\">T\u00e9ma<\/td> <\/tr> <tr> <td width=\"114\">1<\/td> <td width=\"510\">\u00c1llathigi\u00e9niai \u00e9s \u00e1llatj\u00f3ll\u00e9ti k\u00e9rd\u00e9sek (konzult\u00e1ci\u00f3)<\/td> <\/tr> <tr> <td width=\"114\">2<\/td> <td width=\"510\">A v\u00e1g\u00f3\u00e1llatok anat\u00f3mi\u00e1ja (konzult\u00e1ci\u00f3)<\/td> <\/tr> <tr> <td width=\"114\">3<\/td> <td width=\"510\">K\u00f3ros elv\u00e1ltoz\u00e1sok a v\u00e1g\u00f3\u00e1llatokon (konzult\u00e1ci\u00f3)<\/td> <\/tr> <tr> <td width=\"114\">4<\/td> <td width=\"510\">\u00c9lelmiszerhigi\u00e9nia, \u00e9lemiszer-biztons\u00e1g a v\u00e1g\u00f3h\u00eddon. Dokument\u00e1ci\u00f3s elv\u00e1r\u00e1sok, jogszab\u00e1lyi k\u00f6rnyezet (konzult\u00e1ci\u00f3<\/td> <\/tr> <tr> <td width=\"114\">5<\/td> <td width=\"510\">V\u00e1g\u00e1stechnol\u00f3gia, a v\u00e1g\u00f3h\u00eddi k\u00f6rnyezet<\/td> <\/tr> <tr> <td width=\"114\">6<\/td> <td width=\"510\">A sert\u00e9s h\u00fasvizsg\u00e1lata<\/td> <\/tr> <tr> <td width=\"114\">7<\/td> <td width=\"510\">A k\u00e9r\u0151dz\u0151k h\u00fasvizsg\u00e1lata<\/td> <\/tr> <tr> <td width=\"114\">8<\/td> <td width=\"510\">A baromfi \u00e9s a ny\u00fal h\u00fasvizsg\u00e1lata<\/td> <\/tr> <tr> <td width=\"114\">9<\/td> <td width=\"510\">A vad h\u00fasvizsg\u00e1lata<\/td> <\/tr> <tr> <td width=\"114\">10<\/td> <td width=\"510\">H\u00fasvizsg\u00e1lati d\u00f6nt\u00e9s<\/td> <\/tr> <tr> <td width=\"114\">11<\/td> <td width=\"510\">Gyakorlat<\/td> <\/tr> <tr> <td width=\"114\">12<\/td> <td width=\"510\">Gyakorlat<\/td> <\/tr> <tr> <td width=\"114\">13<\/td> <td width=\"510\">Gyakorlat<\/td> <\/tr> <tr> <td width=\"114\">14<\/td> <td width=\"510\">Gyakorlat<\/td> <\/tr> <tr> <td width=\"114\">15<\/td> <td width=\"510\">Gyakorlat<\/td> <\/tr> <\/tbody> <\/table> <p>&nbsp;<\/p> <p><strong>Sz\u00e1monk\u00e9r\u00e9s m\u00f3dja:\u00a0<\/strong>Sz\u00f3beli \/ gyakorlati jegy<\/p>","protected":false},"excerpt":{"rendered":"<p>A tant\u00e1rgy c\u00e9lja Az \u00e1llatorvos egyik fontos feladata, hogy az \u00e1llati eredet\u0171 \u00e9lelmiszerek biztons\u00e1goss\u00e1g\u00e1t megalapoz\u00f3 h\u00fasb\u00edr\u00e1lati d\u00f6nt\u00e9st hozzon. A v\u00e1g\u00f3h\u00eddi h\u00fasvizsg\u00e1lat az els\u0151napi kompetenci\u00e1k k\u00f6z\u00f6tt az emelt szint\u0171 (hat\u00f3s\u00e1gi) elv\u00e1r\u00e1sok k\u00f6z\u00f6tt szerepel. Egyre ink\u00e1bb sz\u00fcks\u00e9g lesz a v\u00e1g\u00f3h\u00eddi h\u00fasvizsg\u00e1latot v\u00e9gz\u0151 szakemberekre Eur\u00f3pa-szerte, \u00edgy ezzel a fakult\u00e1ci\u00f3val szeretn\u00e9nk olyan ismereteket \u00e1tadni, amelyek lehet\u0151s\u00e9get biztos\u00edtanak a hallgat\u00f3k<\/p>\n","protected":false},"author":3837,"featured_media":0,"parent":677,"menu_order":0,"comment_status":"open","ping_status":"open","template":"","meta":{"_acf_changed":false,"footnotes":""},"categories":[],"tags":[],"class_list":["post-89061","page","type-page","status-publish","hentry"],"acf":[],"_links":{"self":[{"href":"https:\/\/univet.hu\/hu\/wp-json\/wp\/v2\/pages\/89061","targetHints":{"allow":["GET"]}}],"collection":[{"href":"https:\/\/univet.hu\/hu\/wp-json\/wp\/v2\/pages"}],"about":[{"href":"https:\/\/univet.hu\/hu\/wp-json\/wp\/v2\/types\/page"}],"author":[{"embeddable":true,"href":"https:\/\/univet.hu\/hu\/wp-json\/wp\/v2\/users\/3837"}],"replies":[{"embeddable":true,"href":"https:\/\/univet.hu\/hu\/wp-json\/wp\/v2\/comments?post=89061"}],"version-history":[{"count":0,"href":"https:\/\/univet.hu\/hu\/wp-json\/wp\/v2\/pages\/89061\/revisions"}],"up":[{"embeddable":true,"href":"https:\/\/univet.hu\/hu\/wp-json\/wp\/v2\/pages\/677"}],"wp:attachment":[{"href":"https:\/\/univet.hu\/hu\/wp-json\/wp\/v2\/media?parent=89061"}],"wp:term":[{"taxonomy":"category","embeddable":true,"href":"https:\/\/univet.hu\/hu\/wp-json\/wp\/v2\/categories?post=89061"},{"taxonomy":"post_tag","embeddable":true,"href":"https:\/\/univet.hu\/hu\/wp-json\/wp\/v2\/tags?post=89061"}],"curies":[{"name":"wp","href":"https:\/\/api.w.org\/{rel}","templated":true}]}}