{"id":892,"date":"2017-06-27T10:43:00","date_gmt":"2017-06-27T08:43:00","guid":{"rendered":"http:\/\/univet.hu\/egyetem\/kutatas\/kutatocsoportok\/anyagcsere-biokemiai-kutatocsoport\/"},"modified":"2023-08-21T11:06:15","modified_gmt":"2023-08-21T09:06:15","slug":"anyagcsere-biokemiai-kutatocsoport","status":"publish","type":"page","link":"https:\/\/univet.hu\/hu\/kutatas\/kutatocsoportok\/anyagcsere-biokemiai-kutatocsoport\/","title":{"rendered":"Anyagcsere-biok\u00e9miai Kutat\u00f3csoport"},"content":{"rendered":"<p><strong>KUTAT\u00d3CSOPORT-VEZET\u0150:<\/strong> Dr. Mackei M\u00e1t\u00e9 PhD, egyetemi adjunktus<\/p> <p><strong>EL\u00c9RHET\u0150S\u00c9G:<\/strong> <a class=\"decrypt\" rel=\"Ofphsbez\/[tv{tboobAvojwfu\/iv\" href=\"javascript:void(0);\">[Kattintson az emailc\u00edmhez]<\/a><\/p> <p><strong>A KUTAT\u00d3CSOPORTBAN DOLGOZ\u00d3K:<\/strong><\/p> <p>Dr. M\u00e1tis G\u00e1bor, PhD<\/p> <p>Dr. Papp-Seb\u0151k Csilla<\/p> <p>Dr. Neogr\u00e1dy Zsuzsanna, CSc<\/p> <p><strong>KUTAT\u00c1SI TER\u00dcLETEK:<\/strong><\/p> <p>A munkacsoport kutat\u00e1si ter\u00fcletei a h\u00e1zi\u00e1llatok eg\u00e9szs\u00e9ges \u00e9s k\u00f3ros anyagcser\u00e9j\u00e9vel, valamint annak endokrin szab\u00e1lyoz\u00e1s\u00e1val kapcsolatos vizsg\u00e1latok sz\u00e9les k\u00f6r\u00e9t fel\u00f6lelik. \u00c9rdekl\u0151d\u00e9s\u00fcnk k\u00f6z\u00e9ppontj\u00e1ban k\u00fcl\u00f6nb\u00f6z\u0151 takarm\u00e1ny-\u00f6sszetev\u0151k \u00e9s takarm\u00e1nykieg\u00e9sz\u00edt\u0151k k\u00fcl\u00f6nf\u00e9le sz\u00f6vetekre kifejtett epigenetikus \u00e9s metabolikus hat\u00e1sainak tanulm\u00e1nyoz\u00e1sa \u00e1ll, k\u00fcl\u00f6n\u00f6s tekintettel a hiszton-acetil\u00e1ci\u00f3ra, valamint az inzulin \u00e9s gl\u00fckagon jelp\u00e1lya egyes tagjaira. Kiemelten foglalkozunk a hepatikus \u00e9s intesztin\u00e1lis m\u00e9regtelen\u00edt\u0151 folyamatokban vezet\u0151 szerep\u0171 citokr\u00f3m P450 enzimek m\u0171k\u00f6d\u00e9s\u00e9vel \u00e9s befoly\u00e1solhat\u00f3s\u00e1g\u00e1val; \u00f6sszehasonl\u00ed\u00f3 vizsg\u00e1latokat v\u00e9gz\u00fcnk k\u00fcl\u00f6nb\u00f6z\u0151 teny\u00e9sztett \u00e9s vadon \u00e9l\u0151 \u00e1llatfajokban.<\/p> <p>&nbsp;<\/p> <p><strong>SZAKMAI SZERVEZETI TAGS\u00c1G:<\/strong><\/p> <p>Magyar Biok\u00e9miai Egyes\u00fclet<\/p> <p>World Poultry Science Association<\/p> <p>&nbsp;<\/p> <p><strong>HOSSZ\u00daT\u00c1V\u00da EGY\u00dcTTM\u0170K\u00d6D\u00c9SEK:<\/strong><\/p> <p>University of Hohenheim, Institute of Animal Science (Stuttgart-Hohenheim, N\u00e9metorsz\u00e1g)<\/p> <p>Pannon Egyetem, Georgikon Kar, \u00c1llattudom\u00e1nyi Tansz\u00e9k, \u00c1llat\u00e9lettani \u00e9s Takarm\u00e1nyoz\u00e1stani Csoport (Keszthely)<\/p> <p>MTA Agr\u00e1rtudom\u00e1nyi Kutat\u00f3k\u00f6zpont, \u00c1llatteny\u00e9szt\u00e9si, Takarm\u00e1nyoz\u00e1si \u00e9s H\u00fasipari Kutat\u00f3int\u00e9zet (Herceghalom)<\/p> <p>University of Veterinary Medicine Vienna (B\u00e9cs, Ausztria)<\/p> <p>Palital Feed Additives (Velddriel, Hollandia)<\/p> <p>&nbsp;<\/p> <p><strong>IG\u00c9NYELHET\u0150 SZOLG\u00c1LTAT\u00c1SOK:<\/strong><\/p> <p>Hepatikus \u00e9s intesztin\u00e1lis citokr\u00f3m P450 enzimek aktivit\u00e1s\u00e1nak m\u00e9r\u00e9se k\u00fcl\u00f6nb\u00f6z\u0151 \u00e1llatfajokban<\/p> <p>Inzulin \u00e9s gl\u00fckagon jelp\u00e1lya egyes tagjainak vizsg\u00e1lata Western blot (feh\u00e9rje expresszi\u00f3) \u00e9s qRT-PCR (g\u00e9nexpresszi\u00f3) seg\u00edts\u00e9g\u00e9vel<\/p> <p>&nbsp;<\/p> <p><strong>P\u00c1LY\u00c1ZATOK:<\/strong><\/p> <p>&nbsp;<\/p> <table style=\"width: 602px;\" border=\"0\" cellspacing=\"0\" cellpadding=\"0\"> <tbody> <tr> <td style=\"height: 63px; width: 128px;\"><strong>T\u00e1mogat\u00f3 szervezet \/forr\u00e1s megnevez\u00e9se<\/strong><\/td> <td style=\"height: 63px; width: 346px;\"><strong>P\u00e1ly\u00e1zati projekt c\u00edme \u00e9s t\u00e9m\u00e1ja <\/strong><\/td> <td style=\"height: 63px; width: 128px;\"><strong>T\u00e1mogat\u00e1s \u00f6sszege (Ft-ban)<\/strong><\/td> <\/tr> <tr> <td style=\"height: 63px; width: 128px;\">OTKA\/NKFIH NN 114033.<\/td> <td style=\"height: 63px; width: 346px;\">Nutritional factors as regulatory molecules of hormonal signaling, metabolic health and inflammatory pathways in chicken<\/td> <td style=\"height: 63px; width: 128px;\">19.920.000,- Ft<\/td> <\/tr> <\/tbody> <\/table> <p><img decoding=\"async\" style=\"height: 398px; width: 600px;\" src=\"https:\/\/univet.hu\/files\/subpages\/329\/images\/Biok%C3%A9mia1_K%C3%A9p1.jpg\" alt=\"\" data-replaced=\"true\" \/><\/p> <p><img decoding=\"async\" style=\"height: 397px; width: 600px;\" src=\"https:\/\/univet.hu\/files\/subpages\/329\/images\/Biok%C3%A9mia1_K%C3%A9p2%281%29.jpg\" alt=\"\" data-replaced=\"true\" \/><\/p> <p><img decoding=\"async\" style=\"height: 397px; width: 600px;\" src=\"https:\/\/univet.hu\/files\/subpages\/329\/images\/Biok%C3%A9mia1_K%C3%A9p3.jpg\" alt=\"\" data-replaced=\"true\" \/><\/p> <p>&nbsp;<\/p> <p>&nbsp;<\/p> <p>&nbsp;<\/p>","protected":false},"excerpt":{"rendered":"<p>KUTAT\u00d3CSOPORT-VEZET\u0150: Dr. Mackei M\u00e1t\u00e9 PhD, egyetemi adjunktus EL\u00c9RHET\u0150S\u00c9G: [Kattintson az emailc\u00edmhez] A KUTAT\u00d3CSOPORTBAN DOLGOZ\u00d3K: Dr. M\u00e1tis G\u00e1bor, PhD Dr. Papp-Seb\u0151k Csilla Dr. Neogr\u00e1dy Zsuzsanna, CSc KUTAT\u00c1SI TER\u00dcLETEK: A munkacsoport kutat\u00e1si ter\u00fcletei a h\u00e1zi\u00e1llatok eg\u00e9szs\u00e9ges \u00e9s k\u00f3ros anyagcser\u00e9j\u00e9vel, valamint annak endokrin szab\u00e1lyoz\u00e1s\u00e1val kapcsolatos vizsg\u00e1latok sz\u00e9les k\u00f6r\u00e9t fel\u00f6lelik. \u00c9rdekl\u0151d\u00e9s\u00fcnk k\u00f6z\u00e9ppontj\u00e1ban k\u00fcl\u00f6nb\u00f6z\u0151 takarm\u00e1ny-\u00f6sszetev\u0151k \u00e9s takarm\u00e1nykieg\u00e9sz\u00edt\u0151k k\u00fcl\u00f6nf\u00e9le sz\u00f6vetekre kifejtett<\/p>\n","protected":false},"author":1,"featured_media":0,"parent":870,"menu_order":228,"comment_status":"closed","ping_status":"closed","template":"","meta":{"_acf_changed":false,"footnotes":""},"categories":[],"tags":[],"class_list":["post-892","page","type-page","status-publish","hentry"],"acf":[],"_links":{"self":[{"href":"https:\/\/univet.hu\/hu\/wp-json\/wp\/v2\/pages\/892","targetHints":{"allow":["GET"]}}],"collection":[{"href":"https:\/\/univet.hu\/hu\/wp-json\/wp\/v2\/pages"}],"about":[{"href":"https:\/\/univet.hu\/hu\/wp-json\/wp\/v2\/types\/page"}],"author":[{"embeddable":true,"href":"https:\/\/univet.hu\/hu\/wp-json\/wp\/v2\/users\/1"}],"replies":[{"embeddable":true,"href":"https:\/\/univet.hu\/hu\/wp-json\/wp\/v2\/comments?post=892"}],"version-history":[{"count":0,"href":"https:\/\/univet.hu\/hu\/wp-json\/wp\/v2\/pages\/892\/revisions"}],"up":[{"embeddable":true,"href":"https:\/\/univet.hu\/hu\/wp-json\/wp\/v2\/pages\/870"}],"wp:attachment":[{"href":"https:\/\/univet.hu\/hu\/wp-json\/wp\/v2\/media?parent=892"}],"wp:term":[{"taxonomy":"category","embeddable":true,"href":"https:\/\/univet.hu\/hu\/wp-json\/wp\/v2\/categories?post=892"},{"taxonomy":"post_tag","embeddable":true,"href":"https:\/\/univet.hu\/hu\/wp-json\/wp\/v2\/tags?post=892"}],"curies":[{"name":"wp","href":"https:\/\/api.w.org\/{rel}","templated":true}]}}