{"id":894,"date":"2017-06-28T09:06:00","date_gmt":"2017-06-28T07:06:00","guid":{"rendered":"http:\/\/univet.hu\/egyetem\/kutatas\/kutatocsoportok\/bakteriologiai-kutatocsoport\/"},"modified":"2018-02-22T09:43:32","modified_gmt":"2018-02-22T08:43:32","slug":"bakteriologiai-kutatocsoport","status":"publish","type":"page","link":"https:\/\/univet.hu\/hu\/kutatas\/kutatocsoportok\/bakteriologiai-kutatocsoport\/","title":{"rendered":"Bakteriol\u00f3giai Kutat\u00f3csoport"},"content":{"rendered":"<p><strong>KUTAT&Oacute;CSOPORT-VEZET\u0150:<\/strong> Dr. Fodor L&aacute;szl&oacute; egyetemi tan&aacute;r<\/p> <p><strong>EL&Eacute;RHET\u0150S&Eacute;G: <\/strong><a class=\"decrypt\" rel=\"gpeps\/mbt{mpAvojwfu\/iv\" href=\"javascript:void(0);\">[Kattintson az emailc\u00edmhez]<\/a><\/p> <p><strong>A KUTAT&Oacute;CSOPORT TAGJAI:<\/strong><\/p> <p>Egyetemi tan&aacute;r: Dr. Fodor L&aacute;szl&oacute;<\/p> <p>Egyetemi docens: Dr. Makrai L&aacute;szl&oacute;<\/p> <p>Asszisztens: Halasi Ter&eacute;z, Jutasi Alexandra<\/p> <p>PhD hallgat&oacute;: Dr. T&oacute;th Gergely<\/p> <p>&nbsp;<\/p> <p><strong>KUTAT&Aacute;SI TER&Uuml;LETEK:<\/strong><\/p> <p>K&oacute;rokoz&oacute; bakt&eacute;riumok &aacute;llatokban, K&oacute;rokoz&oacute; gomb&aacute;k &aacute;llatokban, Zoon&oacute;zisok, &Aacute;llatorvosi bakteriol&oacute;gia, H&aacute;zi&aacute;llatok fert\u0151z\u0151 betegs&eacute;gei, Bakteriol&oacute;giai diagnosztika, Diagnosztikai m&oacute;dszerek fejleszt&eacute;se, Gy&oacute;gyszer- &eacute;s vakcina fejleszt&eacute;s.<\/p> <p>&nbsp;<\/p> <p><strong>SZAKMAI SZERVEZETI TAGS&Aacute;G:<\/strong><\/p> <p>Magyar Mikrobiol&oacute;giai T&aacute;rsas&aacute;g<\/p> <p>Magyar Zoon&oacute;zis T&aacute;rsas&aacute;g<\/p> <p>&nbsp;<\/p> <p><strong>HOSSZ&Uacute;T&Aacute;V&Uacute; EGY&Uuml;TTM\u0170K&Ouml;D&Eacute;SEK:<\/strong><\/p> <p>Nemzeti &Eacute;lelmiszerl&aacute;nc-biztons&aacute;gi Hivatal, &Aacute;llateg&eacute;szs&eacute;g&uuml;gyi Diagnosztikai Igazgat&oacute;s&aacute;g<\/p> <p>MTA Agr&aacute;rtudom&aacute;nyi Kutat&oacute;k&ouml;zpont, &Aacute;llatorvos- tudom&aacute;nyi Int&eacute;zet<\/p> <p>Debreceni Egyetem<\/p> <p>Orsz&aacute;gos Epidemiol&oacute;giai K&ouml;zpont<\/p> <p>E&ouml;tv&ouml;s Lor&aacute;nd Tudom&aacute;nyegyetem, Term&eacute;szettudom&aacute;nyi Kar<\/p> <p>Imperial College London<\/p> <p>&nbsp;<\/p> <p><strong>IG&Eacute;NYELHET\u0150 SZOLG&Aacute;LTAT&Aacute;SOK:<\/strong><\/p> <p>A kutat&aacute;si t&eacute;m&aacute;khoz kapcsol&oacute;d&oacute;an bakteriol&oacute;giai diagnosztika<\/p> <p>Vakcin&aacute;k &eacute;s antibakteri&aacute;lis szerek fejleszt&eacute;se, kipr&oacute;b&aacute;l&aacute;sa<\/p> <p>Mentes&iacute;t&eacute;si programok kidolgoz&aacute;sa<\/p> <p>&nbsp;<\/p> <p><strong>P&Aacute;LY&Aacute;ZATOK:<\/strong><\/p> <table border=\"0\" cellpadding=\"0\" cellspacing=\"0\" style=\"width:602px\"> <tbody> <tr> <td style=\"height:63px; width:128px\"> <p><strong>T&aacute;mogat&oacute; szervezet \/forr&aacute;s megnevez&eacute;se<\/strong><\/p> <\/td> <td style=\"height:63px; width:346px\"> <p><strong>P&aacute;ly&aacute;zati projekt c&iacute;me &eacute;s t&eacute;m&aacute;ja <\/strong><\/p> <\/td> <td style=\"height:63px; width:128px\"> <p><strong>T&aacute;mogat&aacute;s &ouml;sszege (Ft-ban)<\/strong><\/p> <\/td> <\/tr> <tr> <td style=\"height:63px; width:128px\"> <p>OTKA 112826<\/p> <\/td> <td style=\"height:63px; width:346px\"> <p>Hazai sert&eacute;s&aacute;llom&aacute;nyokb&oacute;l izol&aacute;lt <em>Actinobacillus pleuropneumoniae<\/em> t&ouml;rzsek jellemz&eacute;se<\/p> <\/td> <td style=\"height:63px; width:128px\"> <p>&nbsp;20.640.000<\/p> <\/td> <\/tr> <tr> <td style=\"height:42px; width:128px\"> <p>EMMI Kutat&oacute;kar<\/p> <p>&Uacute;j kutat&aacute;si t&eacute;ma<\/p> <\/td> <td style=\"height:42px; width:346px\"> <p>A h&aacute;zim&eacute;h (<em>Apis mellifera<\/em>) ny&uacute;l&oacute;s k&ouml;lt&eacute;srothad&aacute;s&aacute;t okoz&oacute; <em>Paenibacillus larvae<\/em> t&ouml;rzsek fenot&iacute;pusos &eacute;s genot&iacute;pusos tulajdons&aacute;gainak jellemz&eacute;se<\/p> <\/td> <td style=\"height:42px; width:128px\"> <p>1.500.000<\/p> <\/td> <\/tr> <\/tbody> <\/table> <p>&nbsp;<\/p> <p><strong>MEGB&Iacute;Z&Aacute;SOK:<\/strong><\/p> <p>Vakcinagy&aacute;rt&oacute; c&eacute;gek, gy&oacute;gyszergy&aacute;rt&oacute; c&eacute;gek, mez\u0151gazdas&aacute;gi v&aacute;llalkoz&aacute;sok &aacute;llattart&oacute; telepei<\/p> <p><img decoding=\"async\" alt=\"\" src=\"https:\/\/univet.hu\/files\/subpages\/330\/images\/Bakteriologia_Bacteriology__PerenyiJanos.jpg\" data-replaced=\"true\" style=\"height:400px; width:600px\" \/>&nbsp;Fot&oacute;: Dr. Per&eacute;nyi J&aacute;nos<\/p> <p><img decoding=\"async\" alt=\"\" src=\"https:\/\/univet.hu\/files\/subpages\/330\/images\/Bakteriologia_Bacteriology_BalazsGusztav%281%29.jpg\" data-replaced=\"true\" style=\"height:400px; width:600px\" \/>&nbsp;Fot&oacute;: Dr. Bal&aacute;zs Guszt&aacute;v<\/p> <p>&nbsp;<\/p> <p>&nbsp;<\/p>","protected":false},"excerpt":{"rendered":"<p>KUTAT&Oacute;CSOPORT-VEZET\u0150: Dr. Fodor L&aacute;szl&oacute; egyetemi tan&aacute;r EL&Eacute;RHET\u0150S&Eacute;G: [Kattintson az emailc\u00edmhez] A KUTAT&Oacute;CSOPORT TAGJAI: Egyetemi tan&aacute;r: Dr. Fodor L&aacute;szl&oacute; Egyetemi docens: Dr. Makrai L&aacute;szl&oacute; Asszisztens: Halasi Ter&eacute;z, Jutasi Alexandra PhD hallgat&oacute;: Dr. T&oacute;th Gergely &nbsp; KUTAT&Aacute;SI TER&Uuml;LETEK: K&oacute;rokoz&oacute; bakt&eacute;riumok &aacute;llatokban, K&oacute;rokoz&oacute; gomb&aacute;k &aacute;llatokban, Zoon&oacute;zisok, &Aacute;llatorvosi bakteriol&oacute;gia, H&aacute;zi&aacute;llatok fert\u0151z\u0151 betegs&eacute;gei, Bakteriol&oacute;giai diagnosztika, Diagnosztikai m&oacute;dszerek fejleszt&eacute;se, Gy&oacute;gyszer- &eacute;s<\/p>\n","protected":false},"author":1,"featured_media":0,"parent":870,"menu_order":228,"comment_status":"closed","ping_status":"closed","template":"","meta":{"_acf_changed":false,"footnotes":""},"categories":[],"tags":[],"class_list":["post-894","page","type-page","status-publish","hentry"],"acf":[],"_links":{"self":[{"href":"https:\/\/univet.hu\/hu\/wp-json\/wp\/v2\/pages\/894","targetHints":{"allow":["GET"]}}],"collection":[{"href":"https:\/\/univet.hu\/hu\/wp-json\/wp\/v2\/pages"}],"about":[{"href":"https:\/\/univet.hu\/hu\/wp-json\/wp\/v2\/types\/page"}],"author":[{"embeddable":true,"href":"https:\/\/univet.hu\/hu\/wp-json\/wp\/v2\/users\/1"}],"replies":[{"embeddable":true,"href":"https:\/\/univet.hu\/hu\/wp-json\/wp\/v2\/comments?post=894"}],"version-history":[{"count":0,"href":"https:\/\/univet.hu\/hu\/wp-json\/wp\/v2\/pages\/894\/revisions"}],"up":[{"embeddable":true,"href":"https:\/\/univet.hu\/hu\/wp-json\/wp\/v2\/pages\/870"}],"wp:attachment":[{"href":"https:\/\/univet.hu\/hu\/wp-json\/wp\/v2\/media?parent=894"}],"wp:term":[{"taxonomy":"category","embeddable":true,"href":"https:\/\/univet.hu\/hu\/wp-json\/wp\/v2\/categories?post=894"},{"taxonomy":"post_tag","embeddable":true,"href":"https:\/\/univet.hu\/hu\/wp-json\/wp\/v2\/tags?post=894"}],"curies":[{"name":"wp","href":"https:\/\/api.w.org\/{rel}","templated":true}]}}