{"id":89588,"date":"2023-07-26T12:27:55","date_gmt":"2023-07-26T10:27:55","guid":{"rendered":"https:\/\/univet.hu\/?page_id=89588"},"modified":"2026-02-10T03:55:15","modified_gmt":"2026-02-10T02:55:15","slug":"jasz-laszlo","status":"publish","type":"page","link":"https:\/\/univet.hu\/hu\/egyetem\/munkatarsak\/jasz-laszlo\/","title":{"rendered":"J\u00e1sz L\u00e1szl\u00f3"},"content":{"rendered":"","protected":false},"excerpt":{"rendered":"","protected":false},"author":5824,"featured_media":0,"parent":858,"menu_order":0,"comment_status":"closed","ping_status":"closed","template":"","meta":{"_acf_changed":false,"footnotes":""},"categories":[],"tags":[],"class_list":["post-89588","page","type-page","status-publish","hentry"],"acf":[],"_links":{"self":[{"href":"https:\/\/univet.hu\/hu\/wp-json\/wp\/v2\/pages\/89588","targetHints":{"allow":["GET"]}}],"collection":[{"href":"https:\/\/univet.hu\/hu\/wp-json\/wp\/v2\/pages"}],"about":[{"href":"https:\/\/univet.hu\/hu\/wp-json\/wp\/v2\/types\/page"}],"author":[{"embeddable":true,"href":"https:\/\/univet.hu\/hu\/wp-json\/wp\/v2\/users\/5824"}],"replies":[{"embeddable":true,"href":"https:\/\/univet.hu\/hu\/wp-json\/wp\/v2\/comments?post=89588"}],"version-history":[{"count":1,"href":"https:\/\/univet.hu\/hu\/wp-json\/wp\/v2\/pages\/89588\/revisions"}],"predecessor-version":[{"id":199305,"href":"https:\/\/univet.hu\/hu\/wp-json\/wp\/v2\/pages\/89588\/revisions\/199305"}],"up":[{"embeddable":true,"href":"https:\/\/univet.hu\/hu\/wp-json\/wp\/v2\/pages\/858"}],"wp:attachment":[{"href":"https:\/\/univet.hu\/hu\/wp-json\/wp\/v2\/media?parent=89588"}],"wp:term":[{"taxonomy":"category","embeddable":true,"href":"https:\/\/univet.hu\/hu\/wp-json\/wp\/v2\/categories?post=89588"},{"taxonomy":"post_tag","embeddable":true,"href":"https:\/\/univet.hu\/hu\/wp-json\/wp\/v2\/tags?post=89588"}],"curies":[{"name":"wp","href":"https:\/\/api.w.org\/{rel}","templated":true}]}}