{"id":89761,"date":"2023-07-27T10:14:21","date_gmt":"2023-07-27T08:14:21","guid":{"rendered":"https:\/\/univet.hu\/?page_id=89761"},"modified":"2026-02-10T03:45:41","modified_gmt":"2026-02-10T02:45:41","slug":"allattenyesztesi-es-genetikai-tanszek","status":"publish","type":"page","link":"https:\/\/univet.hu\/hu\/egyetem\/szervezeti-egysegek\/allattenyesztesi-takarmanyozastani-es-laborallat-tudomanyi-tanszek\/allattenyesztesi-es-genetikai-tanszek\/","title":{"rendered":"\u00c1llatteny\u00e9szt\u00e9si \u00e9s Genetikai Tansz\u00e9k"},"content":{"rendered":"<p><strong>A tansz\u00e9k t\u00f6rt\u00e9nete<\/strong><\/p> <p>Tekintse meg az \u00c1llatteny\u00e9szt\u00e9si, Takarm\u00e1nyoz\u00e1si \u00e9s Labor\u00e1llattani Int\u00e9zet t\u00f6rt\u00e9net\u00e9t a k\u00f6vetkez\u0151 <a href=\"https:\/\/univet.hu\/hu\/egyetem\/szervezeti-egysegek\/allattenyesztesi-takarmanyozastani-es-laborallat-tudomanyi-tanszek\/\">weboldalon<\/a>.<\/p> <p>Az \u00c1llatteny\u00e9szt\u00e9si \u00e9s Genetikai Tansz\u00e9k, mint az int\u00e9zeten bel\u00fcli egys\u00e9g, k\u00e9t tant\u00e1rgy oktat\u00e1s\u00e1\u00e9rt volt felel\u0151s, mint az \u00c1llatorvosi Genetika \u00e9s az \u00c1llatteny\u00e9szt\u00e9s. A tansz\u00e9k vezet\u0151je \u00e9s munkat\u00e1rsai az \u00e1llatorvosk\u00e9pz\u00e9sben k\u00fcl\u00f6n\u00f6s hangs\u00falyt fektetnek a h\u00e1zi\u00e1llatok \u00f6r\u00f6kletes rendelleness\u00e9geinek \u00e9s genetikai betegs\u00e9geinek oktat\u00e1s\u00e1ra.<\/p> <ul> <li><a href=\"http:\/\/gat.univet.hu\/\"><strong>G<\/strong>enetikai \u00e9s <strong>\u00c1<\/strong>llatteny\u00e9szt\u00e9si <strong>T<\/strong>anulm\u00e1nyi rendszer (G\u00c1T)<\/a><\/li> <\/ul> <table> <tbody> <tr> <td width=\"271\"><strong>K\u00f6telez\u0151 t\u00e1rgyak<\/strong><\/td> <\/tr> <tr> <td width=\"271\"><em>\u00c1llatorvosi genetika<\/em><\/td> <\/tr> <tr> <td width=\"271\"><em>\u00c1llatteny\u00e9szt\u00e9stan<\/em><\/td> <\/tr> <tr> <td width=\"271\"><em>\u00c1llatteny\u00e9szt\u00e9s ny\u00e1ri gyakorlat<\/em><\/td> <\/tr> <tr> <td><em>A teny\u00e9sztett popul\u00e1ci\u00f3k alapismerete (Biol\u00f3gus)<\/em><\/td> <\/tr> <tr> <td><em>H\u00e1zi\u00e1llatok mendeli genetik\u00e1ja (Biol\u00f3gus)<\/em><\/td> <\/tr> <tr> <td width=\"271\"><strong>Fakult\u00e1ci\u00f3k<\/strong><\/td> <\/tr> <tr> <td width=\"271\"><em>Baromfifajok keltet\u00e9se<\/em><\/td> <\/tr> <tr> <td width=\"271\"><em>Igazs\u00e1g\u00fcgyi \u00e1llatgenetika<\/em><\/td> <\/tr> <tr> <td width=\"271\"><em>Kinol\u00f3gia \u00e9s macskateny\u00e9szt\u00e9s<\/em><\/td> <\/tr> <tr> <td width=\"271\"><em>L\u00f3teny\u00e9szt\u00e9s<\/em><\/td> <\/tr> <tr> <td><em>Prec\u00edzi\u00f3s \u00e1llatteny\u00e9szt\u00e9s<\/em><\/td> <\/tr> <tr> <td width=\"271\"><em>Filmk\u00e9sz\u00edt\u00e9si alapismeretek<\/em><\/td> <\/tr> <tr> <td><em>P\u00e1rkapcsolat \u00e9s csal\u00e1di \u00e9let<\/em><\/td> <\/tr> <\/tbody> <\/table> <p>&nbsp;<\/p>","protected":false},"excerpt":{"rendered":"<p>A tansz\u00e9k t\u00f6rt\u00e9nete Tekintse meg az \u00c1llatteny\u00e9szt\u00e9si, Takarm\u00e1nyoz\u00e1si \u00e9s Labor\u00e1llattani Int\u00e9zet t\u00f6rt\u00e9net\u00e9t a k\u00f6vetkez\u0151 weboldalon. Az \u00c1llatteny\u00e9szt\u00e9si \u00e9s Genetikai Tansz\u00e9k, mint az int\u00e9zeten bel\u00fcli egys\u00e9g, k\u00e9t tant\u00e1rgy oktat\u00e1s\u00e1\u00e9rt volt felel\u0151s, mint az \u00c1llatorvosi Genetika \u00e9s az \u00c1llatteny\u00e9szt\u00e9s. A tansz\u00e9k vezet\u0151je \u00e9s munkat\u00e1rsai az \u00e1llatorvosk\u00e9pz\u00e9sben k\u00fcl\u00f6n\u00f6s hangs\u00falyt fektetnek a h\u00e1zi\u00e1llatok \u00f6r\u00f6kletes rendelleness\u00e9geinek \u00e9s genetikai betegs\u00e9geinek oktat\u00e1s\u00e1ra.<\/p>\n","protected":false},"author":3837,"featured_media":0,"parent":3298,"menu_order":183,"comment_status":"closed","ping_status":"closed","template":"","meta":{"_acf_changed":false,"footnotes":""},"categories":[58],"tags":[],"class_list":["post-89761","page","type-page","status-publish","hentry","category-szervezeti-egysegek"],"acf":[],"_links":{"self":[{"href":"https:\/\/univet.hu\/hu\/wp-json\/wp\/v2\/pages\/89761","targetHints":{"allow":["GET"]}}],"collection":[{"href":"https:\/\/univet.hu\/hu\/wp-json\/wp\/v2\/pages"}],"about":[{"href":"https:\/\/univet.hu\/hu\/wp-json\/wp\/v2\/types\/page"}],"author":[{"embeddable":true,"href":"https:\/\/univet.hu\/hu\/wp-json\/wp\/v2\/users\/3837"}],"replies":[{"embeddable":true,"href":"https:\/\/univet.hu\/hu\/wp-json\/wp\/v2\/comments?post=89761"}],"version-history":[{"count":2,"href":"https:\/\/univet.hu\/hu\/wp-json\/wp\/v2\/pages\/89761\/revisions"}],"predecessor-version":[{"id":199094,"href":"https:\/\/univet.hu\/hu\/wp-json\/wp\/v2\/pages\/89761\/revisions\/199094"}],"up":[{"embeddable":true,"href":"https:\/\/univet.hu\/hu\/wp-json\/wp\/v2\/pages\/3298"}],"wp:attachment":[{"href":"https:\/\/univet.hu\/hu\/wp-json\/wp\/v2\/media?parent=89761"}],"wp:term":[{"taxonomy":"category","embeddable":true,"href":"https:\/\/univet.hu\/hu\/wp-json\/wp\/v2\/categories?post=89761"},{"taxonomy":"post_tag","embeddable":true,"href":"https:\/\/univet.hu\/hu\/wp-json\/wp\/v2\/tags?post=89761"}],"curies":[{"name":"wp","href":"https:\/\/api.w.org\/{rel}","templated":true}]}}